{"id":10017,"date":"2021-01-03T21:14:24","date_gmt":"2021-01-03T21:14:24","guid":{"rendered":"http:\/\/bekleidungscenter.com\/?product=balenciaga-luxury-fashion-damen-5938260ai2n1000-schwarz-handtaschen"},"modified":"2023-04-06T22:02:43","modified_gmt":"2023-04-06T22:02:43","slug":"balenciaga-luxury-fashion-damen-5938260ai2n1000-schwarz-handtaschen","status":"publish","type":"product","link":"https:\/\/bekleidungscenter.com\/?product=balenciaga-luxury-fashion-damen-5938260ai2n1000-schwarz-handtaschen","title":{"rendered":"Balenciaga Luxury Fashion Damen 5938260AI2N1000 Schwarz Handtaschen |"},"content":{"rendered":"<p><!-- show up to 2 reviews by default --> <\/p>\n<p>Handtasche jedweder 100 % Leder, Farbe Schwarz, Ma\u00dfe: 12 x 18 x 5 cm, Schulterriemen 55 cm, Haltegriff 6 cm, FW20, Produktnummer: 5938260AI2N1000 <\/p>\n<p>Balancierer<br \/>\nLeder<br \/>\nNormaler Union<br \/>\n100% Leder<br \/>\nStraight Leg<br \/>\nPflegehinweis: Folgen Sie den Anweisungen gen dem Etikett.<br \/>\nHandtasche, Balancierung, Leder, 100 % Schwarz, Ma\u00dfe 12 x 18 x 5 cm, Schulterriemen 55 cm, Haltegriff 6 cm, SS21, Produktnummer 5938260AI2N1000<br \/>\nStattdessen Kleider: Die &#8222;Brandgr\u00f6\u00dfe&#8220; bezieht sich gen die offizielle Gr\u00f6\u00dfe der Marke. Dies ist die Gr\u00f6\u00dfe, die Sie gen der Verpackung oder dem Etikett finden. ||| Stattdessen Schuhe: Wir realisieren die Gr\u00f6\u00dfe IT (Italienisch), die der italienischen Gr\u00f6\u00dfe entspricht. Daneben Marken, die unterschiedliche Gr\u00f6\u00dfen verwenden, wird die Umrechnung so gestaltet, dass Sie die Gr\u00f6\u00dfe der von Ihnen bestellten Gr\u00f6\u00dfe erbeuten.<br \/>\nExpressversand + kostenlose R\u00fccksendung innerhalb von 14 Tagen.<br \/>\n<div class=\"main-cross-sell\" data-asin=\"B0848HVLFL\">\n\n\t<div class=\"WooZone-cross-sell-loader\">\n\t\t<div>\n\t\t\t<div id=\"floatingBarsG\">\n\t\t\t\t<div class=\"blockG\" id=\"rotateG_01\"><\/div>\n\t\t\t\t<div class=\"blockG\" id=\"rotateG_02\"><\/div>\n\t\t\t\t<div class=\"blockG\" id=\"rotateG_03\"><\/div>\n\t\t\t\t<div class=\"blockG\" id=\"rotateG_04\"><\/div>\n\t\t\t\t<div class=\"blockG\" id=\"rotateG_05\"><\/div>\n\t\t\t\t<div class=\"blockG\" id=\"rotateG_06\"><\/div>\n\t\t\t\t<div class=\"blockG\" id=\"rotateG_07\"><\/div>\n\t\t\t\t<div class=\"blockG\" id=\"rotateG_08\"><\/div>\n\t\t\t<\/div>\n\t\t\t<div class=\"WooZone-cross-sell-loader-text\"><\/div>\n\t\t<\/div>\n\t<\/div>\n\n\t\t\n<\/div>\n<div style=\"clear:both;\"><\/div><\/p>\n","protected":false},"excerpt":{"rendered":"<p>Balancierer<br \/>\nLeder<br \/>\nNormaler Bund<\/p>\n","protected":false},"featured_media":10018,"comment_status":"open","ping_status":"closed","template":"","meta":[],"product_cat":[133,703],"product_tag":[],"yoast_head":"<!-- This site is optimized with the Yoast SEO plugin v20.6 - https:\/\/yoast.com\/wordpress\/plugins\/seo\/ -->\n<title>Balenciaga Luxury Fashion Damen 5938260AI2N1000 Schwarz Handtaschen | - FamilienMode<\/title>\n<meta name=\"robots\" content=\"index, follow, max-snippet:-1, max-image-preview:large, max-video-preview:-1\" \/>\n<link rel=\"canonical\" href=\"https:\/\/bekleidungscenter.com\/?product=balenciaga-luxury-fashion-damen-5938260ai2n1000-schwarz-handtaschen\" \/>\n<meta property=\"og:locale\" content=\"de_DE\" \/>\n<meta property=\"og:type\" content=\"article\" \/>\n<meta property=\"og:title\" content=\"Balenciaga Luxury Fashion Damen 5938260AI2N1000 Schwarz Handtaschen | - FamilienMode\" \/>\n<meta property=\"og:description\" content=\"Balancierer Leder Normaler Bund\" \/>\n<meta property=\"og:url\" content=\"https:\/\/bekleidungscenter.com\/?product=balenciaga-luxury-fashion-damen-5938260ai2n1000-schwarz-handtaschen\" \/>\n<meta property=\"og:site_name\" content=\"FamilienMode\" \/>\n<meta property=\"article:modified_time\" content=\"2023-04-06T22:02:43+00:00\" \/>\n<meta property=\"og:image\" content=\"https:\/\/images-na.ssl-images-amazon.com\/images\/I\/31jbEL0YNiL.jpg\" \/>\n\t<meta property=\"og:image:width\" content=\"500\" \/>\n\t<meta property=\"og:image:height\" content=\"500\" \/>\n\t<meta property=\"og:image:type\" content=\"image\/jpeg\" \/>\n<meta name=\"twitter:card\" content=\"summary_large_image\" \/>\n<meta name=\"twitter:label1\" content=\"Gesch\u00e4tzte Lesezeit\" \/>\n\t<meta name=\"twitter:data1\" content=\"1\u00a0Minute\" \/>\n<script type=\"application\/ld+json\" class=\"yoast-schema-graph\">{\"@context\":\"https:\/\/schema.org\",\"@graph\":[{\"@type\":\"WebPage\",\"@id\":\"https:\/\/bekleidungscenter.com\/?product=balenciaga-luxury-fashion-damen-5938260ai2n1000-schwarz-handtaschen\",\"url\":\"https:\/\/bekleidungscenter.com\/?product=balenciaga-luxury-fashion-damen-5938260ai2n1000-schwarz-handtaschen\",\"name\":\"Balenciaga Luxury Fashion Damen 5938260AI2N1000 Schwarz Handtaschen | - FamilienMode\",\"isPartOf\":{\"@id\":\"https:\/\/bekleidungscenter.com\/#website\"},\"datePublished\":\"2021-01-03T21:14:24+00:00\",\"dateModified\":\"2023-04-06T22:02:43+00:00\",\"breadcrumb\":{\"@id\":\"https:\/\/bekleidungscenter.com\/?product=balenciaga-luxury-fashion-damen-5938260ai2n1000-schwarz-handtaschen#breadcrumb\"},\"inLanguage\":\"de\",\"potentialAction\":[{\"@type\":\"ReadAction\",\"target\":[\"https:\/\/bekleidungscenter.com\/?product=balenciaga-luxury-fashion-damen-5938260ai2n1000-schwarz-handtaschen\"]}]},{\"@type\":\"BreadcrumbList\",\"@id\":\"https:\/\/bekleidungscenter.com\/?product=balenciaga-luxury-fashion-damen-5938260ai2n1000-schwarz-handtaschen#breadcrumb\",\"itemListElement\":[{\"@type\":\"ListItem\",\"position\":1,\"name\":\"Home\",\"item\":\"https:\/\/bekleidungscenter.com\/\"},{\"@type\":\"ListItem\",\"position\":2,\"name\":\"Shop\",\"item\":\"https:\/\/bekleidungscenter.com\/?page_id=7\"},{\"@type\":\"ListItem\",\"position\":3,\"name\":\"Balenciaga Luxury Fashion Damen 5938260AI2N1000 Schwarz Handtaschen |\"}]},{\"@type\":\"WebSite\",\"@id\":\"https:\/\/bekleidungscenter.com\/#website\",\"url\":\"https:\/\/bekleidungscenter.com\/\",\"name\":\"FamilienMode\",\"description\":\"Alles f\u00fcr die ganze Familie\",\"potentialAction\":[{\"@type\":\"SearchAction\",\"target\":{\"@type\":\"EntryPoint\",\"urlTemplate\":\"https:\/\/bekleidungscenter.com\/?s={search_term_string}\"},\"query-input\":\"required name=search_term_string\"}],\"inLanguage\":\"de\"}]}<\/script>\n<!-- \/ Yoast SEO plugin. -->","yoast_head_json":{"title":"Balenciaga Luxury Fashion Damen 5938260AI2N1000 Schwarz Handtaschen | - FamilienMode","robots":{"index":"index","follow":"follow","max-snippet":"max-snippet:-1","max-image-preview":"max-image-preview:large","max-video-preview":"max-video-preview:-1"},"canonical":"https:\/\/bekleidungscenter.com\/?product=balenciaga-luxury-fashion-damen-5938260ai2n1000-schwarz-handtaschen","og_locale":"de_DE","og_type":"article","og_title":"Balenciaga Luxury Fashion Damen 5938260AI2N1000 Schwarz Handtaschen | - FamilienMode","og_description":"Balancierer Leder Normaler Bund","og_url":"https:\/\/bekleidungscenter.com\/?product=balenciaga-luxury-fashion-damen-5938260ai2n1000-schwarz-handtaschen","og_site_name":"FamilienMode","article_modified_time":"2023-04-06T22:02:43+00:00","og_image":[{"width":500,"height":500,"url":"https:\/\/images-na.ssl-images-amazon.com\/images\/I\/31jbEL0YNiL.jpg","type":"image\/jpeg"}],"twitter_card":"summary_large_image","twitter_misc":{"Gesch\u00e4tzte Lesezeit":"1\u00a0Minute"},"schema":{"@context":"https:\/\/schema.org","@graph":[{"@type":"WebPage","@id":"https:\/\/bekleidungscenter.com\/?product=balenciaga-luxury-fashion-damen-5938260ai2n1000-schwarz-handtaschen","url":"https:\/\/bekleidungscenter.com\/?product=balenciaga-luxury-fashion-damen-5938260ai2n1000-schwarz-handtaschen","name":"Balenciaga Luxury Fashion Damen 5938260AI2N1000 Schwarz Handtaschen | - FamilienMode","isPartOf":{"@id":"https:\/\/bekleidungscenter.com\/#website"},"datePublished":"2021-01-03T21:14:24+00:00","dateModified":"2023-04-06T22:02:43+00:00","breadcrumb":{"@id":"https:\/\/bekleidungscenter.com\/?product=balenciaga-luxury-fashion-damen-5938260ai2n1000-schwarz-handtaschen#breadcrumb"},"inLanguage":"de","potentialAction":[{"@type":"ReadAction","target":["https:\/\/bekleidungscenter.com\/?product=balenciaga-luxury-fashion-damen-5938260ai2n1000-schwarz-handtaschen"]}]},{"@type":"BreadcrumbList","@id":"https:\/\/bekleidungscenter.com\/?product=balenciaga-luxury-fashion-damen-5938260ai2n1000-schwarz-handtaschen#breadcrumb","itemListElement":[{"@type":"ListItem","position":1,"name":"Home","item":"https:\/\/bekleidungscenter.com\/"},{"@type":"ListItem","position":2,"name":"Shop","item":"https:\/\/bekleidungscenter.com\/?page_id=7"},{"@type":"ListItem","position":3,"name":"Balenciaga Luxury Fashion Damen 5938260AI2N1000 Schwarz Handtaschen |"}]},{"@type":"WebSite","@id":"https:\/\/bekleidungscenter.com\/#website","url":"https:\/\/bekleidungscenter.com\/","name":"FamilienMode","description":"Alles f\u00fcr die ganze Familie","potentialAction":[{"@type":"SearchAction","target":{"@type":"EntryPoint","urlTemplate":"https:\/\/bekleidungscenter.com\/?s={search_term_string}"},"query-input":"required name=search_term_string"}],"inLanguage":"de"}]}},"_links":{"self":[{"href":"https:\/\/bekleidungscenter.com\/index.php?rest_route=\/wp\/v2\/product\/10017"}],"collection":[{"href":"https:\/\/bekleidungscenter.com\/index.php?rest_route=\/wp\/v2\/product"}],"about":[{"href":"https:\/\/bekleidungscenter.com\/index.php?rest_route=\/wp\/v2\/types\/product"}],"replies":[{"embeddable":true,"href":"https:\/\/bekleidungscenter.com\/index.php?rest_route=%2Fwp%2Fv2%2Fcomments&post=10017"}],"wp:featuredmedia":[{"embeddable":true,"href":"https:\/\/bekleidungscenter.com\/index.php?rest_route=\/wp\/v2\/media\/10018"}],"wp:attachment":[{"href":"https:\/\/bekleidungscenter.com\/index.php?rest_route=%2Fwp%2Fv2%2Fmedia&parent=10017"}],"wp:term":[{"taxonomy":"product_cat","embeddable":true,"href":"https:\/\/bekleidungscenter.com\/index.php?rest_route=%2Fwp%2Fv2%2Fproduct_cat&post=10017"},{"taxonomy":"product_tag","embeddable":true,"href":"https:\/\/bekleidungscenter.com\/index.php?rest_route=%2Fwp%2Fv2%2Fproduct_tag&post=10017"}],"curies":[{"name":"wp","href":"https:\/\/api.w.org\/{rel}","templated":true}]}}