{"id":10156,"date":"2021-01-03T21:18:54","date_gmt":"2021-01-03T21:18:54","guid":{"rendered":"http:\/\/bekleidungscenter.com\/?product=fjaellraeven-barents-pro-hosen-fuer-maenner-46-dubkelgrau"},"modified":"2023-04-06T22:02:46","modified_gmt":"2023-04-06T22:02:46","slug":"fjaellraeven-barents-pro-hosen-fuer-maenner-46-dubkelgrau","status":"publish","type":"product","link":"https:\/\/bekleidungscenter.com\/?product=fjaellraeven-barents-pro-hosen-fuer-maenner-46-dubkelgrau","title":{"rendered":"Fj\u00e4llr\u00e4ven Herren Hose Barents Pro"},"content":{"rendered":"<p><!-- show up to 2 reviews by default --> <\/p>\n<p>Trekkinghose Aufgebraucht G-1000, klassischer Mittelma\u00df Mithilfe sechs praktischen verst\u00e4rkten Taschen am unteren Bein. Fj\u00e4llr\u00e4ven<\/p>\n<p>Trekkinghose an Stelle Ihre Spannung in den Bergen unter anderem im Wald. Aufgebraucht strapazierf\u00e4higem G-1000, wasser- unter anderem winddicht Mithilfe einer doppelten Schicht am R\u00fccken unter anderem am Knie. Klassischer Mittelma\u00df Sechs praktische Taschen, eine spezielle an Stelle Ihre Karten unter anderem eine Ausweichl\u00f6sung an Stelle eine Axt. Mithilfe Taschen an Stelle zus\u00e4tzlichen Knieschutz. L\u00e4nge verstellbar. <\/p>\n<p>Unentwegt versus blaues Gold unter anderem Wind, G-1000<br \/>\nZwei Taschen.<br \/>\n65% Polyester, 35% Baumwolle<br \/>\nSport<br \/>\nModellnummer: 81761<br \/>\nFach an Stelle Messer unter anderem Fach an Stelle Karten<br \/>\n2 Lagen am Knie- unter anderem Ges\u00e4\u00dfbereich<br \/>\nStandard-Passform.<br \/>\n<div class=\"main-cross-sell\" data-asin=\"B01IR3JBCY\">\n\n\t<div class=\"WooZone-cross-sell-loader\">\n\t\t<div>\n\t\t\t<div id=\"floatingBarsG\">\n\t\t\t\t<div class=\"blockG\" id=\"rotateG_01\"><\/div>\n\t\t\t\t<div class=\"blockG\" id=\"rotateG_02\"><\/div>\n\t\t\t\t<div class=\"blockG\" id=\"rotateG_03\"><\/div>\n\t\t\t\t<div class=\"blockG\" id=\"rotateG_04\"><\/div>\n\t\t\t\t<div class=\"blockG\" id=\"rotateG_05\"><\/div>\n\t\t\t\t<div class=\"blockG\" id=\"rotateG_06\"><\/div>\n\t\t\t\t<div class=\"blockG\" id=\"rotateG_07\"><\/div>\n\t\t\t\t<div class=\"blockG\" id=\"rotateG_08\"><\/div>\n\t\t\t<\/div>\n\t\t\t<div class=\"WooZone-cross-sell-loader-text\"><\/div>\n\t\t<\/div>\n\t<\/div>\n\n\t\t\n<\/div>\n<div style=\"clear:both;\"><\/div><\/p>\n","protected":false},"excerpt":{"rendered":"<p>Widerstandsf\u00e4hig gegen Wasser und Wind, G-1000<br \/>\nZwei Taschen.<br \/>\n65% Polyester, 35% Baumwolle<\/p>\n","protected":false},"featured_media":10157,"comment_status":"open","ping_status":"closed","template":"","meta":[],"product_cat":[118,123],"product_tag":[],"yoast_head":"<!-- This site is optimized with the Yoast SEO plugin v20.6 - https:\/\/yoast.com\/wordpress\/plugins\/seo\/ -->\n<title>Fj\u00e4llr\u00e4ven Herren Hose Barents Pro - FamilienMode<\/title>\n<meta name=\"robots\" content=\"index, follow, max-snippet:-1, max-image-preview:large, max-video-preview:-1\" \/>\n<link rel=\"canonical\" href=\"https:\/\/bekleidungscenter.com\/?product=fjaellraeven-barents-pro-hosen-fuer-maenner-46-dubkelgrau\" \/>\n<meta property=\"og:locale\" content=\"de_DE\" \/>\n<meta property=\"og:type\" content=\"article\" \/>\n<meta property=\"og:title\" content=\"Fj\u00e4llr\u00e4ven Herren Hose Barents Pro - FamilienMode\" \/>\n<meta property=\"og:description\" content=\"Widerstandsf\u00e4hig gegen Wasser und Wind, G-1000 Zwei Taschen. 65% Polyester, 35% Baumwolle\" \/>\n<meta property=\"og:url\" content=\"https:\/\/bekleidungscenter.com\/?product=fjaellraeven-barents-pro-hosen-fuer-maenner-46-dubkelgrau\" \/>\n<meta property=\"og:site_name\" content=\"FamilienMode\" \/>\n<meta property=\"article:modified_time\" content=\"2023-04-06T22:02:46+00:00\" \/>\n<meta property=\"og:image\" content=\"https:\/\/images-na.ssl-images-amazon.com\/images\/I\/41%2BLxtFp0OL.jpg\" \/>\n\t<meta property=\"og:image:width\" content=\"500\" \/>\n\t<meta property=\"og:image:height\" content=\"500\" \/>\n\t<meta property=\"og:image:type\" content=\"image\/jpeg\" \/>\n<meta name=\"twitter:card\" content=\"summary_large_image\" \/>\n<meta name=\"twitter:label1\" content=\"Gesch\u00e4tzte Lesezeit\" \/>\n\t<meta name=\"twitter:data1\" content=\"1\u00a0Minute\" \/>\n<script type=\"application\/ld+json\" class=\"yoast-schema-graph\">{\"@context\":\"https:\/\/schema.org\",\"@graph\":[{\"@type\":\"WebPage\",\"@id\":\"https:\/\/bekleidungscenter.com\/?product=fjaellraeven-barents-pro-hosen-fuer-maenner-46-dubkelgrau\",\"url\":\"https:\/\/bekleidungscenter.com\/?product=fjaellraeven-barents-pro-hosen-fuer-maenner-46-dubkelgrau\",\"name\":\"Fj\u00e4llr\u00e4ven Herren Hose Barents Pro - FamilienMode\",\"isPartOf\":{\"@id\":\"https:\/\/bekleidungscenter.com\/#website\"},\"datePublished\":\"2021-01-03T21:18:54+00:00\",\"dateModified\":\"2023-04-06T22:02:46+00:00\",\"breadcrumb\":{\"@id\":\"https:\/\/bekleidungscenter.com\/?product=fjaellraeven-barents-pro-hosen-fuer-maenner-46-dubkelgrau#breadcrumb\"},\"inLanguage\":\"de\",\"potentialAction\":[{\"@type\":\"ReadAction\",\"target\":[\"https:\/\/bekleidungscenter.com\/?product=fjaellraeven-barents-pro-hosen-fuer-maenner-46-dubkelgrau\"]}]},{\"@type\":\"BreadcrumbList\",\"@id\":\"https:\/\/bekleidungscenter.com\/?product=fjaellraeven-barents-pro-hosen-fuer-maenner-46-dubkelgrau#breadcrumb\",\"itemListElement\":[{\"@type\":\"ListItem\",\"position\":1,\"name\":\"Home\",\"item\":\"https:\/\/bekleidungscenter.com\/\"},{\"@type\":\"ListItem\",\"position\":2,\"name\":\"Shop\",\"item\":\"https:\/\/bekleidungscenter.com\/?page_id=7\"},{\"@type\":\"ListItem\",\"position\":3,\"name\":\"Fj\u00e4llr\u00e4ven Herren Hose Barents Pro\"}]},{\"@type\":\"WebSite\",\"@id\":\"https:\/\/bekleidungscenter.com\/#website\",\"url\":\"https:\/\/bekleidungscenter.com\/\",\"name\":\"FamilienMode\",\"description\":\"Alles f\u00fcr die ganze Familie\",\"potentialAction\":[{\"@type\":\"SearchAction\",\"target\":{\"@type\":\"EntryPoint\",\"urlTemplate\":\"https:\/\/bekleidungscenter.com\/?s={search_term_string}\"},\"query-input\":\"required name=search_term_string\"}],\"inLanguage\":\"de\"}]}<\/script>\n<!-- \/ Yoast SEO plugin. -->","yoast_head_json":{"title":"Fj\u00e4llr\u00e4ven Herren Hose Barents Pro - FamilienMode","robots":{"index":"index","follow":"follow","max-snippet":"max-snippet:-1","max-image-preview":"max-image-preview:large","max-video-preview":"max-video-preview:-1"},"canonical":"https:\/\/bekleidungscenter.com\/?product=fjaellraeven-barents-pro-hosen-fuer-maenner-46-dubkelgrau","og_locale":"de_DE","og_type":"article","og_title":"Fj\u00e4llr\u00e4ven Herren Hose Barents Pro - FamilienMode","og_description":"Widerstandsf\u00e4hig gegen Wasser und Wind, G-1000 Zwei Taschen. 65% Polyester, 35% Baumwolle","og_url":"https:\/\/bekleidungscenter.com\/?product=fjaellraeven-barents-pro-hosen-fuer-maenner-46-dubkelgrau","og_site_name":"FamilienMode","article_modified_time":"2023-04-06T22:02:46+00:00","og_image":[{"width":500,"height":500,"url":"https:\/\/images-na.ssl-images-amazon.com\/images\/I\/41%2BLxtFp0OL.jpg","type":"image\/jpeg"}],"twitter_card":"summary_large_image","twitter_misc":{"Gesch\u00e4tzte Lesezeit":"1\u00a0Minute"},"schema":{"@context":"https:\/\/schema.org","@graph":[{"@type":"WebPage","@id":"https:\/\/bekleidungscenter.com\/?product=fjaellraeven-barents-pro-hosen-fuer-maenner-46-dubkelgrau","url":"https:\/\/bekleidungscenter.com\/?product=fjaellraeven-barents-pro-hosen-fuer-maenner-46-dubkelgrau","name":"Fj\u00e4llr\u00e4ven Herren Hose Barents Pro - FamilienMode","isPartOf":{"@id":"https:\/\/bekleidungscenter.com\/#website"},"datePublished":"2021-01-03T21:18:54+00:00","dateModified":"2023-04-06T22:02:46+00:00","breadcrumb":{"@id":"https:\/\/bekleidungscenter.com\/?product=fjaellraeven-barents-pro-hosen-fuer-maenner-46-dubkelgrau#breadcrumb"},"inLanguage":"de","potentialAction":[{"@type":"ReadAction","target":["https:\/\/bekleidungscenter.com\/?product=fjaellraeven-barents-pro-hosen-fuer-maenner-46-dubkelgrau"]}]},{"@type":"BreadcrumbList","@id":"https:\/\/bekleidungscenter.com\/?product=fjaellraeven-barents-pro-hosen-fuer-maenner-46-dubkelgrau#breadcrumb","itemListElement":[{"@type":"ListItem","position":1,"name":"Home","item":"https:\/\/bekleidungscenter.com\/"},{"@type":"ListItem","position":2,"name":"Shop","item":"https:\/\/bekleidungscenter.com\/?page_id=7"},{"@type":"ListItem","position":3,"name":"Fj\u00e4llr\u00e4ven Herren Hose Barents Pro"}]},{"@type":"WebSite","@id":"https:\/\/bekleidungscenter.com\/#website","url":"https:\/\/bekleidungscenter.com\/","name":"FamilienMode","description":"Alles f\u00fcr die ganze Familie","potentialAction":[{"@type":"SearchAction","target":{"@type":"EntryPoint","urlTemplate":"https:\/\/bekleidungscenter.com\/?s={search_term_string}"},"query-input":"required name=search_term_string"}],"inLanguage":"de"}]}},"_links":{"self":[{"href":"https:\/\/bekleidungscenter.com\/index.php?rest_route=\/wp\/v2\/product\/10156"}],"collection":[{"href":"https:\/\/bekleidungscenter.com\/index.php?rest_route=\/wp\/v2\/product"}],"about":[{"href":"https:\/\/bekleidungscenter.com\/index.php?rest_route=\/wp\/v2\/types\/product"}],"replies":[{"embeddable":true,"href":"https:\/\/bekleidungscenter.com\/index.php?rest_route=%2Fwp%2Fv2%2Fcomments&post=10156"}],"wp:featuredmedia":[{"embeddable":true,"href":"https:\/\/bekleidungscenter.com\/index.php?rest_route=\/wp\/v2\/media\/10157"}],"wp:attachment":[{"href":"https:\/\/bekleidungscenter.com\/index.php?rest_route=%2Fwp%2Fv2%2Fmedia&parent=10156"}],"wp:term":[{"taxonomy":"product_cat","embeddable":true,"href":"https:\/\/bekleidungscenter.com\/index.php?rest_route=%2Fwp%2Fv2%2Fproduct_cat&post=10156"},{"taxonomy":"product_tag","embeddable":true,"href":"https:\/\/bekleidungscenter.com\/index.php?rest_route=%2Fwp%2Fv2%2Fproduct_tag&post=10156"}],"curies":[{"name":"wp","href":"https:\/\/api.w.org\/{rel}","templated":true}]}}