{"id":10235,"date":"2021-01-04T01:13:32","date_gmt":"2021-01-04T01:13:32","guid":{"rendered":"http:\/\/bekleidungscenter.com\/?product=wotega-herren-jeans-sweathose-in-jeansoptik-noah-slim"},"modified":"2023-04-06T22:02:47","modified_gmt":"2023-04-06T22:02:47","slug":"wotega-herren-jeans-sweathose-in-jeansoptik-noah-slim","status":"publish","type":"product","link":"https:\/\/bekleidungscenter.com\/?product=wotega-herren-jeans-sweathose-in-jeansoptik-noah-slim","title":{"rendered":"WOTEGA Herren Jeans Noah &#8211; Sweathose in Jeansoptik &#8211; M\u00e4nner Jogging Jeans Slim"},"content":{"rendered":"<p><!-- show up to 2 reviews by default --> <\/p>\n<p>&#8211; modische Sweathose in Jeans-Optik<br \/>&#8211; schmale Passform \/ Slim Fit<br \/>&#8211; schmaler Beinverlauf<br \/>&#8211; normale Leibh\u00f6he<br \/>&#8211; elastischer Koalition mit Gummi und Tunnelzug<br \/>&#8211; ausgefallene Waschung mit Used Effekten<br \/>&#8211; Logopatch am hinteren Bund<br \/>&#8211; weiches und dehnbares Material<br \/>&#8211; angenehmes Baumwollgemisch <\/p>\n<p>Passform: Slim Fit &#8211; normale Leibh\u00f6he, normale Form, schlankes Bein<br \/>\nKomfort: Noah Jeanspants in brandaktueller Vintage-Waschung sind superbequem und Garanten zugunsten unkomplizierte Day-Night-Outfits. Die formbest\u00e4ndige, extrem dehnbare Baumwoll-Stretch-Qualit\u00e4t spendiert volle Bewegungsfreiheit, pure Wohligkeit und ein herrliches Tragegef\u00fchl. Maximal langlebig ist die Jeans Sweathose im Denim-Style ein fulminantes Basic zugunsten jeden Tag. Printshirt, Chucks und Lederjacke werten das Outfit zum Fashionhit auf.<br \/>\nNormaler Koalition<br \/>\nVerschluss: Tunnelzug<br \/>\n98% Baumwolle, 2% Elasthan<br \/>\nSlim<br \/>\nModellnummer: 31000110<br \/>\nStyle: Die relaxte Herren Sweathose Noah in angesagter Jeansoptik s\u00e4mtliche softem Baumwollmix ist das perfekte Piece zugunsten gem\u00fctliche Stunden und coole Kombinationen. In Aus der Mode, Hellblau, Dunkelblau oder Schwarz ? die sporty Freizeithose von WOTEGA mit schmal geschnittenem Bein punktet qua grandioser Favorit zugunsten l\u00e4ssige Streetstyles.<br \/>\nHighlights: Die Fronttaschen der seidenweichen Sweathose im Five-Pocket-Stil sind mit pr\u00e4gnanten Nieten angegrenzt, auf der kleinen Geldtasche prangt der WOTEGA-Schriftzug. Analog verlaufende Ziern\u00e4hte auf den Ges\u00e4\u00dftaschen, an einer Seite mit Label-Aufn\u00e4her akzentuiert, inszenieren den Eyecatcher-Effekt. Noah Sweatpants in Jeansoptik sind pr\u00e4destiniert zugunsten ultracoole Casual-Styles mit sensationeller Gem\u00fctlichkeit.<br \/>\nSchnitt: Der elastische Komfortbund mit individuell regulierbarem Tunnelzug und Bindeb\u00e4ndern bereit machen die designstarken WOTEGA Jogg-Jeans zum genialen Partner zugunsten Walken, Workout, Entspannen und Wohlf\u00fchlen. Der Sitz auf Taillenh\u00f6he und das leistungsstarke Material Acht geben extrem hohen Komfort in leer Situation.<br \/>\n<div class=\"main-cross-sell\" data-asin=\"B0719SSX51\">\n\n\t<div class=\"WooZone-cross-sell-loader\">\n\t\t<div>\n\t\t\t<div id=\"floatingBarsG\">\n\t\t\t\t<div class=\"blockG\" id=\"rotateG_01\"><\/div>\n\t\t\t\t<div class=\"blockG\" id=\"rotateG_02\"><\/div>\n\t\t\t\t<div class=\"blockG\" id=\"rotateG_03\"><\/div>\n\t\t\t\t<div class=\"blockG\" id=\"rotateG_04\"><\/div>\n\t\t\t\t<div class=\"blockG\" id=\"rotateG_05\"><\/div>\n\t\t\t\t<div class=\"blockG\" id=\"rotateG_06\"><\/div>\n\t\t\t\t<div class=\"blockG\" id=\"rotateG_07\"><\/div>\n\t\t\t\t<div class=\"blockG\" id=\"rotateG_08\"><\/div>\n\t\t\t<\/div>\n\t\t\t<div class=\"WooZone-cross-sell-loader-text\"><\/div>\n\t\t<\/div>\n\t<\/div>\n\n\t\t\n<\/div>\n<div style=\"clear:both;\"><\/div><\/p>\n","protected":false},"excerpt":{"rendered":"<p>Passform: Slim Fit &#8211; normale Leibh\u00f6he, normale Form, schlankes Bein<br \/>\nKomfort: Noah Jeanspants in brandaktueller Vintage-Waschung sind superbequem und Garanten f\u00fcr unkomplizierte Day-Night-Outfits. Die formbest\u00e4ndige, extrem dehnbare Baumwoll-Stretch-Qualit\u00e4t spendiert volle Bewegungsfreiheit, pure Wohligkeit und ein herrliches Tragegef\u00fchl. Maximal langlebig ist die Jeans Sweathose im Denim-Style ein fulminantes Basic f\u00fcr jeden Tag. Printshirt, Chucks und Lederjacke werten das Outfit zum Fashionhit auf.<br \/>\nNormaler Bund<\/p>\n","protected":false},"featured_media":10236,"comment_status":"open","ping_status":"closed","template":"","meta":[],"product_cat":[118,123],"product_tag":[],"yoast_head":"<!-- This site is optimized with the Yoast SEO plugin v20.6 - https:\/\/yoast.com\/wordpress\/plugins\/seo\/ -->\n<title>WOTEGA Herren Jeans Noah - Sweathose in Jeansoptik - M\u00e4nner Jogging Jeans Slim - FamilienMode<\/title>\n<meta name=\"robots\" content=\"index, follow, max-snippet:-1, max-image-preview:large, max-video-preview:-1\" \/>\n<link rel=\"canonical\" href=\"https:\/\/bekleidungscenter.com\/?product=wotega-herren-jeans-sweathose-in-jeansoptik-noah-slim\" \/>\n<meta property=\"og:locale\" content=\"de_DE\" \/>\n<meta property=\"og:type\" content=\"article\" \/>\n<meta property=\"og:title\" content=\"WOTEGA Herren Jeans Noah - Sweathose in Jeansoptik - M\u00e4nner Jogging Jeans Slim - FamilienMode\" \/>\n<meta property=\"og:description\" content=\"Passform: Slim Fit - normale Leibh\u00f6he, normale Form, schlankes Bein Komfort: Noah Jeanspants in brandaktueller Vintage-Waschung sind superbequem und Garanten f\u00fcr unkomplizierte Day-Night-Outfits. Die formbest\u00e4ndige, extrem dehnbare Baumwoll-Stretch-Qualit\u00e4t spendiert volle Bewegungsfreiheit, pure Wohligkeit und ein herrliches Tragegef\u00fchl. Maximal langlebig ist die Jeans Sweathose im Denim-Style ein fulminantes Basic f\u00fcr jeden Tag. Printshirt, Chucks und Lederjacke werten das Outfit zum Fashionhit auf. Normaler Bund\" \/>\n<meta property=\"og:url\" content=\"https:\/\/bekleidungscenter.com\/?product=wotega-herren-jeans-sweathose-in-jeansoptik-noah-slim\" \/>\n<meta property=\"og:site_name\" content=\"FamilienMode\" \/>\n<meta property=\"article:modified_time\" content=\"2023-04-06T22:02:47+00:00\" \/>\n<meta property=\"og:image\" content=\"https:\/\/images-na.ssl-images-amazon.com\/images\/I\/31OFTfUwsFL.jpg\" \/>\n\t<meta property=\"og:image:width\" content=\"500\" \/>\n\t<meta property=\"og:image:height\" content=\"500\" \/>\n\t<meta property=\"og:image:type\" content=\"image\/jpeg\" \/>\n<meta name=\"twitter:card\" content=\"summary_large_image\" \/>\n<meta name=\"twitter:label1\" content=\"Gesch\u00e4tzte Lesezeit\" \/>\n\t<meta name=\"twitter:data1\" content=\"1\u00a0Minute\" \/>\n<script type=\"application\/ld+json\" class=\"yoast-schema-graph\">{\"@context\":\"https:\/\/schema.org\",\"@graph\":[{\"@type\":\"WebPage\",\"@id\":\"https:\/\/bekleidungscenter.com\/?product=wotega-herren-jeans-sweathose-in-jeansoptik-noah-slim\",\"url\":\"https:\/\/bekleidungscenter.com\/?product=wotega-herren-jeans-sweathose-in-jeansoptik-noah-slim\",\"name\":\"WOTEGA Herren Jeans Noah - Sweathose in Jeansoptik - M\u00e4nner Jogging Jeans Slim - FamilienMode\",\"isPartOf\":{\"@id\":\"https:\/\/bekleidungscenter.com\/#website\"},\"datePublished\":\"2021-01-04T01:13:32+00:00\",\"dateModified\":\"2023-04-06T22:02:47+00:00\",\"breadcrumb\":{\"@id\":\"https:\/\/bekleidungscenter.com\/?product=wotega-herren-jeans-sweathose-in-jeansoptik-noah-slim#breadcrumb\"},\"inLanguage\":\"de\",\"potentialAction\":[{\"@type\":\"ReadAction\",\"target\":[\"https:\/\/bekleidungscenter.com\/?product=wotega-herren-jeans-sweathose-in-jeansoptik-noah-slim\"]}]},{\"@type\":\"BreadcrumbList\",\"@id\":\"https:\/\/bekleidungscenter.com\/?product=wotega-herren-jeans-sweathose-in-jeansoptik-noah-slim#breadcrumb\",\"itemListElement\":[{\"@type\":\"ListItem\",\"position\":1,\"name\":\"Home\",\"item\":\"https:\/\/bekleidungscenter.com\/\"},{\"@type\":\"ListItem\",\"position\":2,\"name\":\"Shop\",\"item\":\"https:\/\/bekleidungscenter.com\/?page_id=7\"},{\"@type\":\"ListItem\",\"position\":3,\"name\":\"WOTEGA Herren Jeans Noah &#8211; Sweathose in Jeansoptik &#8211; M\u00e4nner Jogging Jeans Slim\"}]},{\"@type\":\"WebSite\",\"@id\":\"https:\/\/bekleidungscenter.com\/#website\",\"url\":\"https:\/\/bekleidungscenter.com\/\",\"name\":\"FamilienMode\",\"description\":\"Alles f\u00fcr die ganze Familie\",\"potentialAction\":[{\"@type\":\"SearchAction\",\"target\":{\"@type\":\"EntryPoint\",\"urlTemplate\":\"https:\/\/bekleidungscenter.com\/?s={search_term_string}\"},\"query-input\":\"required name=search_term_string\"}],\"inLanguage\":\"de\"}]}<\/script>\n<!-- \/ Yoast SEO plugin. -->","yoast_head_json":{"title":"WOTEGA Herren Jeans Noah - Sweathose in Jeansoptik - M\u00e4nner Jogging Jeans Slim - FamilienMode","robots":{"index":"index","follow":"follow","max-snippet":"max-snippet:-1","max-image-preview":"max-image-preview:large","max-video-preview":"max-video-preview:-1"},"canonical":"https:\/\/bekleidungscenter.com\/?product=wotega-herren-jeans-sweathose-in-jeansoptik-noah-slim","og_locale":"de_DE","og_type":"article","og_title":"WOTEGA Herren Jeans Noah - Sweathose in Jeansoptik - M\u00e4nner Jogging Jeans Slim - FamilienMode","og_description":"Passform: Slim Fit - normale Leibh\u00f6he, normale Form, schlankes Bein Komfort: Noah Jeanspants in brandaktueller Vintage-Waschung sind superbequem und Garanten f\u00fcr unkomplizierte Day-Night-Outfits. Die formbest\u00e4ndige, extrem dehnbare Baumwoll-Stretch-Qualit\u00e4t spendiert volle Bewegungsfreiheit, pure Wohligkeit und ein herrliches Tragegef\u00fchl. Maximal langlebig ist die Jeans Sweathose im Denim-Style ein fulminantes Basic f\u00fcr jeden Tag. Printshirt, Chucks und Lederjacke werten das Outfit zum Fashionhit auf. Normaler Bund","og_url":"https:\/\/bekleidungscenter.com\/?product=wotega-herren-jeans-sweathose-in-jeansoptik-noah-slim","og_site_name":"FamilienMode","article_modified_time":"2023-04-06T22:02:47+00:00","og_image":[{"width":500,"height":500,"url":"https:\/\/images-na.ssl-images-amazon.com\/images\/I\/31OFTfUwsFL.jpg","type":"image\/jpeg"}],"twitter_card":"summary_large_image","twitter_misc":{"Gesch\u00e4tzte Lesezeit":"1\u00a0Minute"},"schema":{"@context":"https:\/\/schema.org","@graph":[{"@type":"WebPage","@id":"https:\/\/bekleidungscenter.com\/?product=wotega-herren-jeans-sweathose-in-jeansoptik-noah-slim","url":"https:\/\/bekleidungscenter.com\/?product=wotega-herren-jeans-sweathose-in-jeansoptik-noah-slim","name":"WOTEGA Herren Jeans Noah - Sweathose in Jeansoptik - M\u00e4nner Jogging Jeans Slim - FamilienMode","isPartOf":{"@id":"https:\/\/bekleidungscenter.com\/#website"},"datePublished":"2021-01-04T01:13:32+00:00","dateModified":"2023-04-06T22:02:47+00:00","breadcrumb":{"@id":"https:\/\/bekleidungscenter.com\/?product=wotega-herren-jeans-sweathose-in-jeansoptik-noah-slim#breadcrumb"},"inLanguage":"de","potentialAction":[{"@type":"ReadAction","target":["https:\/\/bekleidungscenter.com\/?product=wotega-herren-jeans-sweathose-in-jeansoptik-noah-slim"]}]},{"@type":"BreadcrumbList","@id":"https:\/\/bekleidungscenter.com\/?product=wotega-herren-jeans-sweathose-in-jeansoptik-noah-slim#breadcrumb","itemListElement":[{"@type":"ListItem","position":1,"name":"Home","item":"https:\/\/bekleidungscenter.com\/"},{"@type":"ListItem","position":2,"name":"Shop","item":"https:\/\/bekleidungscenter.com\/?page_id=7"},{"@type":"ListItem","position":3,"name":"WOTEGA Herren Jeans Noah &#8211; Sweathose in Jeansoptik &#8211; M\u00e4nner Jogging Jeans Slim"}]},{"@type":"WebSite","@id":"https:\/\/bekleidungscenter.com\/#website","url":"https:\/\/bekleidungscenter.com\/","name":"FamilienMode","description":"Alles f\u00fcr die ganze Familie","potentialAction":[{"@type":"SearchAction","target":{"@type":"EntryPoint","urlTemplate":"https:\/\/bekleidungscenter.com\/?s={search_term_string}"},"query-input":"required name=search_term_string"}],"inLanguage":"de"}]}},"_links":{"self":[{"href":"https:\/\/bekleidungscenter.com\/index.php?rest_route=\/wp\/v2\/product\/10235"}],"collection":[{"href":"https:\/\/bekleidungscenter.com\/index.php?rest_route=\/wp\/v2\/product"}],"about":[{"href":"https:\/\/bekleidungscenter.com\/index.php?rest_route=\/wp\/v2\/types\/product"}],"replies":[{"embeddable":true,"href":"https:\/\/bekleidungscenter.com\/index.php?rest_route=%2Fwp%2Fv2%2Fcomments&post=10235"}],"wp:featuredmedia":[{"embeddable":true,"href":"https:\/\/bekleidungscenter.com\/index.php?rest_route=\/wp\/v2\/media\/10236"}],"wp:attachment":[{"href":"https:\/\/bekleidungscenter.com\/index.php?rest_route=%2Fwp%2Fv2%2Fmedia&parent=10235"}],"wp:term":[{"taxonomy":"product_cat","embeddable":true,"href":"https:\/\/bekleidungscenter.com\/index.php?rest_route=%2Fwp%2Fv2%2Fproduct_cat&post=10235"},{"taxonomy":"product_tag","embeddable":true,"href":"https:\/\/bekleidungscenter.com\/index.php?rest_route=%2Fwp%2Fv2%2Fproduct_tag&post=10235"}],"curies":[{"name":"wp","href":"https:\/\/api.w.org\/{rel}","templated":true}]}}