{"id":10300,"date":"2021-01-04T01:14:53","date_gmt":"2021-01-04T01:14:53","guid":{"rendered":"http:\/\/bekleidungscenter.com\/?product=cmp-herren-softshell-hose"},"modified":"2023-04-06T22:02:48","modified_gmt":"2023-04-06T22:02:48","slug":"cmp-herren-softshell-hose","status":"publish","type":"product","link":"https:\/\/bekleidungscenter.com\/?product=cmp-herren-softshell-hose","title":{"rendered":"CMP Herren Softshell Hose"},"content":{"rendered":"<p><!-- show up to 2 reviews by default --> <\/p>\n<p>Hose leer Stretch-Polyester-Softshell Anhand Fleecefutter. Gebaut Anhand der ClimaProtect-Technologie, einem speziellen Thermolaminat, das zwischen den Geweben im Rahmen wird u. a. vor Witterungseinfl\u00fcssen sch\u00fctzt (WP 7.000) u. a. eine gute Atmungsaktivit\u00e4t nach lateral gew\u00e4hrleistet (MVP 1.000). Dieses Modell ist stattdessen gro\u00dfe u. a. d\u00fcnne Menschen im Rahmen, da die Hosen l\u00e4nger denn Standard sind u. a. die Taillenweite schmaler ist. Anhand Seitentaschen Anhand Rei\u00dfverschluss u. a. elastischem Union. <\/p>\n<p>Winddicht<br \/>\nGewandt<br \/>\nAussenmaterial: 96% Polyester, 4% Elasthan; Inner: 100% Polyester<br \/>\nHose<br \/>\nModellnummer: 3A01487CL<br \/>\n<div class=\"main-cross-sell\" data-asin=\"B009OGYU8E\">\n\n\t<div class=\"WooZone-cross-sell-loader\">\n\t\t<div>\n\t\t\t<div id=\"floatingBarsG\">\n\t\t\t\t<div class=\"blockG\" id=\"rotateG_01\"><\/div>\n\t\t\t\t<div class=\"blockG\" id=\"rotateG_02\"><\/div>\n\t\t\t\t<div class=\"blockG\" id=\"rotateG_03\"><\/div>\n\t\t\t\t<div class=\"blockG\" id=\"rotateG_04\"><\/div>\n\t\t\t\t<div class=\"blockG\" id=\"rotateG_05\"><\/div>\n\t\t\t\t<div class=\"blockG\" id=\"rotateG_06\"><\/div>\n\t\t\t\t<div class=\"blockG\" id=\"rotateG_07\"><\/div>\n\t\t\t\t<div class=\"blockG\" id=\"rotateG_08\"><\/div>\n\t\t\t<\/div>\n\t\t\t<div class=\"WooZone-cross-sell-loader-text\"><\/div>\n\t\t<\/div>\n\t<\/div>\n\n\t\t\n<\/div>\n<div style=\"clear:both;\"><\/div><\/p>\n","protected":false},"excerpt":{"rendered":"<p>Winddicht<br \/>\nElastisch<br \/>\nAussenmaterial: 96% Polyester, 4% Elasthan; Inner: 100% Polyester<\/p>\n","protected":false},"featured_media":10301,"comment_status":"open","ping_status":"closed","template":"","meta":[],"product_cat":[118,123],"product_tag":[],"yoast_head":"<!-- This site is optimized with the Yoast SEO plugin v20.6 - https:\/\/yoast.com\/wordpress\/plugins\/seo\/ -->\n<title>CMP Herren Softshell Hose - FamilienMode<\/title>\n<meta name=\"robots\" content=\"index, follow, max-snippet:-1, max-image-preview:large, max-video-preview:-1\" \/>\n<link rel=\"canonical\" href=\"https:\/\/bekleidungscenter.com\/?product=cmp-herren-softshell-hose\" \/>\n<meta property=\"og:locale\" content=\"de_DE\" \/>\n<meta property=\"og:type\" content=\"article\" \/>\n<meta property=\"og:title\" content=\"CMP Herren Softshell Hose - FamilienMode\" \/>\n<meta property=\"og:description\" content=\"Winddicht Elastisch Aussenmaterial: 96% Polyester, 4% Elasthan; Inner: 100% Polyester\" \/>\n<meta property=\"og:url\" content=\"https:\/\/bekleidungscenter.com\/?product=cmp-herren-softshell-hose\" \/>\n<meta property=\"og:site_name\" content=\"FamilienMode\" \/>\n<meta property=\"article:modified_time\" content=\"2023-04-06T22:02:48+00:00\" \/>\n<meta property=\"og:image\" content=\"https:\/\/images-na.ssl-images-amazon.com\/images\/I\/41aMFX4LAtL.jpg\" \/>\n\t<meta property=\"og:image:width\" content=\"500\" \/>\n\t<meta property=\"og:image:height\" content=\"500\" \/>\n\t<meta property=\"og:image:type\" content=\"image\/jpeg\" \/>\n<meta name=\"twitter:card\" content=\"summary_large_image\" \/>\n<script type=\"application\/ld+json\" class=\"yoast-schema-graph\">{\"@context\":\"https:\/\/schema.org\",\"@graph\":[{\"@type\":\"WebPage\",\"@id\":\"https:\/\/bekleidungscenter.com\/?product=cmp-herren-softshell-hose\",\"url\":\"https:\/\/bekleidungscenter.com\/?product=cmp-herren-softshell-hose\",\"name\":\"CMP Herren Softshell Hose - FamilienMode\",\"isPartOf\":{\"@id\":\"https:\/\/bekleidungscenter.com\/#website\"},\"datePublished\":\"2021-01-04T01:14:53+00:00\",\"dateModified\":\"2023-04-06T22:02:48+00:00\",\"breadcrumb\":{\"@id\":\"https:\/\/bekleidungscenter.com\/?product=cmp-herren-softshell-hose#breadcrumb\"},\"inLanguage\":\"de\",\"potentialAction\":[{\"@type\":\"ReadAction\",\"target\":[\"https:\/\/bekleidungscenter.com\/?product=cmp-herren-softshell-hose\"]}]},{\"@type\":\"BreadcrumbList\",\"@id\":\"https:\/\/bekleidungscenter.com\/?product=cmp-herren-softshell-hose#breadcrumb\",\"itemListElement\":[{\"@type\":\"ListItem\",\"position\":1,\"name\":\"Home\",\"item\":\"https:\/\/bekleidungscenter.com\/\"},{\"@type\":\"ListItem\",\"position\":2,\"name\":\"Shop\",\"item\":\"https:\/\/bekleidungscenter.com\/?page_id=7\"},{\"@type\":\"ListItem\",\"position\":3,\"name\":\"CMP Herren Softshell Hose\"}]},{\"@type\":\"WebSite\",\"@id\":\"https:\/\/bekleidungscenter.com\/#website\",\"url\":\"https:\/\/bekleidungscenter.com\/\",\"name\":\"FamilienMode\",\"description\":\"Alles f\u00fcr die ganze Familie\",\"potentialAction\":[{\"@type\":\"SearchAction\",\"target\":{\"@type\":\"EntryPoint\",\"urlTemplate\":\"https:\/\/bekleidungscenter.com\/?s={search_term_string}\"},\"query-input\":\"required name=search_term_string\"}],\"inLanguage\":\"de\"}]}<\/script>\n<!-- \/ Yoast SEO plugin. -->","yoast_head_json":{"title":"CMP Herren Softshell Hose - FamilienMode","robots":{"index":"index","follow":"follow","max-snippet":"max-snippet:-1","max-image-preview":"max-image-preview:large","max-video-preview":"max-video-preview:-1"},"canonical":"https:\/\/bekleidungscenter.com\/?product=cmp-herren-softshell-hose","og_locale":"de_DE","og_type":"article","og_title":"CMP Herren Softshell Hose - FamilienMode","og_description":"Winddicht Elastisch Aussenmaterial: 96% Polyester, 4% Elasthan; Inner: 100% Polyester","og_url":"https:\/\/bekleidungscenter.com\/?product=cmp-herren-softshell-hose","og_site_name":"FamilienMode","article_modified_time":"2023-04-06T22:02:48+00:00","og_image":[{"width":500,"height":500,"url":"https:\/\/images-na.ssl-images-amazon.com\/images\/I\/41aMFX4LAtL.jpg","type":"image\/jpeg"}],"twitter_card":"summary_large_image","schema":{"@context":"https:\/\/schema.org","@graph":[{"@type":"WebPage","@id":"https:\/\/bekleidungscenter.com\/?product=cmp-herren-softshell-hose","url":"https:\/\/bekleidungscenter.com\/?product=cmp-herren-softshell-hose","name":"CMP Herren Softshell Hose - FamilienMode","isPartOf":{"@id":"https:\/\/bekleidungscenter.com\/#website"},"datePublished":"2021-01-04T01:14:53+00:00","dateModified":"2023-04-06T22:02:48+00:00","breadcrumb":{"@id":"https:\/\/bekleidungscenter.com\/?product=cmp-herren-softshell-hose#breadcrumb"},"inLanguage":"de","potentialAction":[{"@type":"ReadAction","target":["https:\/\/bekleidungscenter.com\/?product=cmp-herren-softshell-hose"]}]},{"@type":"BreadcrumbList","@id":"https:\/\/bekleidungscenter.com\/?product=cmp-herren-softshell-hose#breadcrumb","itemListElement":[{"@type":"ListItem","position":1,"name":"Home","item":"https:\/\/bekleidungscenter.com\/"},{"@type":"ListItem","position":2,"name":"Shop","item":"https:\/\/bekleidungscenter.com\/?page_id=7"},{"@type":"ListItem","position":3,"name":"CMP Herren Softshell Hose"}]},{"@type":"WebSite","@id":"https:\/\/bekleidungscenter.com\/#website","url":"https:\/\/bekleidungscenter.com\/","name":"FamilienMode","description":"Alles f\u00fcr die ganze Familie","potentialAction":[{"@type":"SearchAction","target":{"@type":"EntryPoint","urlTemplate":"https:\/\/bekleidungscenter.com\/?s={search_term_string}"},"query-input":"required name=search_term_string"}],"inLanguage":"de"}]}},"_links":{"self":[{"href":"https:\/\/bekleidungscenter.com\/index.php?rest_route=\/wp\/v2\/product\/10300"}],"collection":[{"href":"https:\/\/bekleidungscenter.com\/index.php?rest_route=\/wp\/v2\/product"}],"about":[{"href":"https:\/\/bekleidungscenter.com\/index.php?rest_route=\/wp\/v2\/types\/product"}],"replies":[{"embeddable":true,"href":"https:\/\/bekleidungscenter.com\/index.php?rest_route=%2Fwp%2Fv2%2Fcomments&post=10300"}],"wp:featuredmedia":[{"embeddable":true,"href":"https:\/\/bekleidungscenter.com\/index.php?rest_route=\/wp\/v2\/media\/10301"}],"wp:attachment":[{"href":"https:\/\/bekleidungscenter.com\/index.php?rest_route=%2Fwp%2Fv2%2Fmedia&parent=10300"}],"wp:term":[{"taxonomy":"product_cat","embeddable":true,"href":"https:\/\/bekleidungscenter.com\/index.php?rest_route=%2Fwp%2Fv2%2Fproduct_cat&post=10300"},{"taxonomy":"product_tag","embeddable":true,"href":"https:\/\/bekleidungscenter.com\/index.php?rest_route=%2Fwp%2Fv2%2Fproduct_tag&post=10300"}],"curies":[{"name":"wp","href":"https:\/\/api.w.org\/{rel}","templated":true}]}}