{"id":10364,"date":"2021-01-04T01:19:02","date_gmt":"2021-01-04T01:19:02","guid":{"rendered":"http:\/\/bekleidungscenter.com\/?product=nike-herren-m-nsw-optic-jggr-hose"},"modified":"2023-04-06T22:02:50","modified_gmt":"2023-04-06T22:02:50","slug":"nike-herren-m-nsw-optic-jggr-hose","status":"publish","type":"product","link":"https:\/\/bekleidungscenter.com\/?product=nike-herren-m-nsw-optic-jggr-hose","title":{"rendered":"Nike Herren 928493 Sporthosen"},"content":{"rendered":"<p><!-- show up to 2 reviews by default --> <\/p>\n<p>Nike Sportswear Herren Optic Fleece Joggers Klassischer Anstand Frischegef\u00fchl Die Nike Sportswear Optic Fleece Jogger anstelle Herren verf\u00fcgen ein komfortables unter anderem schmeichelhaftes Design unter Zuhilfenahme von elastischem Schulterschluss unter anderem einer engeren Passform von H\u00fcfte bis zum Kn\u00f6chel. Das Doppelstrickgewebe ist weich unter anderem pl\u00e4sierlich gen der Haut. Standard-Passform von H\u00fcfte bis B\u00fcndchen. Die taillierten Beine unter anderem die elastischen B\u00fcndchen unterst\u00fctzen Ihnen, sich in Sneakers zu setzen. Gummierter Aufn\u00e4her unter Zuhilfenahme von Nike-Logo gen dem Oberschenkel. Ges\u00e4\u00dftaschen unter Zuhilfenahme von Rei\u00dfverschluss zur sicheren Deponierung von Dingen. <\/p>\n<p>Fronttaschen an der Naht anstelle bequemes Verstauen von Gegenst\u00e4nden.<br \/>\nElastischer Schulterschluss unter Zuhilfenahme von Kordelzug anstelle mehr Komfort.<br \/>\n62% Baumwolle, 38% Polyester<br \/>\n<div class=\"main-cross-sell\" data-asin=\"B07VP6JG59\">\n\n\t<div class=\"WooZone-cross-sell-loader\">\n\t\t<div>\n\t\t\t<div id=\"floatingBarsG\">\n\t\t\t\t<div class=\"blockG\" id=\"rotateG_01\"><\/div>\n\t\t\t\t<div class=\"blockG\" id=\"rotateG_02\"><\/div>\n\t\t\t\t<div class=\"blockG\" id=\"rotateG_03\"><\/div>\n\t\t\t\t<div class=\"blockG\" id=\"rotateG_04\"><\/div>\n\t\t\t\t<div class=\"blockG\" id=\"rotateG_05\"><\/div>\n\t\t\t\t<div class=\"blockG\" id=\"rotateG_06\"><\/div>\n\t\t\t\t<div class=\"blockG\" id=\"rotateG_07\"><\/div>\n\t\t\t\t<div class=\"blockG\" id=\"rotateG_08\"><\/div>\n\t\t\t<\/div>\n\t\t\t<div class=\"WooZone-cross-sell-loader-text\"><\/div>\n\t\t<\/div>\n\t<\/div>\n\n\t\t\n<\/div>\n<div style=\"clear:both;\"><\/div><\/p>\n","protected":false},"excerpt":{"rendered":"<p>Fronttaschen an der Naht f\u00fcr bequemes Verstauen von Gegenst\u00e4nden.<br \/>\nElastischer Bund mit Kordelzug f\u00fcr mehr Komfort.<br \/>\n62% Baumwolle, 38% Polyester<\/p>\n","protected":false},"featured_media":10365,"comment_status":"open","ping_status":"closed","template":"","meta":[],"product_cat":[118,123],"product_tag":[],"yoast_head":"<!-- This site is optimized with the Yoast SEO plugin v20.6 - https:\/\/yoast.com\/wordpress\/plugins\/seo\/ -->\n<title>Nike Herren 928493 Sporthosen - FamilienMode<\/title>\n<meta name=\"robots\" content=\"index, follow, max-snippet:-1, max-image-preview:large, max-video-preview:-1\" \/>\n<link rel=\"canonical\" href=\"https:\/\/bekleidungscenter.com\/?product=nike-herren-m-nsw-optic-jggr-hose\" \/>\n<meta property=\"og:locale\" content=\"de_DE\" \/>\n<meta property=\"og:type\" content=\"article\" \/>\n<meta property=\"og:title\" content=\"Nike Herren 928493 Sporthosen - FamilienMode\" \/>\n<meta property=\"og:description\" content=\"Fronttaschen an der Naht f\u00fcr bequemes Verstauen von Gegenst\u00e4nden. Elastischer Bund mit Kordelzug f\u00fcr mehr Komfort. 62% Baumwolle, 38% Polyester\" \/>\n<meta property=\"og:url\" content=\"https:\/\/bekleidungscenter.com\/?product=nike-herren-m-nsw-optic-jggr-hose\" \/>\n<meta property=\"og:site_name\" content=\"FamilienMode\" \/>\n<meta property=\"article:modified_time\" content=\"2023-04-06T22:02:50+00:00\" \/>\n<meta property=\"og:image\" content=\"https:\/\/images-na.ssl-images-amazon.com\/images\/I\/41rK-YnVEoL.jpg\" \/>\n\t<meta property=\"og:image:width\" content=\"500\" \/>\n\t<meta property=\"og:image:height\" content=\"500\" \/>\n\t<meta property=\"og:image:type\" content=\"image\/jpeg\" \/>\n<meta name=\"twitter:card\" content=\"summary_large_image\" \/>\n<meta name=\"twitter:label1\" content=\"Gesch\u00e4tzte Lesezeit\" \/>\n\t<meta name=\"twitter:data1\" content=\"1\u00a0Minute\" \/>\n<script type=\"application\/ld+json\" class=\"yoast-schema-graph\">{\"@context\":\"https:\/\/schema.org\",\"@graph\":[{\"@type\":\"WebPage\",\"@id\":\"https:\/\/bekleidungscenter.com\/?product=nike-herren-m-nsw-optic-jggr-hose\",\"url\":\"https:\/\/bekleidungscenter.com\/?product=nike-herren-m-nsw-optic-jggr-hose\",\"name\":\"Nike Herren 928493 Sporthosen - FamilienMode\",\"isPartOf\":{\"@id\":\"https:\/\/bekleidungscenter.com\/#website\"},\"datePublished\":\"2021-01-04T01:19:02+00:00\",\"dateModified\":\"2023-04-06T22:02:50+00:00\",\"breadcrumb\":{\"@id\":\"https:\/\/bekleidungscenter.com\/?product=nike-herren-m-nsw-optic-jggr-hose#breadcrumb\"},\"inLanguage\":\"de\",\"potentialAction\":[{\"@type\":\"ReadAction\",\"target\":[\"https:\/\/bekleidungscenter.com\/?product=nike-herren-m-nsw-optic-jggr-hose\"]}]},{\"@type\":\"BreadcrumbList\",\"@id\":\"https:\/\/bekleidungscenter.com\/?product=nike-herren-m-nsw-optic-jggr-hose#breadcrumb\",\"itemListElement\":[{\"@type\":\"ListItem\",\"position\":1,\"name\":\"Home\",\"item\":\"https:\/\/bekleidungscenter.com\/\"},{\"@type\":\"ListItem\",\"position\":2,\"name\":\"Shop\",\"item\":\"https:\/\/bekleidungscenter.com\/?page_id=7\"},{\"@type\":\"ListItem\",\"position\":3,\"name\":\"Nike Herren 928493 Sporthosen\"}]},{\"@type\":\"WebSite\",\"@id\":\"https:\/\/bekleidungscenter.com\/#website\",\"url\":\"https:\/\/bekleidungscenter.com\/\",\"name\":\"FamilienMode\",\"description\":\"Alles f\u00fcr die ganze Familie\",\"potentialAction\":[{\"@type\":\"SearchAction\",\"target\":{\"@type\":\"EntryPoint\",\"urlTemplate\":\"https:\/\/bekleidungscenter.com\/?s={search_term_string}\"},\"query-input\":\"required name=search_term_string\"}],\"inLanguage\":\"de\"}]}<\/script>\n<!-- \/ Yoast SEO plugin. -->","yoast_head_json":{"title":"Nike Herren 928493 Sporthosen - FamilienMode","robots":{"index":"index","follow":"follow","max-snippet":"max-snippet:-1","max-image-preview":"max-image-preview:large","max-video-preview":"max-video-preview:-1"},"canonical":"https:\/\/bekleidungscenter.com\/?product=nike-herren-m-nsw-optic-jggr-hose","og_locale":"de_DE","og_type":"article","og_title":"Nike Herren 928493 Sporthosen - FamilienMode","og_description":"Fronttaschen an der Naht f\u00fcr bequemes Verstauen von Gegenst\u00e4nden. Elastischer Bund mit Kordelzug f\u00fcr mehr Komfort. 62% Baumwolle, 38% Polyester","og_url":"https:\/\/bekleidungscenter.com\/?product=nike-herren-m-nsw-optic-jggr-hose","og_site_name":"FamilienMode","article_modified_time":"2023-04-06T22:02:50+00:00","og_image":[{"width":500,"height":500,"url":"https:\/\/images-na.ssl-images-amazon.com\/images\/I\/41rK-YnVEoL.jpg","type":"image\/jpeg"}],"twitter_card":"summary_large_image","twitter_misc":{"Gesch\u00e4tzte Lesezeit":"1\u00a0Minute"},"schema":{"@context":"https:\/\/schema.org","@graph":[{"@type":"WebPage","@id":"https:\/\/bekleidungscenter.com\/?product=nike-herren-m-nsw-optic-jggr-hose","url":"https:\/\/bekleidungscenter.com\/?product=nike-herren-m-nsw-optic-jggr-hose","name":"Nike Herren 928493 Sporthosen - FamilienMode","isPartOf":{"@id":"https:\/\/bekleidungscenter.com\/#website"},"datePublished":"2021-01-04T01:19:02+00:00","dateModified":"2023-04-06T22:02:50+00:00","breadcrumb":{"@id":"https:\/\/bekleidungscenter.com\/?product=nike-herren-m-nsw-optic-jggr-hose#breadcrumb"},"inLanguage":"de","potentialAction":[{"@type":"ReadAction","target":["https:\/\/bekleidungscenter.com\/?product=nike-herren-m-nsw-optic-jggr-hose"]}]},{"@type":"BreadcrumbList","@id":"https:\/\/bekleidungscenter.com\/?product=nike-herren-m-nsw-optic-jggr-hose#breadcrumb","itemListElement":[{"@type":"ListItem","position":1,"name":"Home","item":"https:\/\/bekleidungscenter.com\/"},{"@type":"ListItem","position":2,"name":"Shop","item":"https:\/\/bekleidungscenter.com\/?page_id=7"},{"@type":"ListItem","position":3,"name":"Nike Herren 928493 Sporthosen"}]},{"@type":"WebSite","@id":"https:\/\/bekleidungscenter.com\/#website","url":"https:\/\/bekleidungscenter.com\/","name":"FamilienMode","description":"Alles f\u00fcr die ganze Familie","potentialAction":[{"@type":"SearchAction","target":{"@type":"EntryPoint","urlTemplate":"https:\/\/bekleidungscenter.com\/?s={search_term_string}"},"query-input":"required name=search_term_string"}],"inLanguage":"de"}]}},"_links":{"self":[{"href":"https:\/\/bekleidungscenter.com\/index.php?rest_route=\/wp\/v2\/product\/10364"}],"collection":[{"href":"https:\/\/bekleidungscenter.com\/index.php?rest_route=\/wp\/v2\/product"}],"about":[{"href":"https:\/\/bekleidungscenter.com\/index.php?rest_route=\/wp\/v2\/types\/product"}],"replies":[{"embeddable":true,"href":"https:\/\/bekleidungscenter.com\/index.php?rest_route=%2Fwp%2Fv2%2Fcomments&post=10364"}],"wp:featuredmedia":[{"embeddable":true,"href":"https:\/\/bekleidungscenter.com\/index.php?rest_route=\/wp\/v2\/media\/10365"}],"wp:attachment":[{"href":"https:\/\/bekleidungscenter.com\/index.php?rest_route=%2Fwp%2Fv2%2Fmedia&parent=10364"}],"wp:term":[{"taxonomy":"product_cat","embeddable":true,"href":"https:\/\/bekleidungscenter.com\/index.php?rest_route=%2Fwp%2Fv2%2Fproduct_cat&post=10364"},{"taxonomy":"product_tag","embeddable":true,"href":"https:\/\/bekleidungscenter.com\/index.php?rest_route=%2Fwp%2Fv2%2Fproduct_tag&post=10364"}],"curies":[{"name":"wp","href":"https:\/\/api.w.org\/{rel}","templated":true}]}}