{"id":10384,"date":"2021-01-04T01:19:24","date_gmt":"2021-01-04T01:19:24","guid":{"rendered":"http:\/\/bekleidungscenter.com\/?product=pioneer-herren-peter-jeans"},"modified":"2023-04-06T22:02:50","modified_gmt":"2023-04-06T22:02:50","slug":"pioneer-herren-peter-jeans","status":"publish","type":"product","link":"https:\/\/bekleidungscenter.com\/?product=pioneer-herren-peter-jeans","title":{"rendered":"Pioneer Herren Peter Jeans"},"content":{"rendered":"<p><!-- show up to 2 reviews by default --> <\/p>\n<p>Das Hosenmodell PETER per einer konvexen Schnittf\u00fchrung ist stattdessen Unterbauchtr\u00e4ger komfortabel. Black Stretch Denim per MEGAFLEX Qualit\u00e4t schenkt spielerische Bewegungsfreiheit, ohne die Form zu in die R\u00f6hre schauen. Die hohe Dehnf\u00e4higkeit ist per einem enormen R\u00fccksprungverhalten angewiesen, so dass Ehemann sich an langwierig formstabiler Mode freuen kann. Qua Basic 5-pocket Jeans per einer Dornschlaufe stattdessen den G\u00fcrtel kommt sie neben M\u00e4nnern okay an, die sorglosen Komfort stattdessen jeden Tag fahnden. <\/p>\n<p>Comfort Fit (konvex)<br \/>\nhochelastischer Baumwollstoff<br \/>\nVerschluss: Rei\u00dfverschluss<br \/>\n98% Baumwolle, 2% Elasthan<br \/>\nBasic 5-Pocket, Comfort Fit<br \/>\nPflegehinweis: Maschinenw\u00e4sche<br \/>\nModellnummer: 1600\/905\/9493_11<br \/>\ngerader Beinverlauf<br \/>\nFu\u00dfweite 41 cm<br \/>\nBasic 5-pocket<br \/>\n<div class=\"main-cross-sell\" data-asin=\"B084GWBK1C\">\n\n\t<div class=\"WooZone-cross-sell-loader\">\n\t\t<div>\n\t\t\t<div id=\"floatingBarsG\">\n\t\t\t\t<div class=\"blockG\" id=\"rotateG_01\"><\/div>\n\t\t\t\t<div class=\"blockG\" id=\"rotateG_02\"><\/div>\n\t\t\t\t<div class=\"blockG\" id=\"rotateG_03\"><\/div>\n\t\t\t\t<div class=\"blockG\" id=\"rotateG_04\"><\/div>\n\t\t\t\t<div class=\"blockG\" id=\"rotateG_05\"><\/div>\n\t\t\t\t<div class=\"blockG\" id=\"rotateG_06\"><\/div>\n\t\t\t\t<div class=\"blockG\" id=\"rotateG_07\"><\/div>\n\t\t\t\t<div class=\"blockG\" id=\"rotateG_08\"><\/div>\n\t\t\t<\/div>\n\t\t\t<div class=\"WooZone-cross-sell-loader-text\"><\/div>\n\t\t<\/div>\n\t<\/div>\n\n\t\t\n<\/div>\n<div style=\"clear:both;\"><\/div><\/p>\n","protected":false},"excerpt":{"rendered":"<p>Comfort Fit (konvex)<br \/>\nhochelastischer Baumwollstoff<br \/>\nVerschluss: Rei\u00dfverschluss<\/p>\n","protected":false},"featured_media":10385,"comment_status":"open","ping_status":"closed","template":"","meta":[],"product_cat":[118,123],"product_tag":[],"yoast_head":"<!-- This site is optimized with the Yoast SEO plugin v20.6 - https:\/\/yoast.com\/wordpress\/plugins\/seo\/ -->\n<title>Pioneer Herren Peter Jeans - FamilienMode<\/title>\n<meta name=\"robots\" content=\"index, follow, max-snippet:-1, max-image-preview:large, max-video-preview:-1\" \/>\n<link rel=\"canonical\" href=\"https:\/\/bekleidungscenter.com\/?product=pioneer-herren-peter-jeans\" \/>\n<meta property=\"og:locale\" content=\"de_DE\" \/>\n<meta property=\"og:type\" content=\"article\" \/>\n<meta property=\"og:title\" content=\"Pioneer Herren Peter Jeans - FamilienMode\" \/>\n<meta property=\"og:description\" content=\"Comfort Fit (konvex) hochelastischer Baumwollstoff Verschluss: Rei\u00dfverschluss\" \/>\n<meta property=\"og:url\" content=\"https:\/\/bekleidungscenter.com\/?product=pioneer-herren-peter-jeans\" \/>\n<meta property=\"og:site_name\" content=\"FamilienMode\" \/>\n<meta property=\"article:modified_time\" content=\"2023-04-06T22:02:50+00:00\" \/>\n<meta property=\"og:image\" content=\"https:\/\/images-na.ssl-images-amazon.com\/images\/I\/31RO0ZPv3hL.jpg\" \/>\n\t<meta property=\"og:image:width\" content=\"500\" \/>\n\t<meta property=\"og:image:height\" content=\"500\" \/>\n\t<meta property=\"og:image:type\" content=\"image\/jpeg\" \/>\n<meta name=\"twitter:card\" content=\"summary_large_image\" \/>\n<meta name=\"twitter:label1\" content=\"Gesch\u00e4tzte Lesezeit\" \/>\n\t<meta name=\"twitter:data1\" content=\"1\u00a0Minute\" \/>\n<script type=\"application\/ld+json\" class=\"yoast-schema-graph\">{\"@context\":\"https:\/\/schema.org\",\"@graph\":[{\"@type\":\"WebPage\",\"@id\":\"https:\/\/bekleidungscenter.com\/?product=pioneer-herren-peter-jeans\",\"url\":\"https:\/\/bekleidungscenter.com\/?product=pioneer-herren-peter-jeans\",\"name\":\"Pioneer Herren Peter Jeans - FamilienMode\",\"isPartOf\":{\"@id\":\"https:\/\/bekleidungscenter.com\/#website\"},\"datePublished\":\"2021-01-04T01:19:24+00:00\",\"dateModified\":\"2023-04-06T22:02:50+00:00\",\"breadcrumb\":{\"@id\":\"https:\/\/bekleidungscenter.com\/?product=pioneer-herren-peter-jeans#breadcrumb\"},\"inLanguage\":\"de\",\"potentialAction\":[{\"@type\":\"ReadAction\",\"target\":[\"https:\/\/bekleidungscenter.com\/?product=pioneer-herren-peter-jeans\"]}]},{\"@type\":\"BreadcrumbList\",\"@id\":\"https:\/\/bekleidungscenter.com\/?product=pioneer-herren-peter-jeans#breadcrumb\",\"itemListElement\":[{\"@type\":\"ListItem\",\"position\":1,\"name\":\"Home\",\"item\":\"https:\/\/bekleidungscenter.com\/\"},{\"@type\":\"ListItem\",\"position\":2,\"name\":\"Shop\",\"item\":\"https:\/\/bekleidungscenter.com\/?page_id=7\"},{\"@type\":\"ListItem\",\"position\":3,\"name\":\"Pioneer Herren Peter Jeans\"}]},{\"@type\":\"WebSite\",\"@id\":\"https:\/\/bekleidungscenter.com\/#website\",\"url\":\"https:\/\/bekleidungscenter.com\/\",\"name\":\"FamilienMode\",\"description\":\"Alles f\u00fcr die ganze Familie\",\"potentialAction\":[{\"@type\":\"SearchAction\",\"target\":{\"@type\":\"EntryPoint\",\"urlTemplate\":\"https:\/\/bekleidungscenter.com\/?s={search_term_string}\"},\"query-input\":\"required name=search_term_string\"}],\"inLanguage\":\"de\"}]}<\/script>\n<!-- \/ Yoast SEO plugin. -->","yoast_head_json":{"title":"Pioneer Herren Peter Jeans - FamilienMode","robots":{"index":"index","follow":"follow","max-snippet":"max-snippet:-1","max-image-preview":"max-image-preview:large","max-video-preview":"max-video-preview:-1"},"canonical":"https:\/\/bekleidungscenter.com\/?product=pioneer-herren-peter-jeans","og_locale":"de_DE","og_type":"article","og_title":"Pioneer Herren Peter Jeans - FamilienMode","og_description":"Comfort Fit (konvex) hochelastischer Baumwollstoff Verschluss: Rei\u00dfverschluss","og_url":"https:\/\/bekleidungscenter.com\/?product=pioneer-herren-peter-jeans","og_site_name":"FamilienMode","article_modified_time":"2023-04-06T22:02:50+00:00","og_image":[{"width":500,"height":500,"url":"https:\/\/images-na.ssl-images-amazon.com\/images\/I\/31RO0ZPv3hL.jpg","type":"image\/jpeg"}],"twitter_card":"summary_large_image","twitter_misc":{"Gesch\u00e4tzte Lesezeit":"1\u00a0Minute"},"schema":{"@context":"https:\/\/schema.org","@graph":[{"@type":"WebPage","@id":"https:\/\/bekleidungscenter.com\/?product=pioneer-herren-peter-jeans","url":"https:\/\/bekleidungscenter.com\/?product=pioneer-herren-peter-jeans","name":"Pioneer Herren Peter Jeans - FamilienMode","isPartOf":{"@id":"https:\/\/bekleidungscenter.com\/#website"},"datePublished":"2021-01-04T01:19:24+00:00","dateModified":"2023-04-06T22:02:50+00:00","breadcrumb":{"@id":"https:\/\/bekleidungscenter.com\/?product=pioneer-herren-peter-jeans#breadcrumb"},"inLanguage":"de","potentialAction":[{"@type":"ReadAction","target":["https:\/\/bekleidungscenter.com\/?product=pioneer-herren-peter-jeans"]}]},{"@type":"BreadcrumbList","@id":"https:\/\/bekleidungscenter.com\/?product=pioneer-herren-peter-jeans#breadcrumb","itemListElement":[{"@type":"ListItem","position":1,"name":"Home","item":"https:\/\/bekleidungscenter.com\/"},{"@type":"ListItem","position":2,"name":"Shop","item":"https:\/\/bekleidungscenter.com\/?page_id=7"},{"@type":"ListItem","position":3,"name":"Pioneer Herren Peter Jeans"}]},{"@type":"WebSite","@id":"https:\/\/bekleidungscenter.com\/#website","url":"https:\/\/bekleidungscenter.com\/","name":"FamilienMode","description":"Alles f\u00fcr die ganze Familie","potentialAction":[{"@type":"SearchAction","target":{"@type":"EntryPoint","urlTemplate":"https:\/\/bekleidungscenter.com\/?s={search_term_string}"},"query-input":"required name=search_term_string"}],"inLanguage":"de"}]}},"_links":{"self":[{"href":"https:\/\/bekleidungscenter.com\/index.php?rest_route=\/wp\/v2\/product\/10384"}],"collection":[{"href":"https:\/\/bekleidungscenter.com\/index.php?rest_route=\/wp\/v2\/product"}],"about":[{"href":"https:\/\/bekleidungscenter.com\/index.php?rest_route=\/wp\/v2\/types\/product"}],"replies":[{"embeddable":true,"href":"https:\/\/bekleidungscenter.com\/index.php?rest_route=%2Fwp%2Fv2%2Fcomments&post=10384"}],"wp:featuredmedia":[{"embeddable":true,"href":"https:\/\/bekleidungscenter.com\/index.php?rest_route=\/wp\/v2\/media\/10385"}],"wp:attachment":[{"href":"https:\/\/bekleidungscenter.com\/index.php?rest_route=%2Fwp%2Fv2%2Fmedia&parent=10384"}],"wp:term":[{"taxonomy":"product_cat","embeddable":true,"href":"https:\/\/bekleidungscenter.com\/index.php?rest_route=%2Fwp%2Fv2%2Fproduct_cat&post=10384"},{"taxonomy":"product_tag","embeddable":true,"href":"https:\/\/bekleidungscenter.com\/index.php?rest_route=%2Fwp%2Fv2%2Fproduct_tag&post=10384"}],"curies":[{"name":"wp","href":"https:\/\/api.w.org\/{rel}","templated":true}]}}