{"id":10420,"date":"2021-01-04T01:20:07","date_gmt":"2021-01-04T01:20:07","guid":{"rendered":"http:\/\/bekleidungscenter.com\/?product=nike-mens-sport-trousers-m-nk-thrma-sphr-mx-pant"},"modified":"2023-04-06T22:02:51","modified_gmt":"2023-04-06T22:02:51","slug":"nike-mens-sport-trousers-m-nk-thrma-sphr-mx-pant","status":"publish","type":"product","link":"https:\/\/bekleidungscenter.com\/?product=nike-mens-sport-trousers-m-nk-thrma-sphr-mx-pant","title":{"rendered":"Nike Mens Track Pants M Nk Thrma Sphr Mx Pant"},"content":{"rendered":"<p><!-- show up to 2 reviews by default --> <\/p>\n<p>MAXIMALE W\u00c4RME Die Nike-Buxe besteht allesamt einem weichen Material, dies Behaglichkeit, Gem\u00fctlichkeit au\u00dferdem Ellbogenfreiheit indes des Trainings gew\u00e4hrleistet. Elastischer G\u00fcrtel zugunsten einen sicheren Standort. <\/p>\n<p>Tapered fit<br \/>\nNike Sphere fabric<br \/>\nElastic waistband with lanyard<br \/>\n<div class=\"main-cross-sell\" data-asin=\"B07T9WNXZD\">\n\n\t<div class=\"WooZone-cross-sell-loader\">\n\t\t<div>\n\t\t\t<div id=\"floatingBarsG\">\n\t\t\t\t<div class=\"blockG\" id=\"rotateG_01\"><\/div>\n\t\t\t\t<div class=\"blockG\" id=\"rotateG_02\"><\/div>\n\t\t\t\t<div class=\"blockG\" id=\"rotateG_03\"><\/div>\n\t\t\t\t<div class=\"blockG\" id=\"rotateG_04\"><\/div>\n\t\t\t\t<div class=\"blockG\" id=\"rotateG_05\"><\/div>\n\t\t\t\t<div class=\"blockG\" id=\"rotateG_06\"><\/div>\n\t\t\t\t<div class=\"blockG\" id=\"rotateG_07\"><\/div>\n\t\t\t\t<div class=\"blockG\" id=\"rotateG_08\"><\/div>\n\t\t\t<\/div>\n\t\t\t<div class=\"WooZone-cross-sell-loader-text\"><\/div>\n\t\t<\/div>\n\t<\/div>\n\n\t\t\n<\/div>\n<div style=\"clear:both;\"><\/div><\/p>\n","protected":false},"excerpt":{"rendered":"<p>Tapered fit<br \/>\nNike Sphere fabric<br \/>\nElastic waistband with lanyard<\/p>\n","protected":false},"featured_media":10421,"comment_status":"open","ping_status":"closed","template":"","meta":[],"product_cat":[118,123],"product_tag":[],"yoast_head":"<!-- This site is optimized with the Yoast SEO plugin v20.6 - https:\/\/yoast.com\/wordpress\/plugins\/seo\/ -->\n<title>Nike Mens Track Pants M Nk Thrma Sphr Mx Pant - FamilienMode<\/title>\n<meta name=\"robots\" content=\"index, follow, max-snippet:-1, max-image-preview:large, max-video-preview:-1\" \/>\n<link rel=\"canonical\" href=\"https:\/\/bekleidungscenter.com\/?product=nike-mens-sport-trousers-m-nk-thrma-sphr-mx-pant\" \/>\n<meta property=\"og:locale\" content=\"de_DE\" \/>\n<meta property=\"og:type\" content=\"article\" \/>\n<meta property=\"og:title\" content=\"Nike Mens Track Pants M Nk Thrma Sphr Mx Pant - FamilienMode\" \/>\n<meta property=\"og:description\" content=\"Tapered fit Nike Sphere fabric Elastic waistband with lanyard\" \/>\n<meta property=\"og:url\" content=\"https:\/\/bekleidungscenter.com\/?product=nike-mens-sport-trousers-m-nk-thrma-sphr-mx-pant\" \/>\n<meta property=\"og:site_name\" content=\"FamilienMode\" \/>\n<meta property=\"article:modified_time\" content=\"2023-04-06T22:02:51+00:00\" \/>\n<meta property=\"og:image\" content=\"https:\/\/images-na.ssl-images-amazon.com\/images\/I\/31DcNfwvFXL.jpg\" \/>\n\t<meta property=\"og:image:width\" content=\"500\" \/>\n\t<meta property=\"og:image:height\" content=\"500\" \/>\n\t<meta property=\"og:image:type\" content=\"image\/jpeg\" \/>\n<meta name=\"twitter:card\" content=\"summary_large_image\" \/>\n<script type=\"application\/ld+json\" class=\"yoast-schema-graph\">{\"@context\":\"https:\/\/schema.org\",\"@graph\":[{\"@type\":\"WebPage\",\"@id\":\"https:\/\/bekleidungscenter.com\/?product=nike-mens-sport-trousers-m-nk-thrma-sphr-mx-pant\",\"url\":\"https:\/\/bekleidungscenter.com\/?product=nike-mens-sport-trousers-m-nk-thrma-sphr-mx-pant\",\"name\":\"Nike Mens Track Pants M Nk Thrma Sphr Mx Pant - FamilienMode\",\"isPartOf\":{\"@id\":\"https:\/\/bekleidungscenter.com\/#website\"},\"datePublished\":\"2021-01-04T01:20:07+00:00\",\"dateModified\":\"2023-04-06T22:02:51+00:00\",\"breadcrumb\":{\"@id\":\"https:\/\/bekleidungscenter.com\/?product=nike-mens-sport-trousers-m-nk-thrma-sphr-mx-pant#breadcrumb\"},\"inLanguage\":\"de\",\"potentialAction\":[{\"@type\":\"ReadAction\",\"target\":[\"https:\/\/bekleidungscenter.com\/?product=nike-mens-sport-trousers-m-nk-thrma-sphr-mx-pant\"]}]},{\"@type\":\"BreadcrumbList\",\"@id\":\"https:\/\/bekleidungscenter.com\/?product=nike-mens-sport-trousers-m-nk-thrma-sphr-mx-pant#breadcrumb\",\"itemListElement\":[{\"@type\":\"ListItem\",\"position\":1,\"name\":\"Home\",\"item\":\"https:\/\/bekleidungscenter.com\/\"},{\"@type\":\"ListItem\",\"position\":2,\"name\":\"Shop\",\"item\":\"https:\/\/bekleidungscenter.com\/?page_id=7\"},{\"@type\":\"ListItem\",\"position\":3,\"name\":\"Nike Mens Track Pants M Nk Thrma Sphr Mx Pant\"}]},{\"@type\":\"WebSite\",\"@id\":\"https:\/\/bekleidungscenter.com\/#website\",\"url\":\"https:\/\/bekleidungscenter.com\/\",\"name\":\"FamilienMode\",\"description\":\"Alles f\u00fcr die ganze Familie\",\"potentialAction\":[{\"@type\":\"SearchAction\",\"target\":{\"@type\":\"EntryPoint\",\"urlTemplate\":\"https:\/\/bekleidungscenter.com\/?s={search_term_string}\"},\"query-input\":\"required name=search_term_string\"}],\"inLanguage\":\"de\"}]}<\/script>\n<!-- \/ Yoast SEO plugin. -->","yoast_head_json":{"title":"Nike Mens Track Pants M Nk Thrma Sphr Mx Pant - FamilienMode","robots":{"index":"index","follow":"follow","max-snippet":"max-snippet:-1","max-image-preview":"max-image-preview:large","max-video-preview":"max-video-preview:-1"},"canonical":"https:\/\/bekleidungscenter.com\/?product=nike-mens-sport-trousers-m-nk-thrma-sphr-mx-pant","og_locale":"de_DE","og_type":"article","og_title":"Nike Mens Track Pants M Nk Thrma Sphr Mx Pant - FamilienMode","og_description":"Tapered fit Nike Sphere fabric Elastic waistband with lanyard","og_url":"https:\/\/bekleidungscenter.com\/?product=nike-mens-sport-trousers-m-nk-thrma-sphr-mx-pant","og_site_name":"FamilienMode","article_modified_time":"2023-04-06T22:02:51+00:00","og_image":[{"width":500,"height":500,"url":"https:\/\/images-na.ssl-images-amazon.com\/images\/I\/31DcNfwvFXL.jpg","type":"image\/jpeg"}],"twitter_card":"summary_large_image","schema":{"@context":"https:\/\/schema.org","@graph":[{"@type":"WebPage","@id":"https:\/\/bekleidungscenter.com\/?product=nike-mens-sport-trousers-m-nk-thrma-sphr-mx-pant","url":"https:\/\/bekleidungscenter.com\/?product=nike-mens-sport-trousers-m-nk-thrma-sphr-mx-pant","name":"Nike Mens Track Pants M Nk Thrma Sphr Mx Pant - FamilienMode","isPartOf":{"@id":"https:\/\/bekleidungscenter.com\/#website"},"datePublished":"2021-01-04T01:20:07+00:00","dateModified":"2023-04-06T22:02:51+00:00","breadcrumb":{"@id":"https:\/\/bekleidungscenter.com\/?product=nike-mens-sport-trousers-m-nk-thrma-sphr-mx-pant#breadcrumb"},"inLanguage":"de","potentialAction":[{"@type":"ReadAction","target":["https:\/\/bekleidungscenter.com\/?product=nike-mens-sport-trousers-m-nk-thrma-sphr-mx-pant"]}]},{"@type":"BreadcrumbList","@id":"https:\/\/bekleidungscenter.com\/?product=nike-mens-sport-trousers-m-nk-thrma-sphr-mx-pant#breadcrumb","itemListElement":[{"@type":"ListItem","position":1,"name":"Home","item":"https:\/\/bekleidungscenter.com\/"},{"@type":"ListItem","position":2,"name":"Shop","item":"https:\/\/bekleidungscenter.com\/?page_id=7"},{"@type":"ListItem","position":3,"name":"Nike Mens Track Pants M Nk Thrma Sphr Mx Pant"}]},{"@type":"WebSite","@id":"https:\/\/bekleidungscenter.com\/#website","url":"https:\/\/bekleidungscenter.com\/","name":"FamilienMode","description":"Alles f\u00fcr die ganze Familie","potentialAction":[{"@type":"SearchAction","target":{"@type":"EntryPoint","urlTemplate":"https:\/\/bekleidungscenter.com\/?s={search_term_string}"},"query-input":"required name=search_term_string"}],"inLanguage":"de"}]}},"_links":{"self":[{"href":"https:\/\/bekleidungscenter.com\/index.php?rest_route=\/wp\/v2\/product\/10420"}],"collection":[{"href":"https:\/\/bekleidungscenter.com\/index.php?rest_route=\/wp\/v2\/product"}],"about":[{"href":"https:\/\/bekleidungscenter.com\/index.php?rest_route=\/wp\/v2\/types\/product"}],"replies":[{"embeddable":true,"href":"https:\/\/bekleidungscenter.com\/index.php?rest_route=%2Fwp%2Fv2%2Fcomments&post=10420"}],"wp:featuredmedia":[{"embeddable":true,"href":"https:\/\/bekleidungscenter.com\/index.php?rest_route=\/wp\/v2\/media\/10421"}],"wp:attachment":[{"href":"https:\/\/bekleidungscenter.com\/index.php?rest_route=%2Fwp%2Fv2%2Fmedia&parent=10420"}],"wp:term":[{"taxonomy":"product_cat","embeddable":true,"href":"https:\/\/bekleidungscenter.com\/index.php?rest_route=%2Fwp%2Fv2%2Fproduct_cat&post=10420"},{"taxonomy":"product_tag","embeddable":true,"href":"https:\/\/bekleidungscenter.com\/index.php?rest_route=%2Fwp%2Fv2%2Fproduct_tag&post=10420"}],"curies":[{"name":"wp","href":"https:\/\/api.w.org\/{rel}","templated":true}]}}