{"id":10424,"date":"2021-01-04T01:20:12","date_gmt":"2021-01-04T01:20:12","guid":{"rendered":"http:\/\/bekleidungscenter.com\/?product=clique-herren-hose"},"modified":"2023-04-06T22:02:51","modified_gmt":"2023-04-06T22:02:51","slug":"clique-herren-hose","status":"publish","type":"product","link":"https:\/\/bekleidungscenter.com\/?product=clique-herren-hose","title":{"rendered":"Clique Herren Hose"},"content":{"rendered":"<p><!-- show up to 2 reviews by default --> <\/p>\n<p>Essential Cargo Clique 5 Pocket Stretch Hose ist perfekt anstatt jede aktive M\u00e4nner-Garderobe mit seiner strapazierf\u00e4higen Dauerhaftigkeit anstatt den Au\u00dfenbereich. <\/p>\n<p>Unterst\u00fctzen Sie jeglicher Notwendigkeiten in unseren 5 eleganten Taschen anstatt jeglicher wichtigen Dinge und bearbeiten Sie einen Komfort in Bewegung anstatt den t\u00e4glichen Gebrauch.<br \/>\nIdeal anstatt Camping, Reisen, Fischen, Wandern und Bestellen im Freien. Seien Sie ersch\u00fctterungsfest, dass Sie in dieser modernen Cargohose quicklebendig sind.<br \/>\nNormaler B\u00fcndnis<br \/>\nVerschluss: Knopfleiste<br \/>\n98% Baumwolle, 2% Elasthan<br \/>\nCargo<br \/>\nPflegehinweis: Maschinenw\u00e4sche<br \/>\nModellnummer: 22040<br \/>\n<div class=\"main-cross-sell\" data-asin=\"B075PGHDNK\">\n\n\t<div class=\"WooZone-cross-sell-loader\">\n\t\t<div>\n\t\t\t<div id=\"floatingBarsG\">\n\t\t\t\t<div class=\"blockG\" id=\"rotateG_01\"><\/div>\n\t\t\t\t<div class=\"blockG\" id=\"rotateG_02\"><\/div>\n\t\t\t\t<div class=\"blockG\" id=\"rotateG_03\"><\/div>\n\t\t\t\t<div class=\"blockG\" id=\"rotateG_04\"><\/div>\n\t\t\t\t<div class=\"blockG\" id=\"rotateG_05\"><\/div>\n\t\t\t\t<div class=\"blockG\" id=\"rotateG_06\"><\/div>\n\t\t\t\t<div class=\"blockG\" id=\"rotateG_07\"><\/div>\n\t\t\t\t<div class=\"blockG\" id=\"rotateG_08\"><\/div>\n\t\t\t<\/div>\n\t\t\t<div class=\"WooZone-cross-sell-loader-text\"><\/div>\n\t\t<\/div>\n\t<\/div>\n\n\t\t\n<\/div>\n<div style=\"clear:both;\"><\/div><\/p>\n","protected":false},"excerpt":{"rendered":"<p>Tragen Sie alle Notwendigkeiten in unseren 5 eleganten Taschen f\u00fcr alle wichtigen Dinge und schaffen Sie einen Komfort in Bewegung f\u00fcr den t\u00e4glichen Gebrauch.<br \/>\nIdeal f\u00fcr Camping, Reisen, Angeln, Wandern und Arbeiten im Freien. Seien Sie sicher, dass Sie in dieser modernen Cargohose aktiv sind.<br \/>\nNormaler Bund<\/p>\n","protected":false},"featured_media":10425,"comment_status":"open","ping_status":"closed","template":"","meta":[],"product_cat":[118,123],"product_tag":[],"yoast_head":"<!-- This site is optimized with the Yoast SEO plugin v20.6 - https:\/\/yoast.com\/wordpress\/plugins\/seo\/ -->\n<title>Clique Herren Hose - FamilienMode<\/title>\n<meta name=\"robots\" content=\"index, follow, max-snippet:-1, max-image-preview:large, max-video-preview:-1\" \/>\n<link rel=\"canonical\" href=\"https:\/\/bekleidungscenter.com\/?product=clique-herren-hose\" \/>\n<meta property=\"og:locale\" content=\"de_DE\" \/>\n<meta property=\"og:type\" content=\"article\" \/>\n<meta property=\"og:title\" content=\"Clique Herren Hose - FamilienMode\" \/>\n<meta property=\"og:description\" content=\"Tragen Sie alle Notwendigkeiten in unseren 5 eleganten Taschen f\u00fcr alle wichtigen Dinge und schaffen Sie einen Komfort in Bewegung f\u00fcr den t\u00e4glichen Gebrauch. Ideal f\u00fcr Camping, Reisen, Angeln, Wandern und Arbeiten im Freien. Seien Sie sicher, dass Sie in dieser modernen Cargohose aktiv sind. Normaler Bund\" \/>\n<meta property=\"og:url\" content=\"https:\/\/bekleidungscenter.com\/?product=clique-herren-hose\" \/>\n<meta property=\"og:site_name\" content=\"FamilienMode\" \/>\n<meta property=\"article:modified_time\" content=\"2023-04-06T22:02:51+00:00\" \/>\n<meta property=\"og:image\" content=\"https:\/\/images-na.ssl-images-amazon.com\/images\/I\/316k-u35CwL.jpg\" \/>\n\t<meta property=\"og:image:width\" content=\"500\" \/>\n\t<meta property=\"og:image:height\" content=\"500\" \/>\n\t<meta property=\"og:image:type\" content=\"image\/jpeg\" \/>\n<meta name=\"twitter:card\" content=\"summary_large_image\" \/>\n<script type=\"application\/ld+json\" class=\"yoast-schema-graph\">{\"@context\":\"https:\/\/schema.org\",\"@graph\":[{\"@type\":\"WebPage\",\"@id\":\"https:\/\/bekleidungscenter.com\/?product=clique-herren-hose\",\"url\":\"https:\/\/bekleidungscenter.com\/?product=clique-herren-hose\",\"name\":\"Clique Herren Hose - FamilienMode\",\"isPartOf\":{\"@id\":\"https:\/\/bekleidungscenter.com\/#website\"},\"datePublished\":\"2021-01-04T01:20:12+00:00\",\"dateModified\":\"2023-04-06T22:02:51+00:00\",\"breadcrumb\":{\"@id\":\"https:\/\/bekleidungscenter.com\/?product=clique-herren-hose#breadcrumb\"},\"inLanguage\":\"de\",\"potentialAction\":[{\"@type\":\"ReadAction\",\"target\":[\"https:\/\/bekleidungscenter.com\/?product=clique-herren-hose\"]}]},{\"@type\":\"BreadcrumbList\",\"@id\":\"https:\/\/bekleidungscenter.com\/?product=clique-herren-hose#breadcrumb\",\"itemListElement\":[{\"@type\":\"ListItem\",\"position\":1,\"name\":\"Home\",\"item\":\"https:\/\/bekleidungscenter.com\/\"},{\"@type\":\"ListItem\",\"position\":2,\"name\":\"Shop\",\"item\":\"https:\/\/bekleidungscenter.com\/?page_id=7\"},{\"@type\":\"ListItem\",\"position\":3,\"name\":\"Clique Herren Hose\"}]},{\"@type\":\"WebSite\",\"@id\":\"https:\/\/bekleidungscenter.com\/#website\",\"url\":\"https:\/\/bekleidungscenter.com\/\",\"name\":\"FamilienMode\",\"description\":\"Alles f\u00fcr die ganze Familie\",\"potentialAction\":[{\"@type\":\"SearchAction\",\"target\":{\"@type\":\"EntryPoint\",\"urlTemplate\":\"https:\/\/bekleidungscenter.com\/?s={search_term_string}\"},\"query-input\":\"required name=search_term_string\"}],\"inLanguage\":\"de\"}]}<\/script>\n<!-- \/ Yoast SEO plugin. -->","yoast_head_json":{"title":"Clique Herren Hose - FamilienMode","robots":{"index":"index","follow":"follow","max-snippet":"max-snippet:-1","max-image-preview":"max-image-preview:large","max-video-preview":"max-video-preview:-1"},"canonical":"https:\/\/bekleidungscenter.com\/?product=clique-herren-hose","og_locale":"de_DE","og_type":"article","og_title":"Clique Herren Hose - FamilienMode","og_description":"Tragen Sie alle Notwendigkeiten in unseren 5 eleganten Taschen f\u00fcr alle wichtigen Dinge und schaffen Sie einen Komfort in Bewegung f\u00fcr den t\u00e4glichen Gebrauch. Ideal f\u00fcr Camping, Reisen, Angeln, Wandern und Arbeiten im Freien. Seien Sie sicher, dass Sie in dieser modernen Cargohose aktiv sind. Normaler Bund","og_url":"https:\/\/bekleidungscenter.com\/?product=clique-herren-hose","og_site_name":"FamilienMode","article_modified_time":"2023-04-06T22:02:51+00:00","og_image":[{"width":500,"height":500,"url":"https:\/\/images-na.ssl-images-amazon.com\/images\/I\/316k-u35CwL.jpg","type":"image\/jpeg"}],"twitter_card":"summary_large_image","schema":{"@context":"https:\/\/schema.org","@graph":[{"@type":"WebPage","@id":"https:\/\/bekleidungscenter.com\/?product=clique-herren-hose","url":"https:\/\/bekleidungscenter.com\/?product=clique-herren-hose","name":"Clique Herren Hose - FamilienMode","isPartOf":{"@id":"https:\/\/bekleidungscenter.com\/#website"},"datePublished":"2021-01-04T01:20:12+00:00","dateModified":"2023-04-06T22:02:51+00:00","breadcrumb":{"@id":"https:\/\/bekleidungscenter.com\/?product=clique-herren-hose#breadcrumb"},"inLanguage":"de","potentialAction":[{"@type":"ReadAction","target":["https:\/\/bekleidungscenter.com\/?product=clique-herren-hose"]}]},{"@type":"BreadcrumbList","@id":"https:\/\/bekleidungscenter.com\/?product=clique-herren-hose#breadcrumb","itemListElement":[{"@type":"ListItem","position":1,"name":"Home","item":"https:\/\/bekleidungscenter.com\/"},{"@type":"ListItem","position":2,"name":"Shop","item":"https:\/\/bekleidungscenter.com\/?page_id=7"},{"@type":"ListItem","position":3,"name":"Clique Herren Hose"}]},{"@type":"WebSite","@id":"https:\/\/bekleidungscenter.com\/#website","url":"https:\/\/bekleidungscenter.com\/","name":"FamilienMode","description":"Alles f\u00fcr die ganze Familie","potentialAction":[{"@type":"SearchAction","target":{"@type":"EntryPoint","urlTemplate":"https:\/\/bekleidungscenter.com\/?s={search_term_string}"},"query-input":"required name=search_term_string"}],"inLanguage":"de"}]}},"_links":{"self":[{"href":"https:\/\/bekleidungscenter.com\/index.php?rest_route=\/wp\/v2\/product\/10424"}],"collection":[{"href":"https:\/\/bekleidungscenter.com\/index.php?rest_route=\/wp\/v2\/product"}],"about":[{"href":"https:\/\/bekleidungscenter.com\/index.php?rest_route=\/wp\/v2\/types\/product"}],"replies":[{"embeddable":true,"href":"https:\/\/bekleidungscenter.com\/index.php?rest_route=%2Fwp%2Fv2%2Fcomments&post=10424"}],"wp:featuredmedia":[{"embeddable":true,"href":"https:\/\/bekleidungscenter.com\/index.php?rest_route=\/wp\/v2\/media\/10425"}],"wp:attachment":[{"href":"https:\/\/bekleidungscenter.com\/index.php?rest_route=%2Fwp%2Fv2%2Fmedia&parent=10424"}],"wp:term":[{"taxonomy":"product_cat","embeddable":true,"href":"https:\/\/bekleidungscenter.com\/index.php?rest_route=%2Fwp%2Fv2%2Fproduct_cat&post=10424"},{"taxonomy":"product_tag","embeddable":true,"href":"https:\/\/bekleidungscenter.com\/index.php?rest_route=%2Fwp%2Fv2%2Fproduct_tag&post=10424"}],"curies":[{"name":"wp","href":"https:\/\/api.w.org\/{rel}","templated":true}]}}