{"id":10436,"date":"2021-01-04T01:20:25","date_gmt":"2021-01-04T01:20:25","guid":{"rendered":"http:\/\/bekleidungscenter.com\/?product=alpha-industries-jet-hose"},"modified":"2023-04-06T22:02:51","modified_gmt":"2023-04-06T22:02:51","slug":"alpha-industries-jet-hose","status":"publish","type":"product","link":"https:\/\/bekleidungscenter.com\/?product=alpha-industries-jet-hose","title":{"rendered":"ALPHA INDUSTRIES Herren Jet Pant Anzughose"},"content":{"rendered":"<p><!-- show up to 2 reviews by default --> <\/p>\n<p>Herren Jet Hose von Alpha Industries in der Farbe Helles Olivgr\u00fcn. Diese Hose ist jedweder einem hochwertigen Baumwoll-Popelin gefertigt weiterhin verf\u00fcgt per eine normale Passform, flache Taschen unter Einsatz von Knopfverschluss-Klappe, Schn\u00fcren am Beinende weiterhin eine Logo-Stickung am Hintern.<\/p>\n<p><strong>Alpha Industries<\/strong><br \/>Alpha Industrie wurde 1959 gegr\u00fcndet weiterhin war der exklusiven Austatter des amerikanischen Milit\u00e4rs, der Navy weiterhin der Air Force. Die klassischen Milit\u00e4r- weiterhin Fliegerlooks mitrei\u00dfen vulgo au\u00dferhalb der Arm die Menschen. Die Alpha Industries Jacken sind von der Stra\u00dfe nicht mehr wegzudenken. Stars qua Kayne West, Rita Ora, Bushido weiterhin Kim Kardashian sind bereits Fans der Marke. Entdecke die komfortablen weiterhin stylischen Looks von Alpha Industrie im Alphashop von brandcatcher.<\/p>\n<p><b>Passform:<\/b> Standard Fit<br \/><b>Passform:<\/b> Standard Fit<br \/><b>Textilmaterial:<\/b> Baumwolle<br \/><b>F\u00e4llt jedweder:<\/b> Normal<br \/><b>Pflegehinweise:<\/b> Antrag Etikett beachten<\/p>\n<p>Used Look<br \/>\nFlat Flap Taschen<br \/>\nBaumwolle<br \/>\nSlim<br \/>\nPflegehinweis: Antrag Etikett \u00e4stimieren<br \/>\nModellnummer: 10121282<br \/>\nFlight Tag am Hosenbund<br \/>\nLogo-Patch<br \/>\nGro\u00dfe aufgesetzte Taschen<br \/>\n<div class=\"main-cross-sell\" data-asin=\"B06XGVW4S9\">\n\n\t<div class=\"WooZone-cross-sell-loader\">\n\t\t<div>\n\t\t\t<div id=\"floatingBarsG\">\n\t\t\t\t<div class=\"blockG\" id=\"rotateG_01\"><\/div>\n\t\t\t\t<div class=\"blockG\" id=\"rotateG_02\"><\/div>\n\t\t\t\t<div class=\"blockG\" id=\"rotateG_03\"><\/div>\n\t\t\t\t<div class=\"blockG\" id=\"rotateG_04\"><\/div>\n\t\t\t\t<div class=\"blockG\" id=\"rotateG_05\"><\/div>\n\t\t\t\t<div class=\"blockG\" id=\"rotateG_06\"><\/div>\n\t\t\t\t<div class=\"blockG\" id=\"rotateG_07\"><\/div>\n\t\t\t\t<div class=\"blockG\" id=\"rotateG_08\"><\/div>\n\t\t\t<\/div>\n\t\t\t<div class=\"WooZone-cross-sell-loader-text\"><\/div>\n\t\t<\/div>\n\t<\/div>\n\n\t\t\n<\/div>\n<div style=\"clear:both;\"><\/div><\/p>\n","protected":false},"excerpt":{"rendered":"<p>Used Look<br \/>\nFlat Flap Taschen<br \/>\nBaumwolle<\/p>\n","protected":false},"featured_media":10437,"comment_status":"open","ping_status":"closed","template":"","meta":[],"product_cat":[118,123],"product_tag":[],"yoast_head":"<!-- This site is optimized with the Yoast SEO plugin v20.6 - https:\/\/yoast.com\/wordpress\/plugins\/seo\/ -->\n<title>ALPHA INDUSTRIES Herren Jet Pant Anzughose - FamilienMode<\/title>\n<meta name=\"robots\" content=\"index, follow, max-snippet:-1, max-image-preview:large, max-video-preview:-1\" \/>\n<link rel=\"canonical\" href=\"https:\/\/bekleidungscenter.com\/?product=alpha-industries-jet-hose\" \/>\n<meta property=\"og:locale\" content=\"de_DE\" \/>\n<meta property=\"og:type\" content=\"article\" \/>\n<meta property=\"og:title\" content=\"ALPHA INDUSTRIES Herren Jet Pant Anzughose - FamilienMode\" \/>\n<meta property=\"og:description\" content=\"Used Look Flat Flap Taschen Baumwolle\" \/>\n<meta property=\"og:url\" content=\"https:\/\/bekleidungscenter.com\/?product=alpha-industries-jet-hose\" \/>\n<meta property=\"og:site_name\" content=\"FamilienMode\" \/>\n<meta property=\"article:modified_time\" content=\"2023-04-06T22:02:51+00:00\" \/>\n<meta property=\"og:image\" content=\"https:\/\/images-na.ssl-images-amazon.com\/images\/I\/31akHgtWlrL.jpg\" \/>\n\t<meta property=\"og:image:width\" content=\"500\" \/>\n\t<meta property=\"og:image:height\" content=\"500\" \/>\n\t<meta property=\"og:image:type\" content=\"image\/jpeg\" \/>\n<meta name=\"twitter:card\" content=\"summary_large_image\" \/>\n<meta name=\"twitter:label1\" content=\"Gesch\u00e4tzte Lesezeit\" \/>\n\t<meta name=\"twitter:data1\" content=\"1\u00a0Minute\" \/>\n<script type=\"application\/ld+json\" class=\"yoast-schema-graph\">{\"@context\":\"https:\/\/schema.org\",\"@graph\":[{\"@type\":\"WebPage\",\"@id\":\"https:\/\/bekleidungscenter.com\/?product=alpha-industries-jet-hose\",\"url\":\"https:\/\/bekleidungscenter.com\/?product=alpha-industries-jet-hose\",\"name\":\"ALPHA INDUSTRIES Herren Jet Pant Anzughose - FamilienMode\",\"isPartOf\":{\"@id\":\"https:\/\/bekleidungscenter.com\/#website\"},\"datePublished\":\"2021-01-04T01:20:25+00:00\",\"dateModified\":\"2023-04-06T22:02:51+00:00\",\"breadcrumb\":{\"@id\":\"https:\/\/bekleidungscenter.com\/?product=alpha-industries-jet-hose#breadcrumb\"},\"inLanguage\":\"de\",\"potentialAction\":[{\"@type\":\"ReadAction\",\"target\":[\"https:\/\/bekleidungscenter.com\/?product=alpha-industries-jet-hose\"]}]},{\"@type\":\"BreadcrumbList\",\"@id\":\"https:\/\/bekleidungscenter.com\/?product=alpha-industries-jet-hose#breadcrumb\",\"itemListElement\":[{\"@type\":\"ListItem\",\"position\":1,\"name\":\"Home\",\"item\":\"https:\/\/bekleidungscenter.com\/\"},{\"@type\":\"ListItem\",\"position\":2,\"name\":\"Shop\",\"item\":\"https:\/\/bekleidungscenter.com\/?page_id=7\"},{\"@type\":\"ListItem\",\"position\":3,\"name\":\"ALPHA INDUSTRIES Herren Jet Pant Anzughose\"}]},{\"@type\":\"WebSite\",\"@id\":\"https:\/\/bekleidungscenter.com\/#website\",\"url\":\"https:\/\/bekleidungscenter.com\/\",\"name\":\"FamilienMode\",\"description\":\"Alles f\u00fcr die ganze Familie\",\"potentialAction\":[{\"@type\":\"SearchAction\",\"target\":{\"@type\":\"EntryPoint\",\"urlTemplate\":\"https:\/\/bekleidungscenter.com\/?s={search_term_string}\"},\"query-input\":\"required name=search_term_string\"}],\"inLanguage\":\"de\"}]}<\/script>\n<!-- \/ Yoast SEO plugin. -->","yoast_head_json":{"title":"ALPHA INDUSTRIES Herren Jet Pant Anzughose - FamilienMode","robots":{"index":"index","follow":"follow","max-snippet":"max-snippet:-1","max-image-preview":"max-image-preview:large","max-video-preview":"max-video-preview:-1"},"canonical":"https:\/\/bekleidungscenter.com\/?product=alpha-industries-jet-hose","og_locale":"de_DE","og_type":"article","og_title":"ALPHA INDUSTRIES Herren Jet Pant Anzughose - FamilienMode","og_description":"Used Look Flat Flap Taschen Baumwolle","og_url":"https:\/\/bekleidungscenter.com\/?product=alpha-industries-jet-hose","og_site_name":"FamilienMode","article_modified_time":"2023-04-06T22:02:51+00:00","og_image":[{"width":500,"height":500,"url":"https:\/\/images-na.ssl-images-amazon.com\/images\/I\/31akHgtWlrL.jpg","type":"image\/jpeg"}],"twitter_card":"summary_large_image","twitter_misc":{"Gesch\u00e4tzte Lesezeit":"1\u00a0Minute"},"schema":{"@context":"https:\/\/schema.org","@graph":[{"@type":"WebPage","@id":"https:\/\/bekleidungscenter.com\/?product=alpha-industries-jet-hose","url":"https:\/\/bekleidungscenter.com\/?product=alpha-industries-jet-hose","name":"ALPHA INDUSTRIES Herren Jet Pant Anzughose - FamilienMode","isPartOf":{"@id":"https:\/\/bekleidungscenter.com\/#website"},"datePublished":"2021-01-04T01:20:25+00:00","dateModified":"2023-04-06T22:02:51+00:00","breadcrumb":{"@id":"https:\/\/bekleidungscenter.com\/?product=alpha-industries-jet-hose#breadcrumb"},"inLanguage":"de","potentialAction":[{"@type":"ReadAction","target":["https:\/\/bekleidungscenter.com\/?product=alpha-industries-jet-hose"]}]},{"@type":"BreadcrumbList","@id":"https:\/\/bekleidungscenter.com\/?product=alpha-industries-jet-hose#breadcrumb","itemListElement":[{"@type":"ListItem","position":1,"name":"Home","item":"https:\/\/bekleidungscenter.com\/"},{"@type":"ListItem","position":2,"name":"Shop","item":"https:\/\/bekleidungscenter.com\/?page_id=7"},{"@type":"ListItem","position":3,"name":"ALPHA INDUSTRIES Herren Jet Pant Anzughose"}]},{"@type":"WebSite","@id":"https:\/\/bekleidungscenter.com\/#website","url":"https:\/\/bekleidungscenter.com\/","name":"FamilienMode","description":"Alles f\u00fcr die ganze Familie","potentialAction":[{"@type":"SearchAction","target":{"@type":"EntryPoint","urlTemplate":"https:\/\/bekleidungscenter.com\/?s={search_term_string}"},"query-input":"required name=search_term_string"}],"inLanguage":"de"}]}},"_links":{"self":[{"href":"https:\/\/bekleidungscenter.com\/index.php?rest_route=\/wp\/v2\/product\/10436"}],"collection":[{"href":"https:\/\/bekleidungscenter.com\/index.php?rest_route=\/wp\/v2\/product"}],"about":[{"href":"https:\/\/bekleidungscenter.com\/index.php?rest_route=\/wp\/v2\/types\/product"}],"replies":[{"embeddable":true,"href":"https:\/\/bekleidungscenter.com\/index.php?rest_route=%2Fwp%2Fv2%2Fcomments&post=10436"}],"wp:featuredmedia":[{"embeddable":true,"href":"https:\/\/bekleidungscenter.com\/index.php?rest_route=\/wp\/v2\/media\/10437"}],"wp:attachment":[{"href":"https:\/\/bekleidungscenter.com\/index.php?rest_route=%2Fwp%2Fv2%2Fmedia&parent=10436"}],"wp:term":[{"taxonomy":"product_cat","embeddable":true,"href":"https:\/\/bekleidungscenter.com\/index.php?rest_route=%2Fwp%2Fv2%2Fproduct_cat&post=10436"},{"taxonomy":"product_tag","embeddable":true,"href":"https:\/\/bekleidungscenter.com\/index.php?rest_route=%2Fwp%2Fv2%2Fproduct_tag&post=10436"}],"curies":[{"name":"wp","href":"https:\/\/api.w.org\/{rel}","templated":true}]}}