{"id":10547,"date":"2021-01-04T01:22:34","date_gmt":"2021-01-04T01:22:34","guid":{"rendered":"http:\/\/bekleidungscenter.com\/?product=rock-creek-herren-jeans-hose-regular-slim-stretch-m46"},"modified":"2023-04-06T22:04:30","modified_gmt":"2023-04-06T22:04:30","slug":"rock-creek-herren-jeans-hose-regular-slim-stretch-m46","status":"publish","type":"product","link":"https:\/\/bekleidungscenter.com\/?product=rock-creek-herren-jeans-hose-regular-slim-stretch-m46","title":{"rendered":"Rock Creek Herren Jeans Hose Regular Slim Stretch M46"},"content":{"rendered":"<p>STYLE: Modebewusste Herren finden bei Rock Creek trendstarke Slim Fit Jeans, die mit ihrer figurbetonten Passform ein schlankes Bein zaubern. Die Hosen absitzen wie eine zweite Haut und bieten dank Ihres Elasthan-Anteils einen hervorragenden Tragekomfort und massenweise Bewegungsfreiheit. Noch dazu sehen die Herren Jeans sehr modern aus und k\u00f6nnen divers kombiniert werden. Sie sind stilvolle Begleiter f\u00fcr das B\u00fcro, den Alltag oder die Freizeit und begeistern mit einer erstklassigen Erf\u00fcllung.<br \/>\nDESIGN: Die Slim Fit Herren Jeans von Rock Creek bestehen aus einem hochwertigen Denim, das auch starker Beanspruchung standh\u00e4lt. Perfekte N\u00e4hte und optimale Passformen versteifen zur Qualit\u00e4t der Hosen bei. Rock Creek pr\u00e4sentiert Ihnen viele verschiedenen Designs, sodass es abgeh\u00e4rtet auch f\u00fcr Ihren Geschmack das passende Modell gibt. Sehr klassisch und zeitlos wirkt das Modell RC-2137 in Dunkelblau. Diese Hose passt sowohl zu einem l\u00e4ssigen Freizeit-Look als auch zu einem seri\u00f6sen B\u00fcro-Outfit.<br \/>\nNormaler Bund<br \/>\nVerschluss: Rei\u00dfverschluss<br \/>\n98% Baumwolle, 2% Elasthan<br \/>\nSlim<br \/>\nPflegehinweis: Maschinenw\u00e4sche<br \/>\nModellnummer: RC-2143<br \/>\nDETAILS: Das Modell RC-2143 \u00fcberzeugt durch: Top Qualit\u00e4t und hochwertig verarbeitet \/ 32 verschiedene Gr\u00f6\u00dfen \/ Slim Fit Schnitt \/ Stone Washed: Durch das Aussp\u00fclen mit gr\u00f6\u00dferen Bimssteinen entsteht ein leichter Used Look \/ 5-Pocket-Style \/ Zwei Seitentaschen \/ Zwei Ges\u00e4\u00dftaschen \/ Kunstleder-Patch hinten am Bund \/ Verdeckter Hosenschlitz \/ Rei\u00dfverschluss<br \/>\nPASSFORM: Herren Jeans mit Slim Fit-Passform haben den Vorteil, dass Sie f\u00fcr nahezu jeden Figurtyp geeignet sind. Sie haben einen relativ schmalen Schnitt, ohne zu k\u00f6rperbetont zu sein. Dadurch wird das Bein optisch abgeplattet. Gleichzeitig k\u00f6nnen kleine Problemzonen kaschiert werden. Rock-Creek bietet seine modischen eanshosen nicht allerdings in Standard-, sondern auch in gro\u00dfen Gr\u00f6\u00dfen an, sodass abgeh\u00e4rtet auch Sie das geeignete Modell f\u00fcr Ihre Figur finden.<br \/>\nHINWEIS: Ma\u00dfe der Jeans bitte anerkennen &#8211; die Ma\u00dfe k\u00f6nnen Sie aus der Ma\u00dftabelle entnehmen<br \/>\n<div class=\"main-cross-sell\" data-asin=\"B07NJJTPYX\">\n\n\t<div class=\"WooZone-cross-sell-loader\">\n\t\t<div>\n\t\t\t<div id=\"floatingBarsG\">\n\t\t\t\t<div class=\"blockG\" id=\"rotateG_01\"><\/div>\n\t\t\t\t<div class=\"blockG\" id=\"rotateG_02\"><\/div>\n\t\t\t\t<div class=\"blockG\" id=\"rotateG_03\"><\/div>\n\t\t\t\t<div class=\"blockG\" id=\"rotateG_04\"><\/div>\n\t\t\t\t<div class=\"blockG\" id=\"rotateG_05\"><\/div>\n\t\t\t\t<div class=\"blockG\" id=\"rotateG_06\"><\/div>\n\t\t\t\t<div class=\"blockG\" id=\"rotateG_07\"><\/div>\n\t\t\t\t<div class=\"blockG\" id=\"rotateG_08\"><\/div>\n\t\t\t<\/div>\n\t\t\t<div class=\"WooZone-cross-sell-loader-text\"><\/div>\n\t\t<\/div>\n\t<\/div>\n\n\t\t\n<\/div>\n<div style=\"clear:both;\"><\/div><\/p>\n","protected":false},"excerpt":{"rendered":"<p>STYLE: Modebewusste Herren finden bei Rock Creek trendstarke Slim Fit Jeans, die mit ihrer figurbetonten Passform ein schlankes Bein zaubern. Die Hosen sitzen wie eine zweite Haut und bieten dank Ihres Elasthan-Anteils einen hervorragenden Tragekomfort und viel Bewegungsfreiheit. Noch dazu sehen die Herren Jeans sehr modern aus und k\u00f6nnen vielf\u00e4ltig kombiniert werden. Sie sind stilvolle Begleiter f\u00fcr das B\u00fcro, den Alltag oder die Freizeit und begeistern mit einer erstklassigen Verarbeitung.<br \/>\nDESIGN: Die Slim Fit Herren Jeans von Rock Creek bestehen aus einem hochwertigen Denim, das auch starker Beanspruchung standh\u00e4lt. Perfekte N\u00e4hte und optimale Passformen tragen zur Qualit\u00e4t der Hosen bei. Rock Creek pr\u00e4sentiert Ihnen viele verschiedenen Designs, sodass es sicher auch f\u00fcr Ihren Geschmack das passende Modell gibt. Sehr klassisch und zeitlos wirkt das Modell RC-2137 in Dunkelblau. Diese Hose passt sowohl zu einem l\u00e4ssigen Freizeit-Look als auch zu einem seri\u00f6sen B\u00fcro-Outfit.<br \/>\nNormaler Bund<\/p>\n","protected":false},"featured_media":10548,"comment_status":"open","ping_status":"closed","template":"","meta":[],"product_cat":[118,123],"product_tag":[],"yoast_head":"<!-- This site is optimized with the Yoast SEO plugin v20.6 - https:\/\/yoast.com\/wordpress\/plugins\/seo\/ -->\n<title>Rock Creek Herren Jeans Hose Regular Slim Stretch M46 - FamilienMode<\/title>\n<meta name=\"robots\" content=\"index, follow, max-snippet:-1, max-image-preview:large, max-video-preview:-1\" \/>\n<link rel=\"canonical\" href=\"https:\/\/bekleidungscenter.com\/?product=rock-creek-herren-jeans-hose-regular-slim-stretch-m46\" \/>\n<meta property=\"og:locale\" content=\"de_DE\" \/>\n<meta property=\"og:type\" content=\"article\" \/>\n<meta property=\"og:title\" content=\"Rock Creek Herren Jeans Hose Regular Slim Stretch M46 - FamilienMode\" \/>\n<meta property=\"og:description\" content=\"STYLE: Modebewusste Herren finden bei Rock Creek trendstarke Slim Fit Jeans, die mit ihrer figurbetonten Passform ein schlankes Bein zaubern. Die Hosen sitzen wie eine zweite Haut und bieten dank Ihres Elasthan-Anteils einen hervorragenden Tragekomfort und viel Bewegungsfreiheit. Noch dazu sehen die Herren Jeans sehr modern aus und k\u00f6nnen vielf\u00e4ltig kombiniert werden. Sie sind stilvolle Begleiter f\u00fcr das B\u00fcro, den Alltag oder die Freizeit und begeistern mit einer erstklassigen Verarbeitung. DESIGN: Die Slim Fit Herren Jeans von Rock Creek bestehen aus einem hochwertigen Denim, das auch starker Beanspruchung standh\u00e4lt. Perfekte N\u00e4hte und optimale Passformen tragen zur Qualit\u00e4t der Hosen bei. Rock Creek pr\u00e4sentiert Ihnen viele verschiedenen Designs, sodass es sicher auch f\u00fcr Ihren Geschmack das passende Modell gibt. Sehr klassisch und zeitlos wirkt das Modell RC-2137 in Dunkelblau. Diese Hose passt sowohl zu einem l\u00e4ssigen Freizeit-Look als auch zu einem seri\u00f6sen B\u00fcro-Outfit. Normaler Bund\" \/>\n<meta property=\"og:url\" content=\"https:\/\/bekleidungscenter.com\/?product=rock-creek-herren-jeans-hose-regular-slim-stretch-m46\" \/>\n<meta property=\"og:site_name\" content=\"FamilienMode\" \/>\n<meta property=\"article:modified_time\" content=\"2023-04-06T22:04:30+00:00\" \/>\n<meta property=\"og:image\" content=\"https:\/\/images-na.ssl-images-amazon.com\/images\/I\/41YmJpLZH6L.jpg\" \/>\n\t<meta property=\"og:image:width\" content=\"500\" \/>\n\t<meta property=\"og:image:height\" content=\"500\" \/>\n\t<meta property=\"og:image:type\" content=\"image\/jpeg\" \/>\n<meta name=\"twitter:card\" content=\"summary_large_image\" \/>\n<meta name=\"twitter:label1\" content=\"Gesch\u00e4tzte Lesezeit\" \/>\n\t<meta name=\"twitter:data1\" content=\"2\u00a0Minuten\" \/>\n<script type=\"application\/ld+json\" class=\"yoast-schema-graph\">{\"@context\":\"https:\/\/schema.org\",\"@graph\":[{\"@type\":\"WebPage\",\"@id\":\"https:\/\/bekleidungscenter.com\/?product=rock-creek-herren-jeans-hose-regular-slim-stretch-m46\",\"url\":\"https:\/\/bekleidungscenter.com\/?product=rock-creek-herren-jeans-hose-regular-slim-stretch-m46\",\"name\":\"Rock Creek Herren Jeans Hose Regular Slim Stretch M46 - FamilienMode\",\"isPartOf\":{\"@id\":\"https:\/\/bekleidungscenter.com\/#website\"},\"datePublished\":\"2021-01-04T01:22:34+00:00\",\"dateModified\":\"2023-04-06T22:04:30+00:00\",\"breadcrumb\":{\"@id\":\"https:\/\/bekleidungscenter.com\/?product=rock-creek-herren-jeans-hose-regular-slim-stretch-m46#breadcrumb\"},\"inLanguage\":\"de\",\"potentialAction\":[{\"@type\":\"ReadAction\",\"target\":[\"https:\/\/bekleidungscenter.com\/?product=rock-creek-herren-jeans-hose-regular-slim-stretch-m46\"]}]},{\"@type\":\"BreadcrumbList\",\"@id\":\"https:\/\/bekleidungscenter.com\/?product=rock-creek-herren-jeans-hose-regular-slim-stretch-m46#breadcrumb\",\"itemListElement\":[{\"@type\":\"ListItem\",\"position\":1,\"name\":\"Home\",\"item\":\"https:\/\/bekleidungscenter.com\/\"},{\"@type\":\"ListItem\",\"position\":2,\"name\":\"Shop\",\"item\":\"https:\/\/bekleidungscenter.com\/?page_id=7\"},{\"@type\":\"ListItem\",\"position\":3,\"name\":\"Rock Creek Herren Jeans Hose Regular Slim Stretch M46\"}]},{\"@type\":\"WebSite\",\"@id\":\"https:\/\/bekleidungscenter.com\/#website\",\"url\":\"https:\/\/bekleidungscenter.com\/\",\"name\":\"FamilienMode\",\"description\":\"Alles f\u00fcr die ganze Familie\",\"potentialAction\":[{\"@type\":\"SearchAction\",\"target\":{\"@type\":\"EntryPoint\",\"urlTemplate\":\"https:\/\/bekleidungscenter.com\/?s={search_term_string}\"},\"query-input\":\"required name=search_term_string\"}],\"inLanguage\":\"de\"}]}<\/script>\n<!-- \/ Yoast SEO plugin. -->","yoast_head_json":{"title":"Rock Creek Herren Jeans Hose Regular Slim Stretch M46 - FamilienMode","robots":{"index":"index","follow":"follow","max-snippet":"max-snippet:-1","max-image-preview":"max-image-preview:large","max-video-preview":"max-video-preview:-1"},"canonical":"https:\/\/bekleidungscenter.com\/?product=rock-creek-herren-jeans-hose-regular-slim-stretch-m46","og_locale":"de_DE","og_type":"article","og_title":"Rock Creek Herren Jeans Hose Regular Slim Stretch M46 - FamilienMode","og_description":"STYLE: Modebewusste Herren finden bei Rock Creek trendstarke Slim Fit Jeans, die mit ihrer figurbetonten Passform ein schlankes Bein zaubern. Die Hosen sitzen wie eine zweite Haut und bieten dank Ihres Elasthan-Anteils einen hervorragenden Tragekomfort und viel Bewegungsfreiheit. Noch dazu sehen die Herren Jeans sehr modern aus und k\u00f6nnen vielf\u00e4ltig kombiniert werden. Sie sind stilvolle Begleiter f\u00fcr das B\u00fcro, den Alltag oder die Freizeit und begeistern mit einer erstklassigen Verarbeitung. DESIGN: Die Slim Fit Herren Jeans von Rock Creek bestehen aus einem hochwertigen Denim, das auch starker Beanspruchung standh\u00e4lt. Perfekte N\u00e4hte und optimale Passformen tragen zur Qualit\u00e4t der Hosen bei. Rock Creek pr\u00e4sentiert Ihnen viele verschiedenen Designs, sodass es sicher auch f\u00fcr Ihren Geschmack das passende Modell gibt. Sehr klassisch und zeitlos wirkt das Modell RC-2137 in Dunkelblau. Diese Hose passt sowohl zu einem l\u00e4ssigen Freizeit-Look als auch zu einem seri\u00f6sen B\u00fcro-Outfit. Normaler Bund","og_url":"https:\/\/bekleidungscenter.com\/?product=rock-creek-herren-jeans-hose-regular-slim-stretch-m46","og_site_name":"FamilienMode","article_modified_time":"2023-04-06T22:04:30+00:00","og_image":[{"width":500,"height":500,"url":"https:\/\/images-na.ssl-images-amazon.com\/images\/I\/41YmJpLZH6L.jpg","type":"image\/jpeg"}],"twitter_card":"summary_large_image","twitter_misc":{"Gesch\u00e4tzte Lesezeit":"2\u00a0Minuten"},"schema":{"@context":"https:\/\/schema.org","@graph":[{"@type":"WebPage","@id":"https:\/\/bekleidungscenter.com\/?product=rock-creek-herren-jeans-hose-regular-slim-stretch-m46","url":"https:\/\/bekleidungscenter.com\/?product=rock-creek-herren-jeans-hose-regular-slim-stretch-m46","name":"Rock Creek Herren Jeans Hose Regular Slim Stretch M46 - FamilienMode","isPartOf":{"@id":"https:\/\/bekleidungscenter.com\/#website"},"datePublished":"2021-01-04T01:22:34+00:00","dateModified":"2023-04-06T22:04:30+00:00","breadcrumb":{"@id":"https:\/\/bekleidungscenter.com\/?product=rock-creek-herren-jeans-hose-regular-slim-stretch-m46#breadcrumb"},"inLanguage":"de","potentialAction":[{"@type":"ReadAction","target":["https:\/\/bekleidungscenter.com\/?product=rock-creek-herren-jeans-hose-regular-slim-stretch-m46"]}]},{"@type":"BreadcrumbList","@id":"https:\/\/bekleidungscenter.com\/?product=rock-creek-herren-jeans-hose-regular-slim-stretch-m46#breadcrumb","itemListElement":[{"@type":"ListItem","position":1,"name":"Home","item":"https:\/\/bekleidungscenter.com\/"},{"@type":"ListItem","position":2,"name":"Shop","item":"https:\/\/bekleidungscenter.com\/?page_id=7"},{"@type":"ListItem","position":3,"name":"Rock Creek Herren Jeans Hose Regular Slim Stretch M46"}]},{"@type":"WebSite","@id":"https:\/\/bekleidungscenter.com\/#website","url":"https:\/\/bekleidungscenter.com\/","name":"FamilienMode","description":"Alles f\u00fcr die ganze Familie","potentialAction":[{"@type":"SearchAction","target":{"@type":"EntryPoint","urlTemplate":"https:\/\/bekleidungscenter.com\/?s={search_term_string}"},"query-input":"required name=search_term_string"}],"inLanguage":"de"}]}},"_links":{"self":[{"href":"https:\/\/bekleidungscenter.com\/index.php?rest_route=\/wp\/v2\/product\/10547"}],"collection":[{"href":"https:\/\/bekleidungscenter.com\/index.php?rest_route=\/wp\/v2\/product"}],"about":[{"href":"https:\/\/bekleidungscenter.com\/index.php?rest_route=\/wp\/v2\/types\/product"}],"replies":[{"embeddable":true,"href":"https:\/\/bekleidungscenter.com\/index.php?rest_route=%2Fwp%2Fv2%2Fcomments&post=10547"}],"wp:featuredmedia":[{"embeddable":true,"href":"https:\/\/bekleidungscenter.com\/index.php?rest_route=\/wp\/v2\/media\/10548"}],"wp:attachment":[{"href":"https:\/\/bekleidungscenter.com\/index.php?rest_route=%2Fwp%2Fv2%2Fmedia&parent=10547"}],"wp:term":[{"taxonomy":"product_cat","embeddable":true,"href":"https:\/\/bekleidungscenter.com\/index.php?rest_route=%2Fwp%2Fv2%2Fproduct_cat&post=10547"},{"taxonomy":"product_tag","embeddable":true,"href":"https:\/\/bekleidungscenter.com\/index.php?rest_route=%2Fwp%2Fv2%2Fproduct_tag&post=10547"}],"curies":[{"name":"wp","href":"https:\/\/api.w.org\/{rel}","templated":true}]}}