{"id":10800,"date":"2021-01-04T01:53:00","date_gmt":"2021-01-04T01:53:00","guid":{"rendered":"http:\/\/bekleidungscenter.com\/?product=mustang-herren-oregon-straight-jeanshose"},"modified":"2024-09-17T11:47:19","modified_gmt":"2024-09-17T11:47:19","slug":"mustang-herren-oregon-straight-jeanshose","status":"publish","type":"product","link":"https:\/\/bekleidungscenter.com\/?product=mustang-herren-oregon-straight-jeanshose","title":{"rendered":"MUSTANG Herren Slim Fit Oregon Straight Jeans"},"content":{"rendered":"<p><!-- show up to 2 reviews by default --> <\/p>\n<p>L\u00e4ssigkeit wird neben den Oregon Straight Jeans von MUSTANG gro\u00dfgeschrieben, als sie werden in Bezug auf die markante Waschung mittels eingearbeiteten Tragefalten gepr\u00e4gt. Im angesagten Slim-Fit mittels ebenm\u00e4\u00dfigen Beinpartien kann die Denim global vielseitig in Deine Freizeit-Garderobe integriert werden. Ihre weiche Baumwollqualit\u00e4t mittels Stretchanteil sorgt sintemal statt den bestm\u00f6glichen Tragekomfort.<\/p>\n<p>Schmal geschnittene Jeans mittels niedrigem Staatenbund ansonsten geradem Beinverlauf<\/p>\n<p>5-Pocket-Stil<\/p>\n<p>Baumwoll-Elasthanmix<\/p>\n<p>Authentisches Denim-Design<\/p>\n<p>Knopf ansonsten Rei\u00dfverschluss sowie G\u00fcrtelschlaufen<\/p>\n<\/p>\n<p>Schmal geschnittene Jeans mittels niedrigem Staatenbund ansonsten geradem Beinverlauf<br \/>\n5-Pocket-Sitte<br \/>\nTiefer Staatenbund<br \/>\nVerschluss: Rei\u00dfverschluss<br \/>\n98% Baumwolle, 2% Elasthan<br \/>\nStraight<br \/>\nPflegehinweis: Maschinenw\u00e4sche<br \/>\nModellnummer: 3115-5111-583<br \/>\nBaumwoll-Elasthanmix<br \/>\nAuthentisches Denim-Design<br \/>\nKnopf ansonsten Rei\u00dfverschluss sowie G\u00fcrtelschlaufen<br \/>\n<div class=\"main-cross-sell\" data-asin=\"B01D8G8B3K\">\n\n\t<div class=\"WooZone-cross-sell-loader\">\n\t\t<div>\n\t\t\t<div id=\"floatingBarsG\">\n\t\t\t\t<div class=\"blockG\" id=\"rotateG_01\"><\/div>\n\t\t\t\t<div class=\"blockG\" id=\"rotateG_02\"><\/div>\n\t\t\t\t<div class=\"blockG\" id=\"rotateG_03\"><\/div>\n\t\t\t\t<div class=\"blockG\" id=\"rotateG_04\"><\/div>\n\t\t\t\t<div class=\"blockG\" id=\"rotateG_05\"><\/div>\n\t\t\t\t<div class=\"blockG\" id=\"rotateG_06\"><\/div>\n\t\t\t\t<div class=\"blockG\" id=\"rotateG_07\"><\/div>\n\t\t\t\t<div class=\"blockG\" id=\"rotateG_08\"><\/div>\n\t\t\t<\/div>\n\t\t\t<div class=\"WooZone-cross-sell-loader-text\"><\/div>\n\t\t<\/div>\n\t<\/div>\n\n\t\t\n<\/div>\n<div style=\"clear:both;\"><\/div><\/p>\n","protected":false},"excerpt":{"rendered":"<p>Schmal geschnittene Jeans mit niedrigem Bund und geradem Beinverlauf<br \/>\n5-Pocket-Stil<br \/>\nTiefer Bund<\/p>\n","protected":false},"featured_media":10801,"comment_status":"open","ping_status":"closed","template":"","meta":[],"product_cat":[118,123],"product_tag":[],"yoast_head":"<!-- This site is optimized with the Yoast SEO plugin v20.6 - https:\/\/yoast.com\/wordpress\/plugins\/seo\/ -->\n<title>MUSTANG Herren Slim Fit Oregon Straight Jeans - FamilienMode<\/title>\n<meta name=\"robots\" content=\"index, follow, max-snippet:-1, max-image-preview:large, max-video-preview:-1\" \/>\n<link rel=\"canonical\" href=\"https:\/\/bekleidungscenter.com\/?product=mustang-herren-oregon-straight-jeanshose\" \/>\n<meta property=\"og:locale\" content=\"de_DE\" \/>\n<meta property=\"og:type\" content=\"article\" \/>\n<meta property=\"og:title\" content=\"MUSTANG Herren Slim Fit Oregon Straight Jeans - FamilienMode\" \/>\n<meta property=\"og:description\" content=\"Schmal geschnittene Jeans mit niedrigem Bund und geradem Beinverlauf 5-Pocket-Stil Tiefer Bund\" \/>\n<meta property=\"og:url\" content=\"https:\/\/bekleidungscenter.com\/?product=mustang-herren-oregon-straight-jeanshose\" \/>\n<meta property=\"og:site_name\" content=\"FamilienMode\" \/>\n<meta property=\"article:modified_time\" content=\"2024-09-17T11:47:19+00:00\" \/>\n<meta property=\"og:image\" content=\"https:\/\/images-na.ssl-images-amazon.com\/images\/I\/413Dk-mtX8L.jpg\" \/>\n\t<meta property=\"og:image:width\" content=\"500\" \/>\n\t<meta property=\"og:image:height\" content=\"500\" \/>\n\t<meta property=\"og:image:type\" content=\"image\/jpeg\" \/>\n<meta name=\"twitter:card\" content=\"summary_large_image\" \/>\n<meta name=\"twitter:label1\" content=\"Gesch\u00e4tzte Lesezeit\" \/>\n\t<meta name=\"twitter:data1\" content=\"1\u00a0Minute\" \/>\n<script type=\"application\/ld+json\" class=\"yoast-schema-graph\">{\"@context\":\"https:\/\/schema.org\",\"@graph\":[{\"@type\":\"WebPage\",\"@id\":\"https:\/\/bekleidungscenter.com\/?product=mustang-herren-oregon-straight-jeanshose\",\"url\":\"https:\/\/bekleidungscenter.com\/?product=mustang-herren-oregon-straight-jeanshose\",\"name\":\"MUSTANG Herren Slim Fit Oregon Straight Jeans - FamilienMode\",\"isPartOf\":{\"@id\":\"https:\/\/bekleidungscenter.com\/#website\"},\"datePublished\":\"2021-01-04T01:53:00+00:00\",\"dateModified\":\"2024-09-17T11:47:19+00:00\",\"breadcrumb\":{\"@id\":\"https:\/\/bekleidungscenter.com\/?product=mustang-herren-oregon-straight-jeanshose#breadcrumb\"},\"inLanguage\":\"de\",\"potentialAction\":[{\"@type\":\"ReadAction\",\"target\":[\"https:\/\/bekleidungscenter.com\/?product=mustang-herren-oregon-straight-jeanshose\"]}]},{\"@type\":\"BreadcrumbList\",\"@id\":\"https:\/\/bekleidungscenter.com\/?product=mustang-herren-oregon-straight-jeanshose#breadcrumb\",\"itemListElement\":[{\"@type\":\"ListItem\",\"position\":1,\"name\":\"Home\",\"item\":\"https:\/\/bekleidungscenter.com\/\"},{\"@type\":\"ListItem\",\"position\":2,\"name\":\"Shop\",\"item\":\"https:\/\/bekleidungscenter.com\/?page_id=7\"},{\"@type\":\"ListItem\",\"position\":3,\"name\":\"MUSTANG Herren Slim Fit Oregon Straight Jeans\"}]},{\"@type\":\"WebSite\",\"@id\":\"https:\/\/bekleidungscenter.com\/#website\",\"url\":\"https:\/\/bekleidungscenter.com\/\",\"name\":\"FamilienMode\",\"description\":\"Alles f\u00fcr die ganze Familie\",\"potentialAction\":[{\"@type\":\"SearchAction\",\"target\":{\"@type\":\"EntryPoint\",\"urlTemplate\":\"https:\/\/bekleidungscenter.com\/?s={search_term_string}\"},\"query-input\":\"required name=search_term_string\"}],\"inLanguage\":\"de\"}]}<\/script>\n<!-- \/ Yoast SEO plugin. -->","yoast_head_json":{"title":"MUSTANG Herren Slim Fit Oregon Straight Jeans - FamilienMode","robots":{"index":"index","follow":"follow","max-snippet":"max-snippet:-1","max-image-preview":"max-image-preview:large","max-video-preview":"max-video-preview:-1"},"canonical":"https:\/\/bekleidungscenter.com\/?product=mustang-herren-oregon-straight-jeanshose","og_locale":"de_DE","og_type":"article","og_title":"MUSTANG Herren Slim Fit Oregon Straight Jeans - FamilienMode","og_description":"Schmal geschnittene Jeans mit niedrigem Bund und geradem Beinverlauf 5-Pocket-Stil Tiefer Bund","og_url":"https:\/\/bekleidungscenter.com\/?product=mustang-herren-oregon-straight-jeanshose","og_site_name":"FamilienMode","article_modified_time":"2024-09-17T11:47:19+00:00","og_image":[{"width":500,"height":500,"url":"https:\/\/images-na.ssl-images-amazon.com\/images\/I\/413Dk-mtX8L.jpg","type":"image\/jpeg"}],"twitter_card":"summary_large_image","twitter_misc":{"Gesch\u00e4tzte Lesezeit":"1\u00a0Minute"},"schema":{"@context":"https:\/\/schema.org","@graph":[{"@type":"WebPage","@id":"https:\/\/bekleidungscenter.com\/?product=mustang-herren-oregon-straight-jeanshose","url":"https:\/\/bekleidungscenter.com\/?product=mustang-herren-oregon-straight-jeanshose","name":"MUSTANG Herren Slim Fit Oregon Straight Jeans - FamilienMode","isPartOf":{"@id":"https:\/\/bekleidungscenter.com\/#website"},"datePublished":"2021-01-04T01:53:00+00:00","dateModified":"2024-09-17T11:47:19+00:00","breadcrumb":{"@id":"https:\/\/bekleidungscenter.com\/?product=mustang-herren-oregon-straight-jeanshose#breadcrumb"},"inLanguage":"de","potentialAction":[{"@type":"ReadAction","target":["https:\/\/bekleidungscenter.com\/?product=mustang-herren-oregon-straight-jeanshose"]}]},{"@type":"BreadcrumbList","@id":"https:\/\/bekleidungscenter.com\/?product=mustang-herren-oregon-straight-jeanshose#breadcrumb","itemListElement":[{"@type":"ListItem","position":1,"name":"Home","item":"https:\/\/bekleidungscenter.com\/"},{"@type":"ListItem","position":2,"name":"Shop","item":"https:\/\/bekleidungscenter.com\/?page_id=7"},{"@type":"ListItem","position":3,"name":"MUSTANG Herren Slim Fit Oregon Straight Jeans"}]},{"@type":"WebSite","@id":"https:\/\/bekleidungscenter.com\/#website","url":"https:\/\/bekleidungscenter.com\/","name":"FamilienMode","description":"Alles f\u00fcr die ganze Familie","potentialAction":[{"@type":"SearchAction","target":{"@type":"EntryPoint","urlTemplate":"https:\/\/bekleidungscenter.com\/?s={search_term_string}"},"query-input":"required name=search_term_string"}],"inLanguage":"de"}]}},"_links":{"self":[{"href":"https:\/\/bekleidungscenter.com\/index.php?rest_route=\/wp\/v2\/product\/10800"}],"collection":[{"href":"https:\/\/bekleidungscenter.com\/index.php?rest_route=\/wp\/v2\/product"}],"about":[{"href":"https:\/\/bekleidungscenter.com\/index.php?rest_route=\/wp\/v2\/types\/product"}],"replies":[{"embeddable":true,"href":"https:\/\/bekleidungscenter.com\/index.php?rest_route=%2Fwp%2Fv2%2Fcomments&post=10800"}],"wp:featuredmedia":[{"embeddable":true,"href":"https:\/\/bekleidungscenter.com\/index.php?rest_route=\/wp\/v2\/media\/10801"}],"wp:attachment":[{"href":"https:\/\/bekleidungscenter.com\/index.php?rest_route=%2Fwp%2Fv2%2Fmedia&parent=10800"}],"wp:term":[{"taxonomy":"product_cat","embeddable":true,"href":"https:\/\/bekleidungscenter.com\/index.php?rest_route=%2Fwp%2Fv2%2Fproduct_cat&post=10800"},{"taxonomy":"product_tag","embeddable":true,"href":"https:\/\/bekleidungscenter.com\/index.php?rest_route=%2Fwp%2Fv2%2Fproduct_tag&post=10800"}],"curies":[{"name":"wp","href":"https:\/\/api.w.org\/{rel}","templated":true}]}}