{"id":10823,"date":"2021-01-04T02:06:31","date_gmt":"2021-01-04T02:06:31","guid":{"rendered":"http:\/\/bekleidungscenter.com\/?product=biylaclesen-herren-wintermaentel-kapuzenjacke-fleece-softshell-taktische-jacke"},"modified":"2023-04-06T22:04:36","modified_gmt":"2023-04-06T22:04:36","slug":"biylaclesen-herren-wintermaentel-kapuzenjacke-fleece-softshell-taktische-jacke","status":"publish","type":"product","link":"https:\/\/bekleidungscenter.com\/?product=biylaclesen-herren-wintermaentel-kapuzenjacke-fleece-softshell-taktische-jacke","title":{"rendered":"BIYLACLESEN Herren Winterm\u00e4ntel Kapuzenjacke Fleece Softshell Taktische Jacke"},"content":{"rendered":"<p><!-- show up to 2 reviews by default --> <\/p>\n<p>BIYLACLESEN Herren Winterm\u00e4ntel Kapuzenjacke Fleece Softshell Taktische Jacke <br \/>Material: 100 % Polyester, warmes Fleecefutter <br \/>Farbe: Armeegr\u00fcn, Marineblau, Grau, Khaki, Schwarz, Sand. <br \/>Merkmale: Fleece-Futter, weiche Schale, warm, wasserabweisend, winddicht, atmungsaktiv. <br \/>Design: Multifunktionstaschen. <br \/>Bestens geeignet f\u00fcr: <br \/>Freizeitkleidung, Kriegsspiele, Angeln, Wandern, Klettern, Camping, Jagd, Airsoft-Abfeuern, Paintball und andere Outdoor-Sportarten. <\/p>\n<p>Hinweis: <br \/>Die tats\u00e4chliche Farbe des Artikels kann leicht von der Idol abschweifen. <\/p>\n<p>Material: 100 % Polyester; Innen: weiches und dickes Fleece, das zus\u00e4tzliche Separierung hinzuf\u00fcgt, h\u00e4lt Sie bei kaltem Wetter warm.<br \/>\nSoft Shell Fabric: Der hochwertige Shark Skin Stoff kann W\u00e4rme, Komfort und \u00fcberlegene atmungsaktiv f\u00fcr das t\u00e4gliche Verankern im Winter, Herbst und Fr\u00fchling.<br \/>\nMehrere Taschen: 2 gro\u00dfe Brusttaschen mit Rei\u00dfverschluss, 2 Ges\u00e4\u00dftaschen mit Rei\u00dfverschluss, 2 Rei\u00dfverschlusstaschen auf dem t\u00e4uschen \u00c4rmel und 1 Rei\u00dfverschlusstasche auf dem rechten \u00c4rmel. Rei\u00dfverschlusstaschen halten Dinge belastbar.<br \/>\nStilvolles Design: Multifunktionale Softshell-taktische Jacke mit Kapuze. Verstellbarer, elastischer Klettverschluss und verstellbare Handgelenkmanschetten, um Ihre Bed\u00fcrfnisse zu verriegeln. Unterarm-Bel\u00fcftungsrei\u00dfverschluss, l\u00e4sst Sie besser bel\u00fcftet und atmungsaktiv sein. Zwei Arm-Patch-Eins\u00e4tze, Sie k\u00f6nnen das Plakette Entscheidung, das Sie m\u00f6gen.<br \/>\nAnl\u00e4sse: Fleecegef\u00fctterte Milit\u00e4rjacke, perfekt f\u00fcr Freizeitkleidung, Kriegsspiele, Angeln, Wandern, Klettern, Camping, Jagd, Airsoft-Abfeuern, Paintball und andere Outdoor-Sportarten.<br \/>\n<div class=\"main-cross-sell\" data-asin=\"B076BBBLYW\">\n\n\t<div class=\"WooZone-cross-sell-loader\">\n\t\t<div>\n\t\t\t<div id=\"floatingBarsG\">\n\t\t\t\t<div class=\"blockG\" id=\"rotateG_01\"><\/div>\n\t\t\t\t<div class=\"blockG\" id=\"rotateG_02\"><\/div>\n\t\t\t\t<div class=\"blockG\" id=\"rotateG_03\"><\/div>\n\t\t\t\t<div class=\"blockG\" id=\"rotateG_04\"><\/div>\n\t\t\t\t<div class=\"blockG\" id=\"rotateG_05\"><\/div>\n\t\t\t\t<div class=\"blockG\" id=\"rotateG_06\"><\/div>\n\t\t\t\t<div class=\"blockG\" id=\"rotateG_07\"><\/div>\n\t\t\t\t<div class=\"blockG\" id=\"rotateG_08\"><\/div>\n\t\t\t<\/div>\n\t\t\t<div class=\"WooZone-cross-sell-loader-text\"><\/div>\n\t\t<\/div>\n\t<\/div>\n\n\t\t\n<\/div>\n<div style=\"clear:both;\"><\/div><\/p>\n","protected":false},"excerpt":{"rendered":"<p>Material: 100 % Polyester; Innen: weiches und dickes Fleece, das zus\u00e4tzliche Isolierung hinzuf\u00fcgt, h\u00e4lt Sie bei kaltem Wetter warm.<br \/>\nSoft Shell Fabric: Der hochwertige Shark Skin Stoff kann W\u00e4rme, Komfort und \u00fcberlegene atmungsaktiv f\u00fcr das t\u00e4gliche Tragen im Winter, Herbst und Fr\u00fchling.<br \/>\nMehrere Taschen: 2 gro\u00dfe Brusttaschen mit Rei\u00dfverschluss, 2 Ges\u00e4\u00dftaschen mit Rei\u00dfverschluss, 2 Rei\u00dfverschlusstaschen auf dem linken \u00c4rmel und 1 Rei\u00dfverschlusstasche auf dem rechten \u00c4rmel. Rei\u00dfverschlusstaschen halten Dinge sicher.<\/p>\n","protected":false},"featured_media":10825,"comment_status":"open","ping_status":"closed","template":"","meta":[],"product_cat":[118,125],"product_tag":[],"yoast_head":"<!-- This site is optimized with the Yoast SEO plugin v20.6 - https:\/\/yoast.com\/wordpress\/plugins\/seo\/ -->\n<title>BIYLACLESEN Herren Winterm\u00e4ntel Kapuzenjacke Fleece Softshell Taktische Jacke - FamilienMode<\/title>\n<meta name=\"robots\" content=\"index, follow, max-snippet:-1, max-image-preview:large, max-video-preview:-1\" \/>\n<link rel=\"canonical\" href=\"https:\/\/bekleidungscenter.com\/?product=biylaclesen-herren-wintermaentel-kapuzenjacke-fleece-softshell-taktische-jacke\" \/>\n<meta property=\"og:locale\" content=\"de_DE\" \/>\n<meta property=\"og:type\" content=\"article\" \/>\n<meta property=\"og:title\" content=\"BIYLACLESEN Herren Winterm\u00e4ntel Kapuzenjacke Fleece Softshell Taktische Jacke - FamilienMode\" \/>\n<meta property=\"og:description\" content=\"Material: 100 % Polyester; Innen: weiches und dickes Fleece, das zus\u00e4tzliche Isolierung hinzuf\u00fcgt, h\u00e4lt Sie bei kaltem Wetter warm. Soft Shell Fabric: Der hochwertige Shark Skin Stoff kann W\u00e4rme, Komfort und \u00fcberlegene atmungsaktiv f\u00fcr das t\u00e4gliche Tragen im Winter, Herbst und Fr\u00fchling. Mehrere Taschen: 2 gro\u00dfe Brusttaschen mit Rei\u00dfverschluss, 2 Ges\u00e4\u00dftaschen mit Rei\u00dfverschluss, 2 Rei\u00dfverschlusstaschen auf dem linken \u00c4rmel und 1 Rei\u00dfverschlusstasche auf dem rechten \u00c4rmel. Rei\u00dfverschlusstaschen halten Dinge sicher.\" \/>\n<meta property=\"og:url\" content=\"https:\/\/bekleidungscenter.com\/?product=biylaclesen-herren-wintermaentel-kapuzenjacke-fleece-softshell-taktische-jacke\" \/>\n<meta property=\"og:site_name\" content=\"FamilienMode\" \/>\n<meta property=\"article:modified_time\" content=\"2023-04-06T22:04:36+00:00\" \/>\n<meta property=\"og:image\" content=\"https:\/\/images-na.ssl-images-amazon.com\/images\/I\/41%2BQRrH3LiL.jpg\" \/>\n\t<meta property=\"og:image:width\" content=\"500\" \/>\n\t<meta property=\"og:image:height\" content=\"500\" \/>\n\t<meta property=\"og:image:type\" content=\"image\/jpeg\" \/>\n<meta name=\"twitter:card\" content=\"summary_large_image\" \/>\n<meta name=\"twitter:label1\" content=\"Gesch\u00e4tzte Lesezeit\" \/>\n\t<meta name=\"twitter:data1\" content=\"1\u00a0Minute\" \/>\n<script type=\"application\/ld+json\" class=\"yoast-schema-graph\">{\"@context\":\"https:\/\/schema.org\",\"@graph\":[{\"@type\":\"WebPage\",\"@id\":\"https:\/\/bekleidungscenter.com\/?product=biylaclesen-herren-wintermaentel-kapuzenjacke-fleece-softshell-taktische-jacke\",\"url\":\"https:\/\/bekleidungscenter.com\/?product=biylaclesen-herren-wintermaentel-kapuzenjacke-fleece-softshell-taktische-jacke\",\"name\":\"BIYLACLESEN Herren Winterm\u00e4ntel Kapuzenjacke Fleece Softshell Taktische Jacke - FamilienMode\",\"isPartOf\":{\"@id\":\"https:\/\/bekleidungscenter.com\/#website\"},\"datePublished\":\"2021-01-04T02:06:31+00:00\",\"dateModified\":\"2023-04-06T22:04:36+00:00\",\"breadcrumb\":{\"@id\":\"https:\/\/bekleidungscenter.com\/?product=biylaclesen-herren-wintermaentel-kapuzenjacke-fleece-softshell-taktische-jacke#breadcrumb\"},\"inLanguage\":\"de\",\"potentialAction\":[{\"@type\":\"ReadAction\",\"target\":[\"https:\/\/bekleidungscenter.com\/?product=biylaclesen-herren-wintermaentel-kapuzenjacke-fleece-softshell-taktische-jacke\"]}]},{\"@type\":\"BreadcrumbList\",\"@id\":\"https:\/\/bekleidungscenter.com\/?product=biylaclesen-herren-wintermaentel-kapuzenjacke-fleece-softshell-taktische-jacke#breadcrumb\",\"itemListElement\":[{\"@type\":\"ListItem\",\"position\":1,\"name\":\"Home\",\"item\":\"https:\/\/bekleidungscenter.com\/\"},{\"@type\":\"ListItem\",\"position\":2,\"name\":\"Shop\",\"item\":\"https:\/\/bekleidungscenter.com\/?page_id=7\"},{\"@type\":\"ListItem\",\"position\":3,\"name\":\"BIYLACLESEN Herren Winterm\u00e4ntel Kapuzenjacke Fleece Softshell Taktische Jacke\"}]},{\"@type\":\"WebSite\",\"@id\":\"https:\/\/bekleidungscenter.com\/#website\",\"url\":\"https:\/\/bekleidungscenter.com\/\",\"name\":\"FamilienMode\",\"description\":\"Alles f\u00fcr die ganze Familie\",\"potentialAction\":[{\"@type\":\"SearchAction\",\"target\":{\"@type\":\"EntryPoint\",\"urlTemplate\":\"https:\/\/bekleidungscenter.com\/?s={search_term_string}\"},\"query-input\":\"required name=search_term_string\"}],\"inLanguage\":\"de\"}]}<\/script>\n<!-- \/ Yoast SEO plugin. -->","yoast_head_json":{"title":"BIYLACLESEN Herren Winterm\u00e4ntel Kapuzenjacke Fleece Softshell Taktische Jacke - FamilienMode","robots":{"index":"index","follow":"follow","max-snippet":"max-snippet:-1","max-image-preview":"max-image-preview:large","max-video-preview":"max-video-preview:-1"},"canonical":"https:\/\/bekleidungscenter.com\/?product=biylaclesen-herren-wintermaentel-kapuzenjacke-fleece-softshell-taktische-jacke","og_locale":"de_DE","og_type":"article","og_title":"BIYLACLESEN Herren Winterm\u00e4ntel Kapuzenjacke Fleece Softshell Taktische Jacke - FamilienMode","og_description":"Material: 100 % Polyester; Innen: weiches und dickes Fleece, das zus\u00e4tzliche Isolierung hinzuf\u00fcgt, h\u00e4lt Sie bei kaltem Wetter warm. Soft Shell Fabric: Der hochwertige Shark Skin Stoff kann W\u00e4rme, Komfort und \u00fcberlegene atmungsaktiv f\u00fcr das t\u00e4gliche Tragen im Winter, Herbst und Fr\u00fchling. Mehrere Taschen: 2 gro\u00dfe Brusttaschen mit Rei\u00dfverschluss, 2 Ges\u00e4\u00dftaschen mit Rei\u00dfverschluss, 2 Rei\u00dfverschlusstaschen auf dem linken \u00c4rmel und 1 Rei\u00dfverschlusstasche auf dem rechten \u00c4rmel. Rei\u00dfverschlusstaschen halten Dinge sicher.","og_url":"https:\/\/bekleidungscenter.com\/?product=biylaclesen-herren-wintermaentel-kapuzenjacke-fleece-softshell-taktische-jacke","og_site_name":"FamilienMode","article_modified_time":"2023-04-06T22:04:36+00:00","og_image":[{"width":500,"height":500,"url":"https:\/\/images-na.ssl-images-amazon.com\/images\/I\/41%2BQRrH3LiL.jpg","type":"image\/jpeg"}],"twitter_card":"summary_large_image","twitter_misc":{"Gesch\u00e4tzte Lesezeit":"1\u00a0Minute"},"schema":{"@context":"https:\/\/schema.org","@graph":[{"@type":"WebPage","@id":"https:\/\/bekleidungscenter.com\/?product=biylaclesen-herren-wintermaentel-kapuzenjacke-fleece-softshell-taktische-jacke","url":"https:\/\/bekleidungscenter.com\/?product=biylaclesen-herren-wintermaentel-kapuzenjacke-fleece-softshell-taktische-jacke","name":"BIYLACLESEN Herren Winterm\u00e4ntel Kapuzenjacke Fleece Softshell Taktische Jacke - FamilienMode","isPartOf":{"@id":"https:\/\/bekleidungscenter.com\/#website"},"datePublished":"2021-01-04T02:06:31+00:00","dateModified":"2023-04-06T22:04:36+00:00","breadcrumb":{"@id":"https:\/\/bekleidungscenter.com\/?product=biylaclesen-herren-wintermaentel-kapuzenjacke-fleece-softshell-taktische-jacke#breadcrumb"},"inLanguage":"de","potentialAction":[{"@type":"ReadAction","target":["https:\/\/bekleidungscenter.com\/?product=biylaclesen-herren-wintermaentel-kapuzenjacke-fleece-softshell-taktische-jacke"]}]},{"@type":"BreadcrumbList","@id":"https:\/\/bekleidungscenter.com\/?product=biylaclesen-herren-wintermaentel-kapuzenjacke-fleece-softshell-taktische-jacke#breadcrumb","itemListElement":[{"@type":"ListItem","position":1,"name":"Home","item":"https:\/\/bekleidungscenter.com\/"},{"@type":"ListItem","position":2,"name":"Shop","item":"https:\/\/bekleidungscenter.com\/?page_id=7"},{"@type":"ListItem","position":3,"name":"BIYLACLESEN Herren Winterm\u00e4ntel Kapuzenjacke Fleece Softshell Taktische Jacke"}]},{"@type":"WebSite","@id":"https:\/\/bekleidungscenter.com\/#website","url":"https:\/\/bekleidungscenter.com\/","name":"FamilienMode","description":"Alles f\u00fcr die ganze Familie","potentialAction":[{"@type":"SearchAction","target":{"@type":"EntryPoint","urlTemplate":"https:\/\/bekleidungscenter.com\/?s={search_term_string}"},"query-input":"required name=search_term_string"}],"inLanguage":"de"}]}},"_links":{"self":[{"href":"https:\/\/bekleidungscenter.com\/index.php?rest_route=\/wp\/v2\/product\/10823"}],"collection":[{"href":"https:\/\/bekleidungscenter.com\/index.php?rest_route=\/wp\/v2\/product"}],"about":[{"href":"https:\/\/bekleidungscenter.com\/index.php?rest_route=\/wp\/v2\/types\/product"}],"replies":[{"embeddable":true,"href":"https:\/\/bekleidungscenter.com\/index.php?rest_route=%2Fwp%2Fv2%2Fcomments&post=10823"}],"wp:featuredmedia":[{"embeddable":true,"href":"https:\/\/bekleidungscenter.com\/index.php?rest_route=\/wp\/v2\/media\/10825"}],"wp:attachment":[{"href":"https:\/\/bekleidungscenter.com\/index.php?rest_route=%2Fwp%2Fv2%2Fmedia&parent=10823"}],"wp:term":[{"taxonomy":"product_cat","embeddable":true,"href":"https:\/\/bekleidungscenter.com\/index.php?rest_route=%2Fwp%2Fv2%2Fproduct_cat&post=10823"},{"taxonomy":"product_tag","embeddable":true,"href":"https:\/\/bekleidungscenter.com\/index.php?rest_route=%2Fwp%2Fv2%2Fproduct_tag&post=10823"}],"curies":[{"name":"wp","href":"https:\/\/api.w.org\/{rel}","templated":true}]}}