{"id":10898,"date":"2021-01-04T02:07:13","date_gmt":"2021-01-04T02:07:13","guid":{"rendered":"http:\/\/bekleidungscenter.com\/?product=jan-vanderstorm-herren-funktionsjacke-vico-herbstjacke-winterjacke"},"modified":"2023-04-06T22:04:38","modified_gmt":"2023-04-06T22:04:38","slug":"jan-vanderstorm-herren-funktionsjacke-vico-herbstjacke-winterjacke","status":"publish","type":"product","link":"https:\/\/bekleidungscenter.com\/?product=jan-vanderstorm-herren-funktionsjacke-vico-herbstjacke-winterjacke","title":{"rendered":"Jan Vanderstorm Herren Funktionsjacke Vico (Herbstjacke, Winterjacke)"},"content":{"rendered":"<p>Wetterschutz &#8211; Ob Wind, Regen oder Schnee Mithilfe der Funktionsjacke Vico sind Sie sondern ganz Wetterlagen ger\u00fcstet. Sie ist wasserabweisend, winddicht u. a. atmungsaktiv.<br \/>\nStylisch &#8211; Sportliches Design. Outdoorjacke Vico Mithilfe abzippbare Kapuze Mithilfe Kordelzug, innen Mithilfe Fleece. Mithilfe Rei\u00dfverschluss u. a. Druckknopfleiste zu derivieren.<br \/>\n100% Polyamid<br \/>\nRegenjacke<br \/>\nPflegehinweis: Standard 40\u00b0 W\u00e4sche Mithilfe Schonw\u00e4sche<br \/>\nStruktur &#8211; hochwertige Innenverarbeitung Mithilfe geteiltem Futter: oben Fleece u. a. herab gesteppt<br \/>\nJAN VANDERSTORM \u2013 Einer, der sondern Gr\u00f6\u00dfe steht. Angrenzend uns finden starke M\u00e4nner gro\u00dfe Gr\u00f6\u00dfen bis 7XL.<br \/>\nZwei Innentaschen u. a. eine Handytasche. Verstellbare \u00c4rmelb\u00fcndchen Mithilfe Klettverschl\u00fcssen. Etikett-Patch uff Oberarm<br \/>\n<div class=\"main-cross-sell\" data-asin=\"B07Y3ZYN8M\">\n\n\t<div class=\"WooZone-cross-sell-loader\">\n\t\t<div>\n\t\t\t<div id=\"floatingBarsG\">\n\t\t\t\t<div class=\"blockG\" id=\"rotateG_01\"><\/div>\n\t\t\t\t<div class=\"blockG\" id=\"rotateG_02\"><\/div>\n\t\t\t\t<div class=\"blockG\" id=\"rotateG_03\"><\/div>\n\t\t\t\t<div class=\"blockG\" id=\"rotateG_04\"><\/div>\n\t\t\t\t<div class=\"blockG\" id=\"rotateG_05\"><\/div>\n\t\t\t\t<div class=\"blockG\" id=\"rotateG_06\"><\/div>\n\t\t\t\t<div class=\"blockG\" id=\"rotateG_07\"><\/div>\n\t\t\t\t<div class=\"blockG\" id=\"rotateG_08\"><\/div>\n\t\t\t<\/div>\n\t\t\t<div class=\"WooZone-cross-sell-loader-text\"><\/div>\n\t\t<\/div>\n\t<\/div>\n\n\t\t\n<\/div>\n<div style=\"clear:both;\"><\/div><\/p>\n","protected":false},"excerpt":{"rendered":"<p>Wetterschutz &#8211; Ob Wind, Regen oder Schnee mit der Funktionsjacke Vico sind Sie f\u00fcr alle Wetterlagen ger\u00fcstet. Sie ist wasserabweisend, winddicht und atmungsaktiv.<br \/>\nStylisch &#8211; Sportliches Design. Outdoorjacke Vico mit abzippbare Kapuze mit Kordelzug, innen mit Fleece. Mit Rei\u00dfverschluss und Druckknopfleiste zu schlie\u00dfen.<br \/>\n100% Polyamid<\/p>\n","protected":false},"featured_media":10900,"comment_status":"open","ping_status":"closed","template":"","meta":[],"product_cat":[118,125],"product_tag":[],"yoast_head":"<!-- This site is optimized with the Yoast SEO plugin v20.6 - https:\/\/yoast.com\/wordpress\/plugins\/seo\/ -->\n<title>Jan Vanderstorm Herren Funktionsjacke Vico (Herbstjacke, Winterjacke) - FamilienMode<\/title>\n<meta name=\"robots\" content=\"index, follow, max-snippet:-1, max-image-preview:large, max-video-preview:-1\" \/>\n<link rel=\"canonical\" href=\"https:\/\/bekleidungscenter.com\/?product=jan-vanderstorm-herren-funktionsjacke-vico-herbstjacke-winterjacke\" \/>\n<meta property=\"og:locale\" content=\"de_DE\" \/>\n<meta property=\"og:type\" content=\"article\" \/>\n<meta property=\"og:title\" content=\"Jan Vanderstorm Herren Funktionsjacke Vico (Herbstjacke, Winterjacke) - FamilienMode\" \/>\n<meta property=\"og:description\" content=\"Wetterschutz - Ob Wind, Regen oder Schnee mit der Funktionsjacke Vico sind Sie f\u00fcr alle Wetterlagen ger\u00fcstet. Sie ist wasserabweisend, winddicht und atmungsaktiv. Stylisch - Sportliches Design. Outdoorjacke Vico mit abzippbare Kapuze mit Kordelzug, innen mit Fleece. Mit Rei\u00dfverschluss und Druckknopfleiste zu schlie\u00dfen. 100% Polyamid\" \/>\n<meta property=\"og:url\" content=\"https:\/\/bekleidungscenter.com\/?product=jan-vanderstorm-herren-funktionsjacke-vico-herbstjacke-winterjacke\" \/>\n<meta property=\"og:site_name\" content=\"FamilienMode\" \/>\n<meta property=\"article:modified_time\" content=\"2023-04-06T22:04:38+00:00\" \/>\n<meta property=\"og:image\" content=\"https:\/\/images-na.ssl-images-amazon.com\/images\/I\/41O9i9LcZyL.jpg\" \/>\n\t<meta property=\"og:image:width\" content=\"500\" \/>\n\t<meta property=\"og:image:height\" content=\"500\" \/>\n\t<meta property=\"og:image:type\" content=\"image\/jpeg\" \/>\n<meta name=\"twitter:card\" content=\"summary_large_image\" \/>\n<meta name=\"twitter:label1\" content=\"Gesch\u00e4tzte Lesezeit\" \/>\n\t<meta name=\"twitter:data1\" content=\"1\u00a0Minute\" \/>\n<script type=\"application\/ld+json\" class=\"yoast-schema-graph\">{\"@context\":\"https:\/\/schema.org\",\"@graph\":[{\"@type\":\"WebPage\",\"@id\":\"https:\/\/bekleidungscenter.com\/?product=jan-vanderstorm-herren-funktionsjacke-vico-herbstjacke-winterjacke\",\"url\":\"https:\/\/bekleidungscenter.com\/?product=jan-vanderstorm-herren-funktionsjacke-vico-herbstjacke-winterjacke\",\"name\":\"Jan Vanderstorm Herren Funktionsjacke Vico (Herbstjacke, Winterjacke) - FamilienMode\",\"isPartOf\":{\"@id\":\"https:\/\/bekleidungscenter.com\/#website\"},\"datePublished\":\"2021-01-04T02:07:13+00:00\",\"dateModified\":\"2023-04-06T22:04:38+00:00\",\"breadcrumb\":{\"@id\":\"https:\/\/bekleidungscenter.com\/?product=jan-vanderstorm-herren-funktionsjacke-vico-herbstjacke-winterjacke#breadcrumb\"},\"inLanguage\":\"de\",\"potentialAction\":[{\"@type\":\"ReadAction\",\"target\":[\"https:\/\/bekleidungscenter.com\/?product=jan-vanderstorm-herren-funktionsjacke-vico-herbstjacke-winterjacke\"]}]},{\"@type\":\"BreadcrumbList\",\"@id\":\"https:\/\/bekleidungscenter.com\/?product=jan-vanderstorm-herren-funktionsjacke-vico-herbstjacke-winterjacke#breadcrumb\",\"itemListElement\":[{\"@type\":\"ListItem\",\"position\":1,\"name\":\"Home\",\"item\":\"https:\/\/bekleidungscenter.com\/\"},{\"@type\":\"ListItem\",\"position\":2,\"name\":\"Shop\",\"item\":\"https:\/\/bekleidungscenter.com\/?page_id=7\"},{\"@type\":\"ListItem\",\"position\":3,\"name\":\"Jan Vanderstorm Herren Funktionsjacke Vico (Herbstjacke, Winterjacke)\"}]},{\"@type\":\"WebSite\",\"@id\":\"https:\/\/bekleidungscenter.com\/#website\",\"url\":\"https:\/\/bekleidungscenter.com\/\",\"name\":\"FamilienMode\",\"description\":\"Alles f\u00fcr die ganze Familie\",\"potentialAction\":[{\"@type\":\"SearchAction\",\"target\":{\"@type\":\"EntryPoint\",\"urlTemplate\":\"https:\/\/bekleidungscenter.com\/?s={search_term_string}\"},\"query-input\":\"required name=search_term_string\"}],\"inLanguage\":\"de\"}]}<\/script>\n<!-- \/ Yoast SEO plugin. -->","yoast_head_json":{"title":"Jan Vanderstorm Herren Funktionsjacke Vico (Herbstjacke, Winterjacke) - FamilienMode","robots":{"index":"index","follow":"follow","max-snippet":"max-snippet:-1","max-image-preview":"max-image-preview:large","max-video-preview":"max-video-preview:-1"},"canonical":"https:\/\/bekleidungscenter.com\/?product=jan-vanderstorm-herren-funktionsjacke-vico-herbstjacke-winterjacke","og_locale":"de_DE","og_type":"article","og_title":"Jan Vanderstorm Herren Funktionsjacke Vico (Herbstjacke, Winterjacke) - FamilienMode","og_description":"Wetterschutz - Ob Wind, Regen oder Schnee mit der Funktionsjacke Vico sind Sie f\u00fcr alle Wetterlagen ger\u00fcstet. Sie ist wasserabweisend, winddicht und atmungsaktiv. Stylisch - Sportliches Design. Outdoorjacke Vico mit abzippbare Kapuze mit Kordelzug, innen mit Fleece. Mit Rei\u00dfverschluss und Druckknopfleiste zu schlie\u00dfen. 100% Polyamid","og_url":"https:\/\/bekleidungscenter.com\/?product=jan-vanderstorm-herren-funktionsjacke-vico-herbstjacke-winterjacke","og_site_name":"FamilienMode","article_modified_time":"2023-04-06T22:04:38+00:00","og_image":[{"width":500,"height":500,"url":"https:\/\/images-na.ssl-images-amazon.com\/images\/I\/41O9i9LcZyL.jpg","type":"image\/jpeg"}],"twitter_card":"summary_large_image","twitter_misc":{"Gesch\u00e4tzte Lesezeit":"1\u00a0Minute"},"schema":{"@context":"https:\/\/schema.org","@graph":[{"@type":"WebPage","@id":"https:\/\/bekleidungscenter.com\/?product=jan-vanderstorm-herren-funktionsjacke-vico-herbstjacke-winterjacke","url":"https:\/\/bekleidungscenter.com\/?product=jan-vanderstorm-herren-funktionsjacke-vico-herbstjacke-winterjacke","name":"Jan Vanderstorm Herren Funktionsjacke Vico (Herbstjacke, Winterjacke) - FamilienMode","isPartOf":{"@id":"https:\/\/bekleidungscenter.com\/#website"},"datePublished":"2021-01-04T02:07:13+00:00","dateModified":"2023-04-06T22:04:38+00:00","breadcrumb":{"@id":"https:\/\/bekleidungscenter.com\/?product=jan-vanderstorm-herren-funktionsjacke-vico-herbstjacke-winterjacke#breadcrumb"},"inLanguage":"de","potentialAction":[{"@type":"ReadAction","target":["https:\/\/bekleidungscenter.com\/?product=jan-vanderstorm-herren-funktionsjacke-vico-herbstjacke-winterjacke"]}]},{"@type":"BreadcrumbList","@id":"https:\/\/bekleidungscenter.com\/?product=jan-vanderstorm-herren-funktionsjacke-vico-herbstjacke-winterjacke#breadcrumb","itemListElement":[{"@type":"ListItem","position":1,"name":"Home","item":"https:\/\/bekleidungscenter.com\/"},{"@type":"ListItem","position":2,"name":"Shop","item":"https:\/\/bekleidungscenter.com\/?page_id=7"},{"@type":"ListItem","position":3,"name":"Jan Vanderstorm Herren Funktionsjacke Vico (Herbstjacke, Winterjacke)"}]},{"@type":"WebSite","@id":"https:\/\/bekleidungscenter.com\/#website","url":"https:\/\/bekleidungscenter.com\/","name":"FamilienMode","description":"Alles f\u00fcr die ganze Familie","potentialAction":[{"@type":"SearchAction","target":{"@type":"EntryPoint","urlTemplate":"https:\/\/bekleidungscenter.com\/?s={search_term_string}"},"query-input":"required name=search_term_string"}],"inLanguage":"de"}]}},"_links":{"self":[{"href":"https:\/\/bekleidungscenter.com\/index.php?rest_route=\/wp\/v2\/product\/10898"}],"collection":[{"href":"https:\/\/bekleidungscenter.com\/index.php?rest_route=\/wp\/v2\/product"}],"about":[{"href":"https:\/\/bekleidungscenter.com\/index.php?rest_route=\/wp\/v2\/types\/product"}],"replies":[{"embeddable":true,"href":"https:\/\/bekleidungscenter.com\/index.php?rest_route=%2Fwp%2Fv2%2Fcomments&post=10898"}],"wp:featuredmedia":[{"embeddable":true,"href":"https:\/\/bekleidungscenter.com\/index.php?rest_route=\/wp\/v2\/media\/10900"}],"wp:attachment":[{"href":"https:\/\/bekleidungscenter.com\/index.php?rest_route=%2Fwp%2Fv2%2Fmedia&parent=10898"}],"wp:term":[{"taxonomy":"product_cat","embeddable":true,"href":"https:\/\/bekleidungscenter.com\/index.php?rest_route=%2Fwp%2Fv2%2Fproduct_cat&post=10898"},{"taxonomy":"product_tag","embeddable":true,"href":"https:\/\/bekleidungscenter.com\/index.php?rest_route=%2Fwp%2Fv2%2Fproduct_tag&post=10898"}],"curies":[{"name":"wp","href":"https:\/\/api.w.org\/{rel}","templated":true}]}}