{"id":10965,"date":"2021-01-04T02:08:12","date_gmt":"2021-01-04T02:08:12","guid":{"rendered":"http:\/\/bekleidungscenter.com\/?product=regatta-herren-eldric-wasserdichte-shelljacke"},"modified":"2023-04-08T22:25:37","modified_gmt":"2023-04-08T22:25:37","slug":"regatta-herren-eldric-wasserdichte-shelljacke","status":"publish","type":"product","link":"https:\/\/bekleidungscenter.com\/?product=regatta-herren-eldric-wasserdichte-shelljacke","title":{"rendered":"Regatta Herren Eldric Wasserdichte Shell-Jacke"},"content":{"rendered":"<p><!-- show up to 2 reviews by default --> <\/p>\n<h3>Produktbeschreibung<\/h3>\n<p>Wasserdichtes ebenso atmungsaktives Isotex 5000 gepeachtes Polyestergewebe, strapazierf\u00e4higes, wasserabweisendes Schliff, versiegelte N\u00e4hte, Polyester-Taft-Nahrung, interne Sicherheitstasche, leichte, verdeckte Kapuze via Einstellern, verstellbarer Kordelzug, verstellbare \u00c4rmelb\u00fcndchen, 2 tiefsitzende Taschen via Rei\u00dfverschluss ebenso 2 aufgesetzte Brusttaschen. <\/p>\n<h3>Warnhinweise<\/h3>\n<p>Bitte entschl\u00fcsseln Selbige ehe Nutzung die Produktbeschreibung. <\/p>\n<p>Wasserdichtes ebenso atmungsaktives Isotex 5000 gepeachtes Polyestergewebe.<br \/>\nLanglebige, wasserabweisende Beschichtung.<br \/>\nLangarm<br \/>\nObstruktion: Rei\u00c3\u0178verschluss<br \/>\n100% Polyester<br \/>\nEldric<br \/>\nPflegehinweis: Dessen ungeachtet Handw\u00e4sche<br \/>\nModellnummer: RMW265 5XD50<br \/>\nverschwei\u00dfte N\u00e4hte<br \/>\n<div class=\"main-cross-sell\" data-asin=\"B079DCM4CF\">\n\n\t<div class=\"WooZone-cross-sell-loader\">\n\t\t<div>\n\t\t\t<div id=\"floatingBarsG\">\n\t\t\t\t<div class=\"blockG\" id=\"rotateG_01\"><\/div>\n\t\t\t\t<div class=\"blockG\" id=\"rotateG_02\"><\/div>\n\t\t\t\t<div class=\"blockG\" id=\"rotateG_03\"><\/div>\n\t\t\t\t<div class=\"blockG\" id=\"rotateG_04\"><\/div>\n\t\t\t\t<div class=\"blockG\" id=\"rotateG_05\"><\/div>\n\t\t\t\t<div class=\"blockG\" id=\"rotateG_06\"><\/div>\n\t\t\t\t<div class=\"blockG\" id=\"rotateG_07\"><\/div>\n\t\t\t\t<div class=\"blockG\" id=\"rotateG_08\"><\/div>\n\t\t\t<\/div>\n\t\t\t<div class=\"WooZone-cross-sell-loader-text\"><\/div>\n\t\t<\/div>\n\t<\/div>\n\n\t\t\n<\/div>\n<div style=\"clear:both;\"><\/div><\/p>\n","protected":false},"excerpt":{"rendered":"<p>Wasserdichtes und atmungsaktives Isotex 5000 gepeachtes Polyestergewebe.<br \/>\nLanglebige, wasserabweisende Beschichtung.<br \/>\nLangarm<\/p>\n","protected":false},"featured_media":10966,"comment_status":"open","ping_status":"closed","template":"","meta":[],"product_cat":[118,125],"product_tag":[],"yoast_head":"<!-- This site is optimized with the Yoast SEO plugin v20.6 - https:\/\/yoast.com\/wordpress\/plugins\/seo\/ -->\n<title>Regatta Herren Eldric Wasserdichte Shell-Jacke - FamilienMode<\/title>\n<meta name=\"robots\" content=\"index, follow, max-snippet:-1, max-image-preview:large, max-video-preview:-1\" \/>\n<link rel=\"canonical\" href=\"https:\/\/bekleidungscenter.com\/?product=regatta-herren-eldric-wasserdichte-shelljacke\" \/>\n<meta property=\"og:locale\" content=\"de_DE\" \/>\n<meta property=\"og:type\" content=\"article\" \/>\n<meta property=\"og:title\" content=\"Regatta Herren Eldric Wasserdichte Shell-Jacke - FamilienMode\" \/>\n<meta property=\"og:description\" content=\"Wasserdichtes und atmungsaktives Isotex 5000 gepeachtes Polyestergewebe. Langlebige, wasserabweisende Beschichtung. Langarm\" \/>\n<meta property=\"og:url\" content=\"https:\/\/bekleidungscenter.com\/?product=regatta-herren-eldric-wasserdichte-shelljacke\" \/>\n<meta property=\"og:site_name\" content=\"FamilienMode\" \/>\n<meta property=\"article:modified_time\" content=\"2023-04-08T22:25:37+00:00\" \/>\n<meta property=\"og:image\" content=\"https:\/\/images-na.ssl-images-amazon.com\/images\/I\/41xKc4Z5vaL.jpg\" \/>\n\t<meta property=\"og:image:width\" content=\"500\" \/>\n\t<meta property=\"og:image:height\" content=\"500\" \/>\n\t<meta property=\"og:image:type\" content=\"image\/jpeg\" \/>\n<meta name=\"twitter:card\" content=\"summary_large_image\" \/>\n<script type=\"application\/ld+json\" class=\"yoast-schema-graph\">{\"@context\":\"https:\/\/schema.org\",\"@graph\":[{\"@type\":\"WebPage\",\"@id\":\"https:\/\/bekleidungscenter.com\/?product=regatta-herren-eldric-wasserdichte-shelljacke\",\"url\":\"https:\/\/bekleidungscenter.com\/?product=regatta-herren-eldric-wasserdichte-shelljacke\",\"name\":\"Regatta Herren Eldric Wasserdichte Shell-Jacke - FamilienMode\",\"isPartOf\":{\"@id\":\"https:\/\/bekleidungscenter.com\/#website\"},\"datePublished\":\"2021-01-04T02:08:12+00:00\",\"dateModified\":\"2023-04-08T22:25:37+00:00\",\"breadcrumb\":{\"@id\":\"https:\/\/bekleidungscenter.com\/?product=regatta-herren-eldric-wasserdichte-shelljacke#breadcrumb\"},\"inLanguage\":\"de\",\"potentialAction\":[{\"@type\":\"ReadAction\",\"target\":[\"https:\/\/bekleidungscenter.com\/?product=regatta-herren-eldric-wasserdichte-shelljacke\"]}]},{\"@type\":\"BreadcrumbList\",\"@id\":\"https:\/\/bekleidungscenter.com\/?product=regatta-herren-eldric-wasserdichte-shelljacke#breadcrumb\",\"itemListElement\":[{\"@type\":\"ListItem\",\"position\":1,\"name\":\"Home\",\"item\":\"https:\/\/bekleidungscenter.com\/\"},{\"@type\":\"ListItem\",\"position\":2,\"name\":\"Shop\",\"item\":\"https:\/\/bekleidungscenter.com\/?page_id=7\"},{\"@type\":\"ListItem\",\"position\":3,\"name\":\"Regatta Herren Eldric Wasserdichte Shell-Jacke\"}]},{\"@type\":\"WebSite\",\"@id\":\"https:\/\/bekleidungscenter.com\/#website\",\"url\":\"https:\/\/bekleidungscenter.com\/\",\"name\":\"FamilienMode\",\"description\":\"Alles f\u00fcr die ganze Familie\",\"potentialAction\":[{\"@type\":\"SearchAction\",\"target\":{\"@type\":\"EntryPoint\",\"urlTemplate\":\"https:\/\/bekleidungscenter.com\/?s={search_term_string}\"},\"query-input\":\"required name=search_term_string\"}],\"inLanguage\":\"de\"}]}<\/script>\n<!-- \/ Yoast SEO plugin. -->","yoast_head_json":{"title":"Regatta Herren Eldric Wasserdichte Shell-Jacke - FamilienMode","robots":{"index":"index","follow":"follow","max-snippet":"max-snippet:-1","max-image-preview":"max-image-preview:large","max-video-preview":"max-video-preview:-1"},"canonical":"https:\/\/bekleidungscenter.com\/?product=regatta-herren-eldric-wasserdichte-shelljacke","og_locale":"de_DE","og_type":"article","og_title":"Regatta Herren Eldric Wasserdichte Shell-Jacke - FamilienMode","og_description":"Wasserdichtes und atmungsaktives Isotex 5000 gepeachtes Polyestergewebe. Langlebige, wasserabweisende Beschichtung. Langarm","og_url":"https:\/\/bekleidungscenter.com\/?product=regatta-herren-eldric-wasserdichte-shelljacke","og_site_name":"FamilienMode","article_modified_time":"2023-04-08T22:25:37+00:00","og_image":[{"width":500,"height":500,"url":"https:\/\/images-na.ssl-images-amazon.com\/images\/I\/41xKc4Z5vaL.jpg","type":"image\/jpeg"}],"twitter_card":"summary_large_image","schema":{"@context":"https:\/\/schema.org","@graph":[{"@type":"WebPage","@id":"https:\/\/bekleidungscenter.com\/?product=regatta-herren-eldric-wasserdichte-shelljacke","url":"https:\/\/bekleidungscenter.com\/?product=regatta-herren-eldric-wasserdichte-shelljacke","name":"Regatta Herren Eldric Wasserdichte Shell-Jacke - FamilienMode","isPartOf":{"@id":"https:\/\/bekleidungscenter.com\/#website"},"datePublished":"2021-01-04T02:08:12+00:00","dateModified":"2023-04-08T22:25:37+00:00","breadcrumb":{"@id":"https:\/\/bekleidungscenter.com\/?product=regatta-herren-eldric-wasserdichte-shelljacke#breadcrumb"},"inLanguage":"de","potentialAction":[{"@type":"ReadAction","target":["https:\/\/bekleidungscenter.com\/?product=regatta-herren-eldric-wasserdichte-shelljacke"]}]},{"@type":"BreadcrumbList","@id":"https:\/\/bekleidungscenter.com\/?product=regatta-herren-eldric-wasserdichte-shelljacke#breadcrumb","itemListElement":[{"@type":"ListItem","position":1,"name":"Home","item":"https:\/\/bekleidungscenter.com\/"},{"@type":"ListItem","position":2,"name":"Shop","item":"https:\/\/bekleidungscenter.com\/?page_id=7"},{"@type":"ListItem","position":3,"name":"Regatta Herren Eldric Wasserdichte Shell-Jacke"}]},{"@type":"WebSite","@id":"https:\/\/bekleidungscenter.com\/#website","url":"https:\/\/bekleidungscenter.com\/","name":"FamilienMode","description":"Alles f\u00fcr die ganze Familie","potentialAction":[{"@type":"SearchAction","target":{"@type":"EntryPoint","urlTemplate":"https:\/\/bekleidungscenter.com\/?s={search_term_string}"},"query-input":"required name=search_term_string"}],"inLanguage":"de"}]}},"_links":{"self":[{"href":"https:\/\/bekleidungscenter.com\/index.php?rest_route=\/wp\/v2\/product\/10965"}],"collection":[{"href":"https:\/\/bekleidungscenter.com\/index.php?rest_route=\/wp\/v2\/product"}],"about":[{"href":"https:\/\/bekleidungscenter.com\/index.php?rest_route=\/wp\/v2\/types\/product"}],"replies":[{"embeddable":true,"href":"https:\/\/bekleidungscenter.com\/index.php?rest_route=%2Fwp%2Fv2%2Fcomments&post=10965"}],"wp:featuredmedia":[{"embeddable":true,"href":"https:\/\/bekleidungscenter.com\/index.php?rest_route=\/wp\/v2\/media\/10966"}],"wp:attachment":[{"href":"https:\/\/bekleidungscenter.com\/index.php?rest_route=%2Fwp%2Fv2%2Fmedia&parent=10965"}],"wp:term":[{"taxonomy":"product_cat","embeddable":true,"href":"https:\/\/bekleidungscenter.com\/index.php?rest_route=%2Fwp%2Fv2%2Fproduct_cat&post=10965"},{"taxonomy":"product_tag","embeddable":true,"href":"https:\/\/bekleidungscenter.com\/index.php?rest_route=%2Fwp%2Fv2%2Fproduct_tag&post=10965"}],"curies":[{"name":"wp","href":"https:\/\/api.w.org\/{rel}","templated":true}]}}