{"id":10973,"date":"2021-01-04T02:08:21","date_gmt":"2021-01-04T02:08:21","guid":{"rendered":"http:\/\/bekleidungscenter.com\/?product=regatta-herren-pendan-ii-water-repellent-hooded-hybrid-fleece"},"modified":"2023-04-08T22:25:37","modified_gmt":"2023-04-08T22:25:37","slug":"regatta-herren-pendan-ii-water-repellent-hooded-hybrid-fleece","status":"publish","type":"product","link":"https:\/\/bekleidungscenter.com\/?product=regatta-herren-pendan-ii-water-repellent-hooded-hybrid-fleece","title":{"rendered":"Regatta Herren Pendan Ii Water Repellent Hooded Hybrid Fleece"},"content":{"rendered":"<p><!-- show up to 2 reviews by default --> <\/p>\n<p>Die Herren-Hybridjacke von Regatta kombiniert hochkomprimierbare, warme Daunenf\u00fcllung Durch Extol-Stretch-Eins\u00e4tzen ferner Fleece, um Ihren Rumpf zu sch\u00fctzen ferner gleichzeitig volle Reichweite ferner Bewegungsfreiheit zu erm\u00f6glichen. Der K\u00f6rperstoff ist Durch einer DWR durchg\u00e4ngig wasserabweisenden \u00c4u\u00dferes behandelt, um vor Summit Schauern zu sch\u00fctzen. Stretch-Verbindung ferner Daumenschlaufen umsorgen eine optimierte Passform. Durch Regatta-Outdoors Emblem aufw\u00e4rts dem \u00c4rmel. <\/p>\n<p>300 g\/m\u00b2 Polyester\/Acryl\/Viskose-Fleece<br \/>\nExtol-Stretch-Seiten- ferner Unterarm-Eins\u00e4tze<br \/>\n100% Polyester<br \/>\nPendan II Wasserabweisender Provokant-Kapuze<br \/>\nModellnummer: RMA337<br \/>\nLanglebige, wasserabweisende Beschichtung<br \/>\nSynthetische, warme, wasserabweisende Vereinzelung Durch Daunen-Haptik<br \/>\nLeichte F\u00fcllung<br \/>\n<div class=\"main-cross-sell\" data-asin=\"B07DPS7WZL\">\n\n\t<div class=\"WooZone-cross-sell-loader\">\n\t\t<div>\n\t\t\t<div id=\"floatingBarsG\">\n\t\t\t\t<div class=\"blockG\" id=\"rotateG_01\"><\/div>\n\t\t\t\t<div class=\"blockG\" id=\"rotateG_02\"><\/div>\n\t\t\t\t<div class=\"blockG\" id=\"rotateG_03\"><\/div>\n\t\t\t\t<div class=\"blockG\" id=\"rotateG_04\"><\/div>\n\t\t\t\t<div class=\"blockG\" id=\"rotateG_05\"><\/div>\n\t\t\t\t<div class=\"blockG\" id=\"rotateG_06\"><\/div>\n\t\t\t\t<div class=\"blockG\" id=\"rotateG_07\"><\/div>\n\t\t\t\t<div class=\"blockG\" id=\"rotateG_08\"><\/div>\n\t\t\t<\/div>\n\t\t\t<div class=\"WooZone-cross-sell-loader-text\"><\/div>\n\t\t<\/div>\n\t<\/div>\n\n\t\t\n<\/div>\n<div style=\"clear:both;\"><\/div><\/p>\n","protected":false},"excerpt":{"rendered":"<p>300 g\/m\u00b2 Polyester\/Acryl\/Viskose-Fleece<br \/>\nExtol-Stretch-Seiten- und Unterarm-Eins\u00e4tze<br \/>\n100% Polyester<\/p>\n","protected":false},"featured_media":10974,"comment_status":"open","ping_status":"closed","template":"","meta":[],"product_cat":[118,125],"product_tag":[],"yoast_head":"<!-- This site is optimized with the Yoast SEO plugin v20.6 - https:\/\/yoast.com\/wordpress\/plugins\/seo\/ -->\n<title>Regatta Herren Pendan Ii Water Repellent Hooded Hybrid Fleece - FamilienMode<\/title>\n<meta name=\"robots\" content=\"index, follow, max-snippet:-1, max-image-preview:large, max-video-preview:-1\" \/>\n<link rel=\"canonical\" href=\"https:\/\/bekleidungscenter.com\/?product=regatta-herren-pendan-ii-water-repellent-hooded-hybrid-fleece\" \/>\n<meta property=\"og:locale\" content=\"de_DE\" \/>\n<meta property=\"og:type\" content=\"article\" \/>\n<meta property=\"og:title\" content=\"Regatta Herren Pendan Ii Water Repellent Hooded Hybrid Fleece - FamilienMode\" \/>\n<meta property=\"og:description\" content=\"300 g\/m\u00b2 Polyester\/Acryl\/Viskose-Fleece Extol-Stretch-Seiten- und Unterarm-Eins\u00e4tze 100% Polyester\" \/>\n<meta property=\"og:url\" content=\"https:\/\/bekleidungscenter.com\/?product=regatta-herren-pendan-ii-water-repellent-hooded-hybrid-fleece\" \/>\n<meta property=\"og:site_name\" content=\"FamilienMode\" \/>\n<meta property=\"article:modified_time\" content=\"2023-04-08T22:25:37+00:00\" \/>\n<meta property=\"og:image\" content=\"https:\/\/images-na.ssl-images-amazon.com\/images\/I\/41Tv20jenaL.jpg\" \/>\n\t<meta property=\"og:image:width\" content=\"500\" \/>\n\t<meta property=\"og:image:height\" content=\"500\" \/>\n\t<meta property=\"og:image:type\" content=\"image\/jpeg\" \/>\n<meta name=\"twitter:card\" content=\"summary_large_image\" \/>\n<script type=\"application\/ld+json\" class=\"yoast-schema-graph\">{\"@context\":\"https:\/\/schema.org\",\"@graph\":[{\"@type\":\"WebPage\",\"@id\":\"https:\/\/bekleidungscenter.com\/?product=regatta-herren-pendan-ii-water-repellent-hooded-hybrid-fleece\",\"url\":\"https:\/\/bekleidungscenter.com\/?product=regatta-herren-pendan-ii-water-repellent-hooded-hybrid-fleece\",\"name\":\"Regatta Herren Pendan Ii Water Repellent Hooded Hybrid Fleece - FamilienMode\",\"isPartOf\":{\"@id\":\"https:\/\/bekleidungscenter.com\/#website\"},\"datePublished\":\"2021-01-04T02:08:21+00:00\",\"dateModified\":\"2023-04-08T22:25:37+00:00\",\"breadcrumb\":{\"@id\":\"https:\/\/bekleidungscenter.com\/?product=regatta-herren-pendan-ii-water-repellent-hooded-hybrid-fleece#breadcrumb\"},\"inLanguage\":\"de\",\"potentialAction\":[{\"@type\":\"ReadAction\",\"target\":[\"https:\/\/bekleidungscenter.com\/?product=regatta-herren-pendan-ii-water-repellent-hooded-hybrid-fleece\"]}]},{\"@type\":\"BreadcrumbList\",\"@id\":\"https:\/\/bekleidungscenter.com\/?product=regatta-herren-pendan-ii-water-repellent-hooded-hybrid-fleece#breadcrumb\",\"itemListElement\":[{\"@type\":\"ListItem\",\"position\":1,\"name\":\"Home\",\"item\":\"https:\/\/bekleidungscenter.com\/\"},{\"@type\":\"ListItem\",\"position\":2,\"name\":\"Shop\",\"item\":\"https:\/\/bekleidungscenter.com\/?page_id=7\"},{\"@type\":\"ListItem\",\"position\":3,\"name\":\"Regatta Herren Pendan Ii Water Repellent Hooded Hybrid Fleece\"}]},{\"@type\":\"WebSite\",\"@id\":\"https:\/\/bekleidungscenter.com\/#website\",\"url\":\"https:\/\/bekleidungscenter.com\/\",\"name\":\"FamilienMode\",\"description\":\"Alles f\u00fcr die ganze Familie\",\"potentialAction\":[{\"@type\":\"SearchAction\",\"target\":{\"@type\":\"EntryPoint\",\"urlTemplate\":\"https:\/\/bekleidungscenter.com\/?s={search_term_string}\"},\"query-input\":\"required name=search_term_string\"}],\"inLanguage\":\"de\"}]}<\/script>\n<!-- \/ Yoast SEO plugin. -->","yoast_head_json":{"title":"Regatta Herren Pendan Ii Water Repellent Hooded Hybrid Fleece - FamilienMode","robots":{"index":"index","follow":"follow","max-snippet":"max-snippet:-1","max-image-preview":"max-image-preview:large","max-video-preview":"max-video-preview:-1"},"canonical":"https:\/\/bekleidungscenter.com\/?product=regatta-herren-pendan-ii-water-repellent-hooded-hybrid-fleece","og_locale":"de_DE","og_type":"article","og_title":"Regatta Herren Pendan Ii Water Repellent Hooded Hybrid Fleece - FamilienMode","og_description":"300 g\/m\u00b2 Polyester\/Acryl\/Viskose-Fleece Extol-Stretch-Seiten- und Unterarm-Eins\u00e4tze 100% Polyester","og_url":"https:\/\/bekleidungscenter.com\/?product=regatta-herren-pendan-ii-water-repellent-hooded-hybrid-fleece","og_site_name":"FamilienMode","article_modified_time":"2023-04-08T22:25:37+00:00","og_image":[{"width":500,"height":500,"url":"https:\/\/images-na.ssl-images-amazon.com\/images\/I\/41Tv20jenaL.jpg","type":"image\/jpeg"}],"twitter_card":"summary_large_image","schema":{"@context":"https:\/\/schema.org","@graph":[{"@type":"WebPage","@id":"https:\/\/bekleidungscenter.com\/?product=regatta-herren-pendan-ii-water-repellent-hooded-hybrid-fleece","url":"https:\/\/bekleidungscenter.com\/?product=regatta-herren-pendan-ii-water-repellent-hooded-hybrid-fleece","name":"Regatta Herren Pendan Ii Water Repellent Hooded Hybrid Fleece - FamilienMode","isPartOf":{"@id":"https:\/\/bekleidungscenter.com\/#website"},"datePublished":"2021-01-04T02:08:21+00:00","dateModified":"2023-04-08T22:25:37+00:00","breadcrumb":{"@id":"https:\/\/bekleidungscenter.com\/?product=regatta-herren-pendan-ii-water-repellent-hooded-hybrid-fleece#breadcrumb"},"inLanguage":"de","potentialAction":[{"@type":"ReadAction","target":["https:\/\/bekleidungscenter.com\/?product=regatta-herren-pendan-ii-water-repellent-hooded-hybrid-fleece"]}]},{"@type":"BreadcrumbList","@id":"https:\/\/bekleidungscenter.com\/?product=regatta-herren-pendan-ii-water-repellent-hooded-hybrid-fleece#breadcrumb","itemListElement":[{"@type":"ListItem","position":1,"name":"Home","item":"https:\/\/bekleidungscenter.com\/"},{"@type":"ListItem","position":2,"name":"Shop","item":"https:\/\/bekleidungscenter.com\/?page_id=7"},{"@type":"ListItem","position":3,"name":"Regatta Herren Pendan Ii Water Repellent Hooded Hybrid Fleece"}]},{"@type":"WebSite","@id":"https:\/\/bekleidungscenter.com\/#website","url":"https:\/\/bekleidungscenter.com\/","name":"FamilienMode","description":"Alles f\u00fcr die ganze Familie","potentialAction":[{"@type":"SearchAction","target":{"@type":"EntryPoint","urlTemplate":"https:\/\/bekleidungscenter.com\/?s={search_term_string}"},"query-input":"required name=search_term_string"}],"inLanguage":"de"}]}},"_links":{"self":[{"href":"https:\/\/bekleidungscenter.com\/index.php?rest_route=\/wp\/v2\/product\/10973"}],"collection":[{"href":"https:\/\/bekleidungscenter.com\/index.php?rest_route=\/wp\/v2\/product"}],"about":[{"href":"https:\/\/bekleidungscenter.com\/index.php?rest_route=\/wp\/v2\/types\/product"}],"replies":[{"embeddable":true,"href":"https:\/\/bekleidungscenter.com\/index.php?rest_route=%2Fwp%2Fv2%2Fcomments&post=10973"}],"wp:featuredmedia":[{"embeddable":true,"href":"https:\/\/bekleidungscenter.com\/index.php?rest_route=\/wp\/v2\/media\/10974"}],"wp:attachment":[{"href":"https:\/\/bekleidungscenter.com\/index.php?rest_route=%2Fwp%2Fv2%2Fmedia&parent=10973"}],"wp:term":[{"taxonomy":"product_cat","embeddable":true,"href":"https:\/\/bekleidungscenter.com\/index.php?rest_route=%2Fwp%2Fv2%2Fproduct_cat&post=10973"},{"taxonomy":"product_tag","embeddable":true,"href":"https:\/\/bekleidungscenter.com\/index.php?rest_route=%2Fwp%2Fv2%2Fproduct_tag&post=10973"}],"curies":[{"name":"wp","href":"https:\/\/api.w.org\/{rel}","templated":true}]}}