{"id":10997,"date":"2021-01-04T02:08:47","date_gmt":"2021-01-04T02:08:47","guid":{"rendered":"http:\/\/bekleidungscenter.com\/?product=regatta-herren-chilton-iii-lightweight-water-repellent-hybrid-fleece"},"modified":"2023-04-08T22:25:38","modified_gmt":"2023-04-08T22:25:38","slug":"regatta-herren-chilton-iii-lightweight-water-repellent-hybrid-fleece","status":"publish","type":"product","link":"https:\/\/bekleidungscenter.com\/?product=regatta-herren-chilton-iii-lightweight-water-repellent-hybrid-fleece","title":{"rendered":"Regatta Herren Chilton Iii Hybrid-wasserabweiser, Leicht Fleece"},"content":{"rendered":"<p><!-- show up to 2 reviews by default --> <\/p>\n<p>Die Chilton Kess-Jacke anstatt Herren von Regatta ist s\u00e4mtliche wasserabweisendem, gestepptem Polyester anhand deutlich komprimierbarer im \u00dcbrigen warmer Daunenf\u00fcllung. Wintergewichtiges Fleece anhand 295 Edelsteinen an den Seiten im \u00dcbrigen den Armen sorgt anstatt bewegungsfreundliche Behaglichkeit. H\u00fcftlang geschnitten, anhand Stretch-Anbindung im \u00dcbrigen dem Regatta-Outdoors Plakette am \u00c4rmel. <\/p>\n<p>295 g\/m\u00b2 Polyester\/Viskose-Fleece-Stoff.<br \/>\nSynthetische, warme, wasserabweisende Isolation anhand Daunen-Haptik.<br \/>\n65% Polyester, 35% Viskose<br \/>\nChilton III Leichtes, wasserabweisendes Kess<br \/>\nModellnummer: RMA339<br \/>\nLeichte F\u00fcllung<br \/>\nLanglebige, wasserabweisende Beschichtung.<br \/>\n2 tiefsitzende Taschen anhand Rei\u00dfverschluss.<br \/>\n<div class=\"main-cross-sell\" data-asin=\"B07D138FHM\">\n\n\t<div class=\"WooZone-cross-sell-loader\">\n\t\t<div>\n\t\t\t<div id=\"floatingBarsG\">\n\t\t\t\t<div class=\"blockG\" id=\"rotateG_01\"><\/div>\n\t\t\t\t<div class=\"blockG\" id=\"rotateG_02\"><\/div>\n\t\t\t\t<div class=\"blockG\" id=\"rotateG_03\"><\/div>\n\t\t\t\t<div class=\"blockG\" id=\"rotateG_04\"><\/div>\n\t\t\t\t<div class=\"blockG\" id=\"rotateG_05\"><\/div>\n\t\t\t\t<div class=\"blockG\" id=\"rotateG_06\"><\/div>\n\t\t\t\t<div class=\"blockG\" id=\"rotateG_07\"><\/div>\n\t\t\t\t<div class=\"blockG\" id=\"rotateG_08\"><\/div>\n\t\t\t<\/div>\n\t\t\t<div class=\"WooZone-cross-sell-loader-text\"><\/div>\n\t\t<\/div>\n\t<\/div>\n\n\t\t\n<\/div>\n<div style=\"clear:both;\"><\/div><\/p>\n","protected":false},"excerpt":{"rendered":"<p>295 g\/m\u00b2 Polyester\/Viskose-Fleece-Stoff.<br \/>\nSynthetische, warme, wasserabweisende Isolierung mit Daunen-Haptik.<br \/>\n65% Polyester, 35% Viskose<\/p>\n","protected":false},"featured_media":10998,"comment_status":"open","ping_status":"closed","template":"","meta":[],"product_cat":[118,125],"product_tag":[],"yoast_head":"<!-- This site is optimized with the Yoast SEO plugin v20.6 - https:\/\/yoast.com\/wordpress\/plugins\/seo\/ -->\n<title>Regatta Herren Chilton Iii Hybrid-wasserabweiser, Leicht Fleece - FamilienMode<\/title>\n<meta name=\"robots\" content=\"index, follow, max-snippet:-1, max-image-preview:large, max-video-preview:-1\" \/>\n<link rel=\"canonical\" href=\"https:\/\/bekleidungscenter.com\/?product=regatta-herren-chilton-iii-lightweight-water-repellent-hybrid-fleece\" \/>\n<meta property=\"og:locale\" content=\"de_DE\" \/>\n<meta property=\"og:type\" content=\"article\" \/>\n<meta property=\"og:title\" content=\"Regatta Herren Chilton Iii Hybrid-wasserabweiser, Leicht Fleece - FamilienMode\" \/>\n<meta property=\"og:description\" content=\"295 g\/m\u00b2 Polyester\/Viskose-Fleece-Stoff. Synthetische, warme, wasserabweisende Isolierung mit Daunen-Haptik. 65% Polyester, 35% Viskose\" \/>\n<meta property=\"og:url\" content=\"https:\/\/bekleidungscenter.com\/?product=regatta-herren-chilton-iii-lightweight-water-repellent-hybrid-fleece\" \/>\n<meta property=\"og:site_name\" content=\"FamilienMode\" \/>\n<meta property=\"article:modified_time\" content=\"2023-04-08T22:25:38+00:00\" \/>\n<meta property=\"og:image\" content=\"https:\/\/images-na.ssl-images-amazon.com\/images\/I\/415%2BbqQ4-fL.jpg\" \/>\n\t<meta property=\"og:image:width\" content=\"500\" \/>\n\t<meta property=\"og:image:height\" content=\"500\" \/>\n\t<meta property=\"og:image:type\" content=\"image\/jpeg\" \/>\n<meta name=\"twitter:card\" content=\"summary_large_image\" \/>\n<script type=\"application\/ld+json\" class=\"yoast-schema-graph\">{\"@context\":\"https:\/\/schema.org\",\"@graph\":[{\"@type\":\"WebPage\",\"@id\":\"https:\/\/bekleidungscenter.com\/?product=regatta-herren-chilton-iii-lightweight-water-repellent-hybrid-fleece\",\"url\":\"https:\/\/bekleidungscenter.com\/?product=regatta-herren-chilton-iii-lightweight-water-repellent-hybrid-fleece\",\"name\":\"Regatta Herren Chilton Iii Hybrid-wasserabweiser, Leicht Fleece - FamilienMode\",\"isPartOf\":{\"@id\":\"https:\/\/bekleidungscenter.com\/#website\"},\"datePublished\":\"2021-01-04T02:08:47+00:00\",\"dateModified\":\"2023-04-08T22:25:38+00:00\",\"breadcrumb\":{\"@id\":\"https:\/\/bekleidungscenter.com\/?product=regatta-herren-chilton-iii-lightweight-water-repellent-hybrid-fleece#breadcrumb\"},\"inLanguage\":\"de\",\"potentialAction\":[{\"@type\":\"ReadAction\",\"target\":[\"https:\/\/bekleidungscenter.com\/?product=regatta-herren-chilton-iii-lightweight-water-repellent-hybrid-fleece\"]}]},{\"@type\":\"BreadcrumbList\",\"@id\":\"https:\/\/bekleidungscenter.com\/?product=regatta-herren-chilton-iii-lightweight-water-repellent-hybrid-fleece#breadcrumb\",\"itemListElement\":[{\"@type\":\"ListItem\",\"position\":1,\"name\":\"Home\",\"item\":\"https:\/\/bekleidungscenter.com\/\"},{\"@type\":\"ListItem\",\"position\":2,\"name\":\"Shop\",\"item\":\"https:\/\/bekleidungscenter.com\/?page_id=7\"},{\"@type\":\"ListItem\",\"position\":3,\"name\":\"Regatta Herren Chilton Iii Hybrid-wasserabweiser, Leicht Fleece\"}]},{\"@type\":\"WebSite\",\"@id\":\"https:\/\/bekleidungscenter.com\/#website\",\"url\":\"https:\/\/bekleidungscenter.com\/\",\"name\":\"FamilienMode\",\"description\":\"Alles f\u00fcr die ganze Familie\",\"potentialAction\":[{\"@type\":\"SearchAction\",\"target\":{\"@type\":\"EntryPoint\",\"urlTemplate\":\"https:\/\/bekleidungscenter.com\/?s={search_term_string}\"},\"query-input\":\"required name=search_term_string\"}],\"inLanguage\":\"de\"}]}<\/script>\n<!-- \/ Yoast SEO plugin. -->","yoast_head_json":{"title":"Regatta Herren Chilton Iii Hybrid-wasserabweiser, Leicht Fleece - FamilienMode","robots":{"index":"index","follow":"follow","max-snippet":"max-snippet:-1","max-image-preview":"max-image-preview:large","max-video-preview":"max-video-preview:-1"},"canonical":"https:\/\/bekleidungscenter.com\/?product=regatta-herren-chilton-iii-lightweight-water-repellent-hybrid-fleece","og_locale":"de_DE","og_type":"article","og_title":"Regatta Herren Chilton Iii Hybrid-wasserabweiser, Leicht Fleece - FamilienMode","og_description":"295 g\/m\u00b2 Polyester\/Viskose-Fleece-Stoff. Synthetische, warme, wasserabweisende Isolierung mit Daunen-Haptik. 65% Polyester, 35% Viskose","og_url":"https:\/\/bekleidungscenter.com\/?product=regatta-herren-chilton-iii-lightweight-water-repellent-hybrid-fleece","og_site_name":"FamilienMode","article_modified_time":"2023-04-08T22:25:38+00:00","og_image":[{"width":500,"height":500,"url":"https:\/\/images-na.ssl-images-amazon.com\/images\/I\/415%2BbqQ4-fL.jpg","type":"image\/jpeg"}],"twitter_card":"summary_large_image","schema":{"@context":"https:\/\/schema.org","@graph":[{"@type":"WebPage","@id":"https:\/\/bekleidungscenter.com\/?product=regatta-herren-chilton-iii-lightweight-water-repellent-hybrid-fleece","url":"https:\/\/bekleidungscenter.com\/?product=regatta-herren-chilton-iii-lightweight-water-repellent-hybrid-fleece","name":"Regatta Herren Chilton Iii Hybrid-wasserabweiser, Leicht Fleece - FamilienMode","isPartOf":{"@id":"https:\/\/bekleidungscenter.com\/#website"},"datePublished":"2021-01-04T02:08:47+00:00","dateModified":"2023-04-08T22:25:38+00:00","breadcrumb":{"@id":"https:\/\/bekleidungscenter.com\/?product=regatta-herren-chilton-iii-lightweight-water-repellent-hybrid-fleece#breadcrumb"},"inLanguage":"de","potentialAction":[{"@type":"ReadAction","target":["https:\/\/bekleidungscenter.com\/?product=regatta-herren-chilton-iii-lightweight-water-repellent-hybrid-fleece"]}]},{"@type":"BreadcrumbList","@id":"https:\/\/bekleidungscenter.com\/?product=regatta-herren-chilton-iii-lightweight-water-repellent-hybrid-fleece#breadcrumb","itemListElement":[{"@type":"ListItem","position":1,"name":"Home","item":"https:\/\/bekleidungscenter.com\/"},{"@type":"ListItem","position":2,"name":"Shop","item":"https:\/\/bekleidungscenter.com\/?page_id=7"},{"@type":"ListItem","position":3,"name":"Regatta Herren Chilton Iii Hybrid-wasserabweiser, Leicht Fleece"}]},{"@type":"WebSite","@id":"https:\/\/bekleidungscenter.com\/#website","url":"https:\/\/bekleidungscenter.com\/","name":"FamilienMode","description":"Alles f\u00fcr die ganze Familie","potentialAction":[{"@type":"SearchAction","target":{"@type":"EntryPoint","urlTemplate":"https:\/\/bekleidungscenter.com\/?s={search_term_string}"},"query-input":"required name=search_term_string"}],"inLanguage":"de"}]}},"_links":{"self":[{"href":"https:\/\/bekleidungscenter.com\/index.php?rest_route=\/wp\/v2\/product\/10997"}],"collection":[{"href":"https:\/\/bekleidungscenter.com\/index.php?rest_route=\/wp\/v2\/product"}],"about":[{"href":"https:\/\/bekleidungscenter.com\/index.php?rest_route=\/wp\/v2\/types\/product"}],"replies":[{"embeddable":true,"href":"https:\/\/bekleidungscenter.com\/index.php?rest_route=%2Fwp%2Fv2%2Fcomments&post=10997"}],"wp:featuredmedia":[{"embeddable":true,"href":"https:\/\/bekleidungscenter.com\/index.php?rest_route=\/wp\/v2\/media\/10998"}],"wp:attachment":[{"href":"https:\/\/bekleidungscenter.com\/index.php?rest_route=%2Fwp%2Fv2%2Fmedia&parent=10997"}],"wp:term":[{"taxonomy":"product_cat","embeddable":true,"href":"https:\/\/bekleidungscenter.com\/index.php?rest_route=%2Fwp%2Fv2%2Fproduct_cat&post=10997"},{"taxonomy":"product_tag","embeddable":true,"href":"https:\/\/bekleidungscenter.com\/index.php?rest_route=%2Fwp%2Fv2%2Fproduct_tag&post=10997"}],"curies":[{"name":"wp","href":"https:\/\/api.w.org\/{rel}","templated":true}]}}