{"id":11001,"date":"2021-01-04T02:08:53","date_gmt":"2021-01-04T02:08:53","guid":{"rendered":"http:\/\/bekleidungscenter.com\/?product=maratus-wattierte-langarmjacke-herren-steppjacke-uebergangsjacke-aus-recyceltem-polyester"},"modified":"2023-04-08T22:25:38","modified_gmt":"2023-04-08T22:25:38","slug":"maratus-wattierte-langarmjacke-herren-steppjacke-uebergangsjacke-aus-recyceltem-polyester","status":"publish","type":"product","link":"https:\/\/bekleidungscenter.com\/?product=maratus-wattierte-langarmjacke-herren-steppjacke-uebergangsjacke-aus-recyceltem-polyester","title":{"rendered":"Maratus Wattierte Langarmjacke Herren Steppjacke | \u00dcbergangsjacke aus recyceltem Polyes"},"content":{"rendered":"<p><!-- show up to 2 reviews by default --> <\/p>\n<p>Sie erwarten von Ihrer Kleidung nicht im Unterschied dazu h\u00f6chste Qualit\u00e4t, optimale Passform und maximalen Tragekomfort an Stelle legen bekannt als Wert auf Nachhaltigkeit und Tragbar Wear? Folglich werden Sie die Produkte von Maratus (produziert von Stanley and Stella SA) mit gutem Gef\u00fchlsausbruch verstreben. Als Maratus steht stattdessen qualtitativ hochwertige Fasern, angebaut, geerntet und weiterverarbeitet deprimiert fairen und sozial verantwortlichen Bedingungen. <\/p>\n<ul>\n<li>Vorne nach innen gekehrter Nylonrei\u00dfverschluss mit Zipper in Fischgr\u00e4tmuster und Kinnleiste<\/li>\n<li>Gummiband an \u00c4rmelsaum und unterem Saum<\/li>\n<li>100% Polyester (recycelte)<\/li>\n<li>Steppjacke<\/li>\n<li>Modellnummer: M582<\/li>\n<li>Voll wattiert<\/li>\n<li>Medium fit<\/li>\n<li>hergestellt deprimiert fairen und sozial verantwortlichen Bedingungen<\/li>\n<\/ul>\n<p>Vorne nach innen gekehrter Nylonrei\u00dfverschluss mit Zipper in Fischgr\u00e4tmuster und Kinnleiste<br \/>\nGummiband an \u00c4rmelsaum und unterem Saum<br \/>\n100% Recyceltem Polyester<br \/>\nSteppjacke<br \/>\nModellnummer: M582<br \/>\nAlkoholisiert wattiert<br \/>\nMedium fit<br \/>\nhergestellt deprimiert fairen und sozial verantwortlichen Bedingungen<br \/>\n<div class=\"main-cross-sell\" data-asin=\"B0768HGWN9\">\n\n\t<div class=\"WooZone-cross-sell-loader\">\n\t\t<div>\n\t\t\t<div id=\"floatingBarsG\">\n\t\t\t\t<div class=\"blockG\" id=\"rotateG_01\"><\/div>\n\t\t\t\t<div class=\"blockG\" id=\"rotateG_02\"><\/div>\n\t\t\t\t<div class=\"blockG\" id=\"rotateG_03\"><\/div>\n\t\t\t\t<div class=\"blockG\" id=\"rotateG_04\"><\/div>\n\t\t\t\t<div class=\"blockG\" id=\"rotateG_05\"><\/div>\n\t\t\t\t<div class=\"blockG\" id=\"rotateG_06\"><\/div>\n\t\t\t\t<div class=\"blockG\" id=\"rotateG_07\"><\/div>\n\t\t\t\t<div class=\"blockG\" id=\"rotateG_08\"><\/div>\n\t\t\t<\/div>\n\t\t\t<div class=\"WooZone-cross-sell-loader-text\"><\/div>\n\t\t<\/div>\n\t<\/div>\n\n\t\t\n<\/div>\n<div style=\"clear:both;\"><\/div><\/p>\n","protected":false},"excerpt":{"rendered":"<p>Vorne nach innen gekehrter Nylonrei\u00dfverschluss mit Zipper in Fischgr\u00e4tmuster und Kinnleiste<br \/>\nGummiband an \u00c4rmelsaum und unterem Saum<br \/>\n100% Recyceltem Polyester<\/p>\n","protected":false},"featured_media":11002,"comment_status":"open","ping_status":"closed","template":"","meta":[],"product_cat":[118,125],"product_tag":[],"yoast_head":"<!-- This site is optimized with the Yoast SEO plugin v20.6 - https:\/\/yoast.com\/wordpress\/plugins\/seo\/ -->\n<title>Maratus Wattierte Langarmjacke Herren Steppjacke | \u00dcbergangsjacke aus recyceltem Polyes - FamilienMode<\/title>\n<meta name=\"robots\" content=\"index, follow, max-snippet:-1, max-image-preview:large, max-video-preview:-1\" \/>\n<link rel=\"canonical\" href=\"https:\/\/bekleidungscenter.com\/?product=maratus-wattierte-langarmjacke-herren-steppjacke-uebergangsjacke-aus-recyceltem-polyester\" \/>\n<meta property=\"og:locale\" content=\"de_DE\" \/>\n<meta property=\"og:type\" content=\"article\" \/>\n<meta property=\"og:title\" content=\"Maratus Wattierte Langarmjacke Herren Steppjacke | \u00dcbergangsjacke aus recyceltem Polyes - FamilienMode\" \/>\n<meta property=\"og:description\" content=\"Vorne nach innen gekehrter Nylonrei\u00dfverschluss mit Zipper in Fischgr\u00e4tmuster und Kinnleiste Gummiband an \u00c4rmelsaum und unterem Saum 100% Recyceltem Polyester\" \/>\n<meta property=\"og:url\" content=\"https:\/\/bekleidungscenter.com\/?product=maratus-wattierte-langarmjacke-herren-steppjacke-uebergangsjacke-aus-recyceltem-polyester\" \/>\n<meta property=\"og:site_name\" content=\"FamilienMode\" \/>\n<meta property=\"article:modified_time\" content=\"2023-04-08T22:25:38+00:00\" \/>\n<meta property=\"og:image\" content=\"https:\/\/images-na.ssl-images-amazon.com\/images\/I\/41MMnli2ZEL.jpg\" \/>\n\t<meta property=\"og:image:width\" content=\"500\" \/>\n\t<meta property=\"og:image:height\" content=\"500\" \/>\n\t<meta property=\"og:image:type\" content=\"image\/jpeg\" \/>\n<meta name=\"twitter:card\" content=\"summary_large_image\" \/>\n<meta name=\"twitter:label1\" content=\"Gesch\u00e4tzte Lesezeit\" \/>\n\t<meta name=\"twitter:data1\" content=\"1\u00a0Minute\" \/>\n<script type=\"application\/ld+json\" class=\"yoast-schema-graph\">{\"@context\":\"https:\/\/schema.org\",\"@graph\":[{\"@type\":\"WebPage\",\"@id\":\"https:\/\/bekleidungscenter.com\/?product=maratus-wattierte-langarmjacke-herren-steppjacke-uebergangsjacke-aus-recyceltem-polyester\",\"url\":\"https:\/\/bekleidungscenter.com\/?product=maratus-wattierte-langarmjacke-herren-steppjacke-uebergangsjacke-aus-recyceltem-polyester\",\"name\":\"Maratus Wattierte Langarmjacke Herren Steppjacke | \u00dcbergangsjacke aus recyceltem Polyes - FamilienMode\",\"isPartOf\":{\"@id\":\"https:\/\/bekleidungscenter.com\/#website\"},\"datePublished\":\"2021-01-04T02:08:53+00:00\",\"dateModified\":\"2023-04-08T22:25:38+00:00\",\"breadcrumb\":{\"@id\":\"https:\/\/bekleidungscenter.com\/?product=maratus-wattierte-langarmjacke-herren-steppjacke-uebergangsjacke-aus-recyceltem-polyester#breadcrumb\"},\"inLanguage\":\"de\",\"potentialAction\":[{\"@type\":\"ReadAction\",\"target\":[\"https:\/\/bekleidungscenter.com\/?product=maratus-wattierte-langarmjacke-herren-steppjacke-uebergangsjacke-aus-recyceltem-polyester\"]}]},{\"@type\":\"BreadcrumbList\",\"@id\":\"https:\/\/bekleidungscenter.com\/?product=maratus-wattierte-langarmjacke-herren-steppjacke-uebergangsjacke-aus-recyceltem-polyester#breadcrumb\",\"itemListElement\":[{\"@type\":\"ListItem\",\"position\":1,\"name\":\"Home\",\"item\":\"https:\/\/bekleidungscenter.com\/\"},{\"@type\":\"ListItem\",\"position\":2,\"name\":\"Shop\",\"item\":\"https:\/\/bekleidungscenter.com\/?page_id=7\"},{\"@type\":\"ListItem\",\"position\":3,\"name\":\"Maratus Wattierte Langarmjacke Herren Steppjacke | \u00dcbergangsjacke aus recyceltem Polyes\"}]},{\"@type\":\"WebSite\",\"@id\":\"https:\/\/bekleidungscenter.com\/#website\",\"url\":\"https:\/\/bekleidungscenter.com\/\",\"name\":\"FamilienMode\",\"description\":\"Alles f\u00fcr die ganze Familie\",\"potentialAction\":[{\"@type\":\"SearchAction\",\"target\":{\"@type\":\"EntryPoint\",\"urlTemplate\":\"https:\/\/bekleidungscenter.com\/?s={search_term_string}\"},\"query-input\":\"required name=search_term_string\"}],\"inLanguage\":\"de\"}]}<\/script>\n<!-- \/ Yoast SEO plugin. -->","yoast_head_json":{"title":"Maratus Wattierte Langarmjacke Herren Steppjacke | \u00dcbergangsjacke aus recyceltem Polyes - FamilienMode","robots":{"index":"index","follow":"follow","max-snippet":"max-snippet:-1","max-image-preview":"max-image-preview:large","max-video-preview":"max-video-preview:-1"},"canonical":"https:\/\/bekleidungscenter.com\/?product=maratus-wattierte-langarmjacke-herren-steppjacke-uebergangsjacke-aus-recyceltem-polyester","og_locale":"de_DE","og_type":"article","og_title":"Maratus Wattierte Langarmjacke Herren Steppjacke | \u00dcbergangsjacke aus recyceltem Polyes - FamilienMode","og_description":"Vorne nach innen gekehrter Nylonrei\u00dfverschluss mit Zipper in Fischgr\u00e4tmuster und Kinnleiste Gummiband an \u00c4rmelsaum und unterem Saum 100% Recyceltem Polyester","og_url":"https:\/\/bekleidungscenter.com\/?product=maratus-wattierte-langarmjacke-herren-steppjacke-uebergangsjacke-aus-recyceltem-polyester","og_site_name":"FamilienMode","article_modified_time":"2023-04-08T22:25:38+00:00","og_image":[{"width":500,"height":500,"url":"https:\/\/images-na.ssl-images-amazon.com\/images\/I\/41MMnli2ZEL.jpg","type":"image\/jpeg"}],"twitter_card":"summary_large_image","twitter_misc":{"Gesch\u00e4tzte Lesezeit":"1\u00a0Minute"},"schema":{"@context":"https:\/\/schema.org","@graph":[{"@type":"WebPage","@id":"https:\/\/bekleidungscenter.com\/?product=maratus-wattierte-langarmjacke-herren-steppjacke-uebergangsjacke-aus-recyceltem-polyester","url":"https:\/\/bekleidungscenter.com\/?product=maratus-wattierte-langarmjacke-herren-steppjacke-uebergangsjacke-aus-recyceltem-polyester","name":"Maratus Wattierte Langarmjacke Herren Steppjacke | \u00dcbergangsjacke aus recyceltem Polyes - FamilienMode","isPartOf":{"@id":"https:\/\/bekleidungscenter.com\/#website"},"datePublished":"2021-01-04T02:08:53+00:00","dateModified":"2023-04-08T22:25:38+00:00","breadcrumb":{"@id":"https:\/\/bekleidungscenter.com\/?product=maratus-wattierte-langarmjacke-herren-steppjacke-uebergangsjacke-aus-recyceltem-polyester#breadcrumb"},"inLanguage":"de","potentialAction":[{"@type":"ReadAction","target":["https:\/\/bekleidungscenter.com\/?product=maratus-wattierte-langarmjacke-herren-steppjacke-uebergangsjacke-aus-recyceltem-polyester"]}]},{"@type":"BreadcrumbList","@id":"https:\/\/bekleidungscenter.com\/?product=maratus-wattierte-langarmjacke-herren-steppjacke-uebergangsjacke-aus-recyceltem-polyester#breadcrumb","itemListElement":[{"@type":"ListItem","position":1,"name":"Home","item":"https:\/\/bekleidungscenter.com\/"},{"@type":"ListItem","position":2,"name":"Shop","item":"https:\/\/bekleidungscenter.com\/?page_id=7"},{"@type":"ListItem","position":3,"name":"Maratus Wattierte Langarmjacke Herren Steppjacke | \u00dcbergangsjacke aus recyceltem Polyes"}]},{"@type":"WebSite","@id":"https:\/\/bekleidungscenter.com\/#website","url":"https:\/\/bekleidungscenter.com\/","name":"FamilienMode","description":"Alles f\u00fcr die ganze Familie","potentialAction":[{"@type":"SearchAction","target":{"@type":"EntryPoint","urlTemplate":"https:\/\/bekleidungscenter.com\/?s={search_term_string}"},"query-input":"required name=search_term_string"}],"inLanguage":"de"}]}},"_links":{"self":[{"href":"https:\/\/bekleidungscenter.com\/index.php?rest_route=\/wp\/v2\/product\/11001"}],"collection":[{"href":"https:\/\/bekleidungscenter.com\/index.php?rest_route=\/wp\/v2\/product"}],"about":[{"href":"https:\/\/bekleidungscenter.com\/index.php?rest_route=\/wp\/v2\/types\/product"}],"replies":[{"embeddable":true,"href":"https:\/\/bekleidungscenter.com\/index.php?rest_route=%2Fwp%2Fv2%2Fcomments&post=11001"}],"wp:featuredmedia":[{"embeddable":true,"href":"https:\/\/bekleidungscenter.com\/index.php?rest_route=\/wp\/v2\/media\/11002"}],"wp:attachment":[{"href":"https:\/\/bekleidungscenter.com\/index.php?rest_route=%2Fwp%2Fv2%2Fmedia&parent=11001"}],"wp:term":[{"taxonomy":"product_cat","embeddable":true,"href":"https:\/\/bekleidungscenter.com\/index.php?rest_route=%2Fwp%2Fv2%2Fproduct_cat&post=11001"},{"taxonomy":"product_tag","embeddable":true,"href":"https:\/\/bekleidungscenter.com\/index.php?rest_route=%2Fwp%2Fv2%2Fproduct_tag&post=11001"}],"curies":[{"name":"wp","href":"https:\/\/api.w.org\/{rel}","templated":true}]}}