{"id":11013,"date":"2021-01-04T02:09:12","date_gmt":"2021-01-04T02:09:12","guid":{"rendered":"http:\/\/bekleidungscenter.com\/?product=the-north-face-herren-daunenjacke-thermoball"},"modified":"2023-04-08T22:25:38","modified_gmt":"2023-04-08T22:25:38","slug":"the-north-face-herren-daunenjacke-thermoball","status":"publish","type":"product","link":"https:\/\/bekleidungscenter.com\/?product=the-north-face-herren-daunenjacke-thermoball","title":{"rendered":"THE NORTH FACE Herren Thermoball\u0099 Hoodie"},"content":{"rendered":"<p><!-- show up to 2 reviews by default --> <\/p>\n<p>W\u00e4rmeisolierendAtmungsaktivWasserabweisendRobustSchmale PassformInnovative Flaschenhalssteppung sondern minus kalte K\u00f6rperstellen und mehr Strapazierf\u00e4higkeitAngeschnittene KapuzeSichtbarer Rei\u00dfverschluss vorne und verdeckte Rei\u00dfverschlusstaschen sondern die H\u00e4ndeInnentasche per Rei\u00dfverschluss in Brusth\u00f6heVerstellbarer SaumIn der Tasche sondern die H\u00e4nde verstaubarDas leichte Thermoball\u0099-Material wurde der Daunenisolierung nachempfunden, bietet nunmehr den klaren Vorteil, dass es selbst anliegend N\u00e4sse noch verl\u00e4sslich W\u00e4rme spendet.Die synthetische Separierung sorgt vulgo anliegend nassem Wetter sondern verl\u00e4ssliche W\u00e4rme.Ein chronisch wasserabweisendes Obermaterial, das zus\u00e4tzlichen Abschirmung vor Feuchtigkeit bietet.Der Thermoball\u0099 Hoodie ist die perfekte Abstimmung sondern deine winterlichen Wanderungen und vereint ultraleichte synthetische Separierung per einer neuen Flaschenhalssteppung sondern unglaubliche W\u00e4rme, die fast nichts wiegt.Ob du einem Waldpfad folgst oder Berge erklimmst \u0096 per dieser robusten und leicht verstaubar <\/p>\n<p>15D 100% Rip Stop Nylon Shell per DWR<br \/>\nPrimaLoft\u00c2 ThermoBall\u00e2\u0084 synthetische Separierung<br \/>\nParka<br \/>\nBody Mapped ThermoBall\u00e2\u0084 Separierung<br \/>\nVorgespannte feste Kapuze<br \/>\nExposed Moulded Centre Front Zip<br \/>\n<div class=\"main-cross-sell\" data-asin=\"B07BB5M8YN\">\n\n\t<div class=\"WooZone-cross-sell-loader\">\n\t\t<div>\n\t\t\t<div id=\"floatingBarsG\">\n\t\t\t\t<div class=\"blockG\" id=\"rotateG_01\"><\/div>\n\t\t\t\t<div class=\"blockG\" id=\"rotateG_02\"><\/div>\n\t\t\t\t<div class=\"blockG\" id=\"rotateG_03\"><\/div>\n\t\t\t\t<div class=\"blockG\" id=\"rotateG_04\"><\/div>\n\t\t\t\t<div class=\"blockG\" id=\"rotateG_05\"><\/div>\n\t\t\t\t<div class=\"blockG\" id=\"rotateG_06\"><\/div>\n\t\t\t\t<div class=\"blockG\" id=\"rotateG_07\"><\/div>\n\t\t\t\t<div class=\"blockG\" id=\"rotateG_08\"><\/div>\n\t\t\t<\/div>\n\t\t\t<div class=\"WooZone-cross-sell-loader-text\"><\/div>\n\t\t<\/div>\n\t<\/div>\n\n\t\t\n<\/div>\n<div style=\"clear:both;\"><\/div><\/p>\n","protected":false},"excerpt":{"rendered":"<p>15D 100% Rip Stop Nylon Shell mit DWR<br \/>\nPrimaLoft\u00c2 ThermoBall\u00e2\u0084 synthetische Isolierung<br \/>\nParka<\/p>\n","protected":false},"featured_media":11014,"comment_status":"open","ping_status":"closed","template":"","meta":[],"product_cat":[118,125],"product_tag":[],"yoast_head":"<!-- This site is optimized with the Yoast SEO plugin v20.6 - https:\/\/yoast.com\/wordpress\/plugins\/seo\/ -->\n<title>THE NORTH FACE Herren Thermoball\u0099 Hoodie - FamilienMode<\/title>\n<meta name=\"robots\" content=\"index, follow, max-snippet:-1, max-image-preview:large, max-video-preview:-1\" \/>\n<link rel=\"canonical\" href=\"https:\/\/bekleidungscenter.com\/?product=the-north-face-herren-daunenjacke-thermoball\" \/>\n<meta property=\"og:locale\" content=\"de_DE\" \/>\n<meta property=\"og:type\" content=\"article\" \/>\n<meta property=\"og:title\" content=\"THE NORTH FACE Herren Thermoball\u0099 Hoodie - FamilienMode\" \/>\n<meta property=\"og:description\" content=\"15D 100% Rip Stop Nylon Shell mit DWR PrimaLoft\u00c2 ThermoBall\u00e2\u0084 synthetische Isolierung Parka\" \/>\n<meta property=\"og:url\" content=\"https:\/\/bekleidungscenter.com\/?product=the-north-face-herren-daunenjacke-thermoball\" \/>\n<meta property=\"og:site_name\" content=\"FamilienMode\" \/>\n<meta property=\"article:modified_time\" content=\"2023-04-08T22:25:38+00:00\" \/>\n<meta property=\"og:image\" content=\"https:\/\/images-na.ssl-images-amazon.com\/images\/I\/51JKW%2BQnpyL.jpg\" \/>\n\t<meta property=\"og:image:width\" content=\"500\" \/>\n\t<meta property=\"og:image:height\" content=\"500\" \/>\n\t<meta property=\"og:image:type\" content=\"image\/jpeg\" \/>\n<meta name=\"twitter:card\" content=\"summary_large_image\" \/>\n<meta name=\"twitter:label1\" content=\"Gesch\u00e4tzte Lesezeit\" \/>\n\t<meta name=\"twitter:data1\" content=\"1\u00a0Minute\" \/>\n<script type=\"application\/ld+json\" class=\"yoast-schema-graph\">{\"@context\":\"https:\/\/schema.org\",\"@graph\":[{\"@type\":\"WebPage\",\"@id\":\"https:\/\/bekleidungscenter.com\/?product=the-north-face-herren-daunenjacke-thermoball\",\"url\":\"https:\/\/bekleidungscenter.com\/?product=the-north-face-herren-daunenjacke-thermoball\",\"name\":\"THE NORTH FACE Herren Thermoball\u0099 Hoodie - FamilienMode\",\"isPartOf\":{\"@id\":\"https:\/\/bekleidungscenter.com\/#website\"},\"datePublished\":\"2021-01-04T02:09:12+00:00\",\"dateModified\":\"2023-04-08T22:25:38+00:00\",\"breadcrumb\":{\"@id\":\"https:\/\/bekleidungscenter.com\/?product=the-north-face-herren-daunenjacke-thermoball#breadcrumb\"},\"inLanguage\":\"de\",\"potentialAction\":[{\"@type\":\"ReadAction\",\"target\":[\"https:\/\/bekleidungscenter.com\/?product=the-north-face-herren-daunenjacke-thermoball\"]}]},{\"@type\":\"BreadcrumbList\",\"@id\":\"https:\/\/bekleidungscenter.com\/?product=the-north-face-herren-daunenjacke-thermoball#breadcrumb\",\"itemListElement\":[{\"@type\":\"ListItem\",\"position\":1,\"name\":\"Home\",\"item\":\"https:\/\/bekleidungscenter.com\/\"},{\"@type\":\"ListItem\",\"position\":2,\"name\":\"Shop\",\"item\":\"https:\/\/bekleidungscenter.com\/?page_id=7\"},{\"@type\":\"ListItem\",\"position\":3,\"name\":\"THE NORTH FACE Herren Thermoball\u0099 Hoodie\"}]},{\"@type\":\"WebSite\",\"@id\":\"https:\/\/bekleidungscenter.com\/#website\",\"url\":\"https:\/\/bekleidungscenter.com\/\",\"name\":\"FamilienMode\",\"description\":\"Alles f\u00fcr die ganze Familie\",\"potentialAction\":[{\"@type\":\"SearchAction\",\"target\":{\"@type\":\"EntryPoint\",\"urlTemplate\":\"https:\/\/bekleidungscenter.com\/?s={search_term_string}\"},\"query-input\":\"required name=search_term_string\"}],\"inLanguage\":\"de\"}]}<\/script>\n<!-- \/ Yoast SEO plugin. -->","yoast_head_json":{"title":"THE NORTH FACE Herren Thermoball\u0099 Hoodie - FamilienMode","robots":{"index":"index","follow":"follow","max-snippet":"max-snippet:-1","max-image-preview":"max-image-preview:large","max-video-preview":"max-video-preview:-1"},"canonical":"https:\/\/bekleidungscenter.com\/?product=the-north-face-herren-daunenjacke-thermoball","og_locale":"de_DE","og_type":"article","og_title":"THE NORTH FACE Herren Thermoball\u0099 Hoodie - FamilienMode","og_description":"15D 100% Rip Stop Nylon Shell mit DWR PrimaLoft\u00c2 ThermoBall\u00e2\u0084 synthetische Isolierung Parka","og_url":"https:\/\/bekleidungscenter.com\/?product=the-north-face-herren-daunenjacke-thermoball","og_site_name":"FamilienMode","article_modified_time":"2023-04-08T22:25:38+00:00","og_image":[{"width":500,"height":500,"url":"https:\/\/images-na.ssl-images-amazon.com\/images\/I\/51JKW%2BQnpyL.jpg","type":"image\/jpeg"}],"twitter_card":"summary_large_image","twitter_misc":{"Gesch\u00e4tzte Lesezeit":"1\u00a0Minute"},"schema":{"@context":"https:\/\/schema.org","@graph":[{"@type":"WebPage","@id":"https:\/\/bekleidungscenter.com\/?product=the-north-face-herren-daunenjacke-thermoball","url":"https:\/\/bekleidungscenter.com\/?product=the-north-face-herren-daunenjacke-thermoball","name":"THE NORTH FACE Herren Thermoball\u0099 Hoodie - FamilienMode","isPartOf":{"@id":"https:\/\/bekleidungscenter.com\/#website"},"datePublished":"2021-01-04T02:09:12+00:00","dateModified":"2023-04-08T22:25:38+00:00","breadcrumb":{"@id":"https:\/\/bekleidungscenter.com\/?product=the-north-face-herren-daunenjacke-thermoball#breadcrumb"},"inLanguage":"de","potentialAction":[{"@type":"ReadAction","target":["https:\/\/bekleidungscenter.com\/?product=the-north-face-herren-daunenjacke-thermoball"]}]},{"@type":"BreadcrumbList","@id":"https:\/\/bekleidungscenter.com\/?product=the-north-face-herren-daunenjacke-thermoball#breadcrumb","itemListElement":[{"@type":"ListItem","position":1,"name":"Home","item":"https:\/\/bekleidungscenter.com\/"},{"@type":"ListItem","position":2,"name":"Shop","item":"https:\/\/bekleidungscenter.com\/?page_id=7"},{"@type":"ListItem","position":3,"name":"THE NORTH FACE Herren Thermoball\u0099 Hoodie"}]},{"@type":"WebSite","@id":"https:\/\/bekleidungscenter.com\/#website","url":"https:\/\/bekleidungscenter.com\/","name":"FamilienMode","description":"Alles f\u00fcr die ganze Familie","potentialAction":[{"@type":"SearchAction","target":{"@type":"EntryPoint","urlTemplate":"https:\/\/bekleidungscenter.com\/?s={search_term_string}"},"query-input":"required name=search_term_string"}],"inLanguage":"de"}]}},"_links":{"self":[{"href":"https:\/\/bekleidungscenter.com\/index.php?rest_route=\/wp\/v2\/product\/11013"}],"collection":[{"href":"https:\/\/bekleidungscenter.com\/index.php?rest_route=\/wp\/v2\/product"}],"about":[{"href":"https:\/\/bekleidungscenter.com\/index.php?rest_route=\/wp\/v2\/types\/product"}],"replies":[{"embeddable":true,"href":"https:\/\/bekleidungscenter.com\/index.php?rest_route=%2Fwp%2Fv2%2Fcomments&post=11013"}],"wp:featuredmedia":[{"embeddable":true,"href":"https:\/\/bekleidungscenter.com\/index.php?rest_route=\/wp\/v2\/media\/11014"}],"wp:attachment":[{"href":"https:\/\/bekleidungscenter.com\/index.php?rest_route=%2Fwp%2Fv2%2Fmedia&parent=11013"}],"wp:term":[{"taxonomy":"product_cat","embeddable":true,"href":"https:\/\/bekleidungscenter.com\/index.php?rest_route=%2Fwp%2Fv2%2Fproduct_cat&post=11013"},{"taxonomy":"product_tag","embeddable":true,"href":"https:\/\/bekleidungscenter.com\/index.php?rest_route=%2Fwp%2Fv2%2Fproduct_tag&post=11013"}],"curies":[{"name":"wp","href":"https:\/\/api.w.org\/{rel}","templated":true}]}}