{"id":11029,"date":"2021-01-04T02:11:07","date_gmt":"2021-01-04T02:11:07","guid":{"rendered":"http:\/\/bekleidungscenter.com\/?product=redbridge-herren-jacke-kunst-lederjacke-bikerjacke-biker-uebergangsjacke-casual-m6034"},"modified":"2023-04-08T22:25:39","modified_gmt":"2023-04-08T22:25:39","slug":"redbridge-herren-jacke-kunst-lederjacke-bikerjacke-biker-uebergangsjacke-casual-m6034","status":"publish","type":"product","link":"https:\/\/bekleidungscenter.com\/?product=redbridge-herren-jacke-kunst-lederjacke-bikerjacke-biker-uebergangsjacke-casual-m6034","title":{"rendered":"Redbridge Herren Jacke Kunst- Lederjacke Bikerjacke Biker \u00dcbergangsjacke Casual M6034"},"content":{"rendered":"<p>Kurze geschnittene Herren Kunstlederjacke von Red Bridge<br \/>\nPassform: an Stelle schlanke Gr\u00f6\u00dfen. Der wissenschaftliche Arbeit f\u00e4llt kleiner s\u00e4mtliche, bitte eine Nummer Gr\u00f6\u00dfer subskribieren.<br \/>\nKragenform: Stehkragen<br \/>\nLangarm<br \/>\nVerschluss: Rei\u00dfverschluss<br \/>\n100% Polyurethan<br \/>\nSteppjacke<br \/>\nPflegehinweis: Freilich Handw\u00e4sche<br \/>\nModellnummer: M6034<br \/>\nAbsteppungen gen den Schultern, dem Oberarm auch am \u00c4rmelabschluss &#8211; Kragentyp: Stehkragen, Kragenband unter Zuhilfenahme von Druckknopfverschluss<br \/>\n\u00c4rmeltyp: Langarm, seitliche Einschubtaschen (verschlie\u00dfbar)<br \/>\nModerner Mittel, Hochwertige Erledigung, hoher Tragekomfort, gute Passform<br \/>\n<div class=\"main-cross-sell\" data-asin=\"B01N3PHFH7\">\n\n\t<div class=\"WooZone-cross-sell-loader\">\n\t\t<div>\n\t\t\t<div id=\"floatingBarsG\">\n\t\t\t\t<div class=\"blockG\" id=\"rotateG_01\"><\/div>\n\t\t\t\t<div class=\"blockG\" id=\"rotateG_02\"><\/div>\n\t\t\t\t<div class=\"blockG\" id=\"rotateG_03\"><\/div>\n\t\t\t\t<div class=\"blockG\" id=\"rotateG_04\"><\/div>\n\t\t\t\t<div class=\"blockG\" id=\"rotateG_05\"><\/div>\n\t\t\t\t<div class=\"blockG\" id=\"rotateG_06\"><\/div>\n\t\t\t\t<div class=\"blockG\" id=\"rotateG_07\"><\/div>\n\t\t\t\t<div class=\"blockG\" id=\"rotateG_08\"><\/div>\n\t\t\t<\/div>\n\t\t\t<div class=\"WooZone-cross-sell-loader-text\"><\/div>\n\t\t<\/div>\n\t<\/div>\n\n\t\t\n<\/div>\n<div style=\"clear:both;\"><\/div><\/p>\n","protected":false},"excerpt":{"rendered":"<p>Kurze geschnittene Herren Kunstlederjacke von Red Bridge<br \/>\nPassform: f\u00fcr schlanke Gr\u00f6\u00dfen. Der Artikel f\u00e4llt kleiner aus, bitte eine Nummer Gr\u00f6\u00dfer bestellen.<br \/>\nKragenform: Stehkragen<\/p>\n","protected":false},"featured_media":11030,"comment_status":"open","ping_status":"closed","template":"","meta":[],"product_cat":[118,125],"product_tag":[],"yoast_head":"<!-- This site is optimized with the Yoast SEO plugin v20.6 - https:\/\/yoast.com\/wordpress\/plugins\/seo\/ -->\n<title>Redbridge Herren Jacke Kunst- Lederjacke Bikerjacke Biker \u00dcbergangsjacke Casual M6034 - FamilienMode<\/title>\n<meta name=\"robots\" content=\"index, follow, max-snippet:-1, max-image-preview:large, max-video-preview:-1\" \/>\n<link rel=\"canonical\" href=\"https:\/\/bekleidungscenter.com\/?product=redbridge-herren-jacke-kunst-lederjacke-bikerjacke-biker-uebergangsjacke-casual-m6034\" \/>\n<meta property=\"og:locale\" content=\"de_DE\" \/>\n<meta property=\"og:type\" content=\"article\" \/>\n<meta property=\"og:title\" content=\"Redbridge Herren Jacke Kunst- Lederjacke Bikerjacke Biker \u00dcbergangsjacke Casual M6034 - FamilienMode\" \/>\n<meta property=\"og:description\" content=\"Kurze geschnittene Herren Kunstlederjacke von Red Bridge Passform: f\u00fcr schlanke Gr\u00f6\u00dfen. Der Artikel f\u00e4llt kleiner aus, bitte eine Nummer Gr\u00f6\u00dfer bestellen. Kragenform: Stehkragen\" \/>\n<meta property=\"og:url\" content=\"https:\/\/bekleidungscenter.com\/?product=redbridge-herren-jacke-kunst-lederjacke-bikerjacke-biker-uebergangsjacke-casual-m6034\" \/>\n<meta property=\"og:site_name\" content=\"FamilienMode\" \/>\n<meta property=\"article:modified_time\" content=\"2023-04-08T22:25:39+00:00\" \/>\n<meta property=\"og:image\" content=\"https:\/\/images-na.ssl-images-amazon.com\/images\/I\/51-xWF59ahL.jpg\" \/>\n\t<meta property=\"og:image:width\" content=\"500\" \/>\n\t<meta property=\"og:image:height\" content=\"500\" \/>\n\t<meta property=\"og:image:type\" content=\"image\/jpeg\" \/>\n<meta name=\"twitter:card\" content=\"summary_large_image\" \/>\n<script type=\"application\/ld+json\" class=\"yoast-schema-graph\">{\"@context\":\"https:\/\/schema.org\",\"@graph\":[{\"@type\":\"WebPage\",\"@id\":\"https:\/\/bekleidungscenter.com\/?product=redbridge-herren-jacke-kunst-lederjacke-bikerjacke-biker-uebergangsjacke-casual-m6034\",\"url\":\"https:\/\/bekleidungscenter.com\/?product=redbridge-herren-jacke-kunst-lederjacke-bikerjacke-biker-uebergangsjacke-casual-m6034\",\"name\":\"Redbridge Herren Jacke Kunst- Lederjacke Bikerjacke Biker \u00dcbergangsjacke Casual M6034 - FamilienMode\",\"isPartOf\":{\"@id\":\"https:\/\/bekleidungscenter.com\/#website\"},\"datePublished\":\"2021-01-04T02:11:07+00:00\",\"dateModified\":\"2023-04-08T22:25:39+00:00\",\"breadcrumb\":{\"@id\":\"https:\/\/bekleidungscenter.com\/?product=redbridge-herren-jacke-kunst-lederjacke-bikerjacke-biker-uebergangsjacke-casual-m6034#breadcrumb\"},\"inLanguage\":\"de\",\"potentialAction\":[{\"@type\":\"ReadAction\",\"target\":[\"https:\/\/bekleidungscenter.com\/?product=redbridge-herren-jacke-kunst-lederjacke-bikerjacke-biker-uebergangsjacke-casual-m6034\"]}]},{\"@type\":\"BreadcrumbList\",\"@id\":\"https:\/\/bekleidungscenter.com\/?product=redbridge-herren-jacke-kunst-lederjacke-bikerjacke-biker-uebergangsjacke-casual-m6034#breadcrumb\",\"itemListElement\":[{\"@type\":\"ListItem\",\"position\":1,\"name\":\"Home\",\"item\":\"https:\/\/bekleidungscenter.com\/\"},{\"@type\":\"ListItem\",\"position\":2,\"name\":\"Shop\",\"item\":\"https:\/\/bekleidungscenter.com\/?page_id=7\"},{\"@type\":\"ListItem\",\"position\":3,\"name\":\"Redbridge Herren Jacke Kunst- Lederjacke Bikerjacke Biker \u00dcbergangsjacke Casual M6034\"}]},{\"@type\":\"WebSite\",\"@id\":\"https:\/\/bekleidungscenter.com\/#website\",\"url\":\"https:\/\/bekleidungscenter.com\/\",\"name\":\"FamilienMode\",\"description\":\"Alles f\u00fcr die ganze Familie\",\"potentialAction\":[{\"@type\":\"SearchAction\",\"target\":{\"@type\":\"EntryPoint\",\"urlTemplate\":\"https:\/\/bekleidungscenter.com\/?s={search_term_string}\"},\"query-input\":\"required name=search_term_string\"}],\"inLanguage\":\"de\"}]}<\/script>\n<!-- \/ Yoast SEO plugin. -->","yoast_head_json":{"title":"Redbridge Herren Jacke Kunst- Lederjacke Bikerjacke Biker \u00dcbergangsjacke Casual M6034 - FamilienMode","robots":{"index":"index","follow":"follow","max-snippet":"max-snippet:-1","max-image-preview":"max-image-preview:large","max-video-preview":"max-video-preview:-1"},"canonical":"https:\/\/bekleidungscenter.com\/?product=redbridge-herren-jacke-kunst-lederjacke-bikerjacke-biker-uebergangsjacke-casual-m6034","og_locale":"de_DE","og_type":"article","og_title":"Redbridge Herren Jacke Kunst- Lederjacke Bikerjacke Biker \u00dcbergangsjacke Casual M6034 - FamilienMode","og_description":"Kurze geschnittene Herren Kunstlederjacke von Red Bridge Passform: f\u00fcr schlanke Gr\u00f6\u00dfen. Der Artikel f\u00e4llt kleiner aus, bitte eine Nummer Gr\u00f6\u00dfer bestellen. Kragenform: Stehkragen","og_url":"https:\/\/bekleidungscenter.com\/?product=redbridge-herren-jacke-kunst-lederjacke-bikerjacke-biker-uebergangsjacke-casual-m6034","og_site_name":"FamilienMode","article_modified_time":"2023-04-08T22:25:39+00:00","og_image":[{"width":500,"height":500,"url":"https:\/\/images-na.ssl-images-amazon.com\/images\/I\/51-xWF59ahL.jpg","type":"image\/jpeg"}],"twitter_card":"summary_large_image","schema":{"@context":"https:\/\/schema.org","@graph":[{"@type":"WebPage","@id":"https:\/\/bekleidungscenter.com\/?product=redbridge-herren-jacke-kunst-lederjacke-bikerjacke-biker-uebergangsjacke-casual-m6034","url":"https:\/\/bekleidungscenter.com\/?product=redbridge-herren-jacke-kunst-lederjacke-bikerjacke-biker-uebergangsjacke-casual-m6034","name":"Redbridge Herren Jacke Kunst- Lederjacke Bikerjacke Biker \u00dcbergangsjacke Casual M6034 - FamilienMode","isPartOf":{"@id":"https:\/\/bekleidungscenter.com\/#website"},"datePublished":"2021-01-04T02:11:07+00:00","dateModified":"2023-04-08T22:25:39+00:00","breadcrumb":{"@id":"https:\/\/bekleidungscenter.com\/?product=redbridge-herren-jacke-kunst-lederjacke-bikerjacke-biker-uebergangsjacke-casual-m6034#breadcrumb"},"inLanguage":"de","potentialAction":[{"@type":"ReadAction","target":["https:\/\/bekleidungscenter.com\/?product=redbridge-herren-jacke-kunst-lederjacke-bikerjacke-biker-uebergangsjacke-casual-m6034"]}]},{"@type":"BreadcrumbList","@id":"https:\/\/bekleidungscenter.com\/?product=redbridge-herren-jacke-kunst-lederjacke-bikerjacke-biker-uebergangsjacke-casual-m6034#breadcrumb","itemListElement":[{"@type":"ListItem","position":1,"name":"Home","item":"https:\/\/bekleidungscenter.com\/"},{"@type":"ListItem","position":2,"name":"Shop","item":"https:\/\/bekleidungscenter.com\/?page_id=7"},{"@type":"ListItem","position":3,"name":"Redbridge Herren Jacke Kunst- Lederjacke Bikerjacke Biker \u00dcbergangsjacke Casual M6034"}]},{"@type":"WebSite","@id":"https:\/\/bekleidungscenter.com\/#website","url":"https:\/\/bekleidungscenter.com\/","name":"FamilienMode","description":"Alles f\u00fcr die ganze Familie","potentialAction":[{"@type":"SearchAction","target":{"@type":"EntryPoint","urlTemplate":"https:\/\/bekleidungscenter.com\/?s={search_term_string}"},"query-input":"required name=search_term_string"}],"inLanguage":"de"}]}},"_links":{"self":[{"href":"https:\/\/bekleidungscenter.com\/index.php?rest_route=\/wp\/v2\/product\/11029"}],"collection":[{"href":"https:\/\/bekleidungscenter.com\/index.php?rest_route=\/wp\/v2\/product"}],"about":[{"href":"https:\/\/bekleidungscenter.com\/index.php?rest_route=\/wp\/v2\/types\/product"}],"replies":[{"embeddable":true,"href":"https:\/\/bekleidungscenter.com\/index.php?rest_route=%2Fwp%2Fv2%2Fcomments&post=11029"}],"wp:featuredmedia":[{"embeddable":true,"href":"https:\/\/bekleidungscenter.com\/index.php?rest_route=\/wp\/v2\/media\/11030"}],"wp:attachment":[{"href":"https:\/\/bekleidungscenter.com\/index.php?rest_route=%2Fwp%2Fv2%2Fmedia&parent=11029"}],"wp:term":[{"taxonomy":"product_cat","embeddable":true,"href":"https:\/\/bekleidungscenter.com\/index.php?rest_route=%2Fwp%2Fv2%2Fproduct_cat&post=11029"},{"taxonomy":"product_tag","embeddable":true,"href":"https:\/\/bekleidungscenter.com\/index.php?rest_route=%2Fwp%2Fv2%2Fproduct_tag&post=11029"}],"curies":[{"name":"wp","href":"https:\/\/api.w.org\/{rel}","templated":true}]}}