{"id":11057,"date":"2021-01-04T02:11:41","date_gmt":"2021-01-04T02:11:41","guid":{"rendered":"http:\/\/bekleidungscenter.com\/?product=urban-leather-calvin-herren-lederjacke-ocean-blue-groesse-s"},"modified":"2023-04-08T22:25:39","modified_gmt":"2023-04-08T22:25:39","slug":"urban-leather-calvin-herren-lederjacke-ocean-blue-groesse-s","status":"publish","type":"product","link":"https:\/\/bekleidungscenter.com\/?product=urban-leather-calvin-herren-lederjacke-ocean-blue-groesse-s","title":{"rendered":"Urban Leather Calvin &#8211; Herren Lederjacke"},"content":{"rendered":"<div class=\"disclaim\"> Umfang:<strong>S<\/strong> | F\u00e4rbemittel:<strong>Blau<\/strong> <\/div>\n<p> <!-- show up to 2 reviews by default --> <\/p>\n<p>Diese Bikerjacke ist auf Grund ihrer qualitativ hochwertigen Materialqualit\u00e4t aufgebraucht 100% Leder super wohltuend zu verstreben. Die Jacke bietet bequemen, stilsicheren Abschirmung im Voraus wind auch wetter. <\/p>\n<p>echtes weich Leder Premium Ordnung<br \/>\nLamm-Nappa<br \/>\nUmfang: S = 48<br \/>\nCoole auch urbane Herren Lederjacke<br \/>\nOcean blue<br \/>\n<div class=\"main-cross-sell\" data-asin=\"B079HFS5YZ\">\n\n\t<div class=\"WooZone-cross-sell-loader\">\n\t\t<div>\n\t\t\t<div id=\"floatingBarsG\">\n\t\t\t\t<div class=\"blockG\" id=\"rotateG_01\"><\/div>\n\t\t\t\t<div class=\"blockG\" id=\"rotateG_02\"><\/div>\n\t\t\t\t<div class=\"blockG\" id=\"rotateG_03\"><\/div>\n\t\t\t\t<div class=\"blockG\" id=\"rotateG_04\"><\/div>\n\t\t\t\t<div class=\"blockG\" id=\"rotateG_05\"><\/div>\n\t\t\t\t<div class=\"blockG\" id=\"rotateG_06\"><\/div>\n\t\t\t\t<div class=\"blockG\" id=\"rotateG_07\"><\/div>\n\t\t\t\t<div class=\"blockG\" id=\"rotateG_08\"><\/div>\n\t\t\t<\/div>\n\t\t\t<div class=\"WooZone-cross-sell-loader-text\"><\/div>\n\t\t<\/div>\n\t<\/div>\n\n\t\t\n<\/div>\n<div style=\"clear:both;\"><\/div><\/p>\n","protected":false},"excerpt":{"rendered":"<p>echtes weich Leder Premium Qualit\u00e4t<br \/>\nLamm-Nappa<br \/>\nGr\u00f6\u00dfe: S = 48<\/p>\n","protected":false},"featured_media":11058,"comment_status":"open","ping_status":"closed","template":"","meta":[],"product_cat":[118,125],"product_tag":[],"yoast_head":"<!-- This site is optimized with the Yoast SEO plugin v20.6 - https:\/\/yoast.com\/wordpress\/plugins\/seo\/ -->\n<title>Urban Leather Calvin - Herren Lederjacke - FamilienMode<\/title>\n<meta name=\"robots\" content=\"index, follow, max-snippet:-1, max-image-preview:large, max-video-preview:-1\" \/>\n<link rel=\"canonical\" href=\"https:\/\/bekleidungscenter.com\/?product=urban-leather-calvin-herren-lederjacke-ocean-blue-groesse-s\" \/>\n<meta property=\"og:locale\" content=\"de_DE\" \/>\n<meta property=\"og:type\" content=\"article\" \/>\n<meta property=\"og:title\" content=\"Urban Leather Calvin - Herren Lederjacke - FamilienMode\" \/>\n<meta property=\"og:description\" content=\"echtes weich Leder Premium Qualit\u00e4t Lamm-Nappa Gr\u00f6\u00dfe: S = 48\" \/>\n<meta property=\"og:url\" content=\"https:\/\/bekleidungscenter.com\/?product=urban-leather-calvin-herren-lederjacke-ocean-blue-groesse-s\" \/>\n<meta property=\"og:site_name\" content=\"FamilienMode\" \/>\n<meta property=\"article:modified_time\" content=\"2023-04-08T22:25:39+00:00\" \/>\n<meta property=\"og:image\" content=\"https:\/\/images-na.ssl-images-amazon.com\/images\/I\/41ggarf5jkL.jpg\" \/>\n\t<meta property=\"og:image:width\" content=\"500\" \/>\n\t<meta property=\"og:image:height\" content=\"500\" \/>\n\t<meta property=\"og:image:type\" content=\"image\/jpeg\" \/>\n<meta name=\"twitter:card\" content=\"summary_large_image\" \/>\n<script type=\"application\/ld+json\" class=\"yoast-schema-graph\">{\"@context\":\"https:\/\/schema.org\",\"@graph\":[{\"@type\":\"WebPage\",\"@id\":\"https:\/\/bekleidungscenter.com\/?product=urban-leather-calvin-herren-lederjacke-ocean-blue-groesse-s\",\"url\":\"https:\/\/bekleidungscenter.com\/?product=urban-leather-calvin-herren-lederjacke-ocean-blue-groesse-s\",\"name\":\"Urban Leather Calvin - Herren Lederjacke - FamilienMode\",\"isPartOf\":{\"@id\":\"https:\/\/bekleidungscenter.com\/#website\"},\"datePublished\":\"2021-01-04T02:11:41+00:00\",\"dateModified\":\"2023-04-08T22:25:39+00:00\",\"breadcrumb\":{\"@id\":\"https:\/\/bekleidungscenter.com\/?product=urban-leather-calvin-herren-lederjacke-ocean-blue-groesse-s#breadcrumb\"},\"inLanguage\":\"de\",\"potentialAction\":[{\"@type\":\"ReadAction\",\"target\":[\"https:\/\/bekleidungscenter.com\/?product=urban-leather-calvin-herren-lederjacke-ocean-blue-groesse-s\"]}]},{\"@type\":\"BreadcrumbList\",\"@id\":\"https:\/\/bekleidungscenter.com\/?product=urban-leather-calvin-herren-lederjacke-ocean-blue-groesse-s#breadcrumb\",\"itemListElement\":[{\"@type\":\"ListItem\",\"position\":1,\"name\":\"Home\",\"item\":\"https:\/\/bekleidungscenter.com\/\"},{\"@type\":\"ListItem\",\"position\":2,\"name\":\"Shop\",\"item\":\"https:\/\/bekleidungscenter.com\/?page_id=7\"},{\"@type\":\"ListItem\",\"position\":3,\"name\":\"Urban Leather Calvin &#8211; Herren Lederjacke\"}]},{\"@type\":\"WebSite\",\"@id\":\"https:\/\/bekleidungscenter.com\/#website\",\"url\":\"https:\/\/bekleidungscenter.com\/\",\"name\":\"FamilienMode\",\"description\":\"Alles f\u00fcr die ganze Familie\",\"potentialAction\":[{\"@type\":\"SearchAction\",\"target\":{\"@type\":\"EntryPoint\",\"urlTemplate\":\"https:\/\/bekleidungscenter.com\/?s={search_term_string}\"},\"query-input\":\"required name=search_term_string\"}],\"inLanguage\":\"de\"}]}<\/script>\n<!-- \/ Yoast SEO plugin. -->","yoast_head_json":{"title":"Urban Leather Calvin - Herren Lederjacke - FamilienMode","robots":{"index":"index","follow":"follow","max-snippet":"max-snippet:-1","max-image-preview":"max-image-preview:large","max-video-preview":"max-video-preview:-1"},"canonical":"https:\/\/bekleidungscenter.com\/?product=urban-leather-calvin-herren-lederjacke-ocean-blue-groesse-s","og_locale":"de_DE","og_type":"article","og_title":"Urban Leather Calvin - Herren Lederjacke - FamilienMode","og_description":"echtes weich Leder Premium Qualit\u00e4t Lamm-Nappa Gr\u00f6\u00dfe: S = 48","og_url":"https:\/\/bekleidungscenter.com\/?product=urban-leather-calvin-herren-lederjacke-ocean-blue-groesse-s","og_site_name":"FamilienMode","article_modified_time":"2023-04-08T22:25:39+00:00","og_image":[{"width":500,"height":500,"url":"https:\/\/images-na.ssl-images-amazon.com\/images\/I\/41ggarf5jkL.jpg","type":"image\/jpeg"}],"twitter_card":"summary_large_image","schema":{"@context":"https:\/\/schema.org","@graph":[{"@type":"WebPage","@id":"https:\/\/bekleidungscenter.com\/?product=urban-leather-calvin-herren-lederjacke-ocean-blue-groesse-s","url":"https:\/\/bekleidungscenter.com\/?product=urban-leather-calvin-herren-lederjacke-ocean-blue-groesse-s","name":"Urban Leather Calvin - Herren Lederjacke - FamilienMode","isPartOf":{"@id":"https:\/\/bekleidungscenter.com\/#website"},"datePublished":"2021-01-04T02:11:41+00:00","dateModified":"2023-04-08T22:25:39+00:00","breadcrumb":{"@id":"https:\/\/bekleidungscenter.com\/?product=urban-leather-calvin-herren-lederjacke-ocean-blue-groesse-s#breadcrumb"},"inLanguage":"de","potentialAction":[{"@type":"ReadAction","target":["https:\/\/bekleidungscenter.com\/?product=urban-leather-calvin-herren-lederjacke-ocean-blue-groesse-s"]}]},{"@type":"BreadcrumbList","@id":"https:\/\/bekleidungscenter.com\/?product=urban-leather-calvin-herren-lederjacke-ocean-blue-groesse-s#breadcrumb","itemListElement":[{"@type":"ListItem","position":1,"name":"Home","item":"https:\/\/bekleidungscenter.com\/"},{"@type":"ListItem","position":2,"name":"Shop","item":"https:\/\/bekleidungscenter.com\/?page_id=7"},{"@type":"ListItem","position":3,"name":"Urban Leather Calvin &#8211; Herren Lederjacke"}]},{"@type":"WebSite","@id":"https:\/\/bekleidungscenter.com\/#website","url":"https:\/\/bekleidungscenter.com\/","name":"FamilienMode","description":"Alles f\u00fcr die ganze Familie","potentialAction":[{"@type":"SearchAction","target":{"@type":"EntryPoint","urlTemplate":"https:\/\/bekleidungscenter.com\/?s={search_term_string}"},"query-input":"required name=search_term_string"}],"inLanguage":"de"}]}},"_links":{"self":[{"href":"https:\/\/bekleidungscenter.com\/index.php?rest_route=\/wp\/v2\/product\/11057"}],"collection":[{"href":"https:\/\/bekleidungscenter.com\/index.php?rest_route=\/wp\/v2\/product"}],"about":[{"href":"https:\/\/bekleidungscenter.com\/index.php?rest_route=\/wp\/v2\/types\/product"}],"replies":[{"embeddable":true,"href":"https:\/\/bekleidungscenter.com\/index.php?rest_route=%2Fwp%2Fv2%2Fcomments&post=11057"}],"wp:featuredmedia":[{"embeddable":true,"href":"https:\/\/bekleidungscenter.com\/index.php?rest_route=\/wp\/v2\/media\/11058"}],"wp:attachment":[{"href":"https:\/\/bekleidungscenter.com\/index.php?rest_route=%2Fwp%2Fv2%2Fmedia&parent=11057"}],"wp:term":[{"taxonomy":"product_cat","embeddable":true,"href":"https:\/\/bekleidungscenter.com\/index.php?rest_route=%2Fwp%2Fv2%2Fproduct_cat&post=11057"},{"taxonomy":"product_tag","embeddable":true,"href":"https:\/\/bekleidungscenter.com\/index.php?rest_route=%2Fwp%2Fv2%2Fproduct_tag&post=11057"}],"curies":[{"name":"wp","href":"https:\/\/api.w.org\/{rel}","templated":true}]}}