{"id":11077,"date":"2021-01-04T02:12:07","date_gmt":"2021-01-04T02:12:07","guid":{"rendered":"http:\/\/bekleidungscenter.com\/?product=fedtosing-lederjacke-herren-kunstlederjacke-abnehmbarer-kapuze-cargojacke-winterjacke-slim-fit"},"modified":"2023-04-08T22:25:40","modified_gmt":"2023-04-08T22:25:40","slug":"fedtosing-lederjacke-herren-kunstlederjacke-abnehmbarer-kapuze-cargojacke-winterjacke-slim-fit","status":"publish","type":"product","link":"https:\/\/bekleidungscenter.com\/?product=fedtosing-lederjacke-herren-kunstlederjacke-abnehmbarer-kapuze-cargojacke-winterjacke-slim-fit","title":{"rendered":"FEDTOSING Lederjacke Herren Kunstlederjacke Abnehmbarer Kapuze Cargojacke Winterjacke Slim Fit"},"content":{"rendered":"<p>Dies ist eine slim fit Bomberjacke. Wenn Sie lose Kleidung m\u00f6gen, k\u00f6nnen Sie eine gr\u00f6\u00dfere Gr\u00f6\u00dfe koordinieren. Bitte \u00e4stimieren Sie die Gr\u00f6\u00dfentabelle vor dem Einkauf.<br \/>\nDies ist eine Bikerjacke mit Stehkragen. Es ist ein 2in1 Design mit abnehmbarer Kapuze. Dies Vintage Mode Bomberjacke ist homosexuell und Windproof. Es ist enorm O. K. angebracht bei kaltem Wetter im Herbst und Winter.<br \/>\nKragenform: Stehkragen<br \/>\nOberstoff: 100% Pu-leder, Futter: 100% Polyester, Kaputze: Baumwolle<br \/>\nBlouson<br \/>\nEin St\u00fcck des Geruchs des neuen Lederjackes wird innerhalb minus Tage sich davonmachen.<br \/>\nMulti-Taschen: Eine Tasche auf aus Seite der Taille, eine Innentasche. A-Stil hat 2 Taschen auf der Brust. B-Stil hat 1 Taschen auf der Brust.<br \/>\nAngenehm weich in der Haptik | Hoher Tragekomfort. Vielseitig und unkompliziert kombinierbare Jacke<br \/>\n<div class=\"main-cross-sell\" data-asin=\"B07X1H77Y1\">\n\n\t<div class=\"WooZone-cross-sell-loader\">\n\t\t<div>\n\t\t\t<div id=\"floatingBarsG\">\n\t\t\t\t<div class=\"blockG\" id=\"rotateG_01\"><\/div>\n\t\t\t\t<div class=\"blockG\" id=\"rotateG_02\"><\/div>\n\t\t\t\t<div class=\"blockG\" id=\"rotateG_03\"><\/div>\n\t\t\t\t<div class=\"blockG\" id=\"rotateG_04\"><\/div>\n\t\t\t\t<div class=\"blockG\" id=\"rotateG_05\"><\/div>\n\t\t\t\t<div class=\"blockG\" id=\"rotateG_06\"><\/div>\n\t\t\t\t<div class=\"blockG\" id=\"rotateG_07\"><\/div>\n\t\t\t\t<div class=\"blockG\" id=\"rotateG_08\"><\/div>\n\t\t\t<\/div>\n\t\t\t<div class=\"WooZone-cross-sell-loader-text\"><\/div>\n\t\t<\/div>\n\t<\/div>\n\n\t\t\n<\/div>\n<div style=\"clear:both;\"><\/div><\/p>\n","protected":false},"excerpt":{"rendered":"<p>Dies ist eine slim fit Bomberjacke. Wenn Sie lose Kleidung m\u00f6gen, k\u00f6nnen Sie eine gr\u00f6\u00dfere Gr\u00f6\u00dfe w\u00e4hlen. Bitte beachten Sie die Gr\u00f6\u00dfentabelle vor dem Einkauf.<br \/>\nDies ist eine Bikerjacke mit Stehkragen. Es ist ein 2in1 Design mit abnehmbarer Kapuze. Dies Vintage Mode Bomberjacke ist warm und Windproof. Es ist sehr gut geeignet bei kaltem Wetter im Herbst und Winter.<br \/>\nKragenform: Stehkragen<\/p>\n","protected":false},"featured_media":11078,"comment_status":"open","ping_status":"closed","template":"","meta":[],"product_cat":[118,125],"product_tag":[],"yoast_head":"<!-- This site is optimized with the Yoast SEO plugin v20.6 - https:\/\/yoast.com\/wordpress\/plugins\/seo\/ -->\n<title>FEDTOSING Lederjacke Herren Kunstlederjacke Abnehmbarer Kapuze Cargojacke Winterjacke Slim Fit - FamilienMode<\/title>\n<meta name=\"robots\" content=\"index, follow, max-snippet:-1, max-image-preview:large, max-video-preview:-1\" \/>\n<link rel=\"canonical\" href=\"https:\/\/bekleidungscenter.com\/?product=fedtosing-lederjacke-herren-kunstlederjacke-abnehmbarer-kapuze-cargojacke-winterjacke-slim-fit\" \/>\n<meta property=\"og:locale\" content=\"de_DE\" \/>\n<meta property=\"og:type\" content=\"article\" \/>\n<meta property=\"og:title\" content=\"FEDTOSING Lederjacke Herren Kunstlederjacke Abnehmbarer Kapuze Cargojacke Winterjacke Slim Fit - FamilienMode\" \/>\n<meta property=\"og:description\" content=\"Dies ist eine slim fit Bomberjacke. Wenn Sie lose Kleidung m\u00f6gen, k\u00f6nnen Sie eine gr\u00f6\u00dfere Gr\u00f6\u00dfe w\u00e4hlen. Bitte beachten Sie die Gr\u00f6\u00dfentabelle vor dem Einkauf. Dies ist eine Bikerjacke mit Stehkragen. Es ist ein 2in1 Design mit abnehmbarer Kapuze. Dies Vintage Mode Bomberjacke ist warm und Windproof. Es ist sehr gut geeignet bei kaltem Wetter im Herbst und Winter. Kragenform: Stehkragen\" \/>\n<meta property=\"og:url\" content=\"https:\/\/bekleidungscenter.com\/?product=fedtosing-lederjacke-herren-kunstlederjacke-abnehmbarer-kapuze-cargojacke-winterjacke-slim-fit\" \/>\n<meta property=\"og:site_name\" content=\"FamilienMode\" \/>\n<meta property=\"article:modified_time\" content=\"2023-04-08T22:25:40+00:00\" \/>\n<meta property=\"og:image\" content=\"https:\/\/images-na.ssl-images-amazon.com\/images\/I\/512KcqEb0lL.jpg\" \/>\n\t<meta property=\"og:image:width\" content=\"500\" \/>\n\t<meta property=\"og:image:height\" content=\"500\" \/>\n\t<meta property=\"og:image:type\" content=\"image\/jpeg\" \/>\n<meta name=\"twitter:card\" content=\"summary_large_image\" \/>\n<meta name=\"twitter:label1\" content=\"Gesch\u00e4tzte Lesezeit\" \/>\n\t<meta name=\"twitter:data1\" content=\"1\u00a0Minute\" \/>\n<script type=\"application\/ld+json\" class=\"yoast-schema-graph\">{\"@context\":\"https:\/\/schema.org\",\"@graph\":[{\"@type\":\"WebPage\",\"@id\":\"https:\/\/bekleidungscenter.com\/?product=fedtosing-lederjacke-herren-kunstlederjacke-abnehmbarer-kapuze-cargojacke-winterjacke-slim-fit\",\"url\":\"https:\/\/bekleidungscenter.com\/?product=fedtosing-lederjacke-herren-kunstlederjacke-abnehmbarer-kapuze-cargojacke-winterjacke-slim-fit\",\"name\":\"FEDTOSING Lederjacke Herren Kunstlederjacke Abnehmbarer Kapuze Cargojacke Winterjacke Slim Fit - FamilienMode\",\"isPartOf\":{\"@id\":\"https:\/\/bekleidungscenter.com\/#website\"},\"datePublished\":\"2021-01-04T02:12:07+00:00\",\"dateModified\":\"2023-04-08T22:25:40+00:00\",\"breadcrumb\":{\"@id\":\"https:\/\/bekleidungscenter.com\/?product=fedtosing-lederjacke-herren-kunstlederjacke-abnehmbarer-kapuze-cargojacke-winterjacke-slim-fit#breadcrumb\"},\"inLanguage\":\"de\",\"potentialAction\":[{\"@type\":\"ReadAction\",\"target\":[\"https:\/\/bekleidungscenter.com\/?product=fedtosing-lederjacke-herren-kunstlederjacke-abnehmbarer-kapuze-cargojacke-winterjacke-slim-fit\"]}]},{\"@type\":\"BreadcrumbList\",\"@id\":\"https:\/\/bekleidungscenter.com\/?product=fedtosing-lederjacke-herren-kunstlederjacke-abnehmbarer-kapuze-cargojacke-winterjacke-slim-fit#breadcrumb\",\"itemListElement\":[{\"@type\":\"ListItem\",\"position\":1,\"name\":\"Home\",\"item\":\"https:\/\/bekleidungscenter.com\/\"},{\"@type\":\"ListItem\",\"position\":2,\"name\":\"Shop\",\"item\":\"https:\/\/bekleidungscenter.com\/?page_id=7\"},{\"@type\":\"ListItem\",\"position\":3,\"name\":\"FEDTOSING Lederjacke Herren Kunstlederjacke Abnehmbarer Kapuze Cargojacke Winterjacke Slim Fit\"}]},{\"@type\":\"WebSite\",\"@id\":\"https:\/\/bekleidungscenter.com\/#website\",\"url\":\"https:\/\/bekleidungscenter.com\/\",\"name\":\"FamilienMode\",\"description\":\"Alles f\u00fcr die ganze Familie\",\"potentialAction\":[{\"@type\":\"SearchAction\",\"target\":{\"@type\":\"EntryPoint\",\"urlTemplate\":\"https:\/\/bekleidungscenter.com\/?s={search_term_string}\"},\"query-input\":\"required name=search_term_string\"}],\"inLanguage\":\"de\"}]}<\/script>\n<!-- \/ Yoast SEO plugin. -->","yoast_head_json":{"title":"FEDTOSING Lederjacke Herren Kunstlederjacke Abnehmbarer Kapuze Cargojacke Winterjacke Slim Fit - FamilienMode","robots":{"index":"index","follow":"follow","max-snippet":"max-snippet:-1","max-image-preview":"max-image-preview:large","max-video-preview":"max-video-preview:-1"},"canonical":"https:\/\/bekleidungscenter.com\/?product=fedtosing-lederjacke-herren-kunstlederjacke-abnehmbarer-kapuze-cargojacke-winterjacke-slim-fit","og_locale":"de_DE","og_type":"article","og_title":"FEDTOSING Lederjacke Herren Kunstlederjacke Abnehmbarer Kapuze Cargojacke Winterjacke Slim Fit - FamilienMode","og_description":"Dies ist eine slim fit Bomberjacke. Wenn Sie lose Kleidung m\u00f6gen, k\u00f6nnen Sie eine gr\u00f6\u00dfere Gr\u00f6\u00dfe w\u00e4hlen. Bitte beachten Sie die Gr\u00f6\u00dfentabelle vor dem Einkauf. Dies ist eine Bikerjacke mit Stehkragen. Es ist ein 2in1 Design mit abnehmbarer Kapuze. Dies Vintage Mode Bomberjacke ist warm und Windproof. Es ist sehr gut geeignet bei kaltem Wetter im Herbst und Winter. Kragenform: Stehkragen","og_url":"https:\/\/bekleidungscenter.com\/?product=fedtosing-lederjacke-herren-kunstlederjacke-abnehmbarer-kapuze-cargojacke-winterjacke-slim-fit","og_site_name":"FamilienMode","article_modified_time":"2023-04-08T22:25:40+00:00","og_image":[{"width":500,"height":500,"url":"https:\/\/images-na.ssl-images-amazon.com\/images\/I\/512KcqEb0lL.jpg","type":"image\/jpeg"}],"twitter_card":"summary_large_image","twitter_misc":{"Gesch\u00e4tzte Lesezeit":"1\u00a0Minute"},"schema":{"@context":"https:\/\/schema.org","@graph":[{"@type":"WebPage","@id":"https:\/\/bekleidungscenter.com\/?product=fedtosing-lederjacke-herren-kunstlederjacke-abnehmbarer-kapuze-cargojacke-winterjacke-slim-fit","url":"https:\/\/bekleidungscenter.com\/?product=fedtosing-lederjacke-herren-kunstlederjacke-abnehmbarer-kapuze-cargojacke-winterjacke-slim-fit","name":"FEDTOSING Lederjacke Herren Kunstlederjacke Abnehmbarer Kapuze Cargojacke Winterjacke Slim Fit - FamilienMode","isPartOf":{"@id":"https:\/\/bekleidungscenter.com\/#website"},"datePublished":"2021-01-04T02:12:07+00:00","dateModified":"2023-04-08T22:25:40+00:00","breadcrumb":{"@id":"https:\/\/bekleidungscenter.com\/?product=fedtosing-lederjacke-herren-kunstlederjacke-abnehmbarer-kapuze-cargojacke-winterjacke-slim-fit#breadcrumb"},"inLanguage":"de","potentialAction":[{"@type":"ReadAction","target":["https:\/\/bekleidungscenter.com\/?product=fedtosing-lederjacke-herren-kunstlederjacke-abnehmbarer-kapuze-cargojacke-winterjacke-slim-fit"]}]},{"@type":"BreadcrumbList","@id":"https:\/\/bekleidungscenter.com\/?product=fedtosing-lederjacke-herren-kunstlederjacke-abnehmbarer-kapuze-cargojacke-winterjacke-slim-fit#breadcrumb","itemListElement":[{"@type":"ListItem","position":1,"name":"Home","item":"https:\/\/bekleidungscenter.com\/"},{"@type":"ListItem","position":2,"name":"Shop","item":"https:\/\/bekleidungscenter.com\/?page_id=7"},{"@type":"ListItem","position":3,"name":"FEDTOSING Lederjacke Herren Kunstlederjacke Abnehmbarer Kapuze Cargojacke Winterjacke Slim Fit"}]},{"@type":"WebSite","@id":"https:\/\/bekleidungscenter.com\/#website","url":"https:\/\/bekleidungscenter.com\/","name":"FamilienMode","description":"Alles f\u00fcr die ganze Familie","potentialAction":[{"@type":"SearchAction","target":{"@type":"EntryPoint","urlTemplate":"https:\/\/bekleidungscenter.com\/?s={search_term_string}"},"query-input":"required name=search_term_string"}],"inLanguage":"de"}]}},"_links":{"self":[{"href":"https:\/\/bekleidungscenter.com\/index.php?rest_route=\/wp\/v2\/product\/11077"}],"collection":[{"href":"https:\/\/bekleidungscenter.com\/index.php?rest_route=\/wp\/v2\/product"}],"about":[{"href":"https:\/\/bekleidungscenter.com\/index.php?rest_route=\/wp\/v2\/types\/product"}],"replies":[{"embeddable":true,"href":"https:\/\/bekleidungscenter.com\/index.php?rest_route=%2Fwp%2Fv2%2Fcomments&post=11077"}],"wp:featuredmedia":[{"embeddable":true,"href":"https:\/\/bekleidungscenter.com\/index.php?rest_route=\/wp\/v2\/media\/11078"}],"wp:attachment":[{"href":"https:\/\/bekleidungscenter.com\/index.php?rest_route=%2Fwp%2Fv2%2Fmedia&parent=11077"}],"wp:term":[{"taxonomy":"product_cat","embeddable":true,"href":"https:\/\/bekleidungscenter.com\/index.php?rest_route=%2Fwp%2Fv2%2Fproduct_cat&post=11077"},{"taxonomy":"product_tag","embeddable":true,"href":"https:\/\/bekleidungscenter.com\/index.php?rest_route=%2Fwp%2Fv2%2Fproduct_tag&post=11077"}],"curies":[{"name":"wp","href":"https:\/\/api.w.org\/{rel}","templated":true}]}}