{"id":11109,"date":"2021-01-04T02:12:40","date_gmt":"2021-01-04T02:12:40","guid":{"rendered":"http:\/\/bekleidungscenter.com\/?product=jack-jones-male-lederjacke-minimalistische"},"modified":"2023-04-08T22:25:40","modified_gmt":"2023-04-08T22:25:40","slug":"jack-jones-male-lederjacke-minimalistische","status":"publish","type":"product","link":"https:\/\/bekleidungscenter.com\/?product=jack-jones-male-lederjacke-minimalistische","title":{"rendered":"JACK &amp; JONES Herren Jjeliam Leather Jacket Noos Jacke"},"content":{"rendered":"<p><!-- show up to 2 reviews by default --> <\/p>\n<p>Die rockt: Die Lederjacke von JACK &amp; JONES im angesagten Bikerstil. Der enganliegene Mittelma\u00df ebenso die Brusttaschen Per Rei\u00dfverschluss hervorbringen die Jacke zu einem modernen Hingucker. Per praktischem Rei\u00dfverschluss ebenso kleinem Stehkragen eignet sich die Bikerjacke vulgo fair statt dessen die \u00dcbergangszeit. An dieser Jacke von JACK &amp; JONES wirst du lange Fez haben. <\/p>\n<p>Lederjacke im minimalistischen Look<br \/>\n100 % Lammleder<br \/>\nKragenform: Stehkragen<br \/>\nLangarm<br \/>\nVerschluss: Rei\u00dfverschluss<br \/>\n100% Leder<br \/>\nParka<br \/>\nPflegehinweis: Nicht aussp\u00fclen, Nicht bleichen, Trockner nicht verwenden, Nicht b\u00fcgeln, Nicht chemisch reinigen, Zum Reiben aufh\u00e4ngen<br \/>\nModellnummer: 12161382<br \/>\nZwei Rei\u00dfverschlusstaschen an der Brust<br \/>\nMaterialzusammensetzung: Au\u00dfenmaterial: 100% Lammleder, Futter: 100% Polyester<br \/>\n<div class=\"main-cross-sell\" data-asin=\"B07RY8V21N\">\n\n\t<div class=\"WooZone-cross-sell-loader\">\n\t\t<div>\n\t\t\t<div id=\"floatingBarsG\">\n\t\t\t\t<div class=\"blockG\" id=\"rotateG_01\"><\/div>\n\t\t\t\t<div class=\"blockG\" id=\"rotateG_02\"><\/div>\n\t\t\t\t<div class=\"blockG\" id=\"rotateG_03\"><\/div>\n\t\t\t\t<div class=\"blockG\" id=\"rotateG_04\"><\/div>\n\t\t\t\t<div class=\"blockG\" id=\"rotateG_05\"><\/div>\n\t\t\t\t<div class=\"blockG\" id=\"rotateG_06\"><\/div>\n\t\t\t\t<div class=\"blockG\" id=\"rotateG_07\"><\/div>\n\t\t\t\t<div class=\"blockG\" id=\"rotateG_08\"><\/div>\n\t\t\t<\/div>\n\t\t\t<div class=\"WooZone-cross-sell-loader-text\"><\/div>\n\t\t<\/div>\n\t<\/div>\n\n\t\t\n<\/div>\n<div style=\"clear:both;\"><\/div><\/p>\n","protected":false},"excerpt":{"rendered":"<p>Lederjacke im minimalistischen Look<br \/>\n100 % Lammleder<br \/>\nKragenform: Stehkragen<\/p>\n","protected":false},"featured_media":11110,"comment_status":"open","ping_status":"closed","template":"","meta":[],"product_cat":[118,125],"product_tag":[],"yoast_head":"<!-- This site is optimized with the Yoast SEO plugin v20.6 - https:\/\/yoast.com\/wordpress\/plugins\/seo\/ -->\n<title>JACK &amp; JONES Herren Jjeliam Leather Jacket Noos Jacke - FamilienMode<\/title>\n<meta name=\"robots\" content=\"index, follow, max-snippet:-1, max-image-preview:large, max-video-preview:-1\" \/>\n<link rel=\"canonical\" href=\"https:\/\/bekleidungscenter.com\/?product=jack-jones-male-lederjacke-minimalistische\" \/>\n<meta property=\"og:locale\" content=\"de_DE\" \/>\n<meta property=\"og:type\" content=\"article\" \/>\n<meta property=\"og:title\" content=\"JACK &amp; JONES Herren Jjeliam Leather Jacket Noos Jacke - FamilienMode\" \/>\n<meta property=\"og:description\" content=\"Lederjacke im minimalistischen Look 100 % Lammleder Kragenform: Stehkragen\" \/>\n<meta property=\"og:url\" content=\"https:\/\/bekleidungscenter.com\/?product=jack-jones-male-lederjacke-minimalistische\" \/>\n<meta property=\"og:site_name\" content=\"FamilienMode\" \/>\n<meta property=\"article:modified_time\" content=\"2023-04-08T22:25:40+00:00\" \/>\n<meta property=\"og:image\" content=\"https:\/\/images-na.ssl-images-amazon.com\/images\/I\/41xBX-JnQSL.jpg\" \/>\n\t<meta property=\"og:image:width\" content=\"500\" \/>\n\t<meta property=\"og:image:height\" content=\"500\" \/>\n\t<meta property=\"og:image:type\" content=\"image\/jpeg\" \/>\n<meta name=\"twitter:card\" content=\"summary_large_image\" \/>\n<meta name=\"twitter:label1\" content=\"Gesch\u00e4tzte Lesezeit\" \/>\n\t<meta name=\"twitter:data1\" content=\"1\u00a0Minute\" \/>\n<script type=\"application\/ld+json\" class=\"yoast-schema-graph\">{\"@context\":\"https:\/\/schema.org\",\"@graph\":[{\"@type\":\"WebPage\",\"@id\":\"https:\/\/bekleidungscenter.com\/?product=jack-jones-male-lederjacke-minimalistische\",\"url\":\"https:\/\/bekleidungscenter.com\/?product=jack-jones-male-lederjacke-minimalistische\",\"name\":\"JACK &amp; JONES Herren Jjeliam Leather Jacket Noos Jacke - FamilienMode\",\"isPartOf\":{\"@id\":\"https:\/\/bekleidungscenter.com\/#website\"},\"datePublished\":\"2021-01-04T02:12:40+00:00\",\"dateModified\":\"2023-04-08T22:25:40+00:00\",\"breadcrumb\":{\"@id\":\"https:\/\/bekleidungscenter.com\/?product=jack-jones-male-lederjacke-minimalistische#breadcrumb\"},\"inLanguage\":\"de\",\"potentialAction\":[{\"@type\":\"ReadAction\",\"target\":[\"https:\/\/bekleidungscenter.com\/?product=jack-jones-male-lederjacke-minimalistische\"]}]},{\"@type\":\"BreadcrumbList\",\"@id\":\"https:\/\/bekleidungscenter.com\/?product=jack-jones-male-lederjacke-minimalistische#breadcrumb\",\"itemListElement\":[{\"@type\":\"ListItem\",\"position\":1,\"name\":\"Home\",\"item\":\"https:\/\/bekleidungscenter.com\/\"},{\"@type\":\"ListItem\",\"position\":2,\"name\":\"Shop\",\"item\":\"https:\/\/bekleidungscenter.com\/?page_id=7\"},{\"@type\":\"ListItem\",\"position\":3,\"name\":\"JACK &amp; JONES Herren Jjeliam Leather Jacket Noos Jacke\"}]},{\"@type\":\"WebSite\",\"@id\":\"https:\/\/bekleidungscenter.com\/#website\",\"url\":\"https:\/\/bekleidungscenter.com\/\",\"name\":\"FamilienMode\",\"description\":\"Alles f\u00fcr die ganze Familie\",\"potentialAction\":[{\"@type\":\"SearchAction\",\"target\":{\"@type\":\"EntryPoint\",\"urlTemplate\":\"https:\/\/bekleidungscenter.com\/?s={search_term_string}\"},\"query-input\":\"required name=search_term_string\"}],\"inLanguage\":\"de\"}]}<\/script>\n<!-- \/ Yoast SEO plugin. -->","yoast_head_json":{"title":"JACK &amp; JONES Herren Jjeliam Leather Jacket Noos Jacke - FamilienMode","robots":{"index":"index","follow":"follow","max-snippet":"max-snippet:-1","max-image-preview":"max-image-preview:large","max-video-preview":"max-video-preview:-1"},"canonical":"https:\/\/bekleidungscenter.com\/?product=jack-jones-male-lederjacke-minimalistische","og_locale":"de_DE","og_type":"article","og_title":"JACK &amp; JONES Herren Jjeliam Leather Jacket Noos Jacke - FamilienMode","og_description":"Lederjacke im minimalistischen Look 100 % Lammleder Kragenform: Stehkragen","og_url":"https:\/\/bekleidungscenter.com\/?product=jack-jones-male-lederjacke-minimalistische","og_site_name":"FamilienMode","article_modified_time":"2023-04-08T22:25:40+00:00","og_image":[{"width":500,"height":500,"url":"https:\/\/images-na.ssl-images-amazon.com\/images\/I\/41xBX-JnQSL.jpg","type":"image\/jpeg"}],"twitter_card":"summary_large_image","twitter_misc":{"Gesch\u00e4tzte Lesezeit":"1\u00a0Minute"},"schema":{"@context":"https:\/\/schema.org","@graph":[{"@type":"WebPage","@id":"https:\/\/bekleidungscenter.com\/?product=jack-jones-male-lederjacke-minimalistische","url":"https:\/\/bekleidungscenter.com\/?product=jack-jones-male-lederjacke-minimalistische","name":"JACK &amp; JONES Herren Jjeliam Leather Jacket Noos Jacke - FamilienMode","isPartOf":{"@id":"https:\/\/bekleidungscenter.com\/#website"},"datePublished":"2021-01-04T02:12:40+00:00","dateModified":"2023-04-08T22:25:40+00:00","breadcrumb":{"@id":"https:\/\/bekleidungscenter.com\/?product=jack-jones-male-lederjacke-minimalistische#breadcrumb"},"inLanguage":"de","potentialAction":[{"@type":"ReadAction","target":["https:\/\/bekleidungscenter.com\/?product=jack-jones-male-lederjacke-minimalistische"]}]},{"@type":"BreadcrumbList","@id":"https:\/\/bekleidungscenter.com\/?product=jack-jones-male-lederjacke-minimalistische#breadcrumb","itemListElement":[{"@type":"ListItem","position":1,"name":"Home","item":"https:\/\/bekleidungscenter.com\/"},{"@type":"ListItem","position":2,"name":"Shop","item":"https:\/\/bekleidungscenter.com\/?page_id=7"},{"@type":"ListItem","position":3,"name":"JACK &amp; JONES Herren Jjeliam Leather Jacket Noos Jacke"}]},{"@type":"WebSite","@id":"https:\/\/bekleidungscenter.com\/#website","url":"https:\/\/bekleidungscenter.com\/","name":"FamilienMode","description":"Alles f\u00fcr die ganze Familie","potentialAction":[{"@type":"SearchAction","target":{"@type":"EntryPoint","urlTemplate":"https:\/\/bekleidungscenter.com\/?s={search_term_string}"},"query-input":"required name=search_term_string"}],"inLanguage":"de"}]}},"_links":{"self":[{"href":"https:\/\/bekleidungscenter.com\/index.php?rest_route=\/wp\/v2\/product\/11109"}],"collection":[{"href":"https:\/\/bekleidungscenter.com\/index.php?rest_route=\/wp\/v2\/product"}],"about":[{"href":"https:\/\/bekleidungscenter.com\/index.php?rest_route=\/wp\/v2\/types\/product"}],"replies":[{"embeddable":true,"href":"https:\/\/bekleidungscenter.com\/index.php?rest_route=%2Fwp%2Fv2%2Fcomments&post=11109"}],"wp:featuredmedia":[{"embeddable":true,"href":"https:\/\/bekleidungscenter.com\/index.php?rest_route=\/wp\/v2\/media\/11110"}],"wp:attachment":[{"href":"https:\/\/bekleidungscenter.com\/index.php?rest_route=%2Fwp%2Fv2%2Fmedia&parent=11109"}],"wp:term":[{"taxonomy":"product_cat","embeddable":true,"href":"https:\/\/bekleidungscenter.com\/index.php?rest_route=%2Fwp%2Fv2%2Fproduct_cat&post=11109"},{"taxonomy":"product_tag","embeddable":true,"href":"https:\/\/bekleidungscenter.com\/index.php?rest_route=%2Fwp%2Fv2%2Fproduct_tag&post=11109"}],"curies":[{"name":"wp","href":"https:\/\/api.w.org\/{rel}","templated":true}]}}