{"id":11219,"date":"2021-01-04T02:19:35","date_gmt":"2021-01-04T02:19:35","guid":{"rendered":"http:\/\/bekleidungscenter.com\/?product=brandit-m65-giant-herren-jacke-parka-winterjacke"},"modified":"2023-04-08T22:25:42","modified_gmt":"2023-04-08T22:25:42","slug":"brandit-m65-giant-herren-jacke-parka-winterjacke","status":"publish","type":"product","link":"https:\/\/bekleidungscenter.com\/?product=brandit-m65-giant-herren-jacke-parka-winterjacke","title":{"rendered":"Brandit M65 Giant Herren Jacke Parka Winterjacke"},"content":{"rendered":"<p><!-- show up to 2 reviews by default --> <\/p>\n<p>Die M65 Army Jacke im Vintagestil mit Kult-Alphazeichen ! Die optimale Winterjacke mit herausnehmbarem Futter Ideal sondern den Winter durch die mit einem Rei\u00dfverschluss austrennbare gesteppte Innenjacke s\u00e4mtliche Nylon und warmen Teddy-Innenfutter Die Aussenjacke ist s\u00e4mtliche hochwertiger, gewaschener Baumwolle und kann ohne Futter aka qua \u00dcbergangsjacke im Fr\u00fchjahr und Herbst getragen werden &#8211; Typisch M65 hat die Jacke 2 gro\u00dfe Brusttaschen mit Dehnfalten &#8211; 2 ger\u00e4umige H\u00fcft-Pattentaschen vorne inklusive 2 seitlicher Eingriffs-Taschen von au\u00dfen &#8211; im Kragen versteckte Baumwollkapuze mit Kordelzug Jacke &#8211; Obermaterial: 100% Baumwolle &#8211; Futter: 67% Baumwolle, 33% Nylon &#8211; Armfutter: 100% Nylon &#8211; Kapuze: 100% Baumwolle Liner, austrennbar &#8211; Obermaterial 100% Nylon &#8211; Futter 100% Polyester &#8211; Armfutter 100% Nylon &#8211; Kragen 100% Acryl &#8211; F\u00fcllung 100% Polyester Vintage-Style: der Bericht wurde mit einem speziellen Verfahren bereits bei der Produktion vorgewaschen (bzw. bearbeitet) um so einen dezenten im Gegensatz dazu authentischen Used-Look zu fertig machen. <\/p>\n<p>Klassischer Nachbau der legend\u00e4ren US Feldjacke<br \/>\npflegeleichtes und handkehrum robustes Material<br \/>\nLangarm<br \/>\nVerschluss: Rei\u00dfverschluss<br \/>\nObermaterial: 100% Baumwolle &#8211; Futter: 67% Baumwolle, 33% Nylon &#8211; Armfutter: 100% Nylon &#8211; Kapuze: 100% Baumwolle Liner, austrennbar &#8211; Obermaterial 100% Nylon &#8211; Futter 100% Polyester &#8211; Armfutter 100% Nylon &#8211; Kragen 100% Acryl &#8211; F\u00fcllung 100% Polyester<br \/>\nParka<br \/>\nPflegehinweis: Pflegehinweis: Maschinenw\u00e4sche<br \/>\nModellnummer: 3101<br \/>\nAuskn\u00f6pfbares Teddy-Innenfutter.<br \/>\n\u00fcppig Stauraum durch mehrere ger\u00e4umige Taschen<br \/>\nWarme, bequeme Winterjacke in vielen Farben<br \/>\n<div class=\"main-cross-sell\" data-asin=\"B082RWSBK2\">\n\n\t<div class=\"WooZone-cross-sell-loader\">\n\t\t<div>\n\t\t\t<div id=\"floatingBarsG\">\n\t\t\t\t<div class=\"blockG\" id=\"rotateG_01\"><\/div>\n\t\t\t\t<div class=\"blockG\" id=\"rotateG_02\"><\/div>\n\t\t\t\t<div class=\"blockG\" id=\"rotateG_03\"><\/div>\n\t\t\t\t<div class=\"blockG\" id=\"rotateG_04\"><\/div>\n\t\t\t\t<div class=\"blockG\" id=\"rotateG_05\"><\/div>\n\t\t\t\t<div class=\"blockG\" id=\"rotateG_06\"><\/div>\n\t\t\t\t<div class=\"blockG\" id=\"rotateG_07\"><\/div>\n\t\t\t\t<div class=\"blockG\" id=\"rotateG_08\"><\/div>\n\t\t\t<\/div>\n\t\t\t<div class=\"WooZone-cross-sell-loader-text\"><\/div>\n\t\t<\/div>\n\t<\/div>\n\n\t\t\n<\/div>\n<div style=\"clear:both;\"><\/div><\/p>\n","protected":false},"excerpt":{"rendered":"<p>Klassischer Nachbau der legend\u00e4ren US Feldjacke<br \/>\npflegeleichtes und dennoch robustes Material<br \/>\nLangarm<\/p>\n","protected":false},"featured_media":11220,"comment_status":"open","ping_status":"closed","template":"","meta":[],"product_cat":[118,125],"product_tag":[],"yoast_head":"<!-- This site is optimized with the Yoast SEO plugin v20.6 - https:\/\/yoast.com\/wordpress\/plugins\/seo\/ -->\n<title>Brandit M65 Giant Herren Jacke Parka Winterjacke - FamilienMode<\/title>\n<meta name=\"robots\" content=\"index, follow, max-snippet:-1, max-image-preview:large, max-video-preview:-1\" \/>\n<link rel=\"canonical\" href=\"https:\/\/bekleidungscenter.com\/?product=brandit-m65-giant-herren-jacke-parka-winterjacke\" \/>\n<meta property=\"og:locale\" content=\"de_DE\" \/>\n<meta property=\"og:type\" content=\"article\" \/>\n<meta property=\"og:title\" content=\"Brandit M65 Giant Herren Jacke Parka Winterjacke - FamilienMode\" \/>\n<meta property=\"og:description\" content=\"Klassischer Nachbau der legend\u00e4ren US Feldjacke pflegeleichtes und dennoch robustes Material Langarm\" \/>\n<meta property=\"og:url\" content=\"https:\/\/bekleidungscenter.com\/?product=brandit-m65-giant-herren-jacke-parka-winterjacke\" \/>\n<meta property=\"og:site_name\" content=\"FamilienMode\" \/>\n<meta property=\"article:modified_time\" content=\"2023-04-08T22:25:42+00:00\" \/>\n<meta property=\"og:image\" content=\"https:\/\/images-na.ssl-images-amazon.com\/images\/I\/51W17LKTHML.jpg\" \/>\n\t<meta property=\"og:image:width\" content=\"500\" \/>\n\t<meta property=\"og:image:height\" content=\"500\" \/>\n\t<meta property=\"og:image:type\" content=\"image\/jpeg\" \/>\n<meta name=\"twitter:card\" content=\"summary_large_image\" \/>\n<meta name=\"twitter:label1\" content=\"Gesch\u00e4tzte Lesezeit\" \/>\n\t<meta name=\"twitter:data1\" content=\"1\u00a0Minute\" \/>\n<script type=\"application\/ld+json\" class=\"yoast-schema-graph\">{\"@context\":\"https:\/\/schema.org\",\"@graph\":[{\"@type\":\"WebPage\",\"@id\":\"https:\/\/bekleidungscenter.com\/?product=brandit-m65-giant-herren-jacke-parka-winterjacke\",\"url\":\"https:\/\/bekleidungscenter.com\/?product=brandit-m65-giant-herren-jacke-parka-winterjacke\",\"name\":\"Brandit M65 Giant Herren Jacke Parka Winterjacke - FamilienMode\",\"isPartOf\":{\"@id\":\"https:\/\/bekleidungscenter.com\/#website\"},\"datePublished\":\"2021-01-04T02:19:35+00:00\",\"dateModified\":\"2023-04-08T22:25:42+00:00\",\"breadcrumb\":{\"@id\":\"https:\/\/bekleidungscenter.com\/?product=brandit-m65-giant-herren-jacke-parka-winterjacke#breadcrumb\"},\"inLanguage\":\"de\",\"potentialAction\":[{\"@type\":\"ReadAction\",\"target\":[\"https:\/\/bekleidungscenter.com\/?product=brandit-m65-giant-herren-jacke-parka-winterjacke\"]}]},{\"@type\":\"BreadcrumbList\",\"@id\":\"https:\/\/bekleidungscenter.com\/?product=brandit-m65-giant-herren-jacke-parka-winterjacke#breadcrumb\",\"itemListElement\":[{\"@type\":\"ListItem\",\"position\":1,\"name\":\"Home\",\"item\":\"https:\/\/bekleidungscenter.com\/\"},{\"@type\":\"ListItem\",\"position\":2,\"name\":\"Shop\",\"item\":\"https:\/\/bekleidungscenter.com\/?page_id=7\"},{\"@type\":\"ListItem\",\"position\":3,\"name\":\"Brandit M65 Giant Herren Jacke Parka Winterjacke\"}]},{\"@type\":\"WebSite\",\"@id\":\"https:\/\/bekleidungscenter.com\/#website\",\"url\":\"https:\/\/bekleidungscenter.com\/\",\"name\":\"FamilienMode\",\"description\":\"Alles f\u00fcr die ganze Familie\",\"potentialAction\":[{\"@type\":\"SearchAction\",\"target\":{\"@type\":\"EntryPoint\",\"urlTemplate\":\"https:\/\/bekleidungscenter.com\/?s={search_term_string}\"},\"query-input\":\"required name=search_term_string\"}],\"inLanguage\":\"de\"}]}<\/script>\n<!-- \/ Yoast SEO plugin. -->","yoast_head_json":{"title":"Brandit M65 Giant Herren Jacke Parka Winterjacke - FamilienMode","robots":{"index":"index","follow":"follow","max-snippet":"max-snippet:-1","max-image-preview":"max-image-preview:large","max-video-preview":"max-video-preview:-1"},"canonical":"https:\/\/bekleidungscenter.com\/?product=brandit-m65-giant-herren-jacke-parka-winterjacke","og_locale":"de_DE","og_type":"article","og_title":"Brandit M65 Giant Herren Jacke Parka Winterjacke - FamilienMode","og_description":"Klassischer Nachbau der legend\u00e4ren US Feldjacke pflegeleichtes und dennoch robustes Material Langarm","og_url":"https:\/\/bekleidungscenter.com\/?product=brandit-m65-giant-herren-jacke-parka-winterjacke","og_site_name":"FamilienMode","article_modified_time":"2023-04-08T22:25:42+00:00","og_image":[{"width":500,"height":500,"url":"https:\/\/images-na.ssl-images-amazon.com\/images\/I\/51W17LKTHML.jpg","type":"image\/jpeg"}],"twitter_card":"summary_large_image","twitter_misc":{"Gesch\u00e4tzte Lesezeit":"1\u00a0Minute"},"schema":{"@context":"https:\/\/schema.org","@graph":[{"@type":"WebPage","@id":"https:\/\/bekleidungscenter.com\/?product=brandit-m65-giant-herren-jacke-parka-winterjacke","url":"https:\/\/bekleidungscenter.com\/?product=brandit-m65-giant-herren-jacke-parka-winterjacke","name":"Brandit M65 Giant Herren Jacke Parka Winterjacke - FamilienMode","isPartOf":{"@id":"https:\/\/bekleidungscenter.com\/#website"},"datePublished":"2021-01-04T02:19:35+00:00","dateModified":"2023-04-08T22:25:42+00:00","breadcrumb":{"@id":"https:\/\/bekleidungscenter.com\/?product=brandit-m65-giant-herren-jacke-parka-winterjacke#breadcrumb"},"inLanguage":"de","potentialAction":[{"@type":"ReadAction","target":["https:\/\/bekleidungscenter.com\/?product=brandit-m65-giant-herren-jacke-parka-winterjacke"]}]},{"@type":"BreadcrumbList","@id":"https:\/\/bekleidungscenter.com\/?product=brandit-m65-giant-herren-jacke-parka-winterjacke#breadcrumb","itemListElement":[{"@type":"ListItem","position":1,"name":"Home","item":"https:\/\/bekleidungscenter.com\/"},{"@type":"ListItem","position":2,"name":"Shop","item":"https:\/\/bekleidungscenter.com\/?page_id=7"},{"@type":"ListItem","position":3,"name":"Brandit M65 Giant Herren Jacke Parka Winterjacke"}]},{"@type":"WebSite","@id":"https:\/\/bekleidungscenter.com\/#website","url":"https:\/\/bekleidungscenter.com\/","name":"FamilienMode","description":"Alles f\u00fcr die ganze Familie","potentialAction":[{"@type":"SearchAction","target":{"@type":"EntryPoint","urlTemplate":"https:\/\/bekleidungscenter.com\/?s={search_term_string}"},"query-input":"required name=search_term_string"}],"inLanguage":"de"}]}},"_links":{"self":[{"href":"https:\/\/bekleidungscenter.com\/index.php?rest_route=\/wp\/v2\/product\/11219"}],"collection":[{"href":"https:\/\/bekleidungscenter.com\/index.php?rest_route=\/wp\/v2\/product"}],"about":[{"href":"https:\/\/bekleidungscenter.com\/index.php?rest_route=\/wp\/v2\/types\/product"}],"replies":[{"embeddable":true,"href":"https:\/\/bekleidungscenter.com\/index.php?rest_route=%2Fwp%2Fv2%2Fcomments&post=11219"}],"wp:featuredmedia":[{"embeddable":true,"href":"https:\/\/bekleidungscenter.com\/index.php?rest_route=\/wp\/v2\/media\/11220"}],"wp:attachment":[{"href":"https:\/\/bekleidungscenter.com\/index.php?rest_route=%2Fwp%2Fv2%2Fmedia&parent=11219"}],"wp:term":[{"taxonomy":"product_cat","embeddable":true,"href":"https:\/\/bekleidungscenter.com\/index.php?rest_route=%2Fwp%2Fv2%2Fproduct_cat&post=11219"},{"taxonomy":"product_tag","embeddable":true,"href":"https:\/\/bekleidungscenter.com\/index.php?rest_route=%2Fwp%2Fv2%2Fproduct_tag&post=11219"}],"curies":[{"name":"wp","href":"https:\/\/api.w.org\/{rel}","templated":true}]}}