{"id":11278,"date":"2021-01-04T02:20:41","date_gmt":"2021-01-04T02:20:41","guid":{"rendered":"http:\/\/bekleidungscenter.com\/?product=jack-jones-herren-jjerocky-noos-jacket"},"modified":"2023-04-08T22:25:44","modified_gmt":"2023-04-08T22:25:44","slug":"jack-jones-herren-jjerocky-noos-jacket","status":"publish","type":"product","link":"https:\/\/bekleidungscenter.com\/?product=jack-jones-herren-jjerocky-noos-jacket","title":{"rendered":"JACK &amp; JONES Male Lederjacke Faux"},"content":{"rendered":"<p><!-- show up to 2 reviews by default --> <\/p>\n<p>Mit dieser Jacke im Biker Anst\u00e4ndigkeit hat JACK &amp; JONES wiederholt dazumal breit ins Schwarze getroffen. Der Inanspruchnahme von Details wurde auf das N\u00f6tigste limitiert, wodurch ein minimalistischer Look mittels einer klaren Linie entsteht. Die trendige Jacke in Wildlederoptik \u00fcberzeugt. Ein kleiner Stehkragen au\u00dferdem Taschen mittels Rei\u00dfverschluss, das bietet diese schicke Jacke. <\/p>\n<p>Jacke statt dessen Herren<br \/>\nKlassische Biker-Details<br \/>\nLangarm<br \/>\nVerschluss: Rei\u00dfverschluss<br \/>\nAu\u00dfenmaterial: 100% Polyester, Futter: 100% Polyester<br \/>\nParka<br \/>\nPflegehinweis: Keine All\u00fcren<br \/>\nModellnummer: 12147218<br \/>\nDer Saum am R\u00fccken verstellbar<br \/>\nMaterialzusammensetzung: Au\u00dfenmaterial: 100% Polyester, Futter: 100% Polyester<br \/>\n<div class=\"main-cross-sell\" data-asin=\"B082Y5R2CV\">\n\n\t<div class=\"WooZone-cross-sell-loader\">\n\t\t<div>\n\t\t\t<div id=\"floatingBarsG\">\n\t\t\t\t<div class=\"blockG\" id=\"rotateG_01\"><\/div>\n\t\t\t\t<div class=\"blockG\" id=\"rotateG_02\"><\/div>\n\t\t\t\t<div class=\"blockG\" id=\"rotateG_03\"><\/div>\n\t\t\t\t<div class=\"blockG\" id=\"rotateG_04\"><\/div>\n\t\t\t\t<div class=\"blockG\" id=\"rotateG_05\"><\/div>\n\t\t\t\t<div class=\"blockG\" id=\"rotateG_06\"><\/div>\n\t\t\t\t<div class=\"blockG\" id=\"rotateG_07\"><\/div>\n\t\t\t\t<div class=\"blockG\" id=\"rotateG_08\"><\/div>\n\t\t\t<\/div>\n\t\t\t<div class=\"WooZone-cross-sell-loader-text\"><\/div>\n\t\t<\/div>\n\t<\/div>\n\n\t\t\n<\/div>\n<div style=\"clear:both;\"><\/div><\/p>\n","protected":false},"excerpt":{"rendered":"<p>Jacke f\u00fcr Herren<br \/>\nKlassische Biker-Details<br \/>\nLangarm<\/p>\n","protected":false},"featured_media":11279,"comment_status":"open","ping_status":"closed","template":"","meta":[],"product_cat":[118,125],"product_tag":[],"yoast_head":"<!-- This site is optimized with the Yoast SEO plugin v20.6 - https:\/\/yoast.com\/wordpress\/plugins\/seo\/ -->\n<title>JACK &amp; JONES Male Lederjacke Faux - FamilienMode<\/title>\n<meta name=\"robots\" content=\"index, follow, max-snippet:-1, max-image-preview:large, max-video-preview:-1\" \/>\n<link rel=\"canonical\" href=\"https:\/\/bekleidungscenter.com\/?product=jack-jones-herren-jjerocky-noos-jacket\" \/>\n<meta property=\"og:locale\" content=\"de_DE\" \/>\n<meta property=\"og:type\" content=\"article\" \/>\n<meta property=\"og:title\" content=\"JACK &amp; JONES Male Lederjacke Faux - FamilienMode\" \/>\n<meta property=\"og:description\" content=\"Jacke f\u00fcr Herren Klassische Biker-Details Langarm\" \/>\n<meta property=\"og:url\" content=\"https:\/\/bekleidungscenter.com\/?product=jack-jones-herren-jjerocky-noos-jacket\" \/>\n<meta property=\"og:site_name\" content=\"FamilienMode\" \/>\n<meta property=\"article:modified_time\" content=\"2023-04-08T22:25:44+00:00\" \/>\n<meta property=\"og:image\" content=\"https:\/\/images-na.ssl-images-amazon.com\/images\/I\/31IEqXM9QDL.jpg\" \/>\n\t<meta property=\"og:image:width\" content=\"500\" \/>\n\t<meta property=\"og:image:height\" content=\"500\" \/>\n\t<meta property=\"og:image:type\" content=\"image\/jpeg\" \/>\n<meta name=\"twitter:card\" content=\"summary_large_image\" \/>\n<script type=\"application\/ld+json\" class=\"yoast-schema-graph\">{\"@context\":\"https:\/\/schema.org\",\"@graph\":[{\"@type\":\"WebPage\",\"@id\":\"https:\/\/bekleidungscenter.com\/?product=jack-jones-herren-jjerocky-noos-jacket\",\"url\":\"https:\/\/bekleidungscenter.com\/?product=jack-jones-herren-jjerocky-noos-jacket\",\"name\":\"JACK &amp; JONES Male Lederjacke Faux - FamilienMode\",\"isPartOf\":{\"@id\":\"https:\/\/bekleidungscenter.com\/#website\"},\"datePublished\":\"2021-01-04T02:20:41+00:00\",\"dateModified\":\"2023-04-08T22:25:44+00:00\",\"breadcrumb\":{\"@id\":\"https:\/\/bekleidungscenter.com\/?product=jack-jones-herren-jjerocky-noos-jacket#breadcrumb\"},\"inLanguage\":\"de\",\"potentialAction\":[{\"@type\":\"ReadAction\",\"target\":[\"https:\/\/bekleidungscenter.com\/?product=jack-jones-herren-jjerocky-noos-jacket\"]}]},{\"@type\":\"BreadcrumbList\",\"@id\":\"https:\/\/bekleidungscenter.com\/?product=jack-jones-herren-jjerocky-noos-jacket#breadcrumb\",\"itemListElement\":[{\"@type\":\"ListItem\",\"position\":1,\"name\":\"Home\",\"item\":\"https:\/\/bekleidungscenter.com\/\"},{\"@type\":\"ListItem\",\"position\":2,\"name\":\"Shop\",\"item\":\"https:\/\/bekleidungscenter.com\/?page_id=7\"},{\"@type\":\"ListItem\",\"position\":3,\"name\":\"JACK &amp; JONES Male Lederjacke Faux\"}]},{\"@type\":\"WebSite\",\"@id\":\"https:\/\/bekleidungscenter.com\/#website\",\"url\":\"https:\/\/bekleidungscenter.com\/\",\"name\":\"FamilienMode\",\"description\":\"Alles f\u00fcr die ganze Familie\",\"potentialAction\":[{\"@type\":\"SearchAction\",\"target\":{\"@type\":\"EntryPoint\",\"urlTemplate\":\"https:\/\/bekleidungscenter.com\/?s={search_term_string}\"},\"query-input\":\"required name=search_term_string\"}],\"inLanguage\":\"de\"}]}<\/script>\n<!-- \/ Yoast SEO plugin. -->","yoast_head_json":{"title":"JACK &amp; JONES Male Lederjacke Faux - FamilienMode","robots":{"index":"index","follow":"follow","max-snippet":"max-snippet:-1","max-image-preview":"max-image-preview:large","max-video-preview":"max-video-preview:-1"},"canonical":"https:\/\/bekleidungscenter.com\/?product=jack-jones-herren-jjerocky-noos-jacket","og_locale":"de_DE","og_type":"article","og_title":"JACK &amp; JONES Male Lederjacke Faux - FamilienMode","og_description":"Jacke f\u00fcr Herren Klassische Biker-Details Langarm","og_url":"https:\/\/bekleidungscenter.com\/?product=jack-jones-herren-jjerocky-noos-jacket","og_site_name":"FamilienMode","article_modified_time":"2023-04-08T22:25:44+00:00","og_image":[{"width":500,"height":500,"url":"https:\/\/images-na.ssl-images-amazon.com\/images\/I\/31IEqXM9QDL.jpg","type":"image\/jpeg"}],"twitter_card":"summary_large_image","schema":{"@context":"https:\/\/schema.org","@graph":[{"@type":"WebPage","@id":"https:\/\/bekleidungscenter.com\/?product=jack-jones-herren-jjerocky-noos-jacket","url":"https:\/\/bekleidungscenter.com\/?product=jack-jones-herren-jjerocky-noos-jacket","name":"JACK &amp; JONES Male Lederjacke Faux - FamilienMode","isPartOf":{"@id":"https:\/\/bekleidungscenter.com\/#website"},"datePublished":"2021-01-04T02:20:41+00:00","dateModified":"2023-04-08T22:25:44+00:00","breadcrumb":{"@id":"https:\/\/bekleidungscenter.com\/?product=jack-jones-herren-jjerocky-noos-jacket#breadcrumb"},"inLanguage":"de","potentialAction":[{"@type":"ReadAction","target":["https:\/\/bekleidungscenter.com\/?product=jack-jones-herren-jjerocky-noos-jacket"]}]},{"@type":"BreadcrumbList","@id":"https:\/\/bekleidungscenter.com\/?product=jack-jones-herren-jjerocky-noos-jacket#breadcrumb","itemListElement":[{"@type":"ListItem","position":1,"name":"Home","item":"https:\/\/bekleidungscenter.com\/"},{"@type":"ListItem","position":2,"name":"Shop","item":"https:\/\/bekleidungscenter.com\/?page_id=7"},{"@type":"ListItem","position":3,"name":"JACK &amp; JONES Male Lederjacke Faux"}]},{"@type":"WebSite","@id":"https:\/\/bekleidungscenter.com\/#website","url":"https:\/\/bekleidungscenter.com\/","name":"FamilienMode","description":"Alles f\u00fcr die ganze Familie","potentialAction":[{"@type":"SearchAction","target":{"@type":"EntryPoint","urlTemplate":"https:\/\/bekleidungscenter.com\/?s={search_term_string}"},"query-input":"required name=search_term_string"}],"inLanguage":"de"}]}},"_links":{"self":[{"href":"https:\/\/bekleidungscenter.com\/index.php?rest_route=\/wp\/v2\/product\/11278"}],"collection":[{"href":"https:\/\/bekleidungscenter.com\/index.php?rest_route=\/wp\/v2\/product"}],"about":[{"href":"https:\/\/bekleidungscenter.com\/index.php?rest_route=\/wp\/v2\/types\/product"}],"replies":[{"embeddable":true,"href":"https:\/\/bekleidungscenter.com\/index.php?rest_route=%2Fwp%2Fv2%2Fcomments&post=11278"}],"wp:featuredmedia":[{"embeddable":true,"href":"https:\/\/bekleidungscenter.com\/index.php?rest_route=\/wp\/v2\/media\/11279"}],"wp:attachment":[{"href":"https:\/\/bekleidungscenter.com\/index.php?rest_route=%2Fwp%2Fv2%2Fmedia&parent=11278"}],"wp:term":[{"taxonomy":"product_cat","embeddable":true,"href":"https:\/\/bekleidungscenter.com\/index.php?rest_route=%2Fwp%2Fv2%2Fproduct_cat&post=11278"},{"taxonomy":"product_tag","embeddable":true,"href":"https:\/\/bekleidungscenter.com\/index.php?rest_route=%2Fwp%2Fv2%2Fproduct_tag&post=11278"}],"curies":[{"name":"wp","href":"https:\/\/api.w.org\/{rel}","templated":true}]}}