{"id":11357,"date":"2021-01-04T02:22:43","date_gmt":"2021-01-04T02:22:43","guid":{"rendered":"http:\/\/bekleidungscenter.com\/?product=flavor-echtes-lederjacke-herren-abnehmbarer-hoodie"},"modified":"2023-04-09T22:44:01","modified_gmt":"2023-04-09T22:44:01","slug":"flavor-echtes-lederjacke-herren-abnehmbarer-hoodie","status":"publish","type":"product","link":"https:\/\/bekleidungscenter.com\/?product=flavor-echtes-lederjacke-herren-abnehmbarer-hoodie","title":{"rendered":"FLAVOR Echtes Lederjacke Herren Abnehmbarer Hoodie"},"content":{"rendered":"<p><!-- show up to 2 reviews by default --> <\/p>\n<p>Bitte koordinieren Sie eine Nummer gr\u00f6\u00dfer, wenn Sie breiter gebaut sind oder locker anliegende Kleidung bevorzugen.<\/p>\n<p> Produktbezeichnung: Jacke jeder echtem Leder.<br \/> Muster: Einfarbig.<br \/> Passform: Schmale Passform.<br \/> Besonderheiten: Dickes Leder mit Baumwollf\u00fcllung.<br \/> Saison: Fr\u00fchling, Herbst und Winter.<\/p>\n<p> Bitte denken Sie die Gr\u00f6\u00dfeninformationen.<br \/> Gr\u00f6\u00dfe: Brust, Schulter, L\u00e4nge<br \/> XS: 99 cm, 46 cm, 63 cm<br \/> S: 107 cm, 48 cm, 65 cm<br \/> M: 115 cm, 50,5 cm, 67 cm<br \/> L: 122 cm, 53 cm, 69 cm<br \/> XL: 130 cm, 55,5 cm, 71 cm<br \/> XXL: 137 cm, 58 cm, 73 cm<br \/> XXXL: 145 cm, 60,5 cm, 73 cm<\/p>\n<p>Gewebe: 100% echtes Leder; Futter: 100% Polyester; F\u00fcllung: 100% Baumwolle<br \/>\nDiese Jacke f\u00e4llt in US-Standardgr\u00f6\u00dfe jeder und ist etwas gr\u00f6\u00dfer denn die EU-Gr\u00f6\u00dfe. Bitte \u00fcberpr\u00fcfen Sie die Gr\u00f6\u00dfentabelle sondern eine genaue Gr\u00f6\u00dfenauswahl. Rei\u00dfverschluss ist auf der rechten Seite<br \/>\n100% Schweinsleder<br \/>\nBlouson<br \/>\nPflegehinweis: Andererseits chemische Reinigung<br \/>\nAbnehmbare Kapuze mit Rei\u00dfverschluss, kann denn Stehkragen getragen werden<br \/>\nRei\u00dfverschluss und H\u00fcftl\u00e4nge umsorgen tollen windabweisenden Tragekomfort, Innenripp-Stehkragen, verstellbare B\u00fcndchen und Saum umsorgen eine individuelle Passform bei W\u00e4rme<br \/>\n2 Handtaschen w\u00e4rmen kalte H\u00e4nde auf. 2 RV-Brusttaschen (wichtige Dinge belastbar verstaut und griffbereit qua Telefon- und ID-Papiere), 2 Innentaschen bieten Platz sondern Mix Dinge qua Brieftasche, Telefon oder Karten<br \/>\n<div class=\"main-cross-sell\" data-asin=\"B0792T26DS\">\n\n\t<div class=\"WooZone-cross-sell-loader\">\n\t\t<div>\n\t\t\t<div id=\"floatingBarsG\">\n\t\t\t\t<div class=\"blockG\" id=\"rotateG_01\"><\/div>\n\t\t\t\t<div class=\"blockG\" id=\"rotateG_02\"><\/div>\n\t\t\t\t<div class=\"blockG\" id=\"rotateG_03\"><\/div>\n\t\t\t\t<div class=\"blockG\" id=\"rotateG_04\"><\/div>\n\t\t\t\t<div class=\"blockG\" id=\"rotateG_05\"><\/div>\n\t\t\t\t<div class=\"blockG\" id=\"rotateG_06\"><\/div>\n\t\t\t\t<div class=\"blockG\" id=\"rotateG_07\"><\/div>\n\t\t\t\t<div class=\"blockG\" id=\"rotateG_08\"><\/div>\n\t\t\t<\/div>\n\t\t\t<div class=\"WooZone-cross-sell-loader-text\"><\/div>\n\t\t<\/div>\n\t<\/div>\n\n\t\t\n<\/div>\n<div style=\"clear:both;\"><\/div><\/p>\n","protected":false},"excerpt":{"rendered":"<p>Gewebe: 100% echtes Leder; Futter: 100% Polyester; F\u00fcllung: 100% Baumwolle<br \/>\nDiese Jacke f\u00e4llt in US-Standardgr\u00f6\u00dfe aus und ist etwas gr\u00f6\u00dfer als die EU-Gr\u00f6\u00dfe. Bitte \u00fcberpr\u00fcfen Sie die Gr\u00f6\u00dfentabelle f\u00fcr eine genaue Gr\u00f6\u00dfenauswahl. Rei\u00dfverschluss ist auf der rechten Seite<br \/>\n100% Schweinsleder<\/p>\n","protected":false},"featured_media":11358,"comment_status":"open","ping_status":"closed","template":"","meta":[],"product_cat":[118,125],"product_tag":[],"yoast_head":"<!-- This site is optimized with the Yoast SEO plugin v20.6 - https:\/\/yoast.com\/wordpress\/plugins\/seo\/ -->\n<title>FLAVOR Echtes Lederjacke Herren Abnehmbarer Hoodie - FamilienMode<\/title>\n<meta name=\"robots\" content=\"index, follow, max-snippet:-1, max-image-preview:large, max-video-preview:-1\" \/>\n<link rel=\"canonical\" href=\"https:\/\/bekleidungscenter.com\/?product=flavor-echtes-lederjacke-herren-abnehmbarer-hoodie\" \/>\n<meta property=\"og:locale\" content=\"de_DE\" \/>\n<meta property=\"og:type\" content=\"article\" \/>\n<meta property=\"og:title\" content=\"FLAVOR Echtes Lederjacke Herren Abnehmbarer Hoodie - FamilienMode\" \/>\n<meta property=\"og:description\" content=\"Gewebe: 100% echtes Leder; Futter: 100% Polyester; F\u00fcllung: 100% Baumwolle Diese Jacke f\u00e4llt in US-Standardgr\u00f6\u00dfe aus und ist etwas gr\u00f6\u00dfer als die EU-Gr\u00f6\u00dfe. Bitte \u00fcberpr\u00fcfen Sie die Gr\u00f6\u00dfentabelle f\u00fcr eine genaue Gr\u00f6\u00dfenauswahl. Rei\u00dfverschluss ist auf der rechten Seite 100% Schweinsleder\" \/>\n<meta property=\"og:url\" content=\"https:\/\/bekleidungscenter.com\/?product=flavor-echtes-lederjacke-herren-abnehmbarer-hoodie\" \/>\n<meta property=\"og:site_name\" content=\"FamilienMode\" \/>\n<meta property=\"article:modified_time\" content=\"2023-04-09T22:44:01+00:00\" \/>\n<meta property=\"og:image\" content=\"https:\/\/images-na.ssl-images-amazon.com\/images\/I\/512ibt19W4L.jpg\" \/>\n\t<meta property=\"og:image:width\" content=\"500\" \/>\n\t<meta property=\"og:image:height\" content=\"500\" \/>\n\t<meta property=\"og:image:type\" content=\"image\/jpeg\" \/>\n<meta name=\"twitter:card\" content=\"summary_large_image\" \/>\n<meta name=\"twitter:label1\" content=\"Gesch\u00e4tzte Lesezeit\" \/>\n\t<meta name=\"twitter:data1\" content=\"1\u00a0Minute\" \/>\n<script type=\"application\/ld+json\" class=\"yoast-schema-graph\">{\"@context\":\"https:\/\/schema.org\",\"@graph\":[{\"@type\":\"WebPage\",\"@id\":\"https:\/\/bekleidungscenter.com\/?product=flavor-echtes-lederjacke-herren-abnehmbarer-hoodie\",\"url\":\"https:\/\/bekleidungscenter.com\/?product=flavor-echtes-lederjacke-herren-abnehmbarer-hoodie\",\"name\":\"FLAVOR Echtes Lederjacke Herren Abnehmbarer Hoodie - FamilienMode\",\"isPartOf\":{\"@id\":\"https:\/\/bekleidungscenter.com\/#website\"},\"datePublished\":\"2021-01-04T02:22:43+00:00\",\"dateModified\":\"2023-04-09T22:44:01+00:00\",\"breadcrumb\":{\"@id\":\"https:\/\/bekleidungscenter.com\/?product=flavor-echtes-lederjacke-herren-abnehmbarer-hoodie#breadcrumb\"},\"inLanguage\":\"de\",\"potentialAction\":[{\"@type\":\"ReadAction\",\"target\":[\"https:\/\/bekleidungscenter.com\/?product=flavor-echtes-lederjacke-herren-abnehmbarer-hoodie\"]}]},{\"@type\":\"BreadcrumbList\",\"@id\":\"https:\/\/bekleidungscenter.com\/?product=flavor-echtes-lederjacke-herren-abnehmbarer-hoodie#breadcrumb\",\"itemListElement\":[{\"@type\":\"ListItem\",\"position\":1,\"name\":\"Home\",\"item\":\"https:\/\/bekleidungscenter.com\/\"},{\"@type\":\"ListItem\",\"position\":2,\"name\":\"Shop\",\"item\":\"https:\/\/bekleidungscenter.com\/?page_id=7\"},{\"@type\":\"ListItem\",\"position\":3,\"name\":\"FLAVOR Echtes Lederjacke Herren Abnehmbarer Hoodie\"}]},{\"@type\":\"WebSite\",\"@id\":\"https:\/\/bekleidungscenter.com\/#website\",\"url\":\"https:\/\/bekleidungscenter.com\/\",\"name\":\"FamilienMode\",\"description\":\"Alles f\u00fcr die ganze Familie\",\"potentialAction\":[{\"@type\":\"SearchAction\",\"target\":{\"@type\":\"EntryPoint\",\"urlTemplate\":\"https:\/\/bekleidungscenter.com\/?s={search_term_string}\"},\"query-input\":\"required name=search_term_string\"}],\"inLanguage\":\"de\"}]}<\/script>\n<!-- \/ Yoast SEO plugin. -->","yoast_head_json":{"title":"FLAVOR Echtes Lederjacke Herren Abnehmbarer Hoodie - FamilienMode","robots":{"index":"index","follow":"follow","max-snippet":"max-snippet:-1","max-image-preview":"max-image-preview:large","max-video-preview":"max-video-preview:-1"},"canonical":"https:\/\/bekleidungscenter.com\/?product=flavor-echtes-lederjacke-herren-abnehmbarer-hoodie","og_locale":"de_DE","og_type":"article","og_title":"FLAVOR Echtes Lederjacke Herren Abnehmbarer Hoodie - FamilienMode","og_description":"Gewebe: 100% echtes Leder; Futter: 100% Polyester; F\u00fcllung: 100% Baumwolle Diese Jacke f\u00e4llt in US-Standardgr\u00f6\u00dfe aus und ist etwas gr\u00f6\u00dfer als die EU-Gr\u00f6\u00dfe. Bitte \u00fcberpr\u00fcfen Sie die Gr\u00f6\u00dfentabelle f\u00fcr eine genaue Gr\u00f6\u00dfenauswahl. Rei\u00dfverschluss ist auf der rechten Seite 100% Schweinsleder","og_url":"https:\/\/bekleidungscenter.com\/?product=flavor-echtes-lederjacke-herren-abnehmbarer-hoodie","og_site_name":"FamilienMode","article_modified_time":"2023-04-09T22:44:01+00:00","og_image":[{"width":500,"height":500,"url":"https:\/\/images-na.ssl-images-amazon.com\/images\/I\/512ibt19W4L.jpg","type":"image\/jpeg"}],"twitter_card":"summary_large_image","twitter_misc":{"Gesch\u00e4tzte Lesezeit":"1\u00a0Minute"},"schema":{"@context":"https:\/\/schema.org","@graph":[{"@type":"WebPage","@id":"https:\/\/bekleidungscenter.com\/?product=flavor-echtes-lederjacke-herren-abnehmbarer-hoodie","url":"https:\/\/bekleidungscenter.com\/?product=flavor-echtes-lederjacke-herren-abnehmbarer-hoodie","name":"FLAVOR Echtes Lederjacke Herren Abnehmbarer Hoodie - FamilienMode","isPartOf":{"@id":"https:\/\/bekleidungscenter.com\/#website"},"datePublished":"2021-01-04T02:22:43+00:00","dateModified":"2023-04-09T22:44:01+00:00","breadcrumb":{"@id":"https:\/\/bekleidungscenter.com\/?product=flavor-echtes-lederjacke-herren-abnehmbarer-hoodie#breadcrumb"},"inLanguage":"de","potentialAction":[{"@type":"ReadAction","target":["https:\/\/bekleidungscenter.com\/?product=flavor-echtes-lederjacke-herren-abnehmbarer-hoodie"]}]},{"@type":"BreadcrumbList","@id":"https:\/\/bekleidungscenter.com\/?product=flavor-echtes-lederjacke-herren-abnehmbarer-hoodie#breadcrumb","itemListElement":[{"@type":"ListItem","position":1,"name":"Home","item":"https:\/\/bekleidungscenter.com\/"},{"@type":"ListItem","position":2,"name":"Shop","item":"https:\/\/bekleidungscenter.com\/?page_id=7"},{"@type":"ListItem","position":3,"name":"FLAVOR Echtes Lederjacke Herren Abnehmbarer Hoodie"}]},{"@type":"WebSite","@id":"https:\/\/bekleidungscenter.com\/#website","url":"https:\/\/bekleidungscenter.com\/","name":"FamilienMode","description":"Alles f\u00fcr die ganze Familie","potentialAction":[{"@type":"SearchAction","target":{"@type":"EntryPoint","urlTemplate":"https:\/\/bekleidungscenter.com\/?s={search_term_string}"},"query-input":"required name=search_term_string"}],"inLanguage":"de"}]}},"_links":{"self":[{"href":"https:\/\/bekleidungscenter.com\/index.php?rest_route=\/wp\/v2\/product\/11357"}],"collection":[{"href":"https:\/\/bekleidungscenter.com\/index.php?rest_route=\/wp\/v2\/product"}],"about":[{"href":"https:\/\/bekleidungscenter.com\/index.php?rest_route=\/wp\/v2\/types\/product"}],"replies":[{"embeddable":true,"href":"https:\/\/bekleidungscenter.com\/index.php?rest_route=%2Fwp%2Fv2%2Fcomments&post=11357"}],"wp:featuredmedia":[{"embeddable":true,"href":"https:\/\/bekleidungscenter.com\/index.php?rest_route=\/wp\/v2\/media\/11358"}],"wp:attachment":[{"href":"https:\/\/bekleidungscenter.com\/index.php?rest_route=%2Fwp%2Fv2%2Fmedia&parent=11357"}],"wp:term":[{"taxonomy":"product_cat","embeddable":true,"href":"https:\/\/bekleidungscenter.com\/index.php?rest_route=%2Fwp%2Fv2%2Fproduct_cat&post=11357"},{"taxonomy":"product_tag","embeddable":true,"href":"https:\/\/bekleidungscenter.com\/index.php?rest_route=%2Fwp%2Fv2%2Fproduct_tag&post=11357"}],"curies":[{"name":"wp","href":"https:\/\/api.w.org\/{rel}","templated":true}]}}