{"id":11393,"date":"2021-01-04T02:23:42","date_gmt":"2021-01-04T02:23:42","guid":{"rendered":"http:\/\/bekleidungscenter.com\/?product=crone-blackhawk-herren-biker-lederjacke-eco-leder-jacke-bikerjacke"},"modified":"2023-04-09T22:44:02","modified_gmt":"2023-04-09T22:44:02","slug":"crone-blackhawk-herren-biker-lederjacke-eco-leder-jacke-bikerjacke","status":"publish","type":"product","link":"https:\/\/bekleidungscenter.com\/?product=crone-blackhawk-herren-biker-lederjacke-eco-leder-jacke-bikerjacke","title":{"rendered":"Crone Blackhawk Herren Biker Lederjacke Eco Leder Jacke Bikerjacke"},"content":{"rendered":"<p><!-- show up to 2 reviews by default --> <\/p>\n<p>Sorgf\u00e4ltig verschiedene beste Materialen in liebevoller Ausf\u00fchrung. Jede einzelne Jacke wird in Handarbeit gefertigt. <\/p>\n<p>Crone Blackhawk Eco-Leder Herren Jacke nicht mehr da veganer Anfertigung. 100% nat\u00fcrliche Materialien Meister Petz tierische Zutaten.<br \/>\nStilistisches Design \u00fcber Biker Elementen an Armen ebenso im R\u00fcckenbereich.<br \/>\nKragenform: Stehkragen<br \/>\n100% Ecoleder &#8211; Meister Petz tierische Zutaten &#8211; 100% Vegan<br \/>\nHochwertige Ausf\u00fchrung ebenso perfektionierte Passform \u00fcber wertigen Crone Zippern ebenso Crone Druckknopf am Kragen.<br \/>\n\u00fcber einem mittig ebenso zwei am Bed\u00fcrftig verlaufenden, eingef\u00e4rbten, matt schwarzen Rei\u00dfverschl\u00fcssen sowie 2 verschlie\u00dfbaren Seitentaschen. \u00fcber zukn\u00f6pfbarem Stehkragen.<br \/>\nDas Biker typische Design der Jacke, die perfektionierte Passform ebenso das sichtbar hochwertige Leder l\u00e4sst Dein neues Kluft zum Hingucker werden.<br \/>\n<div class=\"main-cross-sell\" data-asin=\"B0851TZR32\">\n\n\t<div class=\"WooZone-cross-sell-loader\">\n\t\t<div>\n\t\t\t<div id=\"floatingBarsG\">\n\t\t\t\t<div class=\"blockG\" id=\"rotateG_01\"><\/div>\n\t\t\t\t<div class=\"blockG\" id=\"rotateG_02\"><\/div>\n\t\t\t\t<div class=\"blockG\" id=\"rotateG_03\"><\/div>\n\t\t\t\t<div class=\"blockG\" id=\"rotateG_04\"><\/div>\n\t\t\t\t<div class=\"blockG\" id=\"rotateG_05\"><\/div>\n\t\t\t\t<div class=\"blockG\" id=\"rotateG_06\"><\/div>\n\t\t\t\t<div class=\"blockG\" id=\"rotateG_07\"><\/div>\n\t\t\t\t<div class=\"blockG\" id=\"rotateG_08\"><\/div>\n\t\t\t<\/div>\n\t\t\t<div class=\"WooZone-cross-sell-loader-text\"><\/div>\n\t\t<\/div>\n\t<\/div>\n\n\t\t\n<\/div>\n<div style=\"clear:both;\"><\/div><\/p>\n","protected":false},"excerpt":{"rendered":"<p>Crone Blackhawk Eco-Leder Herren Jacke aus veganer Herstellung. 100% nat\u00fcrliche Materialien ohne tierische Bestandteile.<br \/>\nStilistisches Design mit Biker Elementen an Armen und im R\u00fcckenbereich.<br \/>\nKragenform: Stehkragen<\/p>\n","protected":false},"featured_media":11394,"comment_status":"open","ping_status":"closed","template":"","meta":[],"product_cat":[118,125],"product_tag":[],"yoast_head":"<!-- This site is optimized with the Yoast SEO plugin v20.6 - https:\/\/yoast.com\/wordpress\/plugins\/seo\/ -->\n<title>Crone Blackhawk Herren Biker Lederjacke Eco Leder Jacke Bikerjacke - FamilienMode<\/title>\n<meta name=\"robots\" content=\"index, follow, max-snippet:-1, max-image-preview:large, max-video-preview:-1\" \/>\n<link rel=\"canonical\" href=\"https:\/\/bekleidungscenter.com\/?product=crone-blackhawk-herren-biker-lederjacke-eco-leder-jacke-bikerjacke\" \/>\n<meta property=\"og:locale\" content=\"de_DE\" \/>\n<meta property=\"og:type\" content=\"article\" \/>\n<meta property=\"og:title\" content=\"Crone Blackhawk Herren Biker Lederjacke Eco Leder Jacke Bikerjacke - FamilienMode\" \/>\n<meta property=\"og:description\" content=\"Crone Blackhawk Eco-Leder Herren Jacke aus veganer Herstellung. 100% nat\u00fcrliche Materialien ohne tierische Bestandteile. Stilistisches Design mit Biker Elementen an Armen und im R\u00fcckenbereich. Kragenform: Stehkragen\" \/>\n<meta property=\"og:url\" content=\"https:\/\/bekleidungscenter.com\/?product=crone-blackhawk-herren-biker-lederjacke-eco-leder-jacke-bikerjacke\" \/>\n<meta property=\"og:site_name\" content=\"FamilienMode\" \/>\n<meta property=\"article:modified_time\" content=\"2023-04-09T22:44:02+00:00\" \/>\n<meta property=\"og:image\" content=\"https:\/\/images-na.ssl-images-amazon.com\/images\/I\/41MCb6jmSfL.jpg\" \/>\n\t<meta property=\"og:image:width\" content=\"500\" \/>\n\t<meta property=\"og:image:height\" content=\"500\" \/>\n\t<meta property=\"og:image:type\" content=\"image\/jpeg\" \/>\n<meta name=\"twitter:card\" content=\"summary_large_image\" \/>\n<meta name=\"twitter:label1\" content=\"Gesch\u00e4tzte Lesezeit\" \/>\n\t<meta name=\"twitter:data1\" content=\"1\u00a0Minute\" \/>\n<script type=\"application\/ld+json\" class=\"yoast-schema-graph\">{\"@context\":\"https:\/\/schema.org\",\"@graph\":[{\"@type\":\"WebPage\",\"@id\":\"https:\/\/bekleidungscenter.com\/?product=crone-blackhawk-herren-biker-lederjacke-eco-leder-jacke-bikerjacke\",\"url\":\"https:\/\/bekleidungscenter.com\/?product=crone-blackhawk-herren-biker-lederjacke-eco-leder-jacke-bikerjacke\",\"name\":\"Crone Blackhawk Herren Biker Lederjacke Eco Leder Jacke Bikerjacke - FamilienMode\",\"isPartOf\":{\"@id\":\"https:\/\/bekleidungscenter.com\/#website\"},\"datePublished\":\"2021-01-04T02:23:42+00:00\",\"dateModified\":\"2023-04-09T22:44:02+00:00\",\"breadcrumb\":{\"@id\":\"https:\/\/bekleidungscenter.com\/?product=crone-blackhawk-herren-biker-lederjacke-eco-leder-jacke-bikerjacke#breadcrumb\"},\"inLanguage\":\"de\",\"potentialAction\":[{\"@type\":\"ReadAction\",\"target\":[\"https:\/\/bekleidungscenter.com\/?product=crone-blackhawk-herren-biker-lederjacke-eco-leder-jacke-bikerjacke\"]}]},{\"@type\":\"BreadcrumbList\",\"@id\":\"https:\/\/bekleidungscenter.com\/?product=crone-blackhawk-herren-biker-lederjacke-eco-leder-jacke-bikerjacke#breadcrumb\",\"itemListElement\":[{\"@type\":\"ListItem\",\"position\":1,\"name\":\"Home\",\"item\":\"https:\/\/bekleidungscenter.com\/\"},{\"@type\":\"ListItem\",\"position\":2,\"name\":\"Shop\",\"item\":\"https:\/\/bekleidungscenter.com\/?page_id=7\"},{\"@type\":\"ListItem\",\"position\":3,\"name\":\"Crone Blackhawk Herren Biker Lederjacke Eco Leder Jacke Bikerjacke\"}]},{\"@type\":\"WebSite\",\"@id\":\"https:\/\/bekleidungscenter.com\/#website\",\"url\":\"https:\/\/bekleidungscenter.com\/\",\"name\":\"FamilienMode\",\"description\":\"Alles f\u00fcr die ganze Familie\",\"potentialAction\":[{\"@type\":\"SearchAction\",\"target\":{\"@type\":\"EntryPoint\",\"urlTemplate\":\"https:\/\/bekleidungscenter.com\/?s={search_term_string}\"},\"query-input\":\"required name=search_term_string\"}],\"inLanguage\":\"de\"}]}<\/script>\n<!-- \/ Yoast SEO plugin. -->","yoast_head_json":{"title":"Crone Blackhawk Herren Biker Lederjacke Eco Leder Jacke Bikerjacke - FamilienMode","robots":{"index":"index","follow":"follow","max-snippet":"max-snippet:-1","max-image-preview":"max-image-preview:large","max-video-preview":"max-video-preview:-1"},"canonical":"https:\/\/bekleidungscenter.com\/?product=crone-blackhawk-herren-biker-lederjacke-eco-leder-jacke-bikerjacke","og_locale":"de_DE","og_type":"article","og_title":"Crone Blackhawk Herren Biker Lederjacke Eco Leder Jacke Bikerjacke - FamilienMode","og_description":"Crone Blackhawk Eco-Leder Herren Jacke aus veganer Herstellung. 100% nat\u00fcrliche Materialien ohne tierische Bestandteile. Stilistisches Design mit Biker Elementen an Armen und im R\u00fcckenbereich. Kragenform: Stehkragen","og_url":"https:\/\/bekleidungscenter.com\/?product=crone-blackhawk-herren-biker-lederjacke-eco-leder-jacke-bikerjacke","og_site_name":"FamilienMode","article_modified_time":"2023-04-09T22:44:02+00:00","og_image":[{"width":500,"height":500,"url":"https:\/\/images-na.ssl-images-amazon.com\/images\/I\/41MCb6jmSfL.jpg","type":"image\/jpeg"}],"twitter_card":"summary_large_image","twitter_misc":{"Gesch\u00e4tzte Lesezeit":"1\u00a0Minute"},"schema":{"@context":"https:\/\/schema.org","@graph":[{"@type":"WebPage","@id":"https:\/\/bekleidungscenter.com\/?product=crone-blackhawk-herren-biker-lederjacke-eco-leder-jacke-bikerjacke","url":"https:\/\/bekleidungscenter.com\/?product=crone-blackhawk-herren-biker-lederjacke-eco-leder-jacke-bikerjacke","name":"Crone Blackhawk Herren Biker Lederjacke Eco Leder Jacke Bikerjacke - FamilienMode","isPartOf":{"@id":"https:\/\/bekleidungscenter.com\/#website"},"datePublished":"2021-01-04T02:23:42+00:00","dateModified":"2023-04-09T22:44:02+00:00","breadcrumb":{"@id":"https:\/\/bekleidungscenter.com\/?product=crone-blackhawk-herren-biker-lederjacke-eco-leder-jacke-bikerjacke#breadcrumb"},"inLanguage":"de","potentialAction":[{"@type":"ReadAction","target":["https:\/\/bekleidungscenter.com\/?product=crone-blackhawk-herren-biker-lederjacke-eco-leder-jacke-bikerjacke"]}]},{"@type":"BreadcrumbList","@id":"https:\/\/bekleidungscenter.com\/?product=crone-blackhawk-herren-biker-lederjacke-eco-leder-jacke-bikerjacke#breadcrumb","itemListElement":[{"@type":"ListItem","position":1,"name":"Home","item":"https:\/\/bekleidungscenter.com\/"},{"@type":"ListItem","position":2,"name":"Shop","item":"https:\/\/bekleidungscenter.com\/?page_id=7"},{"@type":"ListItem","position":3,"name":"Crone Blackhawk Herren Biker Lederjacke Eco Leder Jacke Bikerjacke"}]},{"@type":"WebSite","@id":"https:\/\/bekleidungscenter.com\/#website","url":"https:\/\/bekleidungscenter.com\/","name":"FamilienMode","description":"Alles f\u00fcr die ganze Familie","potentialAction":[{"@type":"SearchAction","target":{"@type":"EntryPoint","urlTemplate":"https:\/\/bekleidungscenter.com\/?s={search_term_string}"},"query-input":"required name=search_term_string"}],"inLanguage":"de"}]}},"_links":{"self":[{"href":"https:\/\/bekleidungscenter.com\/index.php?rest_route=\/wp\/v2\/product\/11393"}],"collection":[{"href":"https:\/\/bekleidungscenter.com\/index.php?rest_route=\/wp\/v2\/product"}],"about":[{"href":"https:\/\/bekleidungscenter.com\/index.php?rest_route=\/wp\/v2\/types\/product"}],"replies":[{"embeddable":true,"href":"https:\/\/bekleidungscenter.com\/index.php?rest_route=%2Fwp%2Fv2%2Fcomments&post=11393"}],"wp:featuredmedia":[{"embeddable":true,"href":"https:\/\/bekleidungscenter.com\/index.php?rest_route=\/wp\/v2\/media\/11394"}],"wp:attachment":[{"href":"https:\/\/bekleidungscenter.com\/index.php?rest_route=%2Fwp%2Fv2%2Fmedia&parent=11393"}],"wp:term":[{"taxonomy":"product_cat","embeddable":true,"href":"https:\/\/bekleidungscenter.com\/index.php?rest_route=%2Fwp%2Fv2%2Fproduct_cat&post=11393"},{"taxonomy":"product_tag","embeddable":true,"href":"https:\/\/bekleidungscenter.com\/index.php?rest_route=%2Fwp%2Fv2%2Fproduct_tag&post=11393"}],"curies":[{"name":"wp","href":"https:\/\/api.w.org\/{rel}","templated":true}]}}