{"id":11525,"date":"2021-01-04T02:30:39","date_gmt":"2021-01-04T02:30:39","guid":{"rendered":"http:\/\/bekleidungscenter.com\/?product=broad-profound-mens-t-shirt-short-sleeve-shirt-kurzarm-shirt"},"modified":"2023-04-09T22:44:04","modified_gmt":"2023-04-09T22:44:04","slug":"broad-profound-mens-t-shirt-short-sleeve-shirt-kurzarm-shirt","status":"publish","type":"product","link":"https:\/\/bekleidungscenter.com\/?product=broad-profound-mens-t-shirt-short-sleeve-shirt-kurzarm-shirt","title":{"rendered":"Broad &amp; profound Men&#8217;s T-Shirt Short Sleeve Shirt Kurzarm Shirt"},"content":{"rendered":"<p><!-- show up to 2 reviews by default --> <\/p>\n<p>Kragen Beschaffenheit: die territoriale<br \/> Die \u00c4rmell\u00e4nge: Kurzarm-hemd<br \/> Gesuch: Stickerei<br \/> Breite: Plain<br \/>Farben: Wei\u00df, Negrid, Blau<br \/> Erweiterung: M, L, XL, 2XL, 3XL, 4XL <\/p>\n<p>Kurze \u00c4rmel<br \/>\nNat\u00fcrlicher empfinden an Stelle unvergleichlichen Bequemlichkeit<br \/>\nGute Anweisung<br \/>\nDerzeit \/ Ausgestattet<br \/>\nLose<br \/>\n<div class=\"main-cross-sell\" data-asin=\"B07DFN2PZ2\">\n\n\t<div class=\"WooZone-cross-sell-loader\">\n\t\t<div>\n\t\t\t<div id=\"floatingBarsG\">\n\t\t\t\t<div class=\"blockG\" id=\"rotateG_01\"><\/div>\n\t\t\t\t<div class=\"blockG\" id=\"rotateG_02\"><\/div>\n\t\t\t\t<div class=\"blockG\" id=\"rotateG_03\"><\/div>\n\t\t\t\t<div class=\"blockG\" id=\"rotateG_04\"><\/div>\n\t\t\t\t<div class=\"blockG\" id=\"rotateG_05\"><\/div>\n\t\t\t\t<div class=\"blockG\" id=\"rotateG_06\"><\/div>\n\t\t\t\t<div class=\"blockG\" id=\"rotateG_07\"><\/div>\n\t\t\t\t<div class=\"blockG\" id=\"rotateG_08\"><\/div>\n\t\t\t<\/div>\n\t\t\t<div class=\"WooZone-cross-sell-loader-text\"><\/div>\n\t\t<\/div>\n\t<\/div>\n\n\t\t\n<\/div>\n<div style=\"clear:both;\"><\/div><\/p>\n","protected":false},"excerpt":{"rendered":"<p>Kurze \u00c4rmel<br \/>\nNat\u00fcrlicher f\u00fchlen f\u00fcr unvergleichlichen Komfort<br \/>\nGute Qualit\u00e4t<\/p>\n","protected":false},"featured_media":11526,"comment_status":"open","ping_status":"closed","template":"","meta":[],"product_cat":[131,118],"product_tag":[],"yoast_head":"<!-- This site is optimized with the Yoast SEO plugin v20.6 - https:\/\/yoast.com\/wordpress\/plugins\/seo\/ -->\n<title>Broad &amp; profound Men&#039;s T-Shirt Short Sleeve Shirt Kurzarm Shirt - FamilienMode<\/title>\n<meta name=\"robots\" content=\"index, follow, max-snippet:-1, max-image-preview:large, max-video-preview:-1\" \/>\n<link rel=\"canonical\" href=\"https:\/\/bekleidungscenter.com\/?product=broad-profound-mens-t-shirt-short-sleeve-shirt-kurzarm-shirt\" \/>\n<meta property=\"og:locale\" content=\"de_DE\" \/>\n<meta property=\"og:type\" content=\"article\" \/>\n<meta property=\"og:title\" content=\"Broad &amp; profound Men&#039;s T-Shirt Short Sleeve Shirt Kurzarm Shirt - FamilienMode\" \/>\n<meta property=\"og:description\" content=\"Kurze \u00c4rmel Nat\u00fcrlicher f\u00fchlen f\u00fcr unvergleichlichen Komfort Gute Qualit\u00e4t\" \/>\n<meta property=\"og:url\" content=\"https:\/\/bekleidungscenter.com\/?product=broad-profound-mens-t-shirt-short-sleeve-shirt-kurzarm-shirt\" \/>\n<meta property=\"og:site_name\" content=\"FamilienMode\" \/>\n<meta property=\"article:modified_time\" content=\"2023-04-09T22:44:04+00:00\" \/>\n<meta property=\"og:image\" content=\"https:\/\/images-na.ssl-images-amazon.com\/images\/I\/51v3FWKr4XL.jpg\" \/>\n\t<meta property=\"og:image:width\" content=\"500\" \/>\n\t<meta property=\"og:image:height\" content=\"500\" \/>\n\t<meta property=\"og:image:type\" content=\"image\/jpeg\" \/>\n<meta name=\"twitter:card\" content=\"summary_large_image\" \/>\n<script type=\"application\/ld+json\" class=\"yoast-schema-graph\">{\"@context\":\"https:\/\/schema.org\",\"@graph\":[{\"@type\":\"WebPage\",\"@id\":\"https:\/\/bekleidungscenter.com\/?product=broad-profound-mens-t-shirt-short-sleeve-shirt-kurzarm-shirt\",\"url\":\"https:\/\/bekleidungscenter.com\/?product=broad-profound-mens-t-shirt-short-sleeve-shirt-kurzarm-shirt\",\"name\":\"Broad &amp; profound Men's T-Shirt Short Sleeve Shirt Kurzarm Shirt - FamilienMode\",\"isPartOf\":{\"@id\":\"https:\/\/bekleidungscenter.com\/#website\"},\"datePublished\":\"2021-01-04T02:30:39+00:00\",\"dateModified\":\"2023-04-09T22:44:04+00:00\",\"breadcrumb\":{\"@id\":\"https:\/\/bekleidungscenter.com\/?product=broad-profound-mens-t-shirt-short-sleeve-shirt-kurzarm-shirt#breadcrumb\"},\"inLanguage\":\"de\",\"potentialAction\":[{\"@type\":\"ReadAction\",\"target\":[\"https:\/\/bekleidungscenter.com\/?product=broad-profound-mens-t-shirt-short-sleeve-shirt-kurzarm-shirt\"]}]},{\"@type\":\"BreadcrumbList\",\"@id\":\"https:\/\/bekleidungscenter.com\/?product=broad-profound-mens-t-shirt-short-sleeve-shirt-kurzarm-shirt#breadcrumb\",\"itemListElement\":[{\"@type\":\"ListItem\",\"position\":1,\"name\":\"Home\",\"item\":\"https:\/\/bekleidungscenter.com\/\"},{\"@type\":\"ListItem\",\"position\":2,\"name\":\"Shop\",\"item\":\"https:\/\/bekleidungscenter.com\/?page_id=7\"},{\"@type\":\"ListItem\",\"position\":3,\"name\":\"Broad &amp; profound Men&#8217;s T-Shirt Short Sleeve Shirt Kurzarm Shirt\"}]},{\"@type\":\"WebSite\",\"@id\":\"https:\/\/bekleidungscenter.com\/#website\",\"url\":\"https:\/\/bekleidungscenter.com\/\",\"name\":\"FamilienMode\",\"description\":\"Alles f\u00fcr die ganze Familie\",\"potentialAction\":[{\"@type\":\"SearchAction\",\"target\":{\"@type\":\"EntryPoint\",\"urlTemplate\":\"https:\/\/bekleidungscenter.com\/?s={search_term_string}\"},\"query-input\":\"required name=search_term_string\"}],\"inLanguage\":\"de\"}]}<\/script>\n<!-- \/ Yoast SEO plugin. -->","yoast_head_json":{"title":"Broad &amp; profound Men's T-Shirt Short Sleeve Shirt Kurzarm Shirt - FamilienMode","robots":{"index":"index","follow":"follow","max-snippet":"max-snippet:-1","max-image-preview":"max-image-preview:large","max-video-preview":"max-video-preview:-1"},"canonical":"https:\/\/bekleidungscenter.com\/?product=broad-profound-mens-t-shirt-short-sleeve-shirt-kurzarm-shirt","og_locale":"de_DE","og_type":"article","og_title":"Broad &amp; profound Men's T-Shirt Short Sleeve Shirt Kurzarm Shirt - FamilienMode","og_description":"Kurze \u00c4rmel Nat\u00fcrlicher f\u00fchlen f\u00fcr unvergleichlichen Komfort Gute Qualit\u00e4t","og_url":"https:\/\/bekleidungscenter.com\/?product=broad-profound-mens-t-shirt-short-sleeve-shirt-kurzarm-shirt","og_site_name":"FamilienMode","article_modified_time":"2023-04-09T22:44:04+00:00","og_image":[{"width":500,"height":500,"url":"https:\/\/images-na.ssl-images-amazon.com\/images\/I\/51v3FWKr4XL.jpg","type":"image\/jpeg"}],"twitter_card":"summary_large_image","schema":{"@context":"https:\/\/schema.org","@graph":[{"@type":"WebPage","@id":"https:\/\/bekleidungscenter.com\/?product=broad-profound-mens-t-shirt-short-sleeve-shirt-kurzarm-shirt","url":"https:\/\/bekleidungscenter.com\/?product=broad-profound-mens-t-shirt-short-sleeve-shirt-kurzarm-shirt","name":"Broad &amp; profound Men's T-Shirt Short Sleeve Shirt Kurzarm Shirt - FamilienMode","isPartOf":{"@id":"https:\/\/bekleidungscenter.com\/#website"},"datePublished":"2021-01-04T02:30:39+00:00","dateModified":"2023-04-09T22:44:04+00:00","breadcrumb":{"@id":"https:\/\/bekleidungscenter.com\/?product=broad-profound-mens-t-shirt-short-sleeve-shirt-kurzarm-shirt#breadcrumb"},"inLanguage":"de","potentialAction":[{"@type":"ReadAction","target":["https:\/\/bekleidungscenter.com\/?product=broad-profound-mens-t-shirt-short-sleeve-shirt-kurzarm-shirt"]}]},{"@type":"BreadcrumbList","@id":"https:\/\/bekleidungscenter.com\/?product=broad-profound-mens-t-shirt-short-sleeve-shirt-kurzarm-shirt#breadcrumb","itemListElement":[{"@type":"ListItem","position":1,"name":"Home","item":"https:\/\/bekleidungscenter.com\/"},{"@type":"ListItem","position":2,"name":"Shop","item":"https:\/\/bekleidungscenter.com\/?page_id=7"},{"@type":"ListItem","position":3,"name":"Broad &amp; profound Men&#8217;s T-Shirt Short Sleeve Shirt Kurzarm Shirt"}]},{"@type":"WebSite","@id":"https:\/\/bekleidungscenter.com\/#website","url":"https:\/\/bekleidungscenter.com\/","name":"FamilienMode","description":"Alles f\u00fcr die ganze Familie","potentialAction":[{"@type":"SearchAction","target":{"@type":"EntryPoint","urlTemplate":"https:\/\/bekleidungscenter.com\/?s={search_term_string}"},"query-input":"required name=search_term_string"}],"inLanguage":"de"}]}},"_links":{"self":[{"href":"https:\/\/bekleidungscenter.com\/index.php?rest_route=\/wp\/v2\/product\/11525"}],"collection":[{"href":"https:\/\/bekleidungscenter.com\/index.php?rest_route=\/wp\/v2\/product"}],"about":[{"href":"https:\/\/bekleidungscenter.com\/index.php?rest_route=\/wp\/v2\/types\/product"}],"replies":[{"embeddable":true,"href":"https:\/\/bekleidungscenter.com\/index.php?rest_route=%2Fwp%2Fv2%2Fcomments&post=11525"}],"wp:featuredmedia":[{"embeddable":true,"href":"https:\/\/bekleidungscenter.com\/index.php?rest_route=\/wp\/v2\/media\/11526"}],"wp:attachment":[{"href":"https:\/\/bekleidungscenter.com\/index.php?rest_route=%2Fwp%2Fv2%2Fmedia&parent=11525"}],"wp:term":[{"taxonomy":"product_cat","embeddable":true,"href":"https:\/\/bekleidungscenter.com\/index.php?rest_route=%2Fwp%2Fv2%2Fproduct_cat&post=11525"},{"taxonomy":"product_tag","embeddable":true,"href":"https:\/\/bekleidungscenter.com\/index.php?rest_route=%2Fwp%2Fv2%2Fproduct_tag&post=11525"}],"curies":[{"name":"wp","href":"https:\/\/api.w.org\/{rel}","templated":true}]}}