{"id":11528,"date":"2021-01-04T02:30:46","date_gmt":"2021-01-04T02:30:46","guid":{"rendered":"http:\/\/bekleidungscenter.com\/?product=lonsdale-herren-langarmshirt-t-shirt-traegerhemd-walkey"},"modified":"2023-04-09T22:44:04","modified_gmt":"2023-04-09T22:44:04","slug":"lonsdale-herren-langarmshirt-t-shirt-traegerhemd-walkey","status":"publish","type":"product","link":"https:\/\/bekleidungscenter.com\/?product=lonsdale-herren-langarmshirt-t-shirt-traegerhemd-walkey","title":{"rendered":"Lonsdale Herren Langarmshirt T-Shirt Tr\u00e4gerhemd Walkey"},"content":{"rendered":"<p><!-- show up to 2 reviews by default --> <\/p>\n<p>Vor mehr qua 100 Jahren organisierte der f\u00fcnfte Graf von Lonsdale &#8211; der erste Pr\u00e4sident des National Sporting Club in England (gegr\u00fcndet im Jahr 1891) &#8211; den ersten Boxwettkampf, der mit Boxhandschuhen stattfand. Der Name dieses ber\u00fchmten Graf Lonsdale war Hugh Lowther. Er war eine herausragende Pers\u00f6nlichkeit und ein grosser fanatischer Sportfan zugleich. Einer seiner markanten Charakterz\u00fcge war seine Liebe zur Farbe gelb. Diese Leidenschaft war daf\u00fcr verantwortlich, dass er &#8222;Der Gelbe Graf&#8220; genannt wurde. In den 30er Jahren war Hugh Lowther vulgo Pr\u00e4sident des Arsenal Football Club Nicht mehr da London. Dies abermals abgemacht, warum &#8222;The Gunners&#8220; bis heute in ihren Ausw\u00e4rtstrikots die Farbe gelb befestigen. In den 60er und 70er Jahren startete Lonsdale London gleich zweifach durch, qua Sport- und Fashionmarke. London qua Treffpunkt f\u00fcr Popstars; Schriftsteller, Akteur und Auswahlm\u00f6glichkeit K\u00fcnstler Nicht mehr da der ganzen Welt und Lonsdale ritt auf der Achse dieser pulsierenden und aufregenden Zeit mit. Nicht mehr da diesen historischen Wurzeln heraus hat sich Lonsdale London zu einer Marke entwickelt, die sowohl leer Arten der Sportbekleidung qua vulgo des Casual Wear repr\u00e4sentiert. <\/p>\n<p>100% original Lonsdale<br \/>\n60% Baumwolle, 40% Polyester<br \/>\nKurzarm<br \/>\n100% Baumwolle<br \/>\nPflegehinweis: Maschinenw\u00e4sche<br \/>\nModellnummer: 111273<br \/>\nMaschinenw\u00e4sche<br \/>\n<div class=\"main-cross-sell\" data-asin=\"B00JKP2S5G\">\n\n\t<div class=\"WooZone-cross-sell-loader\">\n\t\t<div>\n\t\t\t<div id=\"floatingBarsG\">\n\t\t\t\t<div class=\"blockG\" id=\"rotateG_01\"><\/div>\n\t\t\t\t<div class=\"blockG\" id=\"rotateG_02\"><\/div>\n\t\t\t\t<div class=\"blockG\" id=\"rotateG_03\"><\/div>\n\t\t\t\t<div class=\"blockG\" id=\"rotateG_04\"><\/div>\n\t\t\t\t<div class=\"blockG\" id=\"rotateG_05\"><\/div>\n\t\t\t\t<div class=\"blockG\" id=\"rotateG_06\"><\/div>\n\t\t\t\t<div class=\"blockG\" id=\"rotateG_07\"><\/div>\n\t\t\t\t<div class=\"blockG\" id=\"rotateG_08\"><\/div>\n\t\t\t<\/div>\n\t\t\t<div class=\"WooZone-cross-sell-loader-text\"><\/div>\n\t\t<\/div>\n\t<\/div>\n\n\t\t\n<\/div>\n<div style=\"clear:both;\"><\/div><\/p>\n","protected":false},"excerpt":{"rendered":"<p>100% original Lonsdale<br \/>\n60% Baumwolle, 40% Polyester<br \/>\nKurzarm<\/p>\n","protected":false},"featured_media":11529,"comment_status":"open","ping_status":"closed","template":"","meta":[],"product_cat":[131,118],"product_tag":[],"yoast_head":"<!-- This site is optimized with the Yoast SEO plugin v20.6 - https:\/\/yoast.com\/wordpress\/plugins\/seo\/ -->\n<title>Lonsdale Herren Langarmshirt T-Shirt Tr\u00e4gerhemd Walkey - FamilienMode<\/title>\n<meta name=\"robots\" content=\"index, follow, max-snippet:-1, max-image-preview:large, max-video-preview:-1\" \/>\n<link rel=\"canonical\" href=\"https:\/\/bekleidungscenter.com\/?product=lonsdale-herren-langarmshirt-t-shirt-traegerhemd-walkey\" \/>\n<meta property=\"og:locale\" content=\"de_DE\" \/>\n<meta property=\"og:type\" content=\"article\" \/>\n<meta property=\"og:title\" content=\"Lonsdale Herren Langarmshirt T-Shirt Tr\u00e4gerhemd Walkey - FamilienMode\" \/>\n<meta property=\"og:description\" content=\"100% original Lonsdale 60% Baumwolle, 40% Polyester Kurzarm\" \/>\n<meta property=\"og:url\" content=\"https:\/\/bekleidungscenter.com\/?product=lonsdale-herren-langarmshirt-t-shirt-traegerhemd-walkey\" \/>\n<meta property=\"og:site_name\" content=\"FamilienMode\" \/>\n<meta property=\"article:modified_time\" content=\"2023-04-09T22:44:04+00:00\" \/>\n<meta property=\"og:image\" content=\"https:\/\/images-na.ssl-images-amazon.com\/images\/I\/41cHcscC6TL.jpg\" \/>\n\t<meta property=\"og:image:width\" content=\"500\" \/>\n\t<meta property=\"og:image:height\" content=\"500\" \/>\n\t<meta property=\"og:image:type\" content=\"image\/jpeg\" \/>\n<meta name=\"twitter:card\" content=\"summary_large_image\" \/>\n<meta name=\"twitter:label1\" content=\"Gesch\u00e4tzte Lesezeit\" \/>\n\t<meta name=\"twitter:data1\" content=\"1\u00a0Minute\" \/>\n<script type=\"application\/ld+json\" class=\"yoast-schema-graph\">{\"@context\":\"https:\/\/schema.org\",\"@graph\":[{\"@type\":\"WebPage\",\"@id\":\"https:\/\/bekleidungscenter.com\/?product=lonsdale-herren-langarmshirt-t-shirt-traegerhemd-walkey\",\"url\":\"https:\/\/bekleidungscenter.com\/?product=lonsdale-herren-langarmshirt-t-shirt-traegerhemd-walkey\",\"name\":\"Lonsdale Herren Langarmshirt T-Shirt Tr\u00e4gerhemd Walkey - FamilienMode\",\"isPartOf\":{\"@id\":\"https:\/\/bekleidungscenter.com\/#website\"},\"datePublished\":\"2021-01-04T02:30:46+00:00\",\"dateModified\":\"2023-04-09T22:44:04+00:00\",\"breadcrumb\":{\"@id\":\"https:\/\/bekleidungscenter.com\/?product=lonsdale-herren-langarmshirt-t-shirt-traegerhemd-walkey#breadcrumb\"},\"inLanguage\":\"de\",\"potentialAction\":[{\"@type\":\"ReadAction\",\"target\":[\"https:\/\/bekleidungscenter.com\/?product=lonsdale-herren-langarmshirt-t-shirt-traegerhemd-walkey\"]}]},{\"@type\":\"BreadcrumbList\",\"@id\":\"https:\/\/bekleidungscenter.com\/?product=lonsdale-herren-langarmshirt-t-shirt-traegerhemd-walkey#breadcrumb\",\"itemListElement\":[{\"@type\":\"ListItem\",\"position\":1,\"name\":\"Home\",\"item\":\"https:\/\/bekleidungscenter.com\/\"},{\"@type\":\"ListItem\",\"position\":2,\"name\":\"Shop\",\"item\":\"https:\/\/bekleidungscenter.com\/?page_id=7\"},{\"@type\":\"ListItem\",\"position\":3,\"name\":\"Lonsdale Herren Langarmshirt T-Shirt Tr\u00e4gerhemd Walkey\"}]},{\"@type\":\"WebSite\",\"@id\":\"https:\/\/bekleidungscenter.com\/#website\",\"url\":\"https:\/\/bekleidungscenter.com\/\",\"name\":\"FamilienMode\",\"description\":\"Alles f\u00fcr die ganze Familie\",\"potentialAction\":[{\"@type\":\"SearchAction\",\"target\":{\"@type\":\"EntryPoint\",\"urlTemplate\":\"https:\/\/bekleidungscenter.com\/?s={search_term_string}\"},\"query-input\":\"required name=search_term_string\"}],\"inLanguage\":\"de\"}]}<\/script>\n<!-- \/ Yoast SEO plugin. -->","yoast_head_json":{"title":"Lonsdale Herren Langarmshirt T-Shirt Tr\u00e4gerhemd Walkey - FamilienMode","robots":{"index":"index","follow":"follow","max-snippet":"max-snippet:-1","max-image-preview":"max-image-preview:large","max-video-preview":"max-video-preview:-1"},"canonical":"https:\/\/bekleidungscenter.com\/?product=lonsdale-herren-langarmshirt-t-shirt-traegerhemd-walkey","og_locale":"de_DE","og_type":"article","og_title":"Lonsdale Herren Langarmshirt T-Shirt Tr\u00e4gerhemd Walkey - FamilienMode","og_description":"100% original Lonsdale 60% Baumwolle, 40% Polyester Kurzarm","og_url":"https:\/\/bekleidungscenter.com\/?product=lonsdale-herren-langarmshirt-t-shirt-traegerhemd-walkey","og_site_name":"FamilienMode","article_modified_time":"2023-04-09T22:44:04+00:00","og_image":[{"width":500,"height":500,"url":"https:\/\/images-na.ssl-images-amazon.com\/images\/I\/41cHcscC6TL.jpg","type":"image\/jpeg"}],"twitter_card":"summary_large_image","twitter_misc":{"Gesch\u00e4tzte Lesezeit":"1\u00a0Minute"},"schema":{"@context":"https:\/\/schema.org","@graph":[{"@type":"WebPage","@id":"https:\/\/bekleidungscenter.com\/?product=lonsdale-herren-langarmshirt-t-shirt-traegerhemd-walkey","url":"https:\/\/bekleidungscenter.com\/?product=lonsdale-herren-langarmshirt-t-shirt-traegerhemd-walkey","name":"Lonsdale Herren Langarmshirt T-Shirt Tr\u00e4gerhemd Walkey - FamilienMode","isPartOf":{"@id":"https:\/\/bekleidungscenter.com\/#website"},"datePublished":"2021-01-04T02:30:46+00:00","dateModified":"2023-04-09T22:44:04+00:00","breadcrumb":{"@id":"https:\/\/bekleidungscenter.com\/?product=lonsdale-herren-langarmshirt-t-shirt-traegerhemd-walkey#breadcrumb"},"inLanguage":"de","potentialAction":[{"@type":"ReadAction","target":["https:\/\/bekleidungscenter.com\/?product=lonsdale-herren-langarmshirt-t-shirt-traegerhemd-walkey"]}]},{"@type":"BreadcrumbList","@id":"https:\/\/bekleidungscenter.com\/?product=lonsdale-herren-langarmshirt-t-shirt-traegerhemd-walkey#breadcrumb","itemListElement":[{"@type":"ListItem","position":1,"name":"Home","item":"https:\/\/bekleidungscenter.com\/"},{"@type":"ListItem","position":2,"name":"Shop","item":"https:\/\/bekleidungscenter.com\/?page_id=7"},{"@type":"ListItem","position":3,"name":"Lonsdale Herren Langarmshirt T-Shirt Tr\u00e4gerhemd Walkey"}]},{"@type":"WebSite","@id":"https:\/\/bekleidungscenter.com\/#website","url":"https:\/\/bekleidungscenter.com\/","name":"FamilienMode","description":"Alles f\u00fcr die ganze Familie","potentialAction":[{"@type":"SearchAction","target":{"@type":"EntryPoint","urlTemplate":"https:\/\/bekleidungscenter.com\/?s={search_term_string}"},"query-input":"required name=search_term_string"}],"inLanguage":"de"}]}},"_links":{"self":[{"href":"https:\/\/bekleidungscenter.com\/index.php?rest_route=\/wp\/v2\/product\/11528"}],"collection":[{"href":"https:\/\/bekleidungscenter.com\/index.php?rest_route=\/wp\/v2\/product"}],"about":[{"href":"https:\/\/bekleidungscenter.com\/index.php?rest_route=\/wp\/v2\/types\/product"}],"replies":[{"embeddable":true,"href":"https:\/\/bekleidungscenter.com\/index.php?rest_route=%2Fwp%2Fv2%2Fcomments&post=11528"}],"wp:featuredmedia":[{"embeddable":true,"href":"https:\/\/bekleidungscenter.com\/index.php?rest_route=\/wp\/v2\/media\/11529"}],"wp:attachment":[{"href":"https:\/\/bekleidungscenter.com\/index.php?rest_route=%2Fwp%2Fv2%2Fmedia&parent=11528"}],"wp:term":[{"taxonomy":"product_cat","embeddable":true,"href":"https:\/\/bekleidungscenter.com\/index.php?rest_route=%2Fwp%2Fv2%2Fproduct_cat&post=11528"},{"taxonomy":"product_tag","embeddable":true,"href":"https:\/\/bekleidungscenter.com\/index.php?rest_route=%2Fwp%2Fv2%2Fproduct_tag&post=11528"}],"curies":[{"name":"wp","href":"https:\/\/api.w.org\/{rel}","templated":true}]}}