{"id":11556,"date":"2021-01-04T02:31:42","date_gmt":"2021-01-04T02:31:42","guid":{"rendered":"http:\/\/bekleidungscenter.com\/?product=vaude-herren-mens-sentiero-shirt-iv-t-shirt"},"modified":"2023-04-09T22:44:05","modified_gmt":"2023-04-09T22:44:05","slug":"vaude-herren-mens-sentiero-shirt-iv-t-shirt","status":"publish","type":"product","link":"https:\/\/bekleidungscenter.com\/?product=vaude-herren-mens-sentiero-shirt-iv-t-shirt","title":{"rendered":"VAUDE Herren Men&#8217;s Sentiero Shirt Iv T-shirt"},"content":{"rendered":"<p><!-- show up to 2 reviews by default --> <\/p>\n<p>Radfahren mittels feine Sitte. Das konditioniert geschnittene Bike-Shirt mittels klassischem Umlegekragen auch verdeckter Knopfleiste wird ganz umweltfreundlichem, bluesign system-zertifiziertem Hauptmaterial in Kombination mittels Merinowolle hergestellt. Das funktionelle drirelease Material ist leicht auch schnelltrocknend. Der Woll-Abschlag sorgt Statt dessen eine effektive Einstellen des K\u00f6rperklimas ist zudem leicht k\u00fchlend auch geruchshemmend. Das Shirt ist mittels einer Rei\u00dfverschlusstasche am R\u00fccken ausgestattet, so hast Du gleichbleibend was auch immer griffbereit. Das VAUDE Green Shape-Label steht Statt dessen ein umweltfreundliches, funktionelles Produkt ganz nachhaltigen Materialien. <\/p>\n<p>Funktionelles Shirt zum Radfahren: leicht, atmungsaktiv auch schnelltrocknend<br \/>\nSportliches M\u00e4nner Shirt: Das konditioniert geschnittene Bike-Shirt mittels klassischem Umlegekragen auch verdeckter Knopfleiste wird ganz umweltfreundlichem, bluesignsystem-zertifiziertem Hauptmaterial in Kombination mittels Merinowolle hergestellt<br \/>\n88% Polyester, 12% Schurwolle<br \/>\nMen&#8217;s Sentiero Shirt IV<br \/>\nModellnummer: 40833<br \/>\nFunktionelles Shirt zum Biken: Das funktionelle drirelease Material ist leicht auch schnelltrocknend<br \/>\nStatt dessen eine optimale Klimaregulierung: Der Woll-Abschlag sorgt Statt dessen eine effektive Einstellen des K\u00f6rperklimas ist zudem leicht k\u00fchlend auch geruchshemmend<br \/>\nGreen-Shape Label: Das VAUDE Green Shape-Label steht Statt dessen ein umweltfreundliches, funktionelles Produkt ganz nachhaltigen Materialien<br \/>\n<div class=\"main-cross-sell\" data-asin=\"B07KBCBNCZ\">\n\n\t<div class=\"WooZone-cross-sell-loader\">\n\t\t<div>\n\t\t\t<div id=\"floatingBarsG\">\n\t\t\t\t<div class=\"blockG\" id=\"rotateG_01\"><\/div>\n\t\t\t\t<div class=\"blockG\" id=\"rotateG_02\"><\/div>\n\t\t\t\t<div class=\"blockG\" id=\"rotateG_03\"><\/div>\n\t\t\t\t<div class=\"blockG\" id=\"rotateG_04\"><\/div>\n\t\t\t\t<div class=\"blockG\" id=\"rotateG_05\"><\/div>\n\t\t\t\t<div class=\"blockG\" id=\"rotateG_06\"><\/div>\n\t\t\t\t<div class=\"blockG\" id=\"rotateG_07\"><\/div>\n\t\t\t\t<div class=\"blockG\" id=\"rotateG_08\"><\/div>\n\t\t\t<\/div>\n\t\t\t<div class=\"WooZone-cross-sell-loader-text\"><\/div>\n\t\t<\/div>\n\t<\/div>\n\n\t\t\n<\/div>\n<div style=\"clear:both;\"><\/div><\/p>\n","protected":false},"excerpt":{"rendered":"<p>Funktionelles Shirt zum Radfahren: leicht, atmungsaktiv und schnelltrocknend<br \/>\nSportliches M\u00e4nner Shirt: Das sportlich geschnittene Bike-Shirt mit klassischem Umlegekragen und verdeckter Knopfleiste wird aus umweltfreundlichem, bluesignsystem-zertifiziertem Hauptmaterial in Kombination mit Merinowolle hergestellt<br \/>\n88% Polyester, 12% Schurwolle<\/p>\n","protected":false},"featured_media":11557,"comment_status":"open","ping_status":"closed","template":"","meta":[],"product_cat":[131,118],"product_tag":[],"yoast_head":"<!-- This site is optimized with the Yoast SEO plugin v20.6 - https:\/\/yoast.com\/wordpress\/plugins\/seo\/ -->\n<title>VAUDE Herren Men&#039;s Sentiero Shirt Iv T-shirt - FamilienMode<\/title>\n<meta name=\"robots\" content=\"index, follow, max-snippet:-1, max-image-preview:large, max-video-preview:-1\" \/>\n<link rel=\"canonical\" href=\"https:\/\/bekleidungscenter.com\/?product=vaude-herren-mens-sentiero-shirt-iv-t-shirt\" \/>\n<meta property=\"og:locale\" content=\"de_DE\" \/>\n<meta property=\"og:type\" content=\"article\" \/>\n<meta property=\"og:title\" content=\"VAUDE Herren Men&#039;s Sentiero Shirt Iv T-shirt - FamilienMode\" \/>\n<meta property=\"og:description\" content=\"Funktionelles Shirt zum Radfahren: leicht, atmungsaktiv und schnelltrocknend Sportliches M\u00e4nner Shirt: Das sportlich geschnittene Bike-Shirt mit klassischem Umlegekragen und verdeckter Knopfleiste wird aus umweltfreundlichem, bluesignsystem-zertifiziertem Hauptmaterial in Kombination mit Merinowolle hergestellt 88% Polyester, 12% Schurwolle\" \/>\n<meta property=\"og:url\" content=\"https:\/\/bekleidungscenter.com\/?product=vaude-herren-mens-sentiero-shirt-iv-t-shirt\" \/>\n<meta property=\"og:site_name\" content=\"FamilienMode\" \/>\n<meta property=\"article:modified_time\" content=\"2023-04-09T22:44:05+00:00\" \/>\n<meta property=\"og:image\" content=\"https:\/\/images-na.ssl-images-amazon.com\/images\/I\/316sOVbGkVL.jpg\" \/>\n\t<meta property=\"og:image:width\" content=\"500\" \/>\n\t<meta property=\"og:image:height\" content=\"500\" \/>\n\t<meta property=\"og:image:type\" content=\"image\/jpeg\" \/>\n<meta name=\"twitter:card\" content=\"summary_large_image\" \/>\n<meta name=\"twitter:label1\" content=\"Gesch\u00e4tzte Lesezeit\" \/>\n\t<meta name=\"twitter:data1\" content=\"1\u00a0Minute\" \/>\n<script type=\"application\/ld+json\" class=\"yoast-schema-graph\">{\"@context\":\"https:\/\/schema.org\",\"@graph\":[{\"@type\":\"WebPage\",\"@id\":\"https:\/\/bekleidungscenter.com\/?product=vaude-herren-mens-sentiero-shirt-iv-t-shirt\",\"url\":\"https:\/\/bekleidungscenter.com\/?product=vaude-herren-mens-sentiero-shirt-iv-t-shirt\",\"name\":\"VAUDE Herren Men's Sentiero Shirt Iv T-shirt - FamilienMode\",\"isPartOf\":{\"@id\":\"https:\/\/bekleidungscenter.com\/#website\"},\"datePublished\":\"2021-01-04T02:31:42+00:00\",\"dateModified\":\"2023-04-09T22:44:05+00:00\",\"breadcrumb\":{\"@id\":\"https:\/\/bekleidungscenter.com\/?product=vaude-herren-mens-sentiero-shirt-iv-t-shirt#breadcrumb\"},\"inLanguage\":\"de\",\"potentialAction\":[{\"@type\":\"ReadAction\",\"target\":[\"https:\/\/bekleidungscenter.com\/?product=vaude-herren-mens-sentiero-shirt-iv-t-shirt\"]}]},{\"@type\":\"BreadcrumbList\",\"@id\":\"https:\/\/bekleidungscenter.com\/?product=vaude-herren-mens-sentiero-shirt-iv-t-shirt#breadcrumb\",\"itemListElement\":[{\"@type\":\"ListItem\",\"position\":1,\"name\":\"Home\",\"item\":\"https:\/\/bekleidungscenter.com\/\"},{\"@type\":\"ListItem\",\"position\":2,\"name\":\"Shop\",\"item\":\"https:\/\/bekleidungscenter.com\/?page_id=7\"},{\"@type\":\"ListItem\",\"position\":3,\"name\":\"VAUDE Herren Men&#8217;s Sentiero Shirt Iv T-shirt\"}]},{\"@type\":\"WebSite\",\"@id\":\"https:\/\/bekleidungscenter.com\/#website\",\"url\":\"https:\/\/bekleidungscenter.com\/\",\"name\":\"FamilienMode\",\"description\":\"Alles f\u00fcr die ganze Familie\",\"potentialAction\":[{\"@type\":\"SearchAction\",\"target\":{\"@type\":\"EntryPoint\",\"urlTemplate\":\"https:\/\/bekleidungscenter.com\/?s={search_term_string}\"},\"query-input\":\"required name=search_term_string\"}],\"inLanguage\":\"de\"}]}<\/script>\n<!-- \/ Yoast SEO plugin. -->","yoast_head_json":{"title":"VAUDE Herren Men's Sentiero Shirt Iv T-shirt - FamilienMode","robots":{"index":"index","follow":"follow","max-snippet":"max-snippet:-1","max-image-preview":"max-image-preview:large","max-video-preview":"max-video-preview:-1"},"canonical":"https:\/\/bekleidungscenter.com\/?product=vaude-herren-mens-sentiero-shirt-iv-t-shirt","og_locale":"de_DE","og_type":"article","og_title":"VAUDE Herren Men's Sentiero Shirt Iv T-shirt - FamilienMode","og_description":"Funktionelles Shirt zum Radfahren: leicht, atmungsaktiv und schnelltrocknend Sportliches M\u00e4nner Shirt: Das sportlich geschnittene Bike-Shirt mit klassischem Umlegekragen und verdeckter Knopfleiste wird aus umweltfreundlichem, bluesignsystem-zertifiziertem Hauptmaterial in Kombination mit Merinowolle hergestellt 88% Polyester, 12% Schurwolle","og_url":"https:\/\/bekleidungscenter.com\/?product=vaude-herren-mens-sentiero-shirt-iv-t-shirt","og_site_name":"FamilienMode","article_modified_time":"2023-04-09T22:44:05+00:00","og_image":[{"width":500,"height":500,"url":"https:\/\/images-na.ssl-images-amazon.com\/images\/I\/316sOVbGkVL.jpg","type":"image\/jpeg"}],"twitter_card":"summary_large_image","twitter_misc":{"Gesch\u00e4tzte Lesezeit":"1\u00a0Minute"},"schema":{"@context":"https:\/\/schema.org","@graph":[{"@type":"WebPage","@id":"https:\/\/bekleidungscenter.com\/?product=vaude-herren-mens-sentiero-shirt-iv-t-shirt","url":"https:\/\/bekleidungscenter.com\/?product=vaude-herren-mens-sentiero-shirt-iv-t-shirt","name":"VAUDE Herren Men's Sentiero Shirt Iv T-shirt - FamilienMode","isPartOf":{"@id":"https:\/\/bekleidungscenter.com\/#website"},"datePublished":"2021-01-04T02:31:42+00:00","dateModified":"2023-04-09T22:44:05+00:00","breadcrumb":{"@id":"https:\/\/bekleidungscenter.com\/?product=vaude-herren-mens-sentiero-shirt-iv-t-shirt#breadcrumb"},"inLanguage":"de","potentialAction":[{"@type":"ReadAction","target":["https:\/\/bekleidungscenter.com\/?product=vaude-herren-mens-sentiero-shirt-iv-t-shirt"]}]},{"@type":"BreadcrumbList","@id":"https:\/\/bekleidungscenter.com\/?product=vaude-herren-mens-sentiero-shirt-iv-t-shirt#breadcrumb","itemListElement":[{"@type":"ListItem","position":1,"name":"Home","item":"https:\/\/bekleidungscenter.com\/"},{"@type":"ListItem","position":2,"name":"Shop","item":"https:\/\/bekleidungscenter.com\/?page_id=7"},{"@type":"ListItem","position":3,"name":"VAUDE Herren Men&#8217;s Sentiero Shirt Iv T-shirt"}]},{"@type":"WebSite","@id":"https:\/\/bekleidungscenter.com\/#website","url":"https:\/\/bekleidungscenter.com\/","name":"FamilienMode","description":"Alles f\u00fcr die ganze Familie","potentialAction":[{"@type":"SearchAction","target":{"@type":"EntryPoint","urlTemplate":"https:\/\/bekleidungscenter.com\/?s={search_term_string}"},"query-input":"required name=search_term_string"}],"inLanguage":"de"}]}},"_links":{"self":[{"href":"https:\/\/bekleidungscenter.com\/index.php?rest_route=\/wp\/v2\/product\/11556"}],"collection":[{"href":"https:\/\/bekleidungscenter.com\/index.php?rest_route=\/wp\/v2\/product"}],"about":[{"href":"https:\/\/bekleidungscenter.com\/index.php?rest_route=\/wp\/v2\/types\/product"}],"replies":[{"embeddable":true,"href":"https:\/\/bekleidungscenter.com\/index.php?rest_route=%2Fwp%2Fv2%2Fcomments&post=11556"}],"wp:featuredmedia":[{"embeddable":true,"href":"https:\/\/bekleidungscenter.com\/index.php?rest_route=\/wp\/v2\/media\/11557"}],"wp:attachment":[{"href":"https:\/\/bekleidungscenter.com\/index.php?rest_route=%2Fwp%2Fv2%2Fmedia&parent=11556"}],"wp:term":[{"taxonomy":"product_cat","embeddable":true,"href":"https:\/\/bekleidungscenter.com\/index.php?rest_route=%2Fwp%2Fv2%2Fproduct_cat&post=11556"},{"taxonomy":"product_tag","embeddable":true,"href":"https:\/\/bekleidungscenter.com\/index.php?rest_route=%2Fwp%2Fv2%2Fproduct_tag&post=11556"}],"curies":[{"name":"wp","href":"https:\/\/api.w.org\/{rel}","templated":true}]}}