{"id":11608,"date":"2021-01-04T02:32:45","date_gmt":"2021-01-04T02:32:45","guid":{"rendered":"http:\/\/bekleidungscenter.com\/?product=carhartt-herren-workwear-pocket-short-sleeve-t-shirt"},"modified":"2023-04-09T22:44:06","modified_gmt":"2023-04-09T22:44:06","slug":"carhartt-herren-workwear-pocket-short-sleeve-t-shirt","status":"publish","type":"product","link":"https:\/\/bekleidungscenter.com\/?product=carhartt-herren-workwear-pocket-short-sleeve-t-shirt","title":{"rendered":"Carhartt Herren T-Shirt"},"content":{"rendered":"<p><!-- show up to 2 reviews by default --> <\/p>\n<p>Unser T-Shirt qua Taschen wurde 1992 deb\u00fctiert. Das robuste Baumwolldesign dar\u00fcber hinaus das saubere Pr\u00e4senz machten es zu einem schnellen Favorit herunten den flei\u00dfigen Leuten, die es trugen. Dieses Herren-T-Shirt ist alle schwerer Baumwolle hergestellt, die statt harte Tage daneben der Paper entwickelt wurde. Schnitt statt eine entspannte Passform qua einer Brusttasche, demnach Sie Ihre wichtigen Dinge ewig nah aufbewahren k\u00f6nnen. <\/p>\n<p>Lockere Passform, 229 g\/m\u00b2.<br \/>\nIn verschiedenen Farben erh\u00e4ltlich. Auburn Snow Heather, Coastal Snow Heather, Dark Barn Red Heather, Dark Cobalt Blue Heather, Dusk Blue Heather, Iron Erz Heather, Leaf Green Snow Heather, Olive Heather, Winter Moss Heather &#8211; Meliert: 60 % Baumwolle dar\u00fcber hinaus 40 % Polyester.<br \/>\nKurzarm<br \/>\nModellnummer: 103296-I35<br \/>\nBlack, Botanic Green, Navy, Torf, Wei\u00df: 100 % Baumwolle. Grey &#8211; Meliert: 90 % Baumwolle dar\u00fcber hinaus 10 % Polyester.<br \/>\nJersey, kurze \u00c4rmel, gerippter Rundhalsausschnitt.<br \/>\nBrusttasche, flacher Zwei-Nadel-Saum, Seitennaht-Konstruktion minimiert Verdrehen.<br \/>\n<div class=\"main-cross-sell\" data-asin=\"B07T7J7QBR\">\n\n\t<div class=\"WooZone-cross-sell-loader\">\n\t\t<div>\n\t\t\t<div id=\"floatingBarsG\">\n\t\t\t\t<div class=\"blockG\" id=\"rotateG_01\"><\/div>\n\t\t\t\t<div class=\"blockG\" id=\"rotateG_02\"><\/div>\n\t\t\t\t<div class=\"blockG\" id=\"rotateG_03\"><\/div>\n\t\t\t\t<div class=\"blockG\" id=\"rotateG_04\"><\/div>\n\t\t\t\t<div class=\"blockG\" id=\"rotateG_05\"><\/div>\n\t\t\t\t<div class=\"blockG\" id=\"rotateG_06\"><\/div>\n\t\t\t\t<div class=\"blockG\" id=\"rotateG_07\"><\/div>\n\t\t\t\t<div class=\"blockG\" id=\"rotateG_08\"><\/div>\n\t\t\t<\/div>\n\t\t\t<div class=\"WooZone-cross-sell-loader-text\"><\/div>\n\t\t<\/div>\n\t<\/div>\n\n\t\t\n<\/div>\n<div style=\"clear:both;\"><\/div><\/p>\n","protected":false},"excerpt":{"rendered":"<p>Lockere Passform, 229 g\/m\u00b2.<br \/>\nIn verschiedenen Farben erh\u00e4ltlich. Auburn Snow Heather, Coastal Snow Heather, Dark Barn Red Heather, Dark Cobalt Blue Heather, Dusk Blue Heather, Iron Erz Heather, Leaf Green Snow Heather, Olive Heather, Winter Moss Heather &#8211; Meliert: 60 % Baumwolle und 40 % Polyester.<br \/>\nKurzarm<\/p>\n","protected":false},"featured_media":11609,"comment_status":"open","ping_status":"closed","template":"","meta":[],"product_cat":[131,118],"product_tag":[],"yoast_head":"<!-- This site is optimized with the Yoast SEO plugin v20.6 - https:\/\/yoast.com\/wordpress\/plugins\/seo\/ -->\n<title>Carhartt Herren T-Shirt - FamilienMode<\/title>\n<meta name=\"robots\" content=\"index, follow, max-snippet:-1, max-image-preview:large, max-video-preview:-1\" \/>\n<link rel=\"canonical\" href=\"https:\/\/bekleidungscenter.com\/?product=carhartt-herren-workwear-pocket-short-sleeve-t-shirt\" \/>\n<meta property=\"og:locale\" content=\"de_DE\" \/>\n<meta property=\"og:type\" content=\"article\" \/>\n<meta property=\"og:title\" content=\"Carhartt Herren T-Shirt - FamilienMode\" \/>\n<meta property=\"og:description\" content=\"Lockere Passform, 229 g\/m\u00b2. In verschiedenen Farben erh\u00e4ltlich. Auburn Snow Heather, Coastal Snow Heather, Dark Barn Red Heather, Dark Cobalt Blue Heather, Dusk Blue Heather, Iron Erz Heather, Leaf Green Snow Heather, Olive Heather, Winter Moss Heather - Meliert: 60 % Baumwolle und 40 % Polyester. Kurzarm\" \/>\n<meta property=\"og:url\" content=\"https:\/\/bekleidungscenter.com\/?product=carhartt-herren-workwear-pocket-short-sleeve-t-shirt\" \/>\n<meta property=\"og:site_name\" content=\"FamilienMode\" \/>\n<meta property=\"article:modified_time\" content=\"2023-04-09T22:44:06+00:00\" \/>\n<meta property=\"og:image\" content=\"https:\/\/images-na.ssl-images-amazon.com\/images\/I\/31Mm4%2BI5oFL.jpg\" \/>\n\t<meta property=\"og:image:width\" content=\"500\" \/>\n\t<meta property=\"og:image:height\" content=\"500\" \/>\n\t<meta property=\"og:image:type\" content=\"image\/jpeg\" \/>\n<meta name=\"twitter:card\" content=\"summary_large_image\" \/>\n<meta name=\"twitter:label1\" content=\"Gesch\u00e4tzte Lesezeit\" \/>\n\t<meta name=\"twitter:data1\" content=\"1\u00a0Minute\" \/>\n<script type=\"application\/ld+json\" class=\"yoast-schema-graph\">{\"@context\":\"https:\/\/schema.org\",\"@graph\":[{\"@type\":\"WebPage\",\"@id\":\"https:\/\/bekleidungscenter.com\/?product=carhartt-herren-workwear-pocket-short-sleeve-t-shirt\",\"url\":\"https:\/\/bekleidungscenter.com\/?product=carhartt-herren-workwear-pocket-short-sleeve-t-shirt\",\"name\":\"Carhartt Herren T-Shirt - FamilienMode\",\"isPartOf\":{\"@id\":\"https:\/\/bekleidungscenter.com\/#website\"},\"datePublished\":\"2021-01-04T02:32:45+00:00\",\"dateModified\":\"2023-04-09T22:44:06+00:00\",\"breadcrumb\":{\"@id\":\"https:\/\/bekleidungscenter.com\/?product=carhartt-herren-workwear-pocket-short-sleeve-t-shirt#breadcrumb\"},\"inLanguage\":\"de\",\"potentialAction\":[{\"@type\":\"ReadAction\",\"target\":[\"https:\/\/bekleidungscenter.com\/?product=carhartt-herren-workwear-pocket-short-sleeve-t-shirt\"]}]},{\"@type\":\"BreadcrumbList\",\"@id\":\"https:\/\/bekleidungscenter.com\/?product=carhartt-herren-workwear-pocket-short-sleeve-t-shirt#breadcrumb\",\"itemListElement\":[{\"@type\":\"ListItem\",\"position\":1,\"name\":\"Home\",\"item\":\"https:\/\/bekleidungscenter.com\/\"},{\"@type\":\"ListItem\",\"position\":2,\"name\":\"Shop\",\"item\":\"https:\/\/bekleidungscenter.com\/?page_id=7\"},{\"@type\":\"ListItem\",\"position\":3,\"name\":\"Carhartt Herren T-Shirt\"}]},{\"@type\":\"WebSite\",\"@id\":\"https:\/\/bekleidungscenter.com\/#website\",\"url\":\"https:\/\/bekleidungscenter.com\/\",\"name\":\"FamilienMode\",\"description\":\"Alles f\u00fcr die ganze Familie\",\"potentialAction\":[{\"@type\":\"SearchAction\",\"target\":{\"@type\":\"EntryPoint\",\"urlTemplate\":\"https:\/\/bekleidungscenter.com\/?s={search_term_string}\"},\"query-input\":\"required name=search_term_string\"}],\"inLanguage\":\"de\"}]}<\/script>\n<!-- \/ Yoast SEO plugin. -->","yoast_head_json":{"title":"Carhartt Herren T-Shirt - FamilienMode","robots":{"index":"index","follow":"follow","max-snippet":"max-snippet:-1","max-image-preview":"max-image-preview:large","max-video-preview":"max-video-preview:-1"},"canonical":"https:\/\/bekleidungscenter.com\/?product=carhartt-herren-workwear-pocket-short-sleeve-t-shirt","og_locale":"de_DE","og_type":"article","og_title":"Carhartt Herren T-Shirt - FamilienMode","og_description":"Lockere Passform, 229 g\/m\u00b2. In verschiedenen Farben erh\u00e4ltlich. Auburn Snow Heather, Coastal Snow Heather, Dark Barn Red Heather, Dark Cobalt Blue Heather, Dusk Blue Heather, Iron Erz Heather, Leaf Green Snow Heather, Olive Heather, Winter Moss Heather - Meliert: 60 % Baumwolle und 40 % Polyester. Kurzarm","og_url":"https:\/\/bekleidungscenter.com\/?product=carhartt-herren-workwear-pocket-short-sleeve-t-shirt","og_site_name":"FamilienMode","article_modified_time":"2023-04-09T22:44:06+00:00","og_image":[{"width":500,"height":500,"url":"https:\/\/images-na.ssl-images-amazon.com\/images\/I\/31Mm4%2BI5oFL.jpg","type":"image\/jpeg"}],"twitter_card":"summary_large_image","twitter_misc":{"Gesch\u00e4tzte Lesezeit":"1\u00a0Minute"},"schema":{"@context":"https:\/\/schema.org","@graph":[{"@type":"WebPage","@id":"https:\/\/bekleidungscenter.com\/?product=carhartt-herren-workwear-pocket-short-sleeve-t-shirt","url":"https:\/\/bekleidungscenter.com\/?product=carhartt-herren-workwear-pocket-short-sleeve-t-shirt","name":"Carhartt Herren T-Shirt - FamilienMode","isPartOf":{"@id":"https:\/\/bekleidungscenter.com\/#website"},"datePublished":"2021-01-04T02:32:45+00:00","dateModified":"2023-04-09T22:44:06+00:00","breadcrumb":{"@id":"https:\/\/bekleidungscenter.com\/?product=carhartt-herren-workwear-pocket-short-sleeve-t-shirt#breadcrumb"},"inLanguage":"de","potentialAction":[{"@type":"ReadAction","target":["https:\/\/bekleidungscenter.com\/?product=carhartt-herren-workwear-pocket-short-sleeve-t-shirt"]}]},{"@type":"BreadcrumbList","@id":"https:\/\/bekleidungscenter.com\/?product=carhartt-herren-workwear-pocket-short-sleeve-t-shirt#breadcrumb","itemListElement":[{"@type":"ListItem","position":1,"name":"Home","item":"https:\/\/bekleidungscenter.com\/"},{"@type":"ListItem","position":2,"name":"Shop","item":"https:\/\/bekleidungscenter.com\/?page_id=7"},{"@type":"ListItem","position":3,"name":"Carhartt Herren T-Shirt"}]},{"@type":"WebSite","@id":"https:\/\/bekleidungscenter.com\/#website","url":"https:\/\/bekleidungscenter.com\/","name":"FamilienMode","description":"Alles f\u00fcr die ganze Familie","potentialAction":[{"@type":"SearchAction","target":{"@type":"EntryPoint","urlTemplate":"https:\/\/bekleidungscenter.com\/?s={search_term_string}"},"query-input":"required name=search_term_string"}],"inLanguage":"de"}]}},"_links":{"self":[{"href":"https:\/\/bekleidungscenter.com\/index.php?rest_route=\/wp\/v2\/product\/11608"}],"collection":[{"href":"https:\/\/bekleidungscenter.com\/index.php?rest_route=\/wp\/v2\/product"}],"about":[{"href":"https:\/\/bekleidungscenter.com\/index.php?rest_route=\/wp\/v2\/types\/product"}],"replies":[{"embeddable":true,"href":"https:\/\/bekleidungscenter.com\/index.php?rest_route=%2Fwp%2Fv2%2Fcomments&post=11608"}],"wp:featuredmedia":[{"embeddable":true,"href":"https:\/\/bekleidungscenter.com\/index.php?rest_route=\/wp\/v2\/media\/11609"}],"wp:attachment":[{"href":"https:\/\/bekleidungscenter.com\/index.php?rest_route=%2Fwp%2Fv2%2Fmedia&parent=11608"}],"wp:term":[{"taxonomy":"product_cat","embeddable":true,"href":"https:\/\/bekleidungscenter.com\/index.php?rest_route=%2Fwp%2Fv2%2Fproduct_cat&post=11608"},{"taxonomy":"product_tag","embeddable":true,"href":"https:\/\/bekleidungscenter.com\/index.php?rest_route=%2Fwp%2Fv2%2Fproduct_tag&post=11608"}],"curies":[{"name":"wp","href":"https:\/\/api.w.org\/{rel}","templated":true}]}}