{"id":11644,"date":"2021-01-04T02:33:28","date_gmt":"2021-01-04T02:33:28","guid":{"rendered":"http:\/\/bekleidungscenter.com\/?product=vaude-herren-mens-tekoa-shirt-t-shirt"},"modified":"2023-04-09T22:44:07","modified_gmt":"2023-04-09T22:44:07","slug":"vaude-herren-mens-tekoa-shirt-t-shirt","status":"publish","type":"product","link":"https:\/\/bekleidungscenter.com\/?product=vaude-herren-mens-tekoa-shirt-t-shirt","title":{"rendered":"VAUDE Herren Men&#8217;s Tekoa Shirt T-shirt"},"content":{"rendered":"<p><!-- show up to 2 reviews by default --> <\/p>\n<p>Das l\u00e4ssigste Shirt am Berg. Unser G\u00fcnstig weiches T-Shirt eignet sich nicht im Gegensatz dazu zum Klettern, stattdessen macht vulgo beim Slacklinen und im t\u00e4glich Brot eine gute Figur. Vom Schnitt her f\u00e4llt es eher locker und tr\u00e4gt sich folglich vulgo bei sommerlichen Temperaturen super erhebend. Der spezielle drirelease-Materialmix mit Biobaumwolle trocknet schnell, zudem wirkt er leicht k\u00fchlend und ist geruchsresistent. <\/p>\n<p>L\u00e4ssiges T-Shirt anstelle Bergsport und t\u00e4glich Brot: lockerer Schnitt, au\u00dferordentlich komfortabel<br \/>\nG\u00fcnstig weich und optisch ansprechend: Unser G\u00fcnstig weiches T-Shirt ist nicht im Gegensatz dazu beim Klettern ein Hingucker, stattdessen macht vulgo im t\u00e4glich Brot eine gute Figur<br \/>\n85% Polyester, 15% Baumwolle<br \/>\nMen&#8217;s Tekoa Shirt<br \/>\nModellnummer: 40970<br \/>\nLocker und erhebend: Vom Schnitt her f\u00e4llt es eher locker und tr\u00e4gt sich folglich vulgo bei sommerlichen Temperaturen super erhebend<br \/>\nVielseitiges Sommershirt anstelle Herren: Der spezielle drirelease-Materialmix mit Biobaumwolle trocknet schnell, zudem wirkt er leicht k\u00fchlend und geruchsresistent<br \/>\nGreen Shape-Label: Das VAUDE Green Shape-Label steht anstelle ein umweltfreundliches, funktionelles Produkt nicht mehr da nachhaltigen Materialien<br \/>\n<div class=\"main-cross-sell\" data-asin=\"B07WMSY4L4\">\n\n\t<div class=\"WooZone-cross-sell-loader\">\n\t\t<div>\n\t\t\t<div id=\"floatingBarsG\">\n\t\t\t\t<div class=\"blockG\" id=\"rotateG_01\"><\/div>\n\t\t\t\t<div class=\"blockG\" id=\"rotateG_02\"><\/div>\n\t\t\t\t<div class=\"blockG\" id=\"rotateG_03\"><\/div>\n\t\t\t\t<div class=\"blockG\" id=\"rotateG_04\"><\/div>\n\t\t\t\t<div class=\"blockG\" id=\"rotateG_05\"><\/div>\n\t\t\t\t<div class=\"blockG\" id=\"rotateG_06\"><\/div>\n\t\t\t\t<div class=\"blockG\" id=\"rotateG_07\"><\/div>\n\t\t\t\t<div class=\"blockG\" id=\"rotateG_08\"><\/div>\n\t\t\t<\/div>\n\t\t\t<div class=\"WooZone-cross-sell-loader-text\"><\/div>\n\t\t<\/div>\n\t<\/div>\n\n\t\t\n<\/div>\n<div style=\"clear:both;\"><\/div><\/p>\n","protected":false},"excerpt":{"rendered":"<p>L\u00e4ssiges T-Shirt f\u00fcr Bergsport und Alltag: lockerer Schnitt, \u00e4u\u00dferst komfortabel<br \/>\nAngenehm weich und optisch ansprechend: Unser angenehm weiches T-Shirt ist nicht nur beim Klettern ein Hingucker, sondern macht auch im Alltag eine gute Figur<br \/>\n85% Polyester, 15% Baumwolle<\/p>\n","protected":false},"featured_media":11645,"comment_status":"open","ping_status":"closed","template":"","meta":[],"product_cat":[131,118],"product_tag":[],"yoast_head":"<!-- This site is optimized with the Yoast SEO plugin v20.6 - https:\/\/yoast.com\/wordpress\/plugins\/seo\/ -->\n<title>VAUDE Herren Men&#039;s Tekoa Shirt T-shirt - FamilienMode<\/title>\n<meta name=\"robots\" content=\"index, follow, max-snippet:-1, max-image-preview:large, max-video-preview:-1\" \/>\n<link rel=\"canonical\" href=\"https:\/\/bekleidungscenter.com\/?product=vaude-herren-mens-tekoa-shirt-t-shirt\" \/>\n<meta property=\"og:locale\" content=\"de_DE\" \/>\n<meta property=\"og:type\" content=\"article\" \/>\n<meta property=\"og:title\" content=\"VAUDE Herren Men&#039;s Tekoa Shirt T-shirt - FamilienMode\" \/>\n<meta property=\"og:description\" content=\"L\u00e4ssiges T-Shirt f\u00fcr Bergsport und Alltag: lockerer Schnitt, \u00e4u\u00dferst komfortabel Angenehm weich und optisch ansprechend: Unser angenehm weiches T-Shirt ist nicht nur beim Klettern ein Hingucker, sondern macht auch im Alltag eine gute Figur 85% Polyester, 15% Baumwolle\" \/>\n<meta property=\"og:url\" content=\"https:\/\/bekleidungscenter.com\/?product=vaude-herren-mens-tekoa-shirt-t-shirt\" \/>\n<meta property=\"og:site_name\" content=\"FamilienMode\" \/>\n<meta property=\"article:modified_time\" content=\"2023-04-09T22:44:07+00:00\" \/>\n<meta property=\"og:image\" content=\"https:\/\/images-na.ssl-images-amazon.com\/images\/I\/31%2B1ZzvFpsL.jpg\" \/>\n\t<meta property=\"og:image:width\" content=\"500\" \/>\n\t<meta property=\"og:image:height\" content=\"500\" \/>\n\t<meta property=\"og:image:type\" content=\"image\/jpeg\" \/>\n<meta name=\"twitter:card\" content=\"summary_large_image\" \/>\n<meta name=\"twitter:label1\" content=\"Gesch\u00e4tzte Lesezeit\" \/>\n\t<meta name=\"twitter:data1\" content=\"1\u00a0Minute\" \/>\n<script type=\"application\/ld+json\" class=\"yoast-schema-graph\">{\"@context\":\"https:\/\/schema.org\",\"@graph\":[{\"@type\":\"WebPage\",\"@id\":\"https:\/\/bekleidungscenter.com\/?product=vaude-herren-mens-tekoa-shirt-t-shirt\",\"url\":\"https:\/\/bekleidungscenter.com\/?product=vaude-herren-mens-tekoa-shirt-t-shirt\",\"name\":\"VAUDE Herren Men's Tekoa Shirt T-shirt - FamilienMode\",\"isPartOf\":{\"@id\":\"https:\/\/bekleidungscenter.com\/#website\"},\"datePublished\":\"2021-01-04T02:33:28+00:00\",\"dateModified\":\"2023-04-09T22:44:07+00:00\",\"breadcrumb\":{\"@id\":\"https:\/\/bekleidungscenter.com\/?product=vaude-herren-mens-tekoa-shirt-t-shirt#breadcrumb\"},\"inLanguage\":\"de\",\"potentialAction\":[{\"@type\":\"ReadAction\",\"target\":[\"https:\/\/bekleidungscenter.com\/?product=vaude-herren-mens-tekoa-shirt-t-shirt\"]}]},{\"@type\":\"BreadcrumbList\",\"@id\":\"https:\/\/bekleidungscenter.com\/?product=vaude-herren-mens-tekoa-shirt-t-shirt#breadcrumb\",\"itemListElement\":[{\"@type\":\"ListItem\",\"position\":1,\"name\":\"Home\",\"item\":\"https:\/\/bekleidungscenter.com\/\"},{\"@type\":\"ListItem\",\"position\":2,\"name\":\"Shop\",\"item\":\"https:\/\/bekleidungscenter.com\/?page_id=7\"},{\"@type\":\"ListItem\",\"position\":3,\"name\":\"VAUDE Herren Men&#8217;s Tekoa Shirt T-shirt\"}]},{\"@type\":\"WebSite\",\"@id\":\"https:\/\/bekleidungscenter.com\/#website\",\"url\":\"https:\/\/bekleidungscenter.com\/\",\"name\":\"FamilienMode\",\"description\":\"Alles f\u00fcr die ganze Familie\",\"potentialAction\":[{\"@type\":\"SearchAction\",\"target\":{\"@type\":\"EntryPoint\",\"urlTemplate\":\"https:\/\/bekleidungscenter.com\/?s={search_term_string}\"},\"query-input\":\"required name=search_term_string\"}],\"inLanguage\":\"de\"}]}<\/script>\n<!-- \/ Yoast SEO plugin. -->","yoast_head_json":{"title":"VAUDE Herren Men's Tekoa Shirt T-shirt - FamilienMode","robots":{"index":"index","follow":"follow","max-snippet":"max-snippet:-1","max-image-preview":"max-image-preview:large","max-video-preview":"max-video-preview:-1"},"canonical":"https:\/\/bekleidungscenter.com\/?product=vaude-herren-mens-tekoa-shirt-t-shirt","og_locale":"de_DE","og_type":"article","og_title":"VAUDE Herren Men's Tekoa Shirt T-shirt - FamilienMode","og_description":"L\u00e4ssiges T-Shirt f\u00fcr Bergsport und Alltag: lockerer Schnitt, \u00e4u\u00dferst komfortabel Angenehm weich und optisch ansprechend: Unser angenehm weiches T-Shirt ist nicht nur beim Klettern ein Hingucker, sondern macht auch im Alltag eine gute Figur 85% Polyester, 15% Baumwolle","og_url":"https:\/\/bekleidungscenter.com\/?product=vaude-herren-mens-tekoa-shirt-t-shirt","og_site_name":"FamilienMode","article_modified_time":"2023-04-09T22:44:07+00:00","og_image":[{"width":500,"height":500,"url":"https:\/\/images-na.ssl-images-amazon.com\/images\/I\/31%2B1ZzvFpsL.jpg","type":"image\/jpeg"}],"twitter_card":"summary_large_image","twitter_misc":{"Gesch\u00e4tzte Lesezeit":"1\u00a0Minute"},"schema":{"@context":"https:\/\/schema.org","@graph":[{"@type":"WebPage","@id":"https:\/\/bekleidungscenter.com\/?product=vaude-herren-mens-tekoa-shirt-t-shirt","url":"https:\/\/bekleidungscenter.com\/?product=vaude-herren-mens-tekoa-shirt-t-shirt","name":"VAUDE Herren Men's Tekoa Shirt T-shirt - FamilienMode","isPartOf":{"@id":"https:\/\/bekleidungscenter.com\/#website"},"datePublished":"2021-01-04T02:33:28+00:00","dateModified":"2023-04-09T22:44:07+00:00","breadcrumb":{"@id":"https:\/\/bekleidungscenter.com\/?product=vaude-herren-mens-tekoa-shirt-t-shirt#breadcrumb"},"inLanguage":"de","potentialAction":[{"@type":"ReadAction","target":["https:\/\/bekleidungscenter.com\/?product=vaude-herren-mens-tekoa-shirt-t-shirt"]}]},{"@type":"BreadcrumbList","@id":"https:\/\/bekleidungscenter.com\/?product=vaude-herren-mens-tekoa-shirt-t-shirt#breadcrumb","itemListElement":[{"@type":"ListItem","position":1,"name":"Home","item":"https:\/\/bekleidungscenter.com\/"},{"@type":"ListItem","position":2,"name":"Shop","item":"https:\/\/bekleidungscenter.com\/?page_id=7"},{"@type":"ListItem","position":3,"name":"VAUDE Herren Men&#8217;s Tekoa Shirt T-shirt"}]},{"@type":"WebSite","@id":"https:\/\/bekleidungscenter.com\/#website","url":"https:\/\/bekleidungscenter.com\/","name":"FamilienMode","description":"Alles f\u00fcr die ganze Familie","potentialAction":[{"@type":"SearchAction","target":{"@type":"EntryPoint","urlTemplate":"https:\/\/bekleidungscenter.com\/?s={search_term_string}"},"query-input":"required name=search_term_string"}],"inLanguage":"de"}]}},"_links":{"self":[{"href":"https:\/\/bekleidungscenter.com\/index.php?rest_route=\/wp\/v2\/product\/11644"}],"collection":[{"href":"https:\/\/bekleidungscenter.com\/index.php?rest_route=\/wp\/v2\/product"}],"about":[{"href":"https:\/\/bekleidungscenter.com\/index.php?rest_route=\/wp\/v2\/types\/product"}],"replies":[{"embeddable":true,"href":"https:\/\/bekleidungscenter.com\/index.php?rest_route=%2Fwp%2Fv2%2Fcomments&post=11644"}],"wp:featuredmedia":[{"embeddable":true,"href":"https:\/\/bekleidungscenter.com\/index.php?rest_route=\/wp\/v2\/media\/11645"}],"wp:attachment":[{"href":"https:\/\/bekleidungscenter.com\/index.php?rest_route=%2Fwp%2Fv2%2Fmedia&parent=11644"}],"wp:term":[{"taxonomy":"product_cat","embeddable":true,"href":"https:\/\/bekleidungscenter.com\/index.php?rest_route=%2Fwp%2Fv2%2Fproduct_cat&post=11644"},{"taxonomy":"product_tag","embeddable":true,"href":"https:\/\/bekleidungscenter.com\/index.php?rest_route=%2Fwp%2Fv2%2Fproduct_tag&post=11644"}],"curies":[{"name":"wp","href":"https:\/\/api.w.org\/{rel}","templated":true}]}}