{"id":11648,"date":"2021-01-04T02:33:33","date_gmt":"2021-01-04T02:33:33","guid":{"rendered":"http:\/\/bekleidungscenter.com\/?product=vaude-herren-mens-gorty-shirt-hemd-bluse"},"modified":"2023-04-09T22:44:07","modified_gmt":"2023-04-09T22:44:07","slug":"vaude-herren-mens-gorty-shirt-hemd-bluse","status":"publish","type":"product","link":"https:\/\/bekleidungscenter.com\/?product=vaude-herren-mens-gorty-shirt-hemd-bluse","title":{"rendered":"VAUDE Herren Men&#8217;s Gorty Shirt Hemd-Bluse"},"content":{"rendered":"<p><!-- show up to 2 reviews by default --> <\/p>\n<p>Mit dem Men&#8217;s gorty Shirt macht Wandern Spa\u00df. Das Shirt liegt durch sein angenehmes Baumwoll-Mischgewebe nicht trotzdem weich auf der Haut, stattdessen \u00fcberzeugt zudem durch seine zeitlos sch\u00f6ne Optik. Es tr\u00e4gt sich bei der H\u00fcttenwanderung genauso angenehm qua im Tretm\u00fchle. Bei der Produktion kommt recyceltes Polyester zum Einsatz &#8211; das schont die fossilen Ressourcen. <\/p>\n<p>Komfortables Hemd zum Wandern und Reisen: pflegeleicht und schnelltrocknend<br \/>\nSonderlich bequemes Herren Hemd: Das Shirt liegt durch sein angenehmes Baumwoll-Mischgewebe nicht trotzdem weich auf der Haut, stattdessen \u00fcberzeugt zudem durch seine zeitlos sch\u00f6ne Optik<br \/>\nKragenform: Kent<br \/>\nKurzarm<br \/>\n40% Polyester, 38% Polyamid, 22% Baumwolle<br \/>\nMen&#8217;s Gorty Shirt<br \/>\nModellnummer: 41811<br \/>\nSondern Vermischtes Aktivit\u00e4ten sinnvoll: Es tr\u00e4gt sich bei der H\u00fcttenwanderung genauso angenehm qua im Tretm\u00fchle<br \/>\nUmweltfreundliche Produktion: Bei der Produktion kommt recyceltes Polyester zum Einsatz &#8211; das schont die fossilen Ressourcen<br \/>\nGreen Shape-Label: Das VAUDE Green Shape-Label steht Sondern ein umweltfreundliches, funktionelles Produkt jeder nachhaltigen Materialien<br \/>\n<div class=\"main-cross-sell\" data-asin=\"B07WJYHLD9\">\n\n\t<div class=\"WooZone-cross-sell-loader\">\n\t\t<div>\n\t\t\t<div id=\"floatingBarsG\">\n\t\t\t\t<div class=\"blockG\" id=\"rotateG_01\"><\/div>\n\t\t\t\t<div class=\"blockG\" id=\"rotateG_02\"><\/div>\n\t\t\t\t<div class=\"blockG\" id=\"rotateG_03\"><\/div>\n\t\t\t\t<div class=\"blockG\" id=\"rotateG_04\"><\/div>\n\t\t\t\t<div class=\"blockG\" id=\"rotateG_05\"><\/div>\n\t\t\t\t<div class=\"blockG\" id=\"rotateG_06\"><\/div>\n\t\t\t\t<div class=\"blockG\" id=\"rotateG_07\"><\/div>\n\t\t\t\t<div class=\"blockG\" id=\"rotateG_08\"><\/div>\n\t\t\t<\/div>\n\t\t\t<div class=\"WooZone-cross-sell-loader-text\"><\/div>\n\t\t<\/div>\n\t<\/div>\n\n\t\t\n<\/div>\n<div style=\"clear:both;\"><\/div><\/p>\n","protected":false},"excerpt":{"rendered":"<p>Komfortables Hemd zum Wandern und Reisen: pflegeleicht und schnelltrocknend<br \/>\nSehr bequemes Herren Hemd: Das Shirt liegt durch sein angenehmes Baumwoll-Mischgewebe nicht nur weich auf der Haut, sondern \u00fcberzeugt zudem durch seine zeitlos sch\u00f6ne Optik<br \/>\nKragenform: Kent<\/p>\n","protected":false},"featured_media":11649,"comment_status":"open","ping_status":"closed","template":"","meta":[],"product_cat":[131,118],"product_tag":[],"yoast_head":"<!-- This site is optimized with the Yoast SEO plugin v20.6 - https:\/\/yoast.com\/wordpress\/plugins\/seo\/ -->\n<title>VAUDE Herren Men&#039;s Gorty Shirt Hemd-Bluse - FamilienMode<\/title>\n<meta name=\"robots\" content=\"index, follow, max-snippet:-1, max-image-preview:large, max-video-preview:-1\" \/>\n<link rel=\"canonical\" href=\"https:\/\/bekleidungscenter.com\/?product=vaude-herren-mens-gorty-shirt-hemd-bluse\" \/>\n<meta property=\"og:locale\" content=\"de_DE\" \/>\n<meta property=\"og:type\" content=\"article\" \/>\n<meta property=\"og:title\" content=\"VAUDE Herren Men&#039;s Gorty Shirt Hemd-Bluse - FamilienMode\" \/>\n<meta property=\"og:description\" content=\"Komfortables Hemd zum Wandern und Reisen: pflegeleicht und schnelltrocknend Sehr bequemes Herren Hemd: Das Shirt liegt durch sein angenehmes Baumwoll-Mischgewebe nicht nur weich auf der Haut, sondern \u00fcberzeugt zudem durch seine zeitlos sch\u00f6ne Optik Kragenform: Kent\" \/>\n<meta property=\"og:url\" content=\"https:\/\/bekleidungscenter.com\/?product=vaude-herren-mens-gorty-shirt-hemd-bluse\" \/>\n<meta property=\"og:site_name\" content=\"FamilienMode\" \/>\n<meta property=\"article:modified_time\" content=\"2023-04-09T22:44:07+00:00\" \/>\n<meta property=\"og:image\" content=\"https:\/\/images-na.ssl-images-amazon.com\/images\/I\/41%2BiBX%2BfVCL.jpg\" \/>\n\t<meta property=\"og:image:width\" content=\"500\" \/>\n\t<meta property=\"og:image:height\" content=\"500\" \/>\n\t<meta property=\"og:image:type\" content=\"image\/jpeg\" \/>\n<meta name=\"twitter:card\" content=\"summary_large_image\" \/>\n<meta name=\"twitter:label1\" content=\"Gesch\u00e4tzte Lesezeit\" \/>\n\t<meta name=\"twitter:data1\" content=\"1\u00a0Minute\" \/>\n<script type=\"application\/ld+json\" class=\"yoast-schema-graph\">{\"@context\":\"https:\/\/schema.org\",\"@graph\":[{\"@type\":\"WebPage\",\"@id\":\"https:\/\/bekleidungscenter.com\/?product=vaude-herren-mens-gorty-shirt-hemd-bluse\",\"url\":\"https:\/\/bekleidungscenter.com\/?product=vaude-herren-mens-gorty-shirt-hemd-bluse\",\"name\":\"VAUDE Herren Men's Gorty Shirt Hemd-Bluse - FamilienMode\",\"isPartOf\":{\"@id\":\"https:\/\/bekleidungscenter.com\/#website\"},\"datePublished\":\"2021-01-04T02:33:33+00:00\",\"dateModified\":\"2023-04-09T22:44:07+00:00\",\"breadcrumb\":{\"@id\":\"https:\/\/bekleidungscenter.com\/?product=vaude-herren-mens-gorty-shirt-hemd-bluse#breadcrumb\"},\"inLanguage\":\"de\",\"potentialAction\":[{\"@type\":\"ReadAction\",\"target\":[\"https:\/\/bekleidungscenter.com\/?product=vaude-herren-mens-gorty-shirt-hemd-bluse\"]}]},{\"@type\":\"BreadcrumbList\",\"@id\":\"https:\/\/bekleidungscenter.com\/?product=vaude-herren-mens-gorty-shirt-hemd-bluse#breadcrumb\",\"itemListElement\":[{\"@type\":\"ListItem\",\"position\":1,\"name\":\"Home\",\"item\":\"https:\/\/bekleidungscenter.com\/\"},{\"@type\":\"ListItem\",\"position\":2,\"name\":\"Shop\",\"item\":\"https:\/\/bekleidungscenter.com\/?page_id=7\"},{\"@type\":\"ListItem\",\"position\":3,\"name\":\"VAUDE Herren Men&#8217;s Gorty Shirt Hemd-Bluse\"}]},{\"@type\":\"WebSite\",\"@id\":\"https:\/\/bekleidungscenter.com\/#website\",\"url\":\"https:\/\/bekleidungscenter.com\/\",\"name\":\"FamilienMode\",\"description\":\"Alles f\u00fcr die ganze Familie\",\"potentialAction\":[{\"@type\":\"SearchAction\",\"target\":{\"@type\":\"EntryPoint\",\"urlTemplate\":\"https:\/\/bekleidungscenter.com\/?s={search_term_string}\"},\"query-input\":\"required name=search_term_string\"}],\"inLanguage\":\"de\"}]}<\/script>\n<!-- \/ Yoast SEO plugin. -->","yoast_head_json":{"title":"VAUDE Herren Men's Gorty Shirt Hemd-Bluse - FamilienMode","robots":{"index":"index","follow":"follow","max-snippet":"max-snippet:-1","max-image-preview":"max-image-preview:large","max-video-preview":"max-video-preview:-1"},"canonical":"https:\/\/bekleidungscenter.com\/?product=vaude-herren-mens-gorty-shirt-hemd-bluse","og_locale":"de_DE","og_type":"article","og_title":"VAUDE Herren Men's Gorty Shirt Hemd-Bluse - FamilienMode","og_description":"Komfortables Hemd zum Wandern und Reisen: pflegeleicht und schnelltrocknend Sehr bequemes Herren Hemd: Das Shirt liegt durch sein angenehmes Baumwoll-Mischgewebe nicht nur weich auf der Haut, sondern \u00fcberzeugt zudem durch seine zeitlos sch\u00f6ne Optik Kragenform: Kent","og_url":"https:\/\/bekleidungscenter.com\/?product=vaude-herren-mens-gorty-shirt-hemd-bluse","og_site_name":"FamilienMode","article_modified_time":"2023-04-09T22:44:07+00:00","og_image":[{"width":500,"height":500,"url":"https:\/\/images-na.ssl-images-amazon.com\/images\/I\/41%2BiBX%2BfVCL.jpg","type":"image\/jpeg"}],"twitter_card":"summary_large_image","twitter_misc":{"Gesch\u00e4tzte Lesezeit":"1\u00a0Minute"},"schema":{"@context":"https:\/\/schema.org","@graph":[{"@type":"WebPage","@id":"https:\/\/bekleidungscenter.com\/?product=vaude-herren-mens-gorty-shirt-hemd-bluse","url":"https:\/\/bekleidungscenter.com\/?product=vaude-herren-mens-gorty-shirt-hemd-bluse","name":"VAUDE Herren Men's Gorty Shirt Hemd-Bluse - FamilienMode","isPartOf":{"@id":"https:\/\/bekleidungscenter.com\/#website"},"datePublished":"2021-01-04T02:33:33+00:00","dateModified":"2023-04-09T22:44:07+00:00","breadcrumb":{"@id":"https:\/\/bekleidungscenter.com\/?product=vaude-herren-mens-gorty-shirt-hemd-bluse#breadcrumb"},"inLanguage":"de","potentialAction":[{"@type":"ReadAction","target":["https:\/\/bekleidungscenter.com\/?product=vaude-herren-mens-gorty-shirt-hemd-bluse"]}]},{"@type":"BreadcrumbList","@id":"https:\/\/bekleidungscenter.com\/?product=vaude-herren-mens-gorty-shirt-hemd-bluse#breadcrumb","itemListElement":[{"@type":"ListItem","position":1,"name":"Home","item":"https:\/\/bekleidungscenter.com\/"},{"@type":"ListItem","position":2,"name":"Shop","item":"https:\/\/bekleidungscenter.com\/?page_id=7"},{"@type":"ListItem","position":3,"name":"VAUDE Herren Men&#8217;s Gorty Shirt Hemd-Bluse"}]},{"@type":"WebSite","@id":"https:\/\/bekleidungscenter.com\/#website","url":"https:\/\/bekleidungscenter.com\/","name":"FamilienMode","description":"Alles f\u00fcr die ganze Familie","potentialAction":[{"@type":"SearchAction","target":{"@type":"EntryPoint","urlTemplate":"https:\/\/bekleidungscenter.com\/?s={search_term_string}"},"query-input":"required name=search_term_string"}],"inLanguage":"de"}]}},"_links":{"self":[{"href":"https:\/\/bekleidungscenter.com\/index.php?rest_route=\/wp\/v2\/product\/11648"}],"collection":[{"href":"https:\/\/bekleidungscenter.com\/index.php?rest_route=\/wp\/v2\/product"}],"about":[{"href":"https:\/\/bekleidungscenter.com\/index.php?rest_route=\/wp\/v2\/types\/product"}],"replies":[{"embeddable":true,"href":"https:\/\/bekleidungscenter.com\/index.php?rest_route=%2Fwp%2Fv2%2Fcomments&post=11648"}],"wp:featuredmedia":[{"embeddable":true,"href":"https:\/\/bekleidungscenter.com\/index.php?rest_route=\/wp\/v2\/media\/11649"}],"wp:attachment":[{"href":"https:\/\/bekleidungscenter.com\/index.php?rest_route=%2Fwp%2Fv2%2Fmedia&parent=11648"}],"wp:term":[{"taxonomy":"product_cat","embeddable":true,"href":"https:\/\/bekleidungscenter.com\/index.php?rest_route=%2Fwp%2Fv2%2Fproduct_cat&post=11648"},{"taxonomy":"product_tag","embeddable":true,"href":"https:\/\/bekleidungscenter.com\/index.php?rest_route=%2Fwp%2Fv2%2Fproduct_tag&post=11648"}],"curies":[{"name":"wp","href":"https:\/\/api.w.org\/{rel}","templated":true}]}}