{"id":11656,"date":"2021-01-04T02:33:47","date_gmt":"2021-01-04T02:33:47","guid":{"rendered":"http:\/\/bekleidungscenter.com\/?product=vaude-herren-mens-rosemoor-shirt-hemd-bluse"},"modified":"2023-04-09T22:44:07","modified_gmt":"2023-04-09T22:44:07","slug":"vaude-herren-mens-rosemoor-shirt-hemd-bluse","status":"publish","type":"product","link":"https:\/\/bekleidungscenter.com\/?product=vaude-herren-mens-rosemoor-shirt-hemd-bluse","title":{"rendered":"VAUDE Herren Men&#8217;s Rosemoor Shirt Hemd-Bluse"},"content":{"rendered":"<p><!-- show up to 2 reviews by default --> <\/p>\n<p>F\u00fcr umweltbewusste wanderfreunde: dieses technische dar\u00fcber hinaus leichte Kurzarm-Hemd ist infolge eingearbeiteten Mesh-Materials am R\u00fccken hervorragend bel\u00fcftet dar\u00fcber hinaus enorm schnelltrocknend. Der Stretchanteil sorgt Anstelle Im \u00dcberfluss Komfort, neuartig vulgo anliegend anspruchsvollen Touren. Ein ideales Funktions-Hemd Anstelle warme Klimazonen. <\/p>\n<p>Leichtes Kurzarm-Hemd zum Wandern: pflegeleicht dar\u00fcber hinaus schnelltrocknend<br \/>\nBietet gute Bel\u00fcftung: Dieses technische dar\u00fcber hinaus leichte Kurzarm-Hemd ist infolge eingearbeiteten Mesh-Materials am R\u00fccken hervorragend bel\u00fcftet dar\u00fcber hinaus enorm schnelltrocknend<br \/>\nKragenform: Kent<br \/>\nKurzarm<br \/>\nHauptstoff: 100% Polyester<br \/>\nMen&#8217;s Rosemoor Shirt<br \/>\nModellnummer: 41322<br \/>\nIm \u00dcberfluss Komfort garantiert: Der Stretchanteil sorgt Anstelle Im \u00dcberfluss Komfort, neuartig vulgo anliegend anspruchsvollen Touren<br \/>\nAnstelle warme Temperaturen: Ein ideales Funktions-Hemd Anstelle warme Klimazonen<br \/>\nGreen Shape-Label: Das VAUDE Green Shape-Label steht Anstelle ein umweltfreundliches, funktionelles Verpflichtung alle nachhaltigen Materialien<br \/>\n<div class=\"main-cross-sell\" data-asin=\"B07WMSYW37\">\n\n\t<div class=\"WooZone-cross-sell-loader\">\n\t\t<div>\n\t\t\t<div id=\"floatingBarsG\">\n\t\t\t\t<div class=\"blockG\" id=\"rotateG_01\"><\/div>\n\t\t\t\t<div class=\"blockG\" id=\"rotateG_02\"><\/div>\n\t\t\t\t<div class=\"blockG\" id=\"rotateG_03\"><\/div>\n\t\t\t\t<div class=\"blockG\" id=\"rotateG_04\"><\/div>\n\t\t\t\t<div class=\"blockG\" id=\"rotateG_05\"><\/div>\n\t\t\t\t<div class=\"blockG\" id=\"rotateG_06\"><\/div>\n\t\t\t\t<div class=\"blockG\" id=\"rotateG_07\"><\/div>\n\t\t\t\t<div class=\"blockG\" id=\"rotateG_08\"><\/div>\n\t\t\t<\/div>\n\t\t\t<div class=\"WooZone-cross-sell-loader-text\"><\/div>\n\t\t<\/div>\n\t<\/div>\n\n\t\t\n<\/div>\n<div style=\"clear:both;\"><\/div><\/p>\n","protected":false},"excerpt":{"rendered":"<p>Leichtes Kurzarm-Hemd zum Wandern: pflegeleicht und schnelltrocknend<br \/>\nBietet gute Bel\u00fcftung: Dieses technische und leichte Kurzarm-Hemd ist dank eingearbeiteten Mesh-Materials am R\u00fccken hervorragend bel\u00fcftet und \u00e4u\u00dferst schnelltrocknend<br \/>\nKragenform: Kent<\/p>\n","protected":false},"featured_media":11657,"comment_status":"open","ping_status":"closed","template":"","meta":[],"product_cat":[131,118],"product_tag":[],"yoast_head":"<!-- This site is optimized with the Yoast SEO plugin v20.6 - https:\/\/yoast.com\/wordpress\/plugins\/seo\/ -->\n<title>VAUDE Herren Men&#039;s Rosemoor Shirt Hemd-Bluse - FamilienMode<\/title>\n<meta name=\"robots\" content=\"index, follow, max-snippet:-1, max-image-preview:large, max-video-preview:-1\" \/>\n<link rel=\"canonical\" href=\"https:\/\/bekleidungscenter.com\/?product=vaude-herren-mens-rosemoor-shirt-hemd-bluse\" \/>\n<meta property=\"og:locale\" content=\"de_DE\" \/>\n<meta property=\"og:type\" content=\"article\" \/>\n<meta property=\"og:title\" content=\"VAUDE Herren Men&#039;s Rosemoor Shirt Hemd-Bluse - FamilienMode\" \/>\n<meta property=\"og:description\" content=\"Leichtes Kurzarm-Hemd zum Wandern: pflegeleicht und schnelltrocknend Bietet gute Bel\u00fcftung: Dieses technische und leichte Kurzarm-Hemd ist dank eingearbeiteten Mesh-Materials am R\u00fccken hervorragend bel\u00fcftet und \u00e4u\u00dferst schnelltrocknend Kragenform: Kent\" \/>\n<meta property=\"og:url\" content=\"https:\/\/bekleidungscenter.com\/?product=vaude-herren-mens-rosemoor-shirt-hemd-bluse\" \/>\n<meta property=\"og:site_name\" content=\"FamilienMode\" \/>\n<meta property=\"article:modified_time\" content=\"2023-04-09T22:44:07+00:00\" \/>\n<meta property=\"og:image\" content=\"https:\/\/images-na.ssl-images-amazon.com\/images\/I\/31RUOpvxDBL.jpg\" \/>\n\t<meta property=\"og:image:width\" content=\"500\" \/>\n\t<meta property=\"og:image:height\" content=\"500\" \/>\n\t<meta property=\"og:image:type\" content=\"image\/jpeg\" \/>\n<meta name=\"twitter:card\" content=\"summary_large_image\" \/>\n<meta name=\"twitter:label1\" content=\"Gesch\u00e4tzte Lesezeit\" \/>\n\t<meta name=\"twitter:data1\" content=\"1\u00a0Minute\" \/>\n<script type=\"application\/ld+json\" class=\"yoast-schema-graph\">{\"@context\":\"https:\/\/schema.org\",\"@graph\":[{\"@type\":\"WebPage\",\"@id\":\"https:\/\/bekleidungscenter.com\/?product=vaude-herren-mens-rosemoor-shirt-hemd-bluse\",\"url\":\"https:\/\/bekleidungscenter.com\/?product=vaude-herren-mens-rosemoor-shirt-hemd-bluse\",\"name\":\"VAUDE Herren Men's Rosemoor Shirt Hemd-Bluse - FamilienMode\",\"isPartOf\":{\"@id\":\"https:\/\/bekleidungscenter.com\/#website\"},\"datePublished\":\"2021-01-04T02:33:47+00:00\",\"dateModified\":\"2023-04-09T22:44:07+00:00\",\"breadcrumb\":{\"@id\":\"https:\/\/bekleidungscenter.com\/?product=vaude-herren-mens-rosemoor-shirt-hemd-bluse#breadcrumb\"},\"inLanguage\":\"de\",\"potentialAction\":[{\"@type\":\"ReadAction\",\"target\":[\"https:\/\/bekleidungscenter.com\/?product=vaude-herren-mens-rosemoor-shirt-hemd-bluse\"]}]},{\"@type\":\"BreadcrumbList\",\"@id\":\"https:\/\/bekleidungscenter.com\/?product=vaude-herren-mens-rosemoor-shirt-hemd-bluse#breadcrumb\",\"itemListElement\":[{\"@type\":\"ListItem\",\"position\":1,\"name\":\"Home\",\"item\":\"https:\/\/bekleidungscenter.com\/\"},{\"@type\":\"ListItem\",\"position\":2,\"name\":\"Shop\",\"item\":\"https:\/\/bekleidungscenter.com\/?page_id=7\"},{\"@type\":\"ListItem\",\"position\":3,\"name\":\"VAUDE Herren Men&#8217;s Rosemoor Shirt Hemd-Bluse\"}]},{\"@type\":\"WebSite\",\"@id\":\"https:\/\/bekleidungscenter.com\/#website\",\"url\":\"https:\/\/bekleidungscenter.com\/\",\"name\":\"FamilienMode\",\"description\":\"Alles f\u00fcr die ganze Familie\",\"potentialAction\":[{\"@type\":\"SearchAction\",\"target\":{\"@type\":\"EntryPoint\",\"urlTemplate\":\"https:\/\/bekleidungscenter.com\/?s={search_term_string}\"},\"query-input\":\"required name=search_term_string\"}],\"inLanguage\":\"de\"}]}<\/script>\n<!-- \/ Yoast SEO plugin. -->","yoast_head_json":{"title":"VAUDE Herren Men's Rosemoor Shirt Hemd-Bluse - FamilienMode","robots":{"index":"index","follow":"follow","max-snippet":"max-snippet:-1","max-image-preview":"max-image-preview:large","max-video-preview":"max-video-preview:-1"},"canonical":"https:\/\/bekleidungscenter.com\/?product=vaude-herren-mens-rosemoor-shirt-hemd-bluse","og_locale":"de_DE","og_type":"article","og_title":"VAUDE Herren Men's Rosemoor Shirt Hemd-Bluse - FamilienMode","og_description":"Leichtes Kurzarm-Hemd zum Wandern: pflegeleicht und schnelltrocknend Bietet gute Bel\u00fcftung: Dieses technische und leichte Kurzarm-Hemd ist dank eingearbeiteten Mesh-Materials am R\u00fccken hervorragend bel\u00fcftet und \u00e4u\u00dferst schnelltrocknend Kragenform: Kent","og_url":"https:\/\/bekleidungscenter.com\/?product=vaude-herren-mens-rosemoor-shirt-hemd-bluse","og_site_name":"FamilienMode","article_modified_time":"2023-04-09T22:44:07+00:00","og_image":[{"width":500,"height":500,"url":"https:\/\/images-na.ssl-images-amazon.com\/images\/I\/31RUOpvxDBL.jpg","type":"image\/jpeg"}],"twitter_card":"summary_large_image","twitter_misc":{"Gesch\u00e4tzte Lesezeit":"1\u00a0Minute"},"schema":{"@context":"https:\/\/schema.org","@graph":[{"@type":"WebPage","@id":"https:\/\/bekleidungscenter.com\/?product=vaude-herren-mens-rosemoor-shirt-hemd-bluse","url":"https:\/\/bekleidungscenter.com\/?product=vaude-herren-mens-rosemoor-shirt-hemd-bluse","name":"VAUDE Herren Men's Rosemoor Shirt Hemd-Bluse - FamilienMode","isPartOf":{"@id":"https:\/\/bekleidungscenter.com\/#website"},"datePublished":"2021-01-04T02:33:47+00:00","dateModified":"2023-04-09T22:44:07+00:00","breadcrumb":{"@id":"https:\/\/bekleidungscenter.com\/?product=vaude-herren-mens-rosemoor-shirt-hemd-bluse#breadcrumb"},"inLanguage":"de","potentialAction":[{"@type":"ReadAction","target":["https:\/\/bekleidungscenter.com\/?product=vaude-herren-mens-rosemoor-shirt-hemd-bluse"]}]},{"@type":"BreadcrumbList","@id":"https:\/\/bekleidungscenter.com\/?product=vaude-herren-mens-rosemoor-shirt-hemd-bluse#breadcrumb","itemListElement":[{"@type":"ListItem","position":1,"name":"Home","item":"https:\/\/bekleidungscenter.com\/"},{"@type":"ListItem","position":2,"name":"Shop","item":"https:\/\/bekleidungscenter.com\/?page_id=7"},{"@type":"ListItem","position":3,"name":"VAUDE Herren Men&#8217;s Rosemoor Shirt Hemd-Bluse"}]},{"@type":"WebSite","@id":"https:\/\/bekleidungscenter.com\/#website","url":"https:\/\/bekleidungscenter.com\/","name":"FamilienMode","description":"Alles f\u00fcr die ganze Familie","potentialAction":[{"@type":"SearchAction","target":{"@type":"EntryPoint","urlTemplate":"https:\/\/bekleidungscenter.com\/?s={search_term_string}"},"query-input":"required name=search_term_string"}],"inLanguage":"de"}]}},"_links":{"self":[{"href":"https:\/\/bekleidungscenter.com\/index.php?rest_route=\/wp\/v2\/product\/11656"}],"collection":[{"href":"https:\/\/bekleidungscenter.com\/index.php?rest_route=\/wp\/v2\/product"}],"about":[{"href":"https:\/\/bekleidungscenter.com\/index.php?rest_route=\/wp\/v2\/types\/product"}],"replies":[{"embeddable":true,"href":"https:\/\/bekleidungscenter.com\/index.php?rest_route=%2Fwp%2Fv2%2Fcomments&post=11656"}],"wp:featuredmedia":[{"embeddable":true,"href":"https:\/\/bekleidungscenter.com\/index.php?rest_route=\/wp\/v2\/media\/11657"}],"wp:attachment":[{"href":"https:\/\/bekleidungscenter.com\/index.php?rest_route=%2Fwp%2Fv2%2Fmedia&parent=11656"}],"wp:term":[{"taxonomy":"product_cat","embeddable":true,"href":"https:\/\/bekleidungscenter.com\/index.php?rest_route=%2Fwp%2Fv2%2Fproduct_cat&post=11656"},{"taxonomy":"product_tag","embeddable":true,"href":"https:\/\/bekleidungscenter.com\/index.php?rest_route=%2Fwp%2Fv2%2Fproduct_tag&post=11656"}],"curies":[{"name":"wp","href":"https:\/\/api.w.org\/{rel}","templated":true}]}}