{"id":11694,"date":"2021-01-04T02:39:05","date_gmt":"2021-01-04T02:39:05","guid":{"rendered":"http:\/\/bekleidungscenter.com\/?product=ragman-herren-stehkragenshirt-langarm"},"modified":"2023-04-09T22:44:08","modified_gmt":"2023-04-09T22:44:08","slug":"ragman-herren-stehkragenshirt-langarm","status":"publish","type":"product","link":"https:\/\/bekleidungscenter.com\/?product=ragman-herren-stehkragenshirt-langarm","title":{"rendered":"Ragman Herren Stehkragenshirt Langarm"},"content":{"rendered":"<p><!-- show up to 2 reviews by default --> <\/p>\n<p>Das langarm Stehkragenshirt von RAGMAN in feinster single Jersey Herausbildung ist ein Basic im Kleiderschrank Ansonsten statt dessen drunter als dr\u00fcber unverzichtbar. Eine legere Passform unterst\u00fctzt den hohen Tragekomfort des Stehkragen-Shirts von RAGMAN, das alle reiner hautsympathischer Baumwolle gefertigt wird Ansonsten im \u00dcbrigen robust als pflegeleicht ist. Ansonsten ein feines Detail:Der Kragen leiert nicht alle auf Basis von doppeltem Rippenb\u00fcndchen. <br \/> Bitte akzeptieren: Unauff\u00e4llig-melage 012: 90% Baumwolle 10% Polyester; Anthrazit 019: 70% Baumwolle 30% Polyester <\/p>\n<p>Bitte akzeptieren: Unauff\u00e4llig-melage 012: 90% Baumwolle 10% Polyester; Anthrazit 019: 70% Baumwolle 30% Polyester<br \/>\nMithilfe B\u00fcndchen<br \/>\nKragenform: Stehkragen<br \/>\nLangarm<br \/>\n100% Baumwolle<br \/>\nModellnummer: 400160-019-S<br \/>\nGerader S<br \/>\nMaterial: 100% Baumwolle<br \/>\nMa\u00dfe: Gr\u00f6\u00dfe L: Brustweite ca. 110cm R\u00fcckenl\u00e4nge ca. 77cm Ma\u00dfe benachbart Gr. 4XL: Brustweite ca. 136cm R\u00fcckenl\u00e4nge ca. 82cm<br \/>\n<div class=\"main-cross-sell\" data-asin=\"B008OVSLIA\">\n\n\t<div class=\"WooZone-cross-sell-loader\">\n\t\t<div>\n\t\t\t<div id=\"floatingBarsG\">\n\t\t\t\t<div class=\"blockG\" id=\"rotateG_01\"><\/div>\n\t\t\t\t<div class=\"blockG\" id=\"rotateG_02\"><\/div>\n\t\t\t\t<div class=\"blockG\" id=\"rotateG_03\"><\/div>\n\t\t\t\t<div class=\"blockG\" id=\"rotateG_04\"><\/div>\n\t\t\t\t<div class=\"blockG\" id=\"rotateG_05\"><\/div>\n\t\t\t\t<div class=\"blockG\" id=\"rotateG_06\"><\/div>\n\t\t\t\t<div class=\"blockG\" id=\"rotateG_07\"><\/div>\n\t\t\t\t<div class=\"blockG\" id=\"rotateG_08\"><\/div>\n\t\t\t<\/div>\n\t\t\t<div class=\"WooZone-cross-sell-loader-text\"><\/div>\n\t\t<\/div>\n\t<\/div>\n\n\t\t\n<\/div>\n<div style=\"clear:both;\"><\/div><\/p>\n","protected":false},"excerpt":{"rendered":"<p>Bitte beachten: Grau-melage 012: 90% Baumwolle 10% Polyester; Anthrazit 019: 70% Baumwolle 30% Polyester<br \/>\nMit B\u00fcndchen<br \/>\nKragenform: Stehkragen<\/p>\n","protected":false},"featured_media":11695,"comment_status":"open","ping_status":"closed","template":"","meta":[],"product_cat":[131,118],"product_tag":[],"yoast_head":"<!-- This site is optimized with the Yoast SEO plugin v20.6 - https:\/\/yoast.com\/wordpress\/plugins\/seo\/ -->\n<title>Ragman Herren Stehkragenshirt Langarm - FamilienMode<\/title>\n<meta name=\"robots\" content=\"index, follow, max-snippet:-1, max-image-preview:large, max-video-preview:-1\" \/>\n<link rel=\"canonical\" href=\"https:\/\/bekleidungscenter.com\/?product=ragman-herren-stehkragenshirt-langarm\" \/>\n<meta property=\"og:locale\" content=\"de_DE\" \/>\n<meta property=\"og:type\" content=\"article\" \/>\n<meta property=\"og:title\" content=\"Ragman Herren Stehkragenshirt Langarm - FamilienMode\" \/>\n<meta property=\"og:description\" content=\"Bitte beachten: Grau-melage 012: 90% Baumwolle 10% Polyester; Anthrazit 019: 70% Baumwolle 30% Polyester Mit B\u00fcndchen Kragenform: Stehkragen\" \/>\n<meta property=\"og:url\" content=\"https:\/\/bekleidungscenter.com\/?product=ragman-herren-stehkragenshirt-langarm\" \/>\n<meta property=\"og:site_name\" content=\"FamilienMode\" \/>\n<meta property=\"article:modified_time\" content=\"2023-04-09T22:44:08+00:00\" \/>\n<meta property=\"og:image\" content=\"https:\/\/images-na.ssl-images-amazon.com\/images\/I\/31RhWj537PL.jpg\" \/>\n\t<meta property=\"og:image:width\" content=\"500\" \/>\n\t<meta property=\"og:image:height\" content=\"500\" \/>\n\t<meta property=\"og:image:type\" content=\"image\/jpeg\" \/>\n<meta name=\"twitter:card\" content=\"summary_large_image\" \/>\n<meta name=\"twitter:label1\" content=\"Gesch\u00e4tzte Lesezeit\" \/>\n\t<meta name=\"twitter:data1\" content=\"1\u00a0Minute\" \/>\n<script type=\"application\/ld+json\" class=\"yoast-schema-graph\">{\"@context\":\"https:\/\/schema.org\",\"@graph\":[{\"@type\":\"WebPage\",\"@id\":\"https:\/\/bekleidungscenter.com\/?product=ragman-herren-stehkragenshirt-langarm\",\"url\":\"https:\/\/bekleidungscenter.com\/?product=ragman-herren-stehkragenshirt-langarm\",\"name\":\"Ragman Herren Stehkragenshirt Langarm - FamilienMode\",\"isPartOf\":{\"@id\":\"https:\/\/bekleidungscenter.com\/#website\"},\"datePublished\":\"2021-01-04T02:39:05+00:00\",\"dateModified\":\"2023-04-09T22:44:08+00:00\",\"breadcrumb\":{\"@id\":\"https:\/\/bekleidungscenter.com\/?product=ragman-herren-stehkragenshirt-langarm#breadcrumb\"},\"inLanguage\":\"de\",\"potentialAction\":[{\"@type\":\"ReadAction\",\"target\":[\"https:\/\/bekleidungscenter.com\/?product=ragman-herren-stehkragenshirt-langarm\"]}]},{\"@type\":\"BreadcrumbList\",\"@id\":\"https:\/\/bekleidungscenter.com\/?product=ragman-herren-stehkragenshirt-langarm#breadcrumb\",\"itemListElement\":[{\"@type\":\"ListItem\",\"position\":1,\"name\":\"Home\",\"item\":\"https:\/\/bekleidungscenter.com\/\"},{\"@type\":\"ListItem\",\"position\":2,\"name\":\"Shop\",\"item\":\"https:\/\/bekleidungscenter.com\/?page_id=7\"},{\"@type\":\"ListItem\",\"position\":3,\"name\":\"Ragman Herren Stehkragenshirt Langarm\"}]},{\"@type\":\"WebSite\",\"@id\":\"https:\/\/bekleidungscenter.com\/#website\",\"url\":\"https:\/\/bekleidungscenter.com\/\",\"name\":\"FamilienMode\",\"description\":\"Alles f\u00fcr die ganze Familie\",\"potentialAction\":[{\"@type\":\"SearchAction\",\"target\":{\"@type\":\"EntryPoint\",\"urlTemplate\":\"https:\/\/bekleidungscenter.com\/?s={search_term_string}\"},\"query-input\":\"required name=search_term_string\"}],\"inLanguage\":\"de\"}]}<\/script>\n<!-- \/ Yoast SEO plugin. -->","yoast_head_json":{"title":"Ragman Herren Stehkragenshirt Langarm - FamilienMode","robots":{"index":"index","follow":"follow","max-snippet":"max-snippet:-1","max-image-preview":"max-image-preview:large","max-video-preview":"max-video-preview:-1"},"canonical":"https:\/\/bekleidungscenter.com\/?product=ragman-herren-stehkragenshirt-langarm","og_locale":"de_DE","og_type":"article","og_title":"Ragman Herren Stehkragenshirt Langarm - FamilienMode","og_description":"Bitte beachten: Grau-melage 012: 90% Baumwolle 10% Polyester; Anthrazit 019: 70% Baumwolle 30% Polyester Mit B\u00fcndchen Kragenform: Stehkragen","og_url":"https:\/\/bekleidungscenter.com\/?product=ragman-herren-stehkragenshirt-langarm","og_site_name":"FamilienMode","article_modified_time":"2023-04-09T22:44:08+00:00","og_image":[{"width":500,"height":500,"url":"https:\/\/images-na.ssl-images-amazon.com\/images\/I\/31RhWj537PL.jpg","type":"image\/jpeg"}],"twitter_card":"summary_large_image","twitter_misc":{"Gesch\u00e4tzte Lesezeit":"1\u00a0Minute"},"schema":{"@context":"https:\/\/schema.org","@graph":[{"@type":"WebPage","@id":"https:\/\/bekleidungscenter.com\/?product=ragman-herren-stehkragenshirt-langarm","url":"https:\/\/bekleidungscenter.com\/?product=ragman-herren-stehkragenshirt-langarm","name":"Ragman Herren Stehkragenshirt Langarm - FamilienMode","isPartOf":{"@id":"https:\/\/bekleidungscenter.com\/#website"},"datePublished":"2021-01-04T02:39:05+00:00","dateModified":"2023-04-09T22:44:08+00:00","breadcrumb":{"@id":"https:\/\/bekleidungscenter.com\/?product=ragman-herren-stehkragenshirt-langarm#breadcrumb"},"inLanguage":"de","potentialAction":[{"@type":"ReadAction","target":["https:\/\/bekleidungscenter.com\/?product=ragman-herren-stehkragenshirt-langarm"]}]},{"@type":"BreadcrumbList","@id":"https:\/\/bekleidungscenter.com\/?product=ragman-herren-stehkragenshirt-langarm#breadcrumb","itemListElement":[{"@type":"ListItem","position":1,"name":"Home","item":"https:\/\/bekleidungscenter.com\/"},{"@type":"ListItem","position":2,"name":"Shop","item":"https:\/\/bekleidungscenter.com\/?page_id=7"},{"@type":"ListItem","position":3,"name":"Ragman Herren Stehkragenshirt Langarm"}]},{"@type":"WebSite","@id":"https:\/\/bekleidungscenter.com\/#website","url":"https:\/\/bekleidungscenter.com\/","name":"FamilienMode","description":"Alles f\u00fcr die ganze Familie","potentialAction":[{"@type":"SearchAction","target":{"@type":"EntryPoint","urlTemplate":"https:\/\/bekleidungscenter.com\/?s={search_term_string}"},"query-input":"required name=search_term_string"}],"inLanguage":"de"}]}},"_links":{"self":[{"href":"https:\/\/bekleidungscenter.com\/index.php?rest_route=\/wp\/v2\/product\/11694"}],"collection":[{"href":"https:\/\/bekleidungscenter.com\/index.php?rest_route=\/wp\/v2\/product"}],"about":[{"href":"https:\/\/bekleidungscenter.com\/index.php?rest_route=\/wp\/v2\/types\/product"}],"replies":[{"embeddable":true,"href":"https:\/\/bekleidungscenter.com\/index.php?rest_route=%2Fwp%2Fv2%2Fcomments&post=11694"}],"wp:featuredmedia":[{"embeddable":true,"href":"https:\/\/bekleidungscenter.com\/index.php?rest_route=\/wp\/v2\/media\/11695"}],"wp:attachment":[{"href":"https:\/\/bekleidungscenter.com\/index.php?rest_route=%2Fwp%2Fv2%2Fmedia&parent=11694"}],"wp:term":[{"taxonomy":"product_cat","embeddable":true,"href":"https:\/\/bekleidungscenter.com\/index.php?rest_route=%2Fwp%2Fv2%2Fproduct_cat&post=11694"},{"taxonomy":"product_tag","embeddable":true,"href":"https:\/\/bekleidungscenter.com\/index.php?rest_route=%2Fwp%2Fv2%2Fproduct_tag&post=11694"}],"curies":[{"name":"wp","href":"https:\/\/api.w.org\/{rel}","templated":true}]}}