{"id":11696,"date":"2021-01-04T02:39:09","date_gmt":"2021-01-04T02:39:09","guid":{"rendered":"http:\/\/bekleidungscenter.com\/?product=premium-t-shirt-herren"},"modified":"2023-04-09T22:44:08","modified_gmt":"2023-04-09T22:44:08","slug":"premium-t-shirt-herren","status":"publish","type":"product","link":"https:\/\/bekleidungscenter.com\/?product=premium-t-shirt-herren","title":{"rendered":"Premium T-Shirt Herren"},"content":{"rendered":"<p><!-- show up to 2 reviews by default --> <\/p>\n<p>Das promodoro Premium T-Shirt anstatt Herren \u00fcberzeugt in Bezug auf hohe Strapazierf\u00e4higkeit. Es besteht allesamt 100 Prozent Baumwolle und verliert bekannt als nach h\u00e4ufigem Sp\u00fclen nicht an Form und Farbe. Das Premium T-Shirt ist locker geschnitten und besitzt einen Rundhalsausschnitt. Ein robustes T-Shirt anstatt jeden Tag! Das Premium T-Shirt ist ebenfalls erh\u00e4ltlich in 3XL-5XL. * Farbe Altmodisch-verschiederlei: 98% Baumwolle, 2% Polyester; Farbe Sportgrau: 85% Baumwolle, 15% Viskose <\/p>\n<p>Herren T-Shirt allesamt hochwertiger Baumwolle unter Zuhilfenahme von au\u00dfergew\u00f6hnlichem Fit<br \/>\nOhne Seitenn\u00e4hte gefertigt, verf\u00fcgt es durch eine enorm bequeme Passform<br \/>\n100% Baumwolle<br \/>\nModellnummer: 3000\/3099<br \/>\n100 % Baumwolle<br \/>\nVerf\u00fcgbare Gr\u00f6\u00dfen: XS-5XL<br \/>\nMaschinenwaschbar bis 40\u00b0<br \/>\n<div class=\"main-cross-sell\" data-asin=\"B004UGCLPC\">\n\n\t<div class=\"WooZone-cross-sell-loader\">\n\t\t<div>\n\t\t\t<div id=\"floatingBarsG\">\n\t\t\t\t<div class=\"blockG\" id=\"rotateG_01\"><\/div>\n\t\t\t\t<div class=\"blockG\" id=\"rotateG_02\"><\/div>\n\t\t\t\t<div class=\"blockG\" id=\"rotateG_03\"><\/div>\n\t\t\t\t<div class=\"blockG\" id=\"rotateG_04\"><\/div>\n\t\t\t\t<div class=\"blockG\" id=\"rotateG_05\"><\/div>\n\t\t\t\t<div class=\"blockG\" id=\"rotateG_06\"><\/div>\n\t\t\t\t<div class=\"blockG\" id=\"rotateG_07\"><\/div>\n\t\t\t\t<div class=\"blockG\" id=\"rotateG_08\"><\/div>\n\t\t\t<\/div>\n\t\t\t<div class=\"WooZone-cross-sell-loader-text\"><\/div>\n\t\t<\/div>\n\t<\/div>\n\n\t\t\n<\/div>\n<div style=\"clear:both;\"><\/div><\/p>\n","protected":false},"excerpt":{"rendered":"<p>Herren T-Shirt aus hochwertiger Baumwolle mit au\u00dfergew\u00f6hnlichem Fit<br \/>\nOhne Seitenn\u00e4hte gefertigt, verf\u00fcgt es \u00fcber eine besonders bequeme Passform<br \/>\n100% Baumwolle<\/p>\n","protected":false},"featured_media":11697,"comment_status":"open","ping_status":"closed","template":"","meta":[],"product_cat":[131,118],"product_tag":[],"yoast_head":"<!-- This site is optimized with the Yoast SEO plugin v20.6 - https:\/\/yoast.com\/wordpress\/plugins\/seo\/ -->\n<title>Premium T-Shirt Herren - FamilienMode<\/title>\n<meta name=\"robots\" content=\"index, follow, max-snippet:-1, max-image-preview:large, max-video-preview:-1\" \/>\n<link rel=\"canonical\" href=\"https:\/\/bekleidungscenter.com\/?product=premium-t-shirt-herren\" \/>\n<meta property=\"og:locale\" content=\"de_DE\" \/>\n<meta property=\"og:type\" content=\"article\" \/>\n<meta property=\"og:title\" content=\"Premium T-Shirt Herren - FamilienMode\" \/>\n<meta property=\"og:description\" content=\"Herren T-Shirt aus hochwertiger Baumwolle mit au\u00dfergew\u00f6hnlichem Fit Ohne Seitenn\u00e4hte gefertigt, verf\u00fcgt es \u00fcber eine besonders bequeme Passform 100% Baumwolle\" \/>\n<meta property=\"og:url\" content=\"https:\/\/bekleidungscenter.com\/?product=premium-t-shirt-herren\" \/>\n<meta property=\"og:site_name\" content=\"FamilienMode\" \/>\n<meta property=\"article:modified_time\" content=\"2023-04-09T22:44:08+00:00\" \/>\n<meta property=\"og:image\" content=\"https:\/\/images-na.ssl-images-amazon.com\/images\/I\/31oXacHf7tL.jpg\" \/>\n\t<meta property=\"og:image:width\" content=\"500\" \/>\n\t<meta property=\"og:image:height\" content=\"500\" \/>\n\t<meta property=\"og:image:type\" content=\"image\/jpeg\" \/>\n<meta name=\"twitter:card\" content=\"summary_large_image\" \/>\n<meta name=\"twitter:label1\" content=\"Gesch\u00e4tzte Lesezeit\" \/>\n\t<meta name=\"twitter:data1\" content=\"1\u00a0Minute\" \/>\n<script type=\"application\/ld+json\" class=\"yoast-schema-graph\">{\"@context\":\"https:\/\/schema.org\",\"@graph\":[{\"@type\":\"WebPage\",\"@id\":\"https:\/\/bekleidungscenter.com\/?product=premium-t-shirt-herren\",\"url\":\"https:\/\/bekleidungscenter.com\/?product=premium-t-shirt-herren\",\"name\":\"Premium T-Shirt Herren - FamilienMode\",\"isPartOf\":{\"@id\":\"https:\/\/bekleidungscenter.com\/#website\"},\"datePublished\":\"2021-01-04T02:39:09+00:00\",\"dateModified\":\"2023-04-09T22:44:08+00:00\",\"breadcrumb\":{\"@id\":\"https:\/\/bekleidungscenter.com\/?product=premium-t-shirt-herren#breadcrumb\"},\"inLanguage\":\"de\",\"potentialAction\":[{\"@type\":\"ReadAction\",\"target\":[\"https:\/\/bekleidungscenter.com\/?product=premium-t-shirt-herren\"]}]},{\"@type\":\"BreadcrumbList\",\"@id\":\"https:\/\/bekleidungscenter.com\/?product=premium-t-shirt-herren#breadcrumb\",\"itemListElement\":[{\"@type\":\"ListItem\",\"position\":1,\"name\":\"Home\",\"item\":\"https:\/\/bekleidungscenter.com\/\"},{\"@type\":\"ListItem\",\"position\":2,\"name\":\"Shop\",\"item\":\"https:\/\/bekleidungscenter.com\/?page_id=7\"},{\"@type\":\"ListItem\",\"position\":3,\"name\":\"Premium T-Shirt Herren\"}]},{\"@type\":\"WebSite\",\"@id\":\"https:\/\/bekleidungscenter.com\/#website\",\"url\":\"https:\/\/bekleidungscenter.com\/\",\"name\":\"FamilienMode\",\"description\":\"Alles f\u00fcr die ganze Familie\",\"potentialAction\":[{\"@type\":\"SearchAction\",\"target\":{\"@type\":\"EntryPoint\",\"urlTemplate\":\"https:\/\/bekleidungscenter.com\/?s={search_term_string}\"},\"query-input\":\"required name=search_term_string\"}],\"inLanguage\":\"de\"}]}<\/script>\n<!-- \/ Yoast SEO plugin. -->","yoast_head_json":{"title":"Premium T-Shirt Herren - FamilienMode","robots":{"index":"index","follow":"follow","max-snippet":"max-snippet:-1","max-image-preview":"max-image-preview:large","max-video-preview":"max-video-preview:-1"},"canonical":"https:\/\/bekleidungscenter.com\/?product=premium-t-shirt-herren","og_locale":"de_DE","og_type":"article","og_title":"Premium T-Shirt Herren - FamilienMode","og_description":"Herren T-Shirt aus hochwertiger Baumwolle mit au\u00dfergew\u00f6hnlichem Fit Ohne Seitenn\u00e4hte gefertigt, verf\u00fcgt es \u00fcber eine besonders bequeme Passform 100% Baumwolle","og_url":"https:\/\/bekleidungscenter.com\/?product=premium-t-shirt-herren","og_site_name":"FamilienMode","article_modified_time":"2023-04-09T22:44:08+00:00","og_image":[{"width":500,"height":500,"url":"https:\/\/images-na.ssl-images-amazon.com\/images\/I\/31oXacHf7tL.jpg","type":"image\/jpeg"}],"twitter_card":"summary_large_image","twitter_misc":{"Gesch\u00e4tzte Lesezeit":"1\u00a0Minute"},"schema":{"@context":"https:\/\/schema.org","@graph":[{"@type":"WebPage","@id":"https:\/\/bekleidungscenter.com\/?product=premium-t-shirt-herren","url":"https:\/\/bekleidungscenter.com\/?product=premium-t-shirt-herren","name":"Premium T-Shirt Herren - FamilienMode","isPartOf":{"@id":"https:\/\/bekleidungscenter.com\/#website"},"datePublished":"2021-01-04T02:39:09+00:00","dateModified":"2023-04-09T22:44:08+00:00","breadcrumb":{"@id":"https:\/\/bekleidungscenter.com\/?product=premium-t-shirt-herren#breadcrumb"},"inLanguage":"de","potentialAction":[{"@type":"ReadAction","target":["https:\/\/bekleidungscenter.com\/?product=premium-t-shirt-herren"]}]},{"@type":"BreadcrumbList","@id":"https:\/\/bekleidungscenter.com\/?product=premium-t-shirt-herren#breadcrumb","itemListElement":[{"@type":"ListItem","position":1,"name":"Home","item":"https:\/\/bekleidungscenter.com\/"},{"@type":"ListItem","position":2,"name":"Shop","item":"https:\/\/bekleidungscenter.com\/?page_id=7"},{"@type":"ListItem","position":3,"name":"Premium T-Shirt Herren"}]},{"@type":"WebSite","@id":"https:\/\/bekleidungscenter.com\/#website","url":"https:\/\/bekleidungscenter.com\/","name":"FamilienMode","description":"Alles f\u00fcr die ganze Familie","potentialAction":[{"@type":"SearchAction","target":{"@type":"EntryPoint","urlTemplate":"https:\/\/bekleidungscenter.com\/?s={search_term_string}"},"query-input":"required name=search_term_string"}],"inLanguage":"de"}]}},"_links":{"self":[{"href":"https:\/\/bekleidungscenter.com\/index.php?rest_route=\/wp\/v2\/product\/11696"}],"collection":[{"href":"https:\/\/bekleidungscenter.com\/index.php?rest_route=\/wp\/v2\/product"}],"about":[{"href":"https:\/\/bekleidungscenter.com\/index.php?rest_route=\/wp\/v2\/types\/product"}],"replies":[{"embeddable":true,"href":"https:\/\/bekleidungscenter.com\/index.php?rest_route=%2Fwp%2Fv2%2Fcomments&post=11696"}],"wp:featuredmedia":[{"embeddable":true,"href":"https:\/\/bekleidungscenter.com\/index.php?rest_route=\/wp\/v2\/media\/11697"}],"wp:attachment":[{"href":"https:\/\/bekleidungscenter.com\/index.php?rest_route=%2Fwp%2Fv2%2Fmedia&parent=11696"}],"wp:term":[{"taxonomy":"product_cat","embeddable":true,"href":"https:\/\/bekleidungscenter.com\/index.php?rest_route=%2Fwp%2Fv2%2Fproduct_cat&post=11696"},{"taxonomy":"product_tag","embeddable":true,"href":"https:\/\/bekleidungscenter.com\/index.php?rest_route=%2Fwp%2Fv2%2Fproduct_tag&post=11696"}],"curies":[{"name":"wp","href":"https:\/\/api.w.org\/{rel}","templated":true}]}}