{"id":11717,"date":"2021-01-04T02:39:38","date_gmt":"2021-01-04T02:39:38","guid":{"rendered":"http:\/\/bekleidungscenter.com\/?product=vaude-herren-mens-albsteig-shirt-ii-hemd-bluse"},"modified":"2023-04-09T22:44:08","modified_gmt":"2023-04-09T22:44:08","slug":"vaude-herren-mens-albsteig-shirt-ii-hemd-bluse","status":"publish","type":"product","link":"https:\/\/bekleidungscenter.com\/?product=vaude-herren-mens-albsteig-shirt-ii-hemd-bluse","title":{"rendered":"VAUDE Herren Men&#8217;s Albsteig Shirt Ii Hemd-Bluse"},"content":{"rendered":"<p><!-- show up to 2 reviews by default --> <\/p>\n<p>Holz zum Bekleiden? Dieses \u00f6kologisch korrekte Karohemd besteht benachbart Polyester jeglicher funktionellen Naturfasern, die jeglicher nachhaltig erwirtschaftetem Holz gewonnen werden. Der demgem\u00e4\u00df verbundene hohe Tragekomfort ergibt sich jeglicher einer seidig-glatten \u00c4u\u00dferes, die Feuchtigkeit schnell vom K\u00f6rper wegtransportiert, unangenehmen Geruch verhindert dar\u00fcber hinaus dann ideal anstatt warmes Wetter entsprechend ist. Dieses sommerliche Hemd wurde ressourcenschonend hergestellt, als es besteht jeglicher nachhaltigen Naturfasern dar\u00fcber hinaus bluesign zertifizierten Materialien! Das VAUDE Green Shape-Label steht anstatt ein umweltfreundliches, funktionelles Produkt jeglicher nachhaltigen Materialien. <\/p>\n<p>Komfortables Kurzarm-Hemd zum Wandern<br \/>\n1 aufgesetzte Brusttasche<br \/>\nKragenform: Kent<br \/>\nLangarm<br \/>\n54% Lyocell, 46% Polyester<br \/>\nMen&#8217;s Albsteig Shirt II<br \/>\nModellnummer: 41810<br \/>\npflegeleicht<br \/>\nhoher Tragekomfort<br \/>\n<div class=\"main-cross-sell\" data-asin=\"B07WDLJ2JH\">\n\n\t<div class=\"WooZone-cross-sell-loader\">\n\t\t<div>\n\t\t\t<div id=\"floatingBarsG\">\n\t\t\t\t<div class=\"blockG\" id=\"rotateG_01\"><\/div>\n\t\t\t\t<div class=\"blockG\" id=\"rotateG_02\"><\/div>\n\t\t\t\t<div class=\"blockG\" id=\"rotateG_03\"><\/div>\n\t\t\t\t<div class=\"blockG\" id=\"rotateG_04\"><\/div>\n\t\t\t\t<div class=\"blockG\" id=\"rotateG_05\"><\/div>\n\t\t\t\t<div class=\"blockG\" id=\"rotateG_06\"><\/div>\n\t\t\t\t<div class=\"blockG\" id=\"rotateG_07\"><\/div>\n\t\t\t\t<div class=\"blockG\" id=\"rotateG_08\"><\/div>\n\t\t\t<\/div>\n\t\t\t<div class=\"WooZone-cross-sell-loader-text\"><\/div>\n\t\t<\/div>\n\t<\/div>\n\n\t\t\n<\/div>\n<div style=\"clear:both;\"><\/div><\/p>\n","protected":false},"excerpt":{"rendered":"<p>Komfortables Kurzarm-Hemd zum Wandern<br \/>\n1 aufgesetzte Brusttasche<br \/>\nKragenform: Kent<\/p>\n","protected":false},"featured_media":11718,"comment_status":"open","ping_status":"closed","template":"","meta":[],"product_cat":[131,118],"product_tag":[],"yoast_head":"<!-- This site is optimized with the Yoast SEO plugin v20.6 - https:\/\/yoast.com\/wordpress\/plugins\/seo\/ -->\n<title>VAUDE Herren Men&#039;s Albsteig Shirt Ii Hemd-Bluse - FamilienMode<\/title>\n<meta name=\"robots\" content=\"index, follow, max-snippet:-1, max-image-preview:large, max-video-preview:-1\" \/>\n<link rel=\"canonical\" href=\"https:\/\/bekleidungscenter.com\/?product=vaude-herren-mens-albsteig-shirt-ii-hemd-bluse\" \/>\n<meta property=\"og:locale\" content=\"de_DE\" \/>\n<meta property=\"og:type\" content=\"article\" \/>\n<meta property=\"og:title\" content=\"VAUDE Herren Men&#039;s Albsteig Shirt Ii Hemd-Bluse - FamilienMode\" \/>\n<meta property=\"og:description\" content=\"Komfortables Kurzarm-Hemd zum Wandern 1 aufgesetzte Brusttasche Kragenform: Kent\" \/>\n<meta property=\"og:url\" content=\"https:\/\/bekleidungscenter.com\/?product=vaude-herren-mens-albsteig-shirt-ii-hemd-bluse\" \/>\n<meta property=\"og:site_name\" content=\"FamilienMode\" \/>\n<meta property=\"article:modified_time\" content=\"2023-04-09T22:44:08+00:00\" \/>\n<meta property=\"og:image\" content=\"https:\/\/images-na.ssl-images-amazon.com\/images\/I\/51vp7MzDqgL.jpg\" \/>\n\t<meta property=\"og:image:width\" content=\"500\" \/>\n\t<meta property=\"og:image:height\" content=\"500\" \/>\n\t<meta property=\"og:image:type\" content=\"image\/jpeg\" \/>\n<meta name=\"twitter:card\" content=\"summary_large_image\" \/>\n<meta name=\"twitter:label1\" content=\"Gesch\u00e4tzte Lesezeit\" \/>\n\t<meta name=\"twitter:data1\" content=\"1\u00a0Minute\" \/>\n<script type=\"application\/ld+json\" class=\"yoast-schema-graph\">{\"@context\":\"https:\/\/schema.org\",\"@graph\":[{\"@type\":\"WebPage\",\"@id\":\"https:\/\/bekleidungscenter.com\/?product=vaude-herren-mens-albsteig-shirt-ii-hemd-bluse\",\"url\":\"https:\/\/bekleidungscenter.com\/?product=vaude-herren-mens-albsteig-shirt-ii-hemd-bluse\",\"name\":\"VAUDE Herren Men's Albsteig Shirt Ii Hemd-Bluse - FamilienMode\",\"isPartOf\":{\"@id\":\"https:\/\/bekleidungscenter.com\/#website\"},\"datePublished\":\"2021-01-04T02:39:38+00:00\",\"dateModified\":\"2023-04-09T22:44:08+00:00\",\"breadcrumb\":{\"@id\":\"https:\/\/bekleidungscenter.com\/?product=vaude-herren-mens-albsteig-shirt-ii-hemd-bluse#breadcrumb\"},\"inLanguage\":\"de\",\"potentialAction\":[{\"@type\":\"ReadAction\",\"target\":[\"https:\/\/bekleidungscenter.com\/?product=vaude-herren-mens-albsteig-shirt-ii-hemd-bluse\"]}]},{\"@type\":\"BreadcrumbList\",\"@id\":\"https:\/\/bekleidungscenter.com\/?product=vaude-herren-mens-albsteig-shirt-ii-hemd-bluse#breadcrumb\",\"itemListElement\":[{\"@type\":\"ListItem\",\"position\":1,\"name\":\"Home\",\"item\":\"https:\/\/bekleidungscenter.com\/\"},{\"@type\":\"ListItem\",\"position\":2,\"name\":\"Shop\",\"item\":\"https:\/\/bekleidungscenter.com\/?page_id=7\"},{\"@type\":\"ListItem\",\"position\":3,\"name\":\"VAUDE Herren Men&#8217;s Albsteig Shirt Ii Hemd-Bluse\"}]},{\"@type\":\"WebSite\",\"@id\":\"https:\/\/bekleidungscenter.com\/#website\",\"url\":\"https:\/\/bekleidungscenter.com\/\",\"name\":\"FamilienMode\",\"description\":\"Alles f\u00fcr die ganze Familie\",\"potentialAction\":[{\"@type\":\"SearchAction\",\"target\":{\"@type\":\"EntryPoint\",\"urlTemplate\":\"https:\/\/bekleidungscenter.com\/?s={search_term_string}\"},\"query-input\":\"required name=search_term_string\"}],\"inLanguage\":\"de\"}]}<\/script>\n<!-- \/ Yoast SEO plugin. -->","yoast_head_json":{"title":"VAUDE Herren Men's Albsteig Shirt Ii Hemd-Bluse - FamilienMode","robots":{"index":"index","follow":"follow","max-snippet":"max-snippet:-1","max-image-preview":"max-image-preview:large","max-video-preview":"max-video-preview:-1"},"canonical":"https:\/\/bekleidungscenter.com\/?product=vaude-herren-mens-albsteig-shirt-ii-hemd-bluse","og_locale":"de_DE","og_type":"article","og_title":"VAUDE Herren Men's Albsteig Shirt Ii Hemd-Bluse - FamilienMode","og_description":"Komfortables Kurzarm-Hemd zum Wandern 1 aufgesetzte Brusttasche Kragenform: Kent","og_url":"https:\/\/bekleidungscenter.com\/?product=vaude-herren-mens-albsteig-shirt-ii-hemd-bluse","og_site_name":"FamilienMode","article_modified_time":"2023-04-09T22:44:08+00:00","og_image":[{"width":500,"height":500,"url":"https:\/\/images-na.ssl-images-amazon.com\/images\/I\/51vp7MzDqgL.jpg","type":"image\/jpeg"}],"twitter_card":"summary_large_image","twitter_misc":{"Gesch\u00e4tzte Lesezeit":"1\u00a0Minute"},"schema":{"@context":"https:\/\/schema.org","@graph":[{"@type":"WebPage","@id":"https:\/\/bekleidungscenter.com\/?product=vaude-herren-mens-albsteig-shirt-ii-hemd-bluse","url":"https:\/\/bekleidungscenter.com\/?product=vaude-herren-mens-albsteig-shirt-ii-hemd-bluse","name":"VAUDE Herren Men's Albsteig Shirt Ii Hemd-Bluse - FamilienMode","isPartOf":{"@id":"https:\/\/bekleidungscenter.com\/#website"},"datePublished":"2021-01-04T02:39:38+00:00","dateModified":"2023-04-09T22:44:08+00:00","breadcrumb":{"@id":"https:\/\/bekleidungscenter.com\/?product=vaude-herren-mens-albsteig-shirt-ii-hemd-bluse#breadcrumb"},"inLanguage":"de","potentialAction":[{"@type":"ReadAction","target":["https:\/\/bekleidungscenter.com\/?product=vaude-herren-mens-albsteig-shirt-ii-hemd-bluse"]}]},{"@type":"BreadcrumbList","@id":"https:\/\/bekleidungscenter.com\/?product=vaude-herren-mens-albsteig-shirt-ii-hemd-bluse#breadcrumb","itemListElement":[{"@type":"ListItem","position":1,"name":"Home","item":"https:\/\/bekleidungscenter.com\/"},{"@type":"ListItem","position":2,"name":"Shop","item":"https:\/\/bekleidungscenter.com\/?page_id=7"},{"@type":"ListItem","position":3,"name":"VAUDE Herren Men&#8217;s Albsteig Shirt Ii Hemd-Bluse"}]},{"@type":"WebSite","@id":"https:\/\/bekleidungscenter.com\/#website","url":"https:\/\/bekleidungscenter.com\/","name":"FamilienMode","description":"Alles f\u00fcr die ganze Familie","potentialAction":[{"@type":"SearchAction","target":{"@type":"EntryPoint","urlTemplate":"https:\/\/bekleidungscenter.com\/?s={search_term_string}"},"query-input":"required name=search_term_string"}],"inLanguage":"de"}]}},"_links":{"self":[{"href":"https:\/\/bekleidungscenter.com\/index.php?rest_route=\/wp\/v2\/product\/11717"}],"collection":[{"href":"https:\/\/bekleidungscenter.com\/index.php?rest_route=\/wp\/v2\/product"}],"about":[{"href":"https:\/\/bekleidungscenter.com\/index.php?rest_route=\/wp\/v2\/types\/product"}],"replies":[{"embeddable":true,"href":"https:\/\/bekleidungscenter.com\/index.php?rest_route=%2Fwp%2Fv2%2Fcomments&post=11717"}],"wp:featuredmedia":[{"embeddable":true,"href":"https:\/\/bekleidungscenter.com\/index.php?rest_route=\/wp\/v2\/media\/11718"}],"wp:attachment":[{"href":"https:\/\/bekleidungscenter.com\/index.php?rest_route=%2Fwp%2Fv2%2Fmedia&parent=11717"}],"wp:term":[{"taxonomy":"product_cat","embeddable":true,"href":"https:\/\/bekleidungscenter.com\/index.php?rest_route=%2Fwp%2Fv2%2Fproduct_cat&post=11717"},{"taxonomy":"product_tag","embeddable":true,"href":"https:\/\/bekleidungscenter.com\/index.php?rest_route=%2Fwp%2Fv2%2Fproduct_tag&post=11717"}],"curies":[{"name":"wp","href":"https:\/\/api.w.org\/{rel}","templated":true}]}}