{"id":11822,"date":"2021-01-04T02:41:50","date_gmt":"2021-01-04T02:41:50","guid":{"rendered":"http:\/\/bekleidungscenter.com\/?product=wrangler-herren-denim-western-shi-jeanshemd"},"modified":"2023-04-07T22:29:01","modified_gmt":"2023-04-07T22:29:01","slug":"wrangler-herren-denim-western-shi-jeanshemd","status":"publish","type":"product","link":"https:\/\/bekleidungscenter.com\/?product=wrangler-herren-denim-western-shi-jeanshemd","title":{"rendered":"Wrangler Herren Denim Western Shi Jeanshemd"},"content":{"rendered":"<p><!-- show up to 2 reviews by default --> <\/p>\n<p>Ein typisch amerikanisches Ereignis bedingt unter Zuhilfenahme von einer typisch amerikanischen Denimbrand. Von der W\u00fcste in die Stadt, die Geschlecht von Wrangler ist reichlich gefeiert im \u00dcbrigen besprochen, dieweil sie diese Fr\u00fchjahrskollektion entwickelt haben. Story wurde in diese Kollektion unter Zuhilfenahme von eingen\u00e4ht im \u00dcbrigen frische Silhouetten, sowie ein Lagenlook alle einem selbstbewussten Denim-Komplettlook vorstellen Wranglers progressiven Designansatz. <\/p>\n<p>Kragenform: Knopfleiste<br \/>\nLangarm<br \/>\n100% Baumwolle<br \/>\nRegular Fit<br \/>\nPflegehinweis: Maschinenw\u00e4sche<br \/>\nModellnummer: W5M12AXWE<br \/>\n<div class=\"main-cross-sell\" data-asin=\"B07M8B78KW\">\n\n\t<div class=\"WooZone-cross-sell-loader\">\n\t\t<div>\n\t\t\t<div id=\"floatingBarsG\">\n\t\t\t\t<div class=\"blockG\" id=\"rotateG_01\"><\/div>\n\t\t\t\t<div class=\"blockG\" id=\"rotateG_02\"><\/div>\n\t\t\t\t<div class=\"blockG\" id=\"rotateG_03\"><\/div>\n\t\t\t\t<div class=\"blockG\" id=\"rotateG_04\"><\/div>\n\t\t\t\t<div class=\"blockG\" id=\"rotateG_05\"><\/div>\n\t\t\t\t<div class=\"blockG\" id=\"rotateG_06\"><\/div>\n\t\t\t\t<div class=\"blockG\" id=\"rotateG_07\"><\/div>\n\t\t\t\t<div class=\"blockG\" id=\"rotateG_08\"><\/div>\n\t\t\t<\/div>\n\t\t\t<div class=\"WooZone-cross-sell-loader-text\"><\/div>\n\t\t<\/div>\n\t<\/div>\n\n\t\t\n<\/div>\n<div style=\"clear:both;\"><\/div><\/p>\n","protected":false},"excerpt":{"rendered":"<p>Kragenform: Knopfleiste<br \/>\nLangarm<br \/>\n100% Baumwolle<\/p>\n","protected":false},"featured_media":11823,"comment_status":"open","ping_status":"closed","template":"","meta":[],"product_cat":[131,118],"product_tag":[],"yoast_head":"<!-- This site is optimized with the Yoast SEO plugin v20.6 - https:\/\/yoast.com\/wordpress\/plugins\/seo\/ -->\n<title>Wrangler Herren Denim Western Shi Jeanshemd - FamilienMode<\/title>\n<meta name=\"robots\" content=\"index, follow, max-snippet:-1, max-image-preview:large, max-video-preview:-1\" \/>\n<link rel=\"canonical\" href=\"https:\/\/bekleidungscenter.com\/?product=wrangler-herren-denim-western-shi-jeanshemd\" \/>\n<meta property=\"og:locale\" content=\"de_DE\" \/>\n<meta property=\"og:type\" content=\"article\" \/>\n<meta property=\"og:title\" content=\"Wrangler Herren Denim Western Shi Jeanshemd - FamilienMode\" \/>\n<meta property=\"og:description\" content=\"Kragenform: Knopfleiste Langarm 100% Baumwolle\" \/>\n<meta property=\"og:url\" content=\"https:\/\/bekleidungscenter.com\/?product=wrangler-herren-denim-western-shi-jeanshemd\" \/>\n<meta property=\"og:site_name\" content=\"FamilienMode\" \/>\n<meta property=\"article:modified_time\" content=\"2023-04-07T22:29:01+00:00\" \/>\n<meta property=\"og:image\" content=\"https:\/\/images-na.ssl-images-amazon.com\/images\/I\/41h89MWUehL.jpg\" \/>\n\t<meta property=\"og:image:width\" content=\"500\" \/>\n\t<meta property=\"og:image:height\" content=\"500\" \/>\n\t<meta property=\"og:image:type\" content=\"image\/jpeg\" \/>\n<meta name=\"twitter:card\" content=\"summary_large_image\" \/>\n<script type=\"application\/ld+json\" class=\"yoast-schema-graph\">{\"@context\":\"https:\/\/schema.org\",\"@graph\":[{\"@type\":\"WebPage\",\"@id\":\"https:\/\/bekleidungscenter.com\/?product=wrangler-herren-denim-western-shi-jeanshemd\",\"url\":\"https:\/\/bekleidungscenter.com\/?product=wrangler-herren-denim-western-shi-jeanshemd\",\"name\":\"Wrangler Herren Denim Western Shi Jeanshemd - FamilienMode\",\"isPartOf\":{\"@id\":\"https:\/\/bekleidungscenter.com\/#website\"},\"datePublished\":\"2021-01-04T02:41:50+00:00\",\"dateModified\":\"2023-04-07T22:29:01+00:00\",\"breadcrumb\":{\"@id\":\"https:\/\/bekleidungscenter.com\/?product=wrangler-herren-denim-western-shi-jeanshemd#breadcrumb\"},\"inLanguage\":\"de\",\"potentialAction\":[{\"@type\":\"ReadAction\",\"target\":[\"https:\/\/bekleidungscenter.com\/?product=wrangler-herren-denim-western-shi-jeanshemd\"]}]},{\"@type\":\"BreadcrumbList\",\"@id\":\"https:\/\/bekleidungscenter.com\/?product=wrangler-herren-denim-western-shi-jeanshemd#breadcrumb\",\"itemListElement\":[{\"@type\":\"ListItem\",\"position\":1,\"name\":\"Home\",\"item\":\"https:\/\/bekleidungscenter.com\/\"},{\"@type\":\"ListItem\",\"position\":2,\"name\":\"Shop\",\"item\":\"https:\/\/bekleidungscenter.com\/?page_id=7\"},{\"@type\":\"ListItem\",\"position\":3,\"name\":\"Wrangler Herren Denim Western Shi Jeanshemd\"}]},{\"@type\":\"WebSite\",\"@id\":\"https:\/\/bekleidungscenter.com\/#website\",\"url\":\"https:\/\/bekleidungscenter.com\/\",\"name\":\"FamilienMode\",\"description\":\"Alles f\u00fcr die ganze Familie\",\"potentialAction\":[{\"@type\":\"SearchAction\",\"target\":{\"@type\":\"EntryPoint\",\"urlTemplate\":\"https:\/\/bekleidungscenter.com\/?s={search_term_string}\"},\"query-input\":\"required name=search_term_string\"}],\"inLanguage\":\"de\"}]}<\/script>\n<!-- \/ Yoast SEO plugin. -->","yoast_head_json":{"title":"Wrangler Herren Denim Western Shi Jeanshemd - FamilienMode","robots":{"index":"index","follow":"follow","max-snippet":"max-snippet:-1","max-image-preview":"max-image-preview:large","max-video-preview":"max-video-preview:-1"},"canonical":"https:\/\/bekleidungscenter.com\/?product=wrangler-herren-denim-western-shi-jeanshemd","og_locale":"de_DE","og_type":"article","og_title":"Wrangler Herren Denim Western Shi Jeanshemd - FamilienMode","og_description":"Kragenform: Knopfleiste Langarm 100% Baumwolle","og_url":"https:\/\/bekleidungscenter.com\/?product=wrangler-herren-denim-western-shi-jeanshemd","og_site_name":"FamilienMode","article_modified_time":"2023-04-07T22:29:01+00:00","og_image":[{"width":500,"height":500,"url":"https:\/\/images-na.ssl-images-amazon.com\/images\/I\/41h89MWUehL.jpg","type":"image\/jpeg"}],"twitter_card":"summary_large_image","schema":{"@context":"https:\/\/schema.org","@graph":[{"@type":"WebPage","@id":"https:\/\/bekleidungscenter.com\/?product=wrangler-herren-denim-western-shi-jeanshemd","url":"https:\/\/bekleidungscenter.com\/?product=wrangler-herren-denim-western-shi-jeanshemd","name":"Wrangler Herren Denim Western Shi Jeanshemd - FamilienMode","isPartOf":{"@id":"https:\/\/bekleidungscenter.com\/#website"},"datePublished":"2021-01-04T02:41:50+00:00","dateModified":"2023-04-07T22:29:01+00:00","breadcrumb":{"@id":"https:\/\/bekleidungscenter.com\/?product=wrangler-herren-denim-western-shi-jeanshemd#breadcrumb"},"inLanguage":"de","potentialAction":[{"@type":"ReadAction","target":["https:\/\/bekleidungscenter.com\/?product=wrangler-herren-denim-western-shi-jeanshemd"]}]},{"@type":"BreadcrumbList","@id":"https:\/\/bekleidungscenter.com\/?product=wrangler-herren-denim-western-shi-jeanshemd#breadcrumb","itemListElement":[{"@type":"ListItem","position":1,"name":"Home","item":"https:\/\/bekleidungscenter.com\/"},{"@type":"ListItem","position":2,"name":"Shop","item":"https:\/\/bekleidungscenter.com\/?page_id=7"},{"@type":"ListItem","position":3,"name":"Wrangler Herren Denim Western Shi Jeanshemd"}]},{"@type":"WebSite","@id":"https:\/\/bekleidungscenter.com\/#website","url":"https:\/\/bekleidungscenter.com\/","name":"FamilienMode","description":"Alles f\u00fcr die ganze Familie","potentialAction":[{"@type":"SearchAction","target":{"@type":"EntryPoint","urlTemplate":"https:\/\/bekleidungscenter.com\/?s={search_term_string}"},"query-input":"required name=search_term_string"}],"inLanguage":"de"}]}},"_links":{"self":[{"href":"https:\/\/bekleidungscenter.com\/index.php?rest_route=\/wp\/v2\/product\/11822"}],"collection":[{"href":"https:\/\/bekleidungscenter.com\/index.php?rest_route=\/wp\/v2\/product"}],"about":[{"href":"https:\/\/bekleidungscenter.com\/index.php?rest_route=\/wp\/v2\/types\/product"}],"replies":[{"embeddable":true,"href":"https:\/\/bekleidungscenter.com\/index.php?rest_route=%2Fwp%2Fv2%2Fcomments&post=11822"}],"wp:featuredmedia":[{"embeddable":true,"href":"https:\/\/bekleidungscenter.com\/index.php?rest_route=\/wp\/v2\/media\/11823"}],"wp:attachment":[{"href":"https:\/\/bekleidungscenter.com\/index.php?rest_route=%2Fwp%2Fv2%2Fmedia&parent=11822"}],"wp:term":[{"taxonomy":"product_cat","embeddable":true,"href":"https:\/\/bekleidungscenter.com\/index.php?rest_route=%2Fwp%2Fv2%2Fproduct_cat&post=11822"},{"taxonomy":"product_tag","embeddable":true,"href":"https:\/\/bekleidungscenter.com\/index.php?rest_route=%2Fwp%2Fv2%2Fproduct_tag&post=11822"}],"curies":[{"name":"wp","href":"https:\/\/api.w.org\/{rel}","templated":true}]}}