{"id":11904,"date":"2021-01-04T02:45:19","date_gmt":"2021-01-04T02:45:19","guid":{"rendered":"http:\/\/bekleidungscenter.com\/?product=lacoste-herren-t-shirt"},"modified":"2023-04-07T22:29:02","modified_gmt":"2023-04-07T22:29:02","slug":"lacoste-herren-t-shirt","status":"publish","type":"product","link":"https:\/\/bekleidungscenter.com\/?product=lacoste-herren-t-shirt","title":{"rendered":"Lacoste Herren T-Shirt"},"content":{"rendered":"<p><!-- show up to 2 reviews by default --> <\/p>\n<h5>Lacoste Herren T-Shirt TH5276, Alkoholisiert (Navy Blue), X-Small<\/h5>\n<p>Als Hersteller des ersten Poloshirts 1933 hat sich Lacoste zu einer luxuri\u00f6sen Freizeitmarke entwickelt, die Vor dem Hintergrund ihres sportlichen Erbes franz\u00f6sische Eleganz unter Zuhilfenahme von Spielraum verbindet. In 120 L\u00e4ndern biete Lacoste eine vollst\u00e4ndige Produktpalette an: Garderobe, Lederwaren, D\u00fcfte, Schuhe, Brillen, Ruhelager- weiterhin Tischw\u00e4sche, Uhren weiterhin Unterw\u00e4sche. Jedes Beschr\u00e4nkung, das den Namen Lacoste tr\u00e4gt, wurde in Similarit\u00e4t unter Zuhilfenahme von den Qualit\u00e4ts- weiterhin Verantwortlichkeitsstandards der Marke hergestellt. <\/p>\n<\/p>\n<p>100 % Baumwolle<br \/>\nKragenform: Rundkragen<br \/>\nLangarm<br \/>\nVerschluss: keine Daten<br \/>\n100% Baumwolle<br \/>\nT-Shirt<br \/>\nPflegehinweis: Maschinenw\u00e4sche<br \/>\nModellnummer: TH6712<br \/>\n<div class=\"main-cross-sell\" data-asin=\"B01M5GTEGH\">\n\n\t<div class=\"WooZone-cross-sell-loader\">\n\t\t<div>\n\t\t\t<div id=\"floatingBarsG\">\n\t\t\t\t<div class=\"blockG\" id=\"rotateG_01\"><\/div>\n\t\t\t\t<div class=\"blockG\" id=\"rotateG_02\"><\/div>\n\t\t\t\t<div class=\"blockG\" id=\"rotateG_03\"><\/div>\n\t\t\t\t<div class=\"blockG\" id=\"rotateG_04\"><\/div>\n\t\t\t\t<div class=\"blockG\" id=\"rotateG_05\"><\/div>\n\t\t\t\t<div class=\"blockG\" id=\"rotateG_06\"><\/div>\n\t\t\t\t<div class=\"blockG\" id=\"rotateG_07\"><\/div>\n\t\t\t\t<div class=\"blockG\" id=\"rotateG_08\"><\/div>\n\t\t\t<\/div>\n\t\t\t<div class=\"WooZone-cross-sell-loader-text\"><\/div>\n\t\t<\/div>\n\t<\/div>\n\n\t\t\n<\/div>\n<div style=\"clear:both;\"><\/div><\/p>\n","protected":false},"excerpt":{"rendered":"<p>100 % Baumwolle<br \/>\nKragenform: Rundkragen<br \/>\nLangarm<\/p>\n","protected":false},"featured_media":11906,"comment_status":"open","ping_status":"closed","template":"","meta":[],"product_cat":[131,118],"product_tag":[],"yoast_head":"<!-- This site is optimized with the Yoast SEO plugin v20.6 - https:\/\/yoast.com\/wordpress\/plugins\/seo\/ -->\n<title>Lacoste Herren T-Shirt - FamilienMode<\/title>\n<meta name=\"robots\" content=\"index, follow, max-snippet:-1, max-image-preview:large, max-video-preview:-1\" \/>\n<link rel=\"canonical\" href=\"https:\/\/bekleidungscenter.com\/?product=lacoste-herren-t-shirt\" \/>\n<meta property=\"og:locale\" content=\"de_DE\" \/>\n<meta property=\"og:type\" content=\"article\" \/>\n<meta property=\"og:title\" content=\"Lacoste Herren T-Shirt - FamilienMode\" \/>\n<meta property=\"og:description\" content=\"100 % Baumwolle Kragenform: Rundkragen Langarm\" \/>\n<meta property=\"og:url\" content=\"https:\/\/bekleidungscenter.com\/?product=lacoste-herren-t-shirt\" \/>\n<meta property=\"og:site_name\" content=\"FamilienMode\" \/>\n<meta property=\"article:modified_time\" content=\"2023-04-07T22:29:02+00:00\" \/>\n<meta property=\"og:image\" content=\"https:\/\/images-na.ssl-images-amazon.com\/images\/I\/31U6wBxkldL.jpg\" \/>\n\t<meta property=\"og:image:width\" content=\"500\" \/>\n\t<meta property=\"og:image:height\" content=\"500\" \/>\n\t<meta property=\"og:image:type\" content=\"image\/jpeg\" \/>\n<meta name=\"twitter:card\" content=\"summary_large_image\" \/>\n<meta name=\"twitter:label1\" content=\"Gesch\u00e4tzte Lesezeit\" \/>\n\t<meta name=\"twitter:data1\" content=\"1\u00a0Minute\" \/>\n<script type=\"application\/ld+json\" class=\"yoast-schema-graph\">{\"@context\":\"https:\/\/schema.org\",\"@graph\":[{\"@type\":\"WebPage\",\"@id\":\"https:\/\/bekleidungscenter.com\/?product=lacoste-herren-t-shirt\",\"url\":\"https:\/\/bekleidungscenter.com\/?product=lacoste-herren-t-shirt\",\"name\":\"Lacoste Herren T-Shirt - FamilienMode\",\"isPartOf\":{\"@id\":\"https:\/\/bekleidungscenter.com\/#website\"},\"datePublished\":\"2021-01-04T02:45:19+00:00\",\"dateModified\":\"2023-04-07T22:29:02+00:00\",\"breadcrumb\":{\"@id\":\"https:\/\/bekleidungscenter.com\/?product=lacoste-herren-t-shirt#breadcrumb\"},\"inLanguage\":\"de\",\"potentialAction\":[{\"@type\":\"ReadAction\",\"target\":[\"https:\/\/bekleidungscenter.com\/?product=lacoste-herren-t-shirt\"]}]},{\"@type\":\"BreadcrumbList\",\"@id\":\"https:\/\/bekleidungscenter.com\/?product=lacoste-herren-t-shirt#breadcrumb\",\"itemListElement\":[{\"@type\":\"ListItem\",\"position\":1,\"name\":\"Home\",\"item\":\"https:\/\/bekleidungscenter.com\/\"},{\"@type\":\"ListItem\",\"position\":2,\"name\":\"Shop\",\"item\":\"https:\/\/bekleidungscenter.com\/?page_id=7\"},{\"@type\":\"ListItem\",\"position\":3,\"name\":\"Lacoste Herren T-Shirt\"}]},{\"@type\":\"WebSite\",\"@id\":\"https:\/\/bekleidungscenter.com\/#website\",\"url\":\"https:\/\/bekleidungscenter.com\/\",\"name\":\"FamilienMode\",\"description\":\"Alles f\u00fcr die ganze Familie\",\"potentialAction\":[{\"@type\":\"SearchAction\",\"target\":{\"@type\":\"EntryPoint\",\"urlTemplate\":\"https:\/\/bekleidungscenter.com\/?s={search_term_string}\"},\"query-input\":\"required name=search_term_string\"}],\"inLanguage\":\"de\"}]}<\/script>\n<!-- \/ Yoast SEO plugin. -->","yoast_head_json":{"title":"Lacoste Herren T-Shirt - FamilienMode","robots":{"index":"index","follow":"follow","max-snippet":"max-snippet:-1","max-image-preview":"max-image-preview:large","max-video-preview":"max-video-preview:-1"},"canonical":"https:\/\/bekleidungscenter.com\/?product=lacoste-herren-t-shirt","og_locale":"de_DE","og_type":"article","og_title":"Lacoste Herren T-Shirt - FamilienMode","og_description":"100 % Baumwolle Kragenform: Rundkragen Langarm","og_url":"https:\/\/bekleidungscenter.com\/?product=lacoste-herren-t-shirt","og_site_name":"FamilienMode","article_modified_time":"2023-04-07T22:29:02+00:00","og_image":[{"width":500,"height":500,"url":"https:\/\/images-na.ssl-images-amazon.com\/images\/I\/31U6wBxkldL.jpg","type":"image\/jpeg"}],"twitter_card":"summary_large_image","twitter_misc":{"Gesch\u00e4tzte Lesezeit":"1\u00a0Minute"},"schema":{"@context":"https:\/\/schema.org","@graph":[{"@type":"WebPage","@id":"https:\/\/bekleidungscenter.com\/?product=lacoste-herren-t-shirt","url":"https:\/\/bekleidungscenter.com\/?product=lacoste-herren-t-shirt","name":"Lacoste Herren T-Shirt - FamilienMode","isPartOf":{"@id":"https:\/\/bekleidungscenter.com\/#website"},"datePublished":"2021-01-04T02:45:19+00:00","dateModified":"2023-04-07T22:29:02+00:00","breadcrumb":{"@id":"https:\/\/bekleidungscenter.com\/?product=lacoste-herren-t-shirt#breadcrumb"},"inLanguage":"de","potentialAction":[{"@type":"ReadAction","target":["https:\/\/bekleidungscenter.com\/?product=lacoste-herren-t-shirt"]}]},{"@type":"BreadcrumbList","@id":"https:\/\/bekleidungscenter.com\/?product=lacoste-herren-t-shirt#breadcrumb","itemListElement":[{"@type":"ListItem","position":1,"name":"Home","item":"https:\/\/bekleidungscenter.com\/"},{"@type":"ListItem","position":2,"name":"Shop","item":"https:\/\/bekleidungscenter.com\/?page_id=7"},{"@type":"ListItem","position":3,"name":"Lacoste Herren T-Shirt"}]},{"@type":"WebSite","@id":"https:\/\/bekleidungscenter.com\/#website","url":"https:\/\/bekleidungscenter.com\/","name":"FamilienMode","description":"Alles f\u00fcr die ganze Familie","potentialAction":[{"@type":"SearchAction","target":{"@type":"EntryPoint","urlTemplate":"https:\/\/bekleidungscenter.com\/?s={search_term_string}"},"query-input":"required name=search_term_string"}],"inLanguage":"de"}]}},"_links":{"self":[{"href":"https:\/\/bekleidungscenter.com\/index.php?rest_route=\/wp\/v2\/product\/11904"}],"collection":[{"href":"https:\/\/bekleidungscenter.com\/index.php?rest_route=\/wp\/v2\/product"}],"about":[{"href":"https:\/\/bekleidungscenter.com\/index.php?rest_route=\/wp\/v2\/types\/product"}],"replies":[{"embeddable":true,"href":"https:\/\/bekleidungscenter.com\/index.php?rest_route=%2Fwp%2Fv2%2Fcomments&post=11904"}],"wp:featuredmedia":[{"embeddable":true,"href":"https:\/\/bekleidungscenter.com\/index.php?rest_route=\/wp\/v2\/media\/11906"}],"wp:attachment":[{"href":"https:\/\/bekleidungscenter.com\/index.php?rest_route=%2Fwp%2Fv2%2Fmedia&parent=11904"}],"wp:term":[{"taxonomy":"product_cat","embeddable":true,"href":"https:\/\/bekleidungscenter.com\/index.php?rest_route=%2Fwp%2Fv2%2Fproduct_cat&post=11904"},{"taxonomy":"product_tag","embeddable":true,"href":"https:\/\/bekleidungscenter.com\/index.php?rest_route=%2Fwp%2Fv2%2Fproduct_tag&post=11904"}],"curies":[{"name":"wp","href":"https:\/\/api.w.org\/{rel}","templated":true}]}}