{"id":11905,"date":"2021-01-04T02:45:19","date_gmt":"2021-01-04T02:45:19","guid":{"rendered":"http:\/\/bekleidungscenter.com\/?product=tommy-tailored-regular-fit-hemd-langarm-struktur-weiss-groesse-41"},"modified":"2023-04-07T22:29:02","modified_gmt":"2023-04-07T22:29:02","slug":"tommy-tailored-regular-fit-hemd-langarm-struktur-weiss-groesse-41","status":"publish","type":"product","link":"https:\/\/bekleidungscenter.com\/?product=tommy-tailored-regular-fit-hemd-langarm-struktur-weiss-groesse-41","title":{"rendered":"Tommy Tailored"},"content":{"rendered":"<p><!-- show up to 2 reviews by default --> <\/p>\n<p>Das TOMMY TAILORED Regular Fit Hemd besticht in keinster Weise zwar mittels einem New Kent Kragen im \u00dcbrigen Sportmanschetten, an Stelle alias mittels einer Begabung in der Beize wei\u00df. Der leicht taillierte Mittelma\u00df im \u00dcbrigen die reine, b\u00fcgelleichte Baumwolle garantieren eine optimale Passform. Kragenh\u00f6he 4 cm <\/p>\n<p>TOMMY TAILORED Regular Fit Herren Hemd Langarm New Kent Kragen Sportmanschetten reine b\u00fcgelleichte Baumwolle Begabung wei\u00df<br \/>\nArml\u00e4nge: Langarm &#8211; allt\u00e4glich<br \/>\nKragenform: New Kent<br \/>\nLangarm<br \/>\n100% Baumwolle<br \/>\nModellnummer: TT0TT06640\/YBS<br \/>\nKragenform: New Kent<br \/>\nLinie: Tommy Tailored<br \/>\nManschette: Sportmanschette<br \/>\n<div class=\"main-cross-sell\" data-asin=\"B0817SFT1G\">\n\n\t<div class=\"WooZone-cross-sell-loader\">\n\t\t<div>\n\t\t\t<div id=\"floatingBarsG\">\n\t\t\t\t<div class=\"blockG\" id=\"rotateG_01\"><\/div>\n\t\t\t\t<div class=\"blockG\" id=\"rotateG_02\"><\/div>\n\t\t\t\t<div class=\"blockG\" id=\"rotateG_03\"><\/div>\n\t\t\t\t<div class=\"blockG\" id=\"rotateG_04\"><\/div>\n\t\t\t\t<div class=\"blockG\" id=\"rotateG_05\"><\/div>\n\t\t\t\t<div class=\"blockG\" id=\"rotateG_06\"><\/div>\n\t\t\t\t<div class=\"blockG\" id=\"rotateG_07\"><\/div>\n\t\t\t\t<div class=\"blockG\" id=\"rotateG_08\"><\/div>\n\t\t\t<\/div>\n\t\t\t<div class=\"WooZone-cross-sell-loader-text\"><\/div>\n\t\t<\/div>\n\t<\/div>\n\n\t\t\n<\/div>\n<div style=\"clear:both;\"><\/div><\/p>\n","protected":false},"excerpt":{"rendered":"<p>TOMMY TAILORED Regular Fit Herren Hemd Langarm New Kent Kragen Sportmanschetten reine b\u00fcgelleichte Baumwolle Struktur wei\u00df<br \/>\nArml\u00e4nge: Langarm &#8211; normal<br \/>\nKragenform: New Kent<\/p>\n","protected":false},"featured_media":11909,"comment_status":"open","ping_status":"closed","template":"","meta":[],"product_cat":[131,118],"product_tag":[],"yoast_head":"<!-- This site is optimized with the Yoast SEO plugin v20.6 - https:\/\/yoast.com\/wordpress\/plugins\/seo\/ -->\n<title>Tommy Tailored - FamilienMode<\/title>\n<meta name=\"robots\" content=\"index, follow, max-snippet:-1, max-image-preview:large, max-video-preview:-1\" \/>\n<link rel=\"canonical\" href=\"https:\/\/bekleidungscenter.com\/?product=tommy-tailored-regular-fit-hemd-langarm-struktur-weiss-groesse-41\" \/>\n<meta property=\"og:locale\" content=\"de_DE\" \/>\n<meta property=\"og:type\" content=\"article\" \/>\n<meta property=\"og:title\" content=\"Tommy Tailored - FamilienMode\" \/>\n<meta property=\"og:description\" content=\"TOMMY TAILORED Regular Fit Herren Hemd Langarm New Kent Kragen Sportmanschetten reine b\u00fcgelleichte Baumwolle Struktur wei\u00df Arml\u00e4nge: Langarm - normal Kragenform: New Kent\" \/>\n<meta property=\"og:url\" content=\"https:\/\/bekleidungscenter.com\/?product=tommy-tailored-regular-fit-hemd-langarm-struktur-weiss-groesse-41\" \/>\n<meta property=\"og:site_name\" content=\"FamilienMode\" \/>\n<meta property=\"article:modified_time\" content=\"2023-04-07T22:29:02+00:00\" \/>\n<meta property=\"og:image\" content=\"https:\/\/images-na.ssl-images-amazon.com\/images\/I\/31KE6ZD60vL.jpg\" \/>\n\t<meta property=\"og:image:width\" content=\"500\" \/>\n\t<meta property=\"og:image:height\" content=\"500\" \/>\n\t<meta property=\"og:image:type\" content=\"image\/jpeg\" \/>\n<meta name=\"twitter:card\" content=\"summary_large_image\" \/>\n<script type=\"application\/ld+json\" class=\"yoast-schema-graph\">{\"@context\":\"https:\/\/schema.org\",\"@graph\":[{\"@type\":\"WebPage\",\"@id\":\"https:\/\/bekleidungscenter.com\/?product=tommy-tailored-regular-fit-hemd-langarm-struktur-weiss-groesse-41\",\"url\":\"https:\/\/bekleidungscenter.com\/?product=tommy-tailored-regular-fit-hemd-langarm-struktur-weiss-groesse-41\",\"name\":\"Tommy Tailored - FamilienMode\",\"isPartOf\":{\"@id\":\"https:\/\/bekleidungscenter.com\/#website\"},\"datePublished\":\"2021-01-04T02:45:19+00:00\",\"dateModified\":\"2023-04-07T22:29:02+00:00\",\"breadcrumb\":{\"@id\":\"https:\/\/bekleidungscenter.com\/?product=tommy-tailored-regular-fit-hemd-langarm-struktur-weiss-groesse-41#breadcrumb\"},\"inLanguage\":\"de\",\"potentialAction\":[{\"@type\":\"ReadAction\",\"target\":[\"https:\/\/bekleidungscenter.com\/?product=tommy-tailored-regular-fit-hemd-langarm-struktur-weiss-groesse-41\"]}]},{\"@type\":\"BreadcrumbList\",\"@id\":\"https:\/\/bekleidungscenter.com\/?product=tommy-tailored-regular-fit-hemd-langarm-struktur-weiss-groesse-41#breadcrumb\",\"itemListElement\":[{\"@type\":\"ListItem\",\"position\":1,\"name\":\"Home\",\"item\":\"https:\/\/bekleidungscenter.com\/\"},{\"@type\":\"ListItem\",\"position\":2,\"name\":\"Shop\",\"item\":\"https:\/\/bekleidungscenter.com\/?page_id=7\"},{\"@type\":\"ListItem\",\"position\":3,\"name\":\"Tommy Tailored\"}]},{\"@type\":\"WebSite\",\"@id\":\"https:\/\/bekleidungscenter.com\/#website\",\"url\":\"https:\/\/bekleidungscenter.com\/\",\"name\":\"FamilienMode\",\"description\":\"Alles f\u00fcr die ganze Familie\",\"potentialAction\":[{\"@type\":\"SearchAction\",\"target\":{\"@type\":\"EntryPoint\",\"urlTemplate\":\"https:\/\/bekleidungscenter.com\/?s={search_term_string}\"},\"query-input\":\"required name=search_term_string\"}],\"inLanguage\":\"de\"}]}<\/script>\n<!-- \/ Yoast SEO plugin. -->","yoast_head_json":{"title":"Tommy Tailored - FamilienMode","robots":{"index":"index","follow":"follow","max-snippet":"max-snippet:-1","max-image-preview":"max-image-preview:large","max-video-preview":"max-video-preview:-1"},"canonical":"https:\/\/bekleidungscenter.com\/?product=tommy-tailored-regular-fit-hemd-langarm-struktur-weiss-groesse-41","og_locale":"de_DE","og_type":"article","og_title":"Tommy Tailored - FamilienMode","og_description":"TOMMY TAILORED Regular Fit Herren Hemd Langarm New Kent Kragen Sportmanschetten reine b\u00fcgelleichte Baumwolle Struktur wei\u00df Arml\u00e4nge: Langarm - normal Kragenform: New Kent","og_url":"https:\/\/bekleidungscenter.com\/?product=tommy-tailored-regular-fit-hemd-langarm-struktur-weiss-groesse-41","og_site_name":"FamilienMode","article_modified_time":"2023-04-07T22:29:02+00:00","og_image":[{"width":500,"height":500,"url":"https:\/\/images-na.ssl-images-amazon.com\/images\/I\/31KE6ZD60vL.jpg","type":"image\/jpeg"}],"twitter_card":"summary_large_image","schema":{"@context":"https:\/\/schema.org","@graph":[{"@type":"WebPage","@id":"https:\/\/bekleidungscenter.com\/?product=tommy-tailored-regular-fit-hemd-langarm-struktur-weiss-groesse-41","url":"https:\/\/bekleidungscenter.com\/?product=tommy-tailored-regular-fit-hemd-langarm-struktur-weiss-groesse-41","name":"Tommy Tailored - FamilienMode","isPartOf":{"@id":"https:\/\/bekleidungscenter.com\/#website"},"datePublished":"2021-01-04T02:45:19+00:00","dateModified":"2023-04-07T22:29:02+00:00","breadcrumb":{"@id":"https:\/\/bekleidungscenter.com\/?product=tommy-tailored-regular-fit-hemd-langarm-struktur-weiss-groesse-41#breadcrumb"},"inLanguage":"de","potentialAction":[{"@type":"ReadAction","target":["https:\/\/bekleidungscenter.com\/?product=tommy-tailored-regular-fit-hemd-langarm-struktur-weiss-groesse-41"]}]},{"@type":"BreadcrumbList","@id":"https:\/\/bekleidungscenter.com\/?product=tommy-tailored-regular-fit-hemd-langarm-struktur-weiss-groesse-41#breadcrumb","itemListElement":[{"@type":"ListItem","position":1,"name":"Home","item":"https:\/\/bekleidungscenter.com\/"},{"@type":"ListItem","position":2,"name":"Shop","item":"https:\/\/bekleidungscenter.com\/?page_id=7"},{"@type":"ListItem","position":3,"name":"Tommy Tailored"}]},{"@type":"WebSite","@id":"https:\/\/bekleidungscenter.com\/#website","url":"https:\/\/bekleidungscenter.com\/","name":"FamilienMode","description":"Alles f\u00fcr die ganze Familie","potentialAction":[{"@type":"SearchAction","target":{"@type":"EntryPoint","urlTemplate":"https:\/\/bekleidungscenter.com\/?s={search_term_string}"},"query-input":"required name=search_term_string"}],"inLanguage":"de"}]}},"_links":{"self":[{"href":"https:\/\/bekleidungscenter.com\/index.php?rest_route=\/wp\/v2\/product\/11905"}],"collection":[{"href":"https:\/\/bekleidungscenter.com\/index.php?rest_route=\/wp\/v2\/product"}],"about":[{"href":"https:\/\/bekleidungscenter.com\/index.php?rest_route=\/wp\/v2\/types\/product"}],"replies":[{"embeddable":true,"href":"https:\/\/bekleidungscenter.com\/index.php?rest_route=%2Fwp%2Fv2%2Fcomments&post=11905"}],"wp:featuredmedia":[{"embeddable":true,"href":"https:\/\/bekleidungscenter.com\/index.php?rest_route=\/wp\/v2\/media\/11909"}],"wp:attachment":[{"href":"https:\/\/bekleidungscenter.com\/index.php?rest_route=%2Fwp%2Fv2%2Fmedia&parent=11905"}],"wp:term":[{"taxonomy":"product_cat","embeddable":true,"href":"https:\/\/bekleidungscenter.com\/index.php?rest_route=%2Fwp%2Fv2%2Fproduct_cat&post=11905"},{"taxonomy":"product_tag","embeddable":true,"href":"https:\/\/bekleidungscenter.com\/index.php?rest_route=%2Fwp%2Fv2%2Fproduct_tag&post=11905"}],"curies":[{"name":"wp","href":"https:\/\/api.w.org\/{rel}","templated":true}]}}