{"id":12160,"date":"2021-01-04T05:55:31","date_gmt":"2021-01-04T05:55:31","guid":{"rendered":"http:\/\/bekleidungscenter.com\/?product=loeffler-herren-unterhose-hr-3-4-transtex-warm"},"modified":"2023-04-07T22:29:07","modified_gmt":"2023-04-07T22:29:07","slug":"loeffler-herren-unterhose-hr-3-4-transtex-warm","status":"publish","type":"product","link":"https:\/\/bekleidungscenter.com\/?product=loeffler-herren-unterhose-hr-3-4-transtex-warm","title":{"rendered":"L\u00f6ffler Herren Unterhose HR 3\/4 Transtex Warm"},"content":{"rendered":"<p><!-- show up to 2 reviews by default --> <\/p>\n<p>NACHHALTIG UND FAIR. UNVERKENNBAR L\u00d6FFLER. L\u00d6FFLER ist \u00f6sterreichischer Hersteller funktioneller Sportbekleidung f\u00fcr die Bereiche Bike, Nordic Sports, Skitouring, Running, Outdoor sowie Unterw\u00e4sche. L\u00d6FFLER produziert umweltfreundlich, abgeh\u00e4rtet und hinnehmbar. Die funktionelle Sportbekleidung wird gewollt fast ausschlie\u00dflich &#8211; konkret: zu 99 Prozent &#8211; in Alte Welt entwickelt und gefertigt. Die Wertsch\u00f6pfung erfolgt zu mehr als 80 Prozent direkt in Ried im Innkreis (Ober\u00f6sterreich), wo L\u00d6FFLER seit mehr als vier Jahrzehnten seinen Sitz hat. Zudem kommen 70% aller Stoffe, die L\u00d6FFLER verarbeitet, aus der eignen Strickerei. Neben dem STeP-Zertifikat f\u00fcr nachhaltige Textilproduktion katalysieren nahezu alle L\u00d6FFLER-Produkte alias das tolerierbar-TEX-Label. Dieses unabh\u00e4ngige Pr\u00fcfzeichen kennzeichnet hautfreundliche, gesundheitlich einwandfreie Textilien. L\u00d6FFLER ist offizieller Partner des \u00d6sterreichischen und des Deutschen Skiverbands. Ausgestattet wird der gesamte \u00d6SV mit Sportunterw\u00e4sche und die nordischen Sportler alias mit allen f\u00fcr den Wettkampf wesentlichen Bekleidungsteilen sowie der W\u00e4rme-\u00dcberbekleidung. Im DSV r\u00fcstet L\u00d6FFLER alle Nordischen Sportler (Langlauf, Biathlon, Nordische Kombination und Skisprung) mit funktioneller Sportunterw\u00e4sche aus. Filtern DSV-Skispringer gehen zudem mit L\u00f6ffler-Sprungskier an den Fahrtbeginn. <\/p>\n<p>Gestrickt in \u00d6sterreich &#8211; Die Unterhose besteht aus schnell trocknendem, elastischem und geruchsneutralem transtex-warm Material<br \/>\nTRANSTEX-WARM &#8211; Zweischichtige Thermounterw\u00e4sche, innen Polypropylen, au\u00dfen Baumwolle\/Modal<br \/>\n56% Polypropylen, 21% Modal, 20% Baumwolle, 3% Elasthan<br \/>\nModellnummer: 10736<br \/>\nFeatures: perfekter Schwei\u00dftransport, atmungsaktiv, w\u00e4rmeisolierend, elastische Passform, maximale Bewegungsfreiheit, geruchsneutral, schnell trocknend<br \/>\nPflegehinweis: Geschirr sp\u00fclen 60 Abstufung<br \/>\n<div class=\"main-cross-sell\" data-asin=\"B0062SDWFO\">\n\n\t<div class=\"WooZone-cross-sell-loader\">\n\t\t<div>\n\t\t\t<div id=\"floatingBarsG\">\n\t\t\t\t<div class=\"blockG\" id=\"rotateG_01\"><\/div>\n\t\t\t\t<div class=\"blockG\" id=\"rotateG_02\"><\/div>\n\t\t\t\t<div class=\"blockG\" id=\"rotateG_03\"><\/div>\n\t\t\t\t<div class=\"blockG\" id=\"rotateG_04\"><\/div>\n\t\t\t\t<div class=\"blockG\" id=\"rotateG_05\"><\/div>\n\t\t\t\t<div class=\"blockG\" id=\"rotateG_06\"><\/div>\n\t\t\t\t<div class=\"blockG\" id=\"rotateG_07\"><\/div>\n\t\t\t\t<div class=\"blockG\" id=\"rotateG_08\"><\/div>\n\t\t\t<\/div>\n\t\t\t<div class=\"WooZone-cross-sell-loader-text\"><\/div>\n\t\t<\/div>\n\t<\/div>\n\n\t\t\n<\/div>\n<div style=\"clear:both;\"><\/div><\/p>\n","protected":false},"excerpt":{"rendered":"<p>Gestrickt in \u00d6sterreich &#8211; Die Unterhose besteht aus schnell trocknendem, elastischem und geruchsneutralem transtex-warm Material<br \/>\nTRANSTEX-WARM &#8211; Zweischichtige Thermounterw\u00e4sche, innen Polypropylen, au\u00dfen Baumwolle\/Modal<br \/>\n56% Polypropylen, 21% Modal, 20% Baumwolle, 3% Elasthan<\/p>\n","protected":false},"featured_media":12161,"comment_status":"open","ping_status":"closed","template":"","meta":[],"product_cat":[118,1082],"product_tag":[],"yoast_head":"<!-- This site is optimized with the Yoast SEO plugin v20.6 - https:\/\/yoast.com\/wordpress\/plugins\/seo\/ -->\n<title>L\u00f6ffler Herren Unterhose HR 3\/4 Transtex Warm - FamilienMode<\/title>\n<meta name=\"robots\" content=\"index, follow, max-snippet:-1, max-image-preview:large, max-video-preview:-1\" \/>\n<link rel=\"canonical\" href=\"https:\/\/bekleidungscenter.com\/?product=loeffler-herren-unterhose-hr-3-4-transtex-warm\" \/>\n<meta property=\"og:locale\" content=\"de_DE\" \/>\n<meta property=\"og:type\" content=\"article\" \/>\n<meta property=\"og:title\" content=\"L\u00f6ffler Herren Unterhose HR 3\/4 Transtex Warm - FamilienMode\" \/>\n<meta property=\"og:description\" content=\"Gestrickt in \u00d6sterreich - Die Unterhose besteht aus schnell trocknendem, elastischem und geruchsneutralem transtex-warm Material TRANSTEX-WARM - Zweischichtige Thermounterw\u00e4sche, innen Polypropylen, au\u00dfen Baumwolle\/Modal 56% Polypropylen, 21% Modal, 20% Baumwolle, 3% Elasthan\" \/>\n<meta property=\"og:url\" content=\"https:\/\/bekleidungscenter.com\/?product=loeffler-herren-unterhose-hr-3-4-transtex-warm\" \/>\n<meta property=\"og:site_name\" content=\"FamilienMode\" \/>\n<meta property=\"article:modified_time\" content=\"2023-04-07T22:29:07+00:00\" \/>\n<meta property=\"og:image\" content=\"https:\/\/images-na.ssl-images-amazon.com\/images\/I\/31LqiV9TcfL.jpg\" \/>\n\t<meta property=\"og:image:width\" content=\"500\" \/>\n\t<meta property=\"og:image:height\" content=\"500\" \/>\n\t<meta property=\"og:image:type\" content=\"image\/jpeg\" \/>\n<meta name=\"twitter:card\" content=\"summary_large_image\" \/>\n<meta name=\"twitter:label1\" content=\"Gesch\u00e4tzte Lesezeit\" \/>\n\t<meta name=\"twitter:data1\" content=\"1\u00a0Minute\" \/>\n<script type=\"application\/ld+json\" class=\"yoast-schema-graph\">{\"@context\":\"https:\/\/schema.org\",\"@graph\":[{\"@type\":\"WebPage\",\"@id\":\"https:\/\/bekleidungscenter.com\/?product=loeffler-herren-unterhose-hr-3-4-transtex-warm\",\"url\":\"https:\/\/bekleidungscenter.com\/?product=loeffler-herren-unterhose-hr-3-4-transtex-warm\",\"name\":\"L\u00f6ffler Herren Unterhose HR 3\/4 Transtex Warm - FamilienMode\",\"isPartOf\":{\"@id\":\"https:\/\/bekleidungscenter.com\/#website\"},\"datePublished\":\"2021-01-04T05:55:31+00:00\",\"dateModified\":\"2023-04-07T22:29:07+00:00\",\"breadcrumb\":{\"@id\":\"https:\/\/bekleidungscenter.com\/?product=loeffler-herren-unterhose-hr-3-4-transtex-warm#breadcrumb\"},\"inLanguage\":\"de\",\"potentialAction\":[{\"@type\":\"ReadAction\",\"target\":[\"https:\/\/bekleidungscenter.com\/?product=loeffler-herren-unterhose-hr-3-4-transtex-warm\"]}]},{\"@type\":\"BreadcrumbList\",\"@id\":\"https:\/\/bekleidungscenter.com\/?product=loeffler-herren-unterhose-hr-3-4-transtex-warm#breadcrumb\",\"itemListElement\":[{\"@type\":\"ListItem\",\"position\":1,\"name\":\"Home\",\"item\":\"https:\/\/bekleidungscenter.com\/\"},{\"@type\":\"ListItem\",\"position\":2,\"name\":\"Shop\",\"item\":\"https:\/\/bekleidungscenter.com\/?page_id=7\"},{\"@type\":\"ListItem\",\"position\":3,\"name\":\"L\u00f6ffler Herren Unterhose HR 3\/4 Transtex Warm\"}]},{\"@type\":\"WebSite\",\"@id\":\"https:\/\/bekleidungscenter.com\/#website\",\"url\":\"https:\/\/bekleidungscenter.com\/\",\"name\":\"FamilienMode\",\"description\":\"Alles f\u00fcr die ganze Familie\",\"potentialAction\":[{\"@type\":\"SearchAction\",\"target\":{\"@type\":\"EntryPoint\",\"urlTemplate\":\"https:\/\/bekleidungscenter.com\/?s={search_term_string}\"},\"query-input\":\"required name=search_term_string\"}],\"inLanguage\":\"de\"}]}<\/script>\n<!-- \/ Yoast SEO plugin. -->","yoast_head_json":{"title":"L\u00f6ffler Herren Unterhose HR 3\/4 Transtex Warm - FamilienMode","robots":{"index":"index","follow":"follow","max-snippet":"max-snippet:-1","max-image-preview":"max-image-preview:large","max-video-preview":"max-video-preview:-1"},"canonical":"https:\/\/bekleidungscenter.com\/?product=loeffler-herren-unterhose-hr-3-4-transtex-warm","og_locale":"de_DE","og_type":"article","og_title":"L\u00f6ffler Herren Unterhose HR 3\/4 Transtex Warm - FamilienMode","og_description":"Gestrickt in \u00d6sterreich - Die Unterhose besteht aus schnell trocknendem, elastischem und geruchsneutralem transtex-warm Material TRANSTEX-WARM - Zweischichtige Thermounterw\u00e4sche, innen Polypropylen, au\u00dfen Baumwolle\/Modal 56% Polypropylen, 21% Modal, 20% Baumwolle, 3% Elasthan","og_url":"https:\/\/bekleidungscenter.com\/?product=loeffler-herren-unterhose-hr-3-4-transtex-warm","og_site_name":"FamilienMode","article_modified_time":"2023-04-07T22:29:07+00:00","og_image":[{"width":500,"height":500,"url":"https:\/\/images-na.ssl-images-amazon.com\/images\/I\/31LqiV9TcfL.jpg","type":"image\/jpeg"}],"twitter_card":"summary_large_image","twitter_misc":{"Gesch\u00e4tzte Lesezeit":"1\u00a0Minute"},"schema":{"@context":"https:\/\/schema.org","@graph":[{"@type":"WebPage","@id":"https:\/\/bekleidungscenter.com\/?product=loeffler-herren-unterhose-hr-3-4-transtex-warm","url":"https:\/\/bekleidungscenter.com\/?product=loeffler-herren-unterhose-hr-3-4-transtex-warm","name":"L\u00f6ffler Herren Unterhose HR 3\/4 Transtex Warm - FamilienMode","isPartOf":{"@id":"https:\/\/bekleidungscenter.com\/#website"},"datePublished":"2021-01-04T05:55:31+00:00","dateModified":"2023-04-07T22:29:07+00:00","breadcrumb":{"@id":"https:\/\/bekleidungscenter.com\/?product=loeffler-herren-unterhose-hr-3-4-transtex-warm#breadcrumb"},"inLanguage":"de","potentialAction":[{"@type":"ReadAction","target":["https:\/\/bekleidungscenter.com\/?product=loeffler-herren-unterhose-hr-3-4-transtex-warm"]}]},{"@type":"BreadcrumbList","@id":"https:\/\/bekleidungscenter.com\/?product=loeffler-herren-unterhose-hr-3-4-transtex-warm#breadcrumb","itemListElement":[{"@type":"ListItem","position":1,"name":"Home","item":"https:\/\/bekleidungscenter.com\/"},{"@type":"ListItem","position":2,"name":"Shop","item":"https:\/\/bekleidungscenter.com\/?page_id=7"},{"@type":"ListItem","position":3,"name":"L\u00f6ffler Herren Unterhose HR 3\/4 Transtex Warm"}]},{"@type":"WebSite","@id":"https:\/\/bekleidungscenter.com\/#website","url":"https:\/\/bekleidungscenter.com\/","name":"FamilienMode","description":"Alles f\u00fcr die ganze Familie","potentialAction":[{"@type":"SearchAction","target":{"@type":"EntryPoint","urlTemplate":"https:\/\/bekleidungscenter.com\/?s={search_term_string}"},"query-input":"required name=search_term_string"}],"inLanguage":"de"}]}},"_links":{"self":[{"href":"https:\/\/bekleidungscenter.com\/index.php?rest_route=\/wp\/v2\/product\/12160"}],"collection":[{"href":"https:\/\/bekleidungscenter.com\/index.php?rest_route=\/wp\/v2\/product"}],"about":[{"href":"https:\/\/bekleidungscenter.com\/index.php?rest_route=\/wp\/v2\/types\/product"}],"replies":[{"embeddable":true,"href":"https:\/\/bekleidungscenter.com\/index.php?rest_route=%2Fwp%2Fv2%2Fcomments&post=12160"}],"wp:featuredmedia":[{"embeddable":true,"href":"https:\/\/bekleidungscenter.com\/index.php?rest_route=\/wp\/v2\/media\/12161"}],"wp:attachment":[{"href":"https:\/\/bekleidungscenter.com\/index.php?rest_route=%2Fwp%2Fv2%2Fmedia&parent=12160"}],"wp:term":[{"taxonomy":"product_cat","embeddable":true,"href":"https:\/\/bekleidungscenter.com\/index.php?rest_route=%2Fwp%2Fv2%2Fproduct_cat&post=12160"},{"taxonomy":"product_tag","embeddable":true,"href":"https:\/\/bekleidungscenter.com\/index.php?rest_route=%2Fwp%2Fv2%2Fproduct_tag&post=12160"}],"curies":[{"name":"wp","href":"https:\/\/api.w.org\/{rel}","templated":true}]}}