{"id":12210,"date":"2021-01-04T05:56:00","date_gmt":"2021-01-04T05:56:00","guid":{"rendered":"http:\/\/bekleidungscenter.com\/?product=moderne-klassische-boxershorts-unterwaesche-2er-pack-schwarz-18201912"},"modified":"2023-04-10T22:49:48","modified_gmt":"2023-04-10T22:49:48","slug":"moderne-klassische-boxershorts-unterwaesche-2er-pack-schwarz-18201912","status":"publish","type":"product","link":"https:\/\/bekleidungscenter.com\/?product=moderne-klassische-boxershorts-unterwaesche-2er-pack-schwarz-18201912","title":{"rendered":"Jockey\u00ae Herren, Modern Classic Boxer Trunk 2er-Pack, 18501912"},"content":{"rendered":"<p><!-- show up to 2 reviews by default --> <\/p>\n<p>Doppelpack von Jockey Maxipant in schwarz in gro\u00dfen Gr\u00f6\u00dfen, bis 12\/6XL. Diese Unterhose hat keine Seitenn\u00e4hte, was zu einem perfekten Tragekomfort f\u00fchrt. Die Pants sind durch einem elastischen Stretch-Pakt ausgestattet. Das Material ist S\u00e4mtliche 100% Baumwolle, getestet ferner nach \u00d6ko-Tex Standard 100 zertifiziert. Die g\u00fcnstige ferner bequeme Hosen haben eine klassische ferner zeitlose Gef\u00fcge. Die Boxershorts sind sonderlich pflegeleicht ferner bis 60\u00b0C Waschmaschinen qualifiziert. <\/p>\n<p>S\u00e4mtliche 100% fein gek\u00e4mmter Baumwolle<br \/>\nWeicher, elastischer Pakt durch Jockey-Logo<br \/>\nVerschluss: Elastischer Pakt<br \/>\n100% Baumwolle<br \/>\nPflegehinweis: 60 feiner Unterschied<br \/>\nModellnummer: 18201912<br \/>\nFertig durch flache N\u00e4hte statt dessen optimalen Komfort<br \/>\nModerne Boxershorts Trunk durch Kn\u00f6pfen<br \/>\n2er Mob statt dessen Mehrwert<br \/>\n<div class=\"main-cross-sell\" data-asin=\"B0071LK5P6\">\n\n\t<div class=\"WooZone-cross-sell-loader\">\n\t\t<div>\n\t\t\t<div id=\"floatingBarsG\">\n\t\t\t\t<div class=\"blockG\" id=\"rotateG_01\"><\/div>\n\t\t\t\t<div class=\"blockG\" id=\"rotateG_02\"><\/div>\n\t\t\t\t<div class=\"blockG\" id=\"rotateG_03\"><\/div>\n\t\t\t\t<div class=\"blockG\" id=\"rotateG_04\"><\/div>\n\t\t\t\t<div class=\"blockG\" id=\"rotateG_05\"><\/div>\n\t\t\t\t<div class=\"blockG\" id=\"rotateG_06\"><\/div>\n\t\t\t\t<div class=\"blockG\" id=\"rotateG_07\"><\/div>\n\t\t\t\t<div class=\"blockG\" id=\"rotateG_08\"><\/div>\n\t\t\t<\/div>\n\t\t\t<div class=\"WooZone-cross-sell-loader-text\"><\/div>\n\t\t<\/div>\n\t<\/div>\n\n\t\t\n<\/div>\n<div style=\"clear:both;\"><\/div><\/p>\n","protected":false},"excerpt":{"rendered":"<p>Aus 100% fein gek\u00e4mmter Baumwolle<br \/>\nWeicher, elastischer Bund mit Jockey-Logo<br \/>\nVerschluss: Elastischer Bund<\/p>\n","protected":false},"featured_media":12212,"comment_status":"open","ping_status":"closed","template":"","meta":[],"product_cat":[118,1082],"product_tag":[],"yoast_head":"<!-- This site is optimized with the Yoast SEO plugin v20.6 - https:\/\/yoast.com\/wordpress\/plugins\/seo\/ -->\n<title>Jockey\u00ae Herren, Modern Classic Boxer Trunk 2er-Pack, 18501912 - FamilienMode<\/title>\n<meta name=\"robots\" content=\"index, follow, max-snippet:-1, max-image-preview:large, max-video-preview:-1\" \/>\n<link rel=\"canonical\" href=\"https:\/\/bekleidungscenter.com\/?product=moderne-klassische-boxershorts-unterwaesche-2er-pack-schwarz-18201912\" \/>\n<meta property=\"og:locale\" content=\"de_DE\" \/>\n<meta property=\"og:type\" content=\"article\" \/>\n<meta property=\"og:title\" content=\"Jockey\u00ae Herren, Modern Classic Boxer Trunk 2er-Pack, 18501912 - FamilienMode\" \/>\n<meta property=\"og:description\" content=\"Aus 100% fein gek\u00e4mmter Baumwolle Weicher, elastischer Bund mit Jockey-Logo Verschluss: Elastischer Bund\" \/>\n<meta property=\"og:url\" content=\"https:\/\/bekleidungscenter.com\/?product=moderne-klassische-boxershorts-unterwaesche-2er-pack-schwarz-18201912\" \/>\n<meta property=\"og:site_name\" content=\"FamilienMode\" \/>\n<meta property=\"article:modified_time\" content=\"2023-04-10T22:49:48+00:00\" \/>\n<meta property=\"og:image\" content=\"https:\/\/images-na.ssl-images-amazon.com\/images\/I\/31GGtLCTpOL.jpg\" \/>\n\t<meta property=\"og:image:width\" content=\"500\" \/>\n\t<meta property=\"og:image:height\" content=\"500\" \/>\n\t<meta property=\"og:image:type\" content=\"image\/jpeg\" \/>\n<meta name=\"twitter:card\" content=\"summary_large_image\" \/>\n<meta name=\"twitter:label1\" content=\"Gesch\u00e4tzte Lesezeit\" \/>\n\t<meta name=\"twitter:data1\" content=\"1\u00a0Minute\" \/>\n<script type=\"application\/ld+json\" class=\"yoast-schema-graph\">{\"@context\":\"https:\/\/schema.org\",\"@graph\":[{\"@type\":\"WebPage\",\"@id\":\"https:\/\/bekleidungscenter.com\/?product=moderne-klassische-boxershorts-unterwaesche-2er-pack-schwarz-18201912\",\"url\":\"https:\/\/bekleidungscenter.com\/?product=moderne-klassische-boxershorts-unterwaesche-2er-pack-schwarz-18201912\",\"name\":\"Jockey\u00ae Herren, Modern Classic Boxer Trunk 2er-Pack, 18501912 - FamilienMode\",\"isPartOf\":{\"@id\":\"https:\/\/bekleidungscenter.com\/#website\"},\"datePublished\":\"2021-01-04T05:56:00+00:00\",\"dateModified\":\"2023-04-10T22:49:48+00:00\",\"breadcrumb\":{\"@id\":\"https:\/\/bekleidungscenter.com\/?product=moderne-klassische-boxershorts-unterwaesche-2er-pack-schwarz-18201912#breadcrumb\"},\"inLanguage\":\"de\",\"potentialAction\":[{\"@type\":\"ReadAction\",\"target\":[\"https:\/\/bekleidungscenter.com\/?product=moderne-klassische-boxershorts-unterwaesche-2er-pack-schwarz-18201912\"]}]},{\"@type\":\"BreadcrumbList\",\"@id\":\"https:\/\/bekleidungscenter.com\/?product=moderne-klassische-boxershorts-unterwaesche-2er-pack-schwarz-18201912#breadcrumb\",\"itemListElement\":[{\"@type\":\"ListItem\",\"position\":1,\"name\":\"Home\",\"item\":\"https:\/\/bekleidungscenter.com\/\"},{\"@type\":\"ListItem\",\"position\":2,\"name\":\"Shop\",\"item\":\"https:\/\/bekleidungscenter.com\/?page_id=7\"},{\"@type\":\"ListItem\",\"position\":3,\"name\":\"Jockey\u00ae Herren, Modern Classic Boxer Trunk 2er-Pack, 18501912\"}]},{\"@type\":\"WebSite\",\"@id\":\"https:\/\/bekleidungscenter.com\/#website\",\"url\":\"https:\/\/bekleidungscenter.com\/\",\"name\":\"FamilienMode\",\"description\":\"Alles f\u00fcr die ganze Familie\",\"potentialAction\":[{\"@type\":\"SearchAction\",\"target\":{\"@type\":\"EntryPoint\",\"urlTemplate\":\"https:\/\/bekleidungscenter.com\/?s={search_term_string}\"},\"query-input\":\"required name=search_term_string\"}],\"inLanguage\":\"de\"}]}<\/script>\n<!-- \/ Yoast SEO plugin. -->","yoast_head_json":{"title":"Jockey\u00ae Herren, Modern Classic Boxer Trunk 2er-Pack, 18501912 - FamilienMode","robots":{"index":"index","follow":"follow","max-snippet":"max-snippet:-1","max-image-preview":"max-image-preview:large","max-video-preview":"max-video-preview:-1"},"canonical":"https:\/\/bekleidungscenter.com\/?product=moderne-klassische-boxershorts-unterwaesche-2er-pack-schwarz-18201912","og_locale":"de_DE","og_type":"article","og_title":"Jockey\u00ae Herren, Modern Classic Boxer Trunk 2er-Pack, 18501912 - FamilienMode","og_description":"Aus 100% fein gek\u00e4mmter Baumwolle Weicher, elastischer Bund mit Jockey-Logo Verschluss: Elastischer Bund","og_url":"https:\/\/bekleidungscenter.com\/?product=moderne-klassische-boxershorts-unterwaesche-2er-pack-schwarz-18201912","og_site_name":"FamilienMode","article_modified_time":"2023-04-10T22:49:48+00:00","og_image":[{"width":500,"height":500,"url":"https:\/\/images-na.ssl-images-amazon.com\/images\/I\/31GGtLCTpOL.jpg","type":"image\/jpeg"}],"twitter_card":"summary_large_image","twitter_misc":{"Gesch\u00e4tzte Lesezeit":"1\u00a0Minute"},"schema":{"@context":"https:\/\/schema.org","@graph":[{"@type":"WebPage","@id":"https:\/\/bekleidungscenter.com\/?product=moderne-klassische-boxershorts-unterwaesche-2er-pack-schwarz-18201912","url":"https:\/\/bekleidungscenter.com\/?product=moderne-klassische-boxershorts-unterwaesche-2er-pack-schwarz-18201912","name":"Jockey\u00ae Herren, Modern Classic Boxer Trunk 2er-Pack, 18501912 - FamilienMode","isPartOf":{"@id":"https:\/\/bekleidungscenter.com\/#website"},"datePublished":"2021-01-04T05:56:00+00:00","dateModified":"2023-04-10T22:49:48+00:00","breadcrumb":{"@id":"https:\/\/bekleidungscenter.com\/?product=moderne-klassische-boxershorts-unterwaesche-2er-pack-schwarz-18201912#breadcrumb"},"inLanguage":"de","potentialAction":[{"@type":"ReadAction","target":["https:\/\/bekleidungscenter.com\/?product=moderne-klassische-boxershorts-unterwaesche-2er-pack-schwarz-18201912"]}]},{"@type":"BreadcrumbList","@id":"https:\/\/bekleidungscenter.com\/?product=moderne-klassische-boxershorts-unterwaesche-2er-pack-schwarz-18201912#breadcrumb","itemListElement":[{"@type":"ListItem","position":1,"name":"Home","item":"https:\/\/bekleidungscenter.com\/"},{"@type":"ListItem","position":2,"name":"Shop","item":"https:\/\/bekleidungscenter.com\/?page_id=7"},{"@type":"ListItem","position":3,"name":"Jockey\u00ae Herren, Modern Classic Boxer Trunk 2er-Pack, 18501912"}]},{"@type":"WebSite","@id":"https:\/\/bekleidungscenter.com\/#website","url":"https:\/\/bekleidungscenter.com\/","name":"FamilienMode","description":"Alles f\u00fcr die ganze Familie","potentialAction":[{"@type":"SearchAction","target":{"@type":"EntryPoint","urlTemplate":"https:\/\/bekleidungscenter.com\/?s={search_term_string}"},"query-input":"required name=search_term_string"}],"inLanguage":"de"}]}},"_links":{"self":[{"href":"https:\/\/bekleidungscenter.com\/index.php?rest_route=\/wp\/v2\/product\/12210"}],"collection":[{"href":"https:\/\/bekleidungscenter.com\/index.php?rest_route=\/wp\/v2\/product"}],"about":[{"href":"https:\/\/bekleidungscenter.com\/index.php?rest_route=\/wp\/v2\/types\/product"}],"replies":[{"embeddable":true,"href":"https:\/\/bekleidungscenter.com\/index.php?rest_route=%2Fwp%2Fv2%2Fcomments&post=12210"}],"wp:featuredmedia":[{"embeddable":true,"href":"https:\/\/bekleidungscenter.com\/index.php?rest_route=\/wp\/v2\/media\/12212"}],"wp:attachment":[{"href":"https:\/\/bekleidungscenter.com\/index.php?rest_route=%2Fwp%2Fv2%2Fmedia&parent=12210"}],"wp:term":[{"taxonomy":"product_cat","embeddable":true,"href":"https:\/\/bekleidungscenter.com\/index.php?rest_route=%2Fwp%2Fv2%2Fproduct_cat&post=12210"},{"taxonomy":"product_tag","embeddable":true,"href":"https:\/\/bekleidungscenter.com\/index.php?rest_route=%2Fwp%2Fv2%2Fproduct_tag&post=12210"}],"curies":[{"name":"wp","href":"https:\/\/api.w.org\/{rel}","templated":true}]}}