{"id":12223,"date":"2021-01-04T05:56:07","date_gmt":"2021-01-04T05:56:07","guid":{"rendered":"http:\/\/bekleidungscenter.com\/?product=manstore-2-06168-pushup-pant-m101-fuer-maenner"},"modified":"2023-04-10T22:49:48","modified_gmt":"2023-04-10T22:49:48","slug":"manstore-2-06168-pushup-pant-m101-fuer-maenner","status":"publish","type":"product","link":"https:\/\/bekleidungscenter.com\/?product=manstore-2-06168-pushup-pant-m101-fuer-maenner","title":{"rendered":"MANSTORE 2-06168 Pushup-Pant M101 f\u00fcr M\u00e4nner"},"content":{"rendered":"<p><!-- show up to 2 reviews by default --> <\/p>\n<p><b>Manstore Hysterie Pushup-Pant<\/b><\/p>\n<p>Der Stoff ist hauchd\u00fcnn, hochelastisch, leicht transparent, supersensitiv und massiv anschmiegsam.<br \/>Das sind ideale Zutaten statt eine Sexy Sequenz, die es in sich hat.<br \/>Hier sind die exzentrischsten Manstore Schnitte, Arrangieren und Funktionen versammelt.<\/p>\n<p>Jocks, Strings und Pants&#8230; teils mit Lasso- oder Bungee Ebenbild, teils mit Push-Up Ausstattung oder anderen kaprizi\u00f6sen Details.<\/p>\n<p>Gr\u00f6\u00dfentabelle:<br \/>S entspricht Gr\u00f6\u00dfe 4<br \/>M entspricht Gr\u00f6\u00dfe 5<br \/>L entspricht Gr\u00f6\u00dfe 6<br \/>XL entspricht Gr\u00f6\u00dfe 7<br \/>XXL entspricht Gr\u00f6\u00dfe 8 <\/p>\n<p>Fingerzeig: Knappe anliegende Schnittf\u00fchrung. Sollten Sie es etwas legerer und bequemer bevorzugen, zu verstehen geben wir eine Nummer gr\u00f6\u00dfer zu abonnieren.<br \/>\nMaterial: 80% Polyamid, 20% Elasthan<br \/>\n80% Polyamid, 20% Elasthan<br \/>\nPflegehinweis: waschbar angrenzend 30 Ma\u00df<br \/>\nModellnummer: 2-06168<br \/>\nPflegehinweis: Maschinenw\u00e4sche, keine Reinigung<br \/>\n<div class=\"main-cross-sell\" data-asin=\"B000UTJ3K4\">\n\n\t<div class=\"WooZone-cross-sell-loader\">\n\t\t<div>\n\t\t\t<div id=\"floatingBarsG\">\n\t\t\t\t<div class=\"blockG\" id=\"rotateG_01\"><\/div>\n\t\t\t\t<div class=\"blockG\" id=\"rotateG_02\"><\/div>\n\t\t\t\t<div class=\"blockG\" id=\"rotateG_03\"><\/div>\n\t\t\t\t<div class=\"blockG\" id=\"rotateG_04\"><\/div>\n\t\t\t\t<div class=\"blockG\" id=\"rotateG_05\"><\/div>\n\t\t\t\t<div class=\"blockG\" id=\"rotateG_06\"><\/div>\n\t\t\t\t<div class=\"blockG\" id=\"rotateG_07\"><\/div>\n\t\t\t\t<div class=\"blockG\" id=\"rotateG_08\"><\/div>\n\t\t\t<\/div>\n\t\t\t<div class=\"WooZone-cross-sell-loader-text\"><\/div>\n\t\t<\/div>\n\t<\/div>\n\n\t\t\n<\/div>\n<div style=\"clear:both;\"><\/div><\/p>\n","protected":false},"excerpt":{"rendered":"<p>Hinweis: Knappe anliegende Schnittf\u00fchrung. Sollten Sie es etwas legerer und bequemer bevorzugen, empfehlen wir eine Nummer gr\u00f6\u00dfer zu bestellen.<br \/>\nMaterial: 80% Polyamid, 20% Elasthan<br \/>\n80% Polyamid, 20% Elasthan<\/p>\n","protected":false},"featured_media":12224,"comment_status":"open","ping_status":"closed","template":"","meta":[],"product_cat":[118,1082],"product_tag":[],"yoast_head":"<!-- This site is optimized with the Yoast SEO plugin v20.6 - https:\/\/yoast.com\/wordpress\/plugins\/seo\/ -->\n<title>MANSTORE 2-06168 Pushup-Pant M101 f\u00fcr M\u00e4nner - FamilienMode<\/title>\n<meta name=\"robots\" content=\"index, follow, max-snippet:-1, max-image-preview:large, max-video-preview:-1\" \/>\n<link rel=\"canonical\" href=\"https:\/\/bekleidungscenter.com\/?product=manstore-2-06168-pushup-pant-m101-fuer-maenner\" \/>\n<meta property=\"og:locale\" content=\"de_DE\" \/>\n<meta property=\"og:type\" content=\"article\" \/>\n<meta property=\"og:title\" content=\"MANSTORE 2-06168 Pushup-Pant M101 f\u00fcr M\u00e4nner - FamilienMode\" \/>\n<meta property=\"og:description\" content=\"Hinweis: Knappe anliegende Schnittf\u00fchrung. Sollten Sie es etwas legerer und bequemer bevorzugen, empfehlen wir eine Nummer gr\u00f6\u00dfer zu bestellen. Material: 80% Polyamid, 20% Elasthan 80% Polyamid, 20% Elasthan\" \/>\n<meta property=\"og:url\" content=\"https:\/\/bekleidungscenter.com\/?product=manstore-2-06168-pushup-pant-m101-fuer-maenner\" \/>\n<meta property=\"og:site_name\" content=\"FamilienMode\" \/>\n<meta property=\"article:modified_time\" content=\"2023-04-10T22:49:48+00:00\" \/>\n<meta property=\"og:image\" content=\"https:\/\/images-na.ssl-images-amazon.com\/images\/I\/41jtkwjaOCL.jpg\" \/>\n\t<meta property=\"og:image:width\" content=\"500\" \/>\n\t<meta property=\"og:image:height\" content=\"500\" \/>\n\t<meta property=\"og:image:type\" content=\"image\/jpeg\" \/>\n<meta name=\"twitter:card\" content=\"summary_large_image\" \/>\n<meta name=\"twitter:label1\" content=\"Gesch\u00e4tzte Lesezeit\" \/>\n\t<meta name=\"twitter:data1\" content=\"1\u00a0Minute\" \/>\n<script type=\"application\/ld+json\" class=\"yoast-schema-graph\">{\"@context\":\"https:\/\/schema.org\",\"@graph\":[{\"@type\":\"WebPage\",\"@id\":\"https:\/\/bekleidungscenter.com\/?product=manstore-2-06168-pushup-pant-m101-fuer-maenner\",\"url\":\"https:\/\/bekleidungscenter.com\/?product=manstore-2-06168-pushup-pant-m101-fuer-maenner\",\"name\":\"MANSTORE 2-06168 Pushup-Pant M101 f\u00fcr M\u00e4nner - FamilienMode\",\"isPartOf\":{\"@id\":\"https:\/\/bekleidungscenter.com\/#website\"},\"datePublished\":\"2021-01-04T05:56:07+00:00\",\"dateModified\":\"2023-04-10T22:49:48+00:00\",\"breadcrumb\":{\"@id\":\"https:\/\/bekleidungscenter.com\/?product=manstore-2-06168-pushup-pant-m101-fuer-maenner#breadcrumb\"},\"inLanguage\":\"de\",\"potentialAction\":[{\"@type\":\"ReadAction\",\"target\":[\"https:\/\/bekleidungscenter.com\/?product=manstore-2-06168-pushup-pant-m101-fuer-maenner\"]}]},{\"@type\":\"BreadcrumbList\",\"@id\":\"https:\/\/bekleidungscenter.com\/?product=manstore-2-06168-pushup-pant-m101-fuer-maenner#breadcrumb\",\"itemListElement\":[{\"@type\":\"ListItem\",\"position\":1,\"name\":\"Home\",\"item\":\"https:\/\/bekleidungscenter.com\/\"},{\"@type\":\"ListItem\",\"position\":2,\"name\":\"Shop\",\"item\":\"https:\/\/bekleidungscenter.com\/?page_id=7\"},{\"@type\":\"ListItem\",\"position\":3,\"name\":\"MANSTORE 2-06168 Pushup-Pant M101 f\u00fcr M\u00e4nner\"}]},{\"@type\":\"WebSite\",\"@id\":\"https:\/\/bekleidungscenter.com\/#website\",\"url\":\"https:\/\/bekleidungscenter.com\/\",\"name\":\"FamilienMode\",\"description\":\"Alles f\u00fcr die ganze Familie\",\"potentialAction\":[{\"@type\":\"SearchAction\",\"target\":{\"@type\":\"EntryPoint\",\"urlTemplate\":\"https:\/\/bekleidungscenter.com\/?s={search_term_string}\"},\"query-input\":\"required name=search_term_string\"}],\"inLanguage\":\"de\"}]}<\/script>\n<!-- \/ Yoast SEO plugin. -->","yoast_head_json":{"title":"MANSTORE 2-06168 Pushup-Pant M101 f\u00fcr M\u00e4nner - FamilienMode","robots":{"index":"index","follow":"follow","max-snippet":"max-snippet:-1","max-image-preview":"max-image-preview:large","max-video-preview":"max-video-preview:-1"},"canonical":"https:\/\/bekleidungscenter.com\/?product=manstore-2-06168-pushup-pant-m101-fuer-maenner","og_locale":"de_DE","og_type":"article","og_title":"MANSTORE 2-06168 Pushup-Pant M101 f\u00fcr M\u00e4nner - FamilienMode","og_description":"Hinweis: Knappe anliegende Schnittf\u00fchrung. Sollten Sie es etwas legerer und bequemer bevorzugen, empfehlen wir eine Nummer gr\u00f6\u00dfer zu bestellen. Material: 80% Polyamid, 20% Elasthan 80% Polyamid, 20% Elasthan","og_url":"https:\/\/bekleidungscenter.com\/?product=manstore-2-06168-pushup-pant-m101-fuer-maenner","og_site_name":"FamilienMode","article_modified_time":"2023-04-10T22:49:48+00:00","og_image":[{"width":500,"height":500,"url":"https:\/\/images-na.ssl-images-amazon.com\/images\/I\/41jtkwjaOCL.jpg","type":"image\/jpeg"}],"twitter_card":"summary_large_image","twitter_misc":{"Gesch\u00e4tzte Lesezeit":"1\u00a0Minute"},"schema":{"@context":"https:\/\/schema.org","@graph":[{"@type":"WebPage","@id":"https:\/\/bekleidungscenter.com\/?product=manstore-2-06168-pushup-pant-m101-fuer-maenner","url":"https:\/\/bekleidungscenter.com\/?product=manstore-2-06168-pushup-pant-m101-fuer-maenner","name":"MANSTORE 2-06168 Pushup-Pant M101 f\u00fcr M\u00e4nner - FamilienMode","isPartOf":{"@id":"https:\/\/bekleidungscenter.com\/#website"},"datePublished":"2021-01-04T05:56:07+00:00","dateModified":"2023-04-10T22:49:48+00:00","breadcrumb":{"@id":"https:\/\/bekleidungscenter.com\/?product=manstore-2-06168-pushup-pant-m101-fuer-maenner#breadcrumb"},"inLanguage":"de","potentialAction":[{"@type":"ReadAction","target":["https:\/\/bekleidungscenter.com\/?product=manstore-2-06168-pushup-pant-m101-fuer-maenner"]}]},{"@type":"BreadcrumbList","@id":"https:\/\/bekleidungscenter.com\/?product=manstore-2-06168-pushup-pant-m101-fuer-maenner#breadcrumb","itemListElement":[{"@type":"ListItem","position":1,"name":"Home","item":"https:\/\/bekleidungscenter.com\/"},{"@type":"ListItem","position":2,"name":"Shop","item":"https:\/\/bekleidungscenter.com\/?page_id=7"},{"@type":"ListItem","position":3,"name":"MANSTORE 2-06168 Pushup-Pant M101 f\u00fcr M\u00e4nner"}]},{"@type":"WebSite","@id":"https:\/\/bekleidungscenter.com\/#website","url":"https:\/\/bekleidungscenter.com\/","name":"FamilienMode","description":"Alles f\u00fcr die ganze Familie","potentialAction":[{"@type":"SearchAction","target":{"@type":"EntryPoint","urlTemplate":"https:\/\/bekleidungscenter.com\/?s={search_term_string}"},"query-input":"required name=search_term_string"}],"inLanguage":"de"}]}},"_links":{"self":[{"href":"https:\/\/bekleidungscenter.com\/index.php?rest_route=\/wp\/v2\/product\/12223"}],"collection":[{"href":"https:\/\/bekleidungscenter.com\/index.php?rest_route=\/wp\/v2\/product"}],"about":[{"href":"https:\/\/bekleidungscenter.com\/index.php?rest_route=\/wp\/v2\/types\/product"}],"replies":[{"embeddable":true,"href":"https:\/\/bekleidungscenter.com\/index.php?rest_route=%2Fwp%2Fv2%2Fcomments&post=12223"}],"wp:featuredmedia":[{"embeddable":true,"href":"https:\/\/bekleidungscenter.com\/index.php?rest_route=\/wp\/v2\/media\/12224"}],"wp:attachment":[{"href":"https:\/\/bekleidungscenter.com\/index.php?rest_route=%2Fwp%2Fv2%2Fmedia&parent=12223"}],"wp:term":[{"taxonomy":"product_cat","embeddable":true,"href":"https:\/\/bekleidungscenter.com\/index.php?rest_route=%2Fwp%2Fv2%2Fproduct_cat&post=12223"},{"taxonomy":"product_tag","embeddable":true,"href":"https:\/\/bekleidungscenter.com\/index.php?rest_route=%2Fwp%2Fv2%2Fproduct_tag&post=12223"}],"curies":[{"name":"wp","href":"https:\/\/api.w.org\/{rel}","templated":true}]}}