{"id":12239,"date":"2021-01-04T05:56:15","date_gmt":"2021-01-04T05:56:15","guid":{"rendered":"http:\/\/bekleidungscenter.com\/?product=woolpower-damen-herren-funktionshose-long-johns-400"},"modified":"2023-04-10T22:49:49","modified_gmt":"2023-04-10T22:49:49","slug":"woolpower-damen-herren-funktionshose-long-johns-400","status":"publish","type":"product","link":"https:\/\/bekleidungscenter.com\/?product=woolpower-damen-herren-funktionshose-long-johns-400","title":{"rendered":"Woolpower Damen Herren Funktionshose Long Johns 400"},"content":{"rendered":"<p><!-- show up to 2 reviews by default --> <\/p>\n<p>Die Long Johns 400 wird im Rundstrickverfahren hergestellt, sodass keine L\u00e4ngsn\u00e4hte ben\u00f6tigt werden. Die Merinowolle bietet aufgrund ihrer krausen Struktur eine optimale W\u00e4rmeregulierung. Die Luft zwischen den Fasern verringert den W\u00e4rmeaustausch im Material und wirkt isolierend gegen eintretende K\u00e4lte.Woolpower 400Diese dickeren Kleidungsst\u00fccke sind qua mittlere Schicht konzipiert &#8211; zur Optimierung der W\u00e4rmeisolation zwischen der \u201ehautnahen Funktionsunterw\u00e4sche und der \u00e4u\u00dferen Schicht, die zum Abschirmung vor Wind und N\u00e4sse getragen wird. Sie kommt insbesondere bei niedrigeren Temperaturen oder ruhigeren Aktivit\u00e4ten zum Einsatz.Ullfrott\u00e9 OriginalEs handelt sich um eine gestrickte Frotteeware, wobei die eine Seite glatt gestrickt ist und die andere die Gesamtheit Frotteeschlingen besteht. Die luftigen Frotteeschlingen in Kombination mit der Kr\u00e4uselstruktur der Wolle bilden einen Trikotstrick, der besonders im \u00dcberfluss Luft bindet, wodurch das besonders gute Isolationsverm\u00f6gen entsteht. Je dicker die Luftschicht am K\u00f6rper, desto abz\u00fcglich K\u00f6rperw\u00e4rme kann entweichen. Typ: Unterhose lang Gr\u00f6\u00dfeninformation: Gr\u00f6\u00dfe f\u00e4llt durchschnittlich die Gesamtheit Passform: durchschnittlich geschnitten Details: &#8211; Ullfrott\u00e9 Original, 400 g\/m\u00b2 &#8211; Breiter Taillenbund &#8211; Beinabschl\u00fcsse mit eingestrickten B\u00fcndchen Material: 70 % Wolle, 28 % Polyamid, 2 % Elasthan Material Materialtyp: Merinowolle Ausstattung Kompression: nein Thermofunktion: ja Besonderheiten: antibakteriell Sitzpolster: nein Pflegehinweise B\u00fcgeln: nicht hei\u00df b\u00fcgeln, max. 110\u00b0C Sp\u00fclen: 60\u00b0C Normalwaschgang Bleichen: nicht bleichen Chemische Reinigung: normale Reinigung mit Perchlorethylen oder Alkan Trockenreiben: Schontrocknen <\/p>\n<p>Ullfrott\u00e9 Original, 400 g\/m\u00b2<br \/>\nbreiter Taillenbund<br \/>\n70% Wolle, 28% Polyamid und, 2% Elasthan<br \/>\nPflegehinweis: Maschinenw\u00e4sche bis 60\u00b0<br \/>\nBeinabschl\u00fcsse mit eingestrickten B\u00fcndchen<br \/>\n<div class=\"main-cross-sell\" data-asin=\"B07FCNZMRM\">\n\n\t<div class=\"WooZone-cross-sell-loader\">\n\t\t<div>\n\t\t\t<div id=\"floatingBarsG\">\n\t\t\t\t<div class=\"blockG\" id=\"rotateG_01\"><\/div>\n\t\t\t\t<div class=\"blockG\" id=\"rotateG_02\"><\/div>\n\t\t\t\t<div class=\"blockG\" id=\"rotateG_03\"><\/div>\n\t\t\t\t<div class=\"blockG\" id=\"rotateG_04\"><\/div>\n\t\t\t\t<div class=\"blockG\" id=\"rotateG_05\"><\/div>\n\t\t\t\t<div class=\"blockG\" id=\"rotateG_06\"><\/div>\n\t\t\t\t<div class=\"blockG\" id=\"rotateG_07\"><\/div>\n\t\t\t\t<div class=\"blockG\" id=\"rotateG_08\"><\/div>\n\t\t\t<\/div>\n\t\t\t<div class=\"WooZone-cross-sell-loader-text\"><\/div>\n\t\t<\/div>\n\t<\/div>\n\n\t\t\n<\/div>\n<div style=\"clear:both;\"><\/div><\/p>\n","protected":false},"excerpt":{"rendered":"<p>Ullfrott\u00e9 Original, 400 g\/m\u00b2<br \/>\nbreiter Taillenbund<br \/>\n70% Wolle, 28% Polyamid und, 2% Elasthan<\/p>\n","protected":false},"featured_media":12240,"comment_status":"open","ping_status":"closed","template":"","meta":[],"product_cat":[118,1082],"product_tag":[],"yoast_head":"<!-- This site is optimized with the Yoast SEO plugin v20.6 - https:\/\/yoast.com\/wordpress\/plugins\/seo\/ -->\n<title>Woolpower Damen Herren Funktionshose Long Johns 400 - FamilienMode<\/title>\n<meta name=\"robots\" content=\"index, follow, max-snippet:-1, max-image-preview:large, max-video-preview:-1\" \/>\n<link rel=\"canonical\" href=\"https:\/\/bekleidungscenter.com\/?product=woolpower-damen-herren-funktionshose-long-johns-400\" \/>\n<meta property=\"og:locale\" content=\"de_DE\" \/>\n<meta property=\"og:type\" content=\"article\" \/>\n<meta property=\"og:title\" content=\"Woolpower Damen Herren Funktionshose Long Johns 400 - FamilienMode\" \/>\n<meta property=\"og:description\" content=\"Ullfrott\u00e9 Original, 400 g\/m\u00b2 breiter Taillenbund 70% Wolle, 28% Polyamid und, 2% Elasthan\" \/>\n<meta property=\"og:url\" content=\"https:\/\/bekleidungscenter.com\/?product=woolpower-damen-herren-funktionshose-long-johns-400\" \/>\n<meta property=\"og:site_name\" content=\"FamilienMode\" \/>\n<meta property=\"article:modified_time\" content=\"2023-04-10T22:49:49+00:00\" \/>\n<meta property=\"og:image\" content=\"https:\/\/images-na.ssl-images-amazon.com\/images\/I\/31SWPaDC8yL.jpg\" \/>\n\t<meta property=\"og:image:width\" content=\"500\" \/>\n\t<meta property=\"og:image:height\" content=\"500\" \/>\n\t<meta property=\"og:image:type\" content=\"image\/jpeg\" \/>\n<meta name=\"twitter:card\" content=\"summary_large_image\" \/>\n<meta name=\"twitter:label1\" content=\"Gesch\u00e4tzte Lesezeit\" \/>\n\t<meta name=\"twitter:data1\" content=\"1\u00a0Minute\" \/>\n<script type=\"application\/ld+json\" class=\"yoast-schema-graph\">{\"@context\":\"https:\/\/schema.org\",\"@graph\":[{\"@type\":\"WebPage\",\"@id\":\"https:\/\/bekleidungscenter.com\/?product=woolpower-damen-herren-funktionshose-long-johns-400\",\"url\":\"https:\/\/bekleidungscenter.com\/?product=woolpower-damen-herren-funktionshose-long-johns-400\",\"name\":\"Woolpower Damen Herren Funktionshose Long Johns 400 - FamilienMode\",\"isPartOf\":{\"@id\":\"https:\/\/bekleidungscenter.com\/#website\"},\"datePublished\":\"2021-01-04T05:56:15+00:00\",\"dateModified\":\"2023-04-10T22:49:49+00:00\",\"breadcrumb\":{\"@id\":\"https:\/\/bekleidungscenter.com\/?product=woolpower-damen-herren-funktionshose-long-johns-400#breadcrumb\"},\"inLanguage\":\"de\",\"potentialAction\":[{\"@type\":\"ReadAction\",\"target\":[\"https:\/\/bekleidungscenter.com\/?product=woolpower-damen-herren-funktionshose-long-johns-400\"]}]},{\"@type\":\"BreadcrumbList\",\"@id\":\"https:\/\/bekleidungscenter.com\/?product=woolpower-damen-herren-funktionshose-long-johns-400#breadcrumb\",\"itemListElement\":[{\"@type\":\"ListItem\",\"position\":1,\"name\":\"Home\",\"item\":\"https:\/\/bekleidungscenter.com\/\"},{\"@type\":\"ListItem\",\"position\":2,\"name\":\"Shop\",\"item\":\"https:\/\/bekleidungscenter.com\/?page_id=7\"},{\"@type\":\"ListItem\",\"position\":3,\"name\":\"Woolpower Damen Herren Funktionshose Long Johns 400\"}]},{\"@type\":\"WebSite\",\"@id\":\"https:\/\/bekleidungscenter.com\/#website\",\"url\":\"https:\/\/bekleidungscenter.com\/\",\"name\":\"FamilienMode\",\"description\":\"Alles f\u00fcr die ganze Familie\",\"potentialAction\":[{\"@type\":\"SearchAction\",\"target\":{\"@type\":\"EntryPoint\",\"urlTemplate\":\"https:\/\/bekleidungscenter.com\/?s={search_term_string}\"},\"query-input\":\"required name=search_term_string\"}],\"inLanguage\":\"de\"}]}<\/script>\n<!-- \/ Yoast SEO plugin. -->","yoast_head_json":{"title":"Woolpower Damen Herren Funktionshose Long Johns 400 - FamilienMode","robots":{"index":"index","follow":"follow","max-snippet":"max-snippet:-1","max-image-preview":"max-image-preview:large","max-video-preview":"max-video-preview:-1"},"canonical":"https:\/\/bekleidungscenter.com\/?product=woolpower-damen-herren-funktionshose-long-johns-400","og_locale":"de_DE","og_type":"article","og_title":"Woolpower Damen Herren Funktionshose Long Johns 400 - FamilienMode","og_description":"Ullfrott\u00e9 Original, 400 g\/m\u00b2 breiter Taillenbund 70% Wolle, 28% Polyamid und, 2% Elasthan","og_url":"https:\/\/bekleidungscenter.com\/?product=woolpower-damen-herren-funktionshose-long-johns-400","og_site_name":"FamilienMode","article_modified_time":"2023-04-10T22:49:49+00:00","og_image":[{"width":500,"height":500,"url":"https:\/\/images-na.ssl-images-amazon.com\/images\/I\/31SWPaDC8yL.jpg","type":"image\/jpeg"}],"twitter_card":"summary_large_image","twitter_misc":{"Gesch\u00e4tzte Lesezeit":"1\u00a0Minute"},"schema":{"@context":"https:\/\/schema.org","@graph":[{"@type":"WebPage","@id":"https:\/\/bekleidungscenter.com\/?product=woolpower-damen-herren-funktionshose-long-johns-400","url":"https:\/\/bekleidungscenter.com\/?product=woolpower-damen-herren-funktionshose-long-johns-400","name":"Woolpower Damen Herren Funktionshose Long Johns 400 - FamilienMode","isPartOf":{"@id":"https:\/\/bekleidungscenter.com\/#website"},"datePublished":"2021-01-04T05:56:15+00:00","dateModified":"2023-04-10T22:49:49+00:00","breadcrumb":{"@id":"https:\/\/bekleidungscenter.com\/?product=woolpower-damen-herren-funktionshose-long-johns-400#breadcrumb"},"inLanguage":"de","potentialAction":[{"@type":"ReadAction","target":["https:\/\/bekleidungscenter.com\/?product=woolpower-damen-herren-funktionshose-long-johns-400"]}]},{"@type":"BreadcrumbList","@id":"https:\/\/bekleidungscenter.com\/?product=woolpower-damen-herren-funktionshose-long-johns-400#breadcrumb","itemListElement":[{"@type":"ListItem","position":1,"name":"Home","item":"https:\/\/bekleidungscenter.com\/"},{"@type":"ListItem","position":2,"name":"Shop","item":"https:\/\/bekleidungscenter.com\/?page_id=7"},{"@type":"ListItem","position":3,"name":"Woolpower Damen Herren Funktionshose Long Johns 400"}]},{"@type":"WebSite","@id":"https:\/\/bekleidungscenter.com\/#website","url":"https:\/\/bekleidungscenter.com\/","name":"FamilienMode","description":"Alles f\u00fcr die ganze Familie","potentialAction":[{"@type":"SearchAction","target":{"@type":"EntryPoint","urlTemplate":"https:\/\/bekleidungscenter.com\/?s={search_term_string}"},"query-input":"required name=search_term_string"}],"inLanguage":"de"}]}},"_links":{"self":[{"href":"https:\/\/bekleidungscenter.com\/index.php?rest_route=\/wp\/v2\/product\/12239"}],"collection":[{"href":"https:\/\/bekleidungscenter.com\/index.php?rest_route=\/wp\/v2\/product"}],"about":[{"href":"https:\/\/bekleidungscenter.com\/index.php?rest_route=\/wp\/v2\/types\/product"}],"replies":[{"embeddable":true,"href":"https:\/\/bekleidungscenter.com\/index.php?rest_route=%2Fwp%2Fv2%2Fcomments&post=12239"}],"wp:featuredmedia":[{"embeddable":true,"href":"https:\/\/bekleidungscenter.com\/index.php?rest_route=\/wp\/v2\/media\/12240"}],"wp:attachment":[{"href":"https:\/\/bekleidungscenter.com\/index.php?rest_route=%2Fwp%2Fv2%2Fmedia&parent=12239"}],"wp:term":[{"taxonomy":"product_cat","embeddable":true,"href":"https:\/\/bekleidungscenter.com\/index.php?rest_route=%2Fwp%2Fv2%2Fproduct_cat&post=12239"},{"taxonomy":"product_tag","embeddable":true,"href":"https:\/\/bekleidungscenter.com\/index.php?rest_route=%2Fwp%2Fv2%2Fproduct_tag&post=12239"}],"curies":[{"name":"wp","href":"https:\/\/api.w.org\/{rel}","templated":true}]}}