{"id":12300,"date":"2021-01-04T06:00:30","date_gmt":"2021-01-04T06:00:30","guid":{"rendered":"http:\/\/bekleidungscenter.com\/?product=minymo-maedchen-bluse"},"modified":"2023-04-10T22:49:50","modified_gmt":"2023-04-10T22:49:50","slug":"minymo-maedchen-bluse","status":"publish","type":"product","link":"https:\/\/bekleidungscenter.com\/?product=minymo-maedchen-bluse","title":{"rendered":"MINYMO M\u00e4dchen Bluse"},"content":{"rendered":"<p><!-- show up to 2 reviews by default --> <\/p>\n<p>Minymo &#8211; Frech, cool, modisch und zuallererst &#8211; funktionell. Tolle Blusen an Stelle M\u00e4dchen. Minymo ist praktische Kleidung an Stelle aufgebraucht Kinder, die ein aktives Leben mit Spa\u00df und Spiel administrieren. Die d\u00e4nische Modemarke an Stelle Kinder entwickelt sowohl modische Denn vulgo funktionelle Kindermode mit einem skandinavischen Look. <\/p>\n<p>Hochwertiges Baby M\u00e4dchen Langarm T-Shirt im 2er Mob, Denn Basis Kleidungsst\u00fcck oder bekannt in Schule oder auf dem Spielplatz<br \/>\nGem\u00fctliche Passform, Elastisches und atmungsaktives, weiches Material<br \/>\nKragenform: Rundhals<br \/>\nLangarm<br \/>\n95% Baumwolle, 5% Elasthan<br \/>\nPflegehinweis: Maschinenw\u00e4sche<br \/>\nModellnummer: 3935<br \/>\nHochwertige Transaktion: 95% Baumwolle \/ 5% Elasthan<br \/>\nLeichte Reinigung: Maschinenwaschbar angrenzend 40\u00b0C, Trocknergeeignet<br \/>\nLieferumfang: 1 x Minymo 2er Mob Baby M\u00e4dchen T-Shirt, Langarm, Gr\u00f6\u00dfe: 86, Farbe: Wei\u00df, 3935<br \/>\n<div class=\"main-cross-sell\" data-asin=\"B07BLRLZD2\">\n\n\t<div class=\"WooZone-cross-sell-loader\">\n\t\t<div>\n\t\t\t<div id=\"floatingBarsG\">\n\t\t\t\t<div class=\"blockG\" id=\"rotateG_01\"><\/div>\n\t\t\t\t<div class=\"blockG\" id=\"rotateG_02\"><\/div>\n\t\t\t\t<div class=\"blockG\" id=\"rotateG_03\"><\/div>\n\t\t\t\t<div class=\"blockG\" id=\"rotateG_04\"><\/div>\n\t\t\t\t<div class=\"blockG\" id=\"rotateG_05\"><\/div>\n\t\t\t\t<div class=\"blockG\" id=\"rotateG_06\"><\/div>\n\t\t\t\t<div class=\"blockG\" id=\"rotateG_07\"><\/div>\n\t\t\t\t<div class=\"blockG\" id=\"rotateG_08\"><\/div>\n\t\t\t<\/div>\n\t\t\t<div class=\"WooZone-cross-sell-loader-text\"><\/div>\n\t\t<\/div>\n\t<\/div>\n\n\t\t\n<\/div>\n<div style=\"clear:both;\"><\/div><\/p>\n","protected":false},"excerpt":{"rendered":"<p>Hochwertiges Baby M\u00e4dchen Langarm T-Shirt im 2er Pack, Als Basis Kleidungsst\u00fcck oder allt\u00e4glich in Schule oder auf dem Spielplatz<br \/>\nGem\u00fctliche Passform, Elastisches und atmungsaktives, weiches Material<br \/>\nKragenform: Rundhals<\/p>\n","protected":false},"featured_media":12304,"comment_status":"open","ping_status":"closed","template":"","meta":[],"product_cat":[1078,132],"product_tag":[],"yoast_head":"<!-- This site is optimized with the Yoast SEO plugin v20.6 - https:\/\/yoast.com\/wordpress\/plugins\/seo\/ -->\n<title>MINYMO M\u00e4dchen Bluse - FamilienMode<\/title>\n<meta name=\"robots\" content=\"index, follow, max-snippet:-1, max-image-preview:large, max-video-preview:-1\" \/>\n<link rel=\"canonical\" href=\"https:\/\/bekleidungscenter.com\/?product=minymo-maedchen-bluse\" \/>\n<meta property=\"og:locale\" content=\"de_DE\" \/>\n<meta property=\"og:type\" content=\"article\" \/>\n<meta property=\"og:title\" content=\"MINYMO M\u00e4dchen Bluse - FamilienMode\" \/>\n<meta property=\"og:description\" content=\"Hochwertiges Baby M\u00e4dchen Langarm T-Shirt im 2er Pack, Als Basis Kleidungsst\u00fcck oder allt\u00e4glich in Schule oder auf dem Spielplatz Gem\u00fctliche Passform, Elastisches und atmungsaktives, weiches Material Kragenform: Rundhals\" \/>\n<meta property=\"og:url\" content=\"https:\/\/bekleidungscenter.com\/?product=minymo-maedchen-bluse\" \/>\n<meta property=\"og:site_name\" content=\"FamilienMode\" \/>\n<meta property=\"article:modified_time\" content=\"2023-04-10T22:49:50+00:00\" \/>\n<meta property=\"og:image\" content=\"https:\/\/images-na.ssl-images-amazon.com\/images\/I\/31PWbklxlCL.jpg\" \/>\n\t<meta property=\"og:image:width\" content=\"500\" \/>\n\t<meta property=\"og:image:height\" content=\"500\" \/>\n\t<meta property=\"og:image:type\" content=\"image\/jpeg\" \/>\n<meta name=\"twitter:card\" content=\"summary_large_image\" \/>\n<meta name=\"twitter:label1\" content=\"Gesch\u00e4tzte Lesezeit\" \/>\n\t<meta name=\"twitter:data1\" content=\"1\u00a0Minute\" \/>\n<script type=\"application\/ld+json\" class=\"yoast-schema-graph\">{\"@context\":\"https:\/\/schema.org\",\"@graph\":[{\"@type\":\"WebPage\",\"@id\":\"https:\/\/bekleidungscenter.com\/?product=minymo-maedchen-bluse\",\"url\":\"https:\/\/bekleidungscenter.com\/?product=minymo-maedchen-bluse\",\"name\":\"MINYMO M\u00e4dchen Bluse - FamilienMode\",\"isPartOf\":{\"@id\":\"https:\/\/bekleidungscenter.com\/#website\"},\"datePublished\":\"2021-01-04T06:00:30+00:00\",\"dateModified\":\"2023-04-10T22:49:50+00:00\",\"breadcrumb\":{\"@id\":\"https:\/\/bekleidungscenter.com\/?product=minymo-maedchen-bluse#breadcrumb\"},\"inLanguage\":\"de\",\"potentialAction\":[{\"@type\":\"ReadAction\",\"target\":[\"https:\/\/bekleidungscenter.com\/?product=minymo-maedchen-bluse\"]}]},{\"@type\":\"BreadcrumbList\",\"@id\":\"https:\/\/bekleidungscenter.com\/?product=minymo-maedchen-bluse#breadcrumb\",\"itemListElement\":[{\"@type\":\"ListItem\",\"position\":1,\"name\":\"Home\",\"item\":\"https:\/\/bekleidungscenter.com\/\"},{\"@type\":\"ListItem\",\"position\":2,\"name\":\"Shop\",\"item\":\"https:\/\/bekleidungscenter.com\/?page_id=7\"},{\"@type\":\"ListItem\",\"position\":3,\"name\":\"MINYMO M\u00e4dchen Bluse\"}]},{\"@type\":\"WebSite\",\"@id\":\"https:\/\/bekleidungscenter.com\/#website\",\"url\":\"https:\/\/bekleidungscenter.com\/\",\"name\":\"FamilienMode\",\"description\":\"Alles f\u00fcr die ganze Familie\",\"potentialAction\":[{\"@type\":\"SearchAction\",\"target\":{\"@type\":\"EntryPoint\",\"urlTemplate\":\"https:\/\/bekleidungscenter.com\/?s={search_term_string}\"},\"query-input\":\"required name=search_term_string\"}],\"inLanguage\":\"de\"}]}<\/script>\n<!-- \/ Yoast SEO plugin. -->","yoast_head_json":{"title":"MINYMO M\u00e4dchen Bluse - FamilienMode","robots":{"index":"index","follow":"follow","max-snippet":"max-snippet:-1","max-image-preview":"max-image-preview:large","max-video-preview":"max-video-preview:-1"},"canonical":"https:\/\/bekleidungscenter.com\/?product=minymo-maedchen-bluse","og_locale":"de_DE","og_type":"article","og_title":"MINYMO M\u00e4dchen Bluse - FamilienMode","og_description":"Hochwertiges Baby M\u00e4dchen Langarm T-Shirt im 2er Pack, Als Basis Kleidungsst\u00fcck oder allt\u00e4glich in Schule oder auf dem Spielplatz Gem\u00fctliche Passform, Elastisches und atmungsaktives, weiches Material Kragenform: Rundhals","og_url":"https:\/\/bekleidungscenter.com\/?product=minymo-maedchen-bluse","og_site_name":"FamilienMode","article_modified_time":"2023-04-10T22:49:50+00:00","og_image":[{"width":500,"height":500,"url":"https:\/\/images-na.ssl-images-amazon.com\/images\/I\/31PWbklxlCL.jpg","type":"image\/jpeg"}],"twitter_card":"summary_large_image","twitter_misc":{"Gesch\u00e4tzte Lesezeit":"1\u00a0Minute"},"schema":{"@context":"https:\/\/schema.org","@graph":[{"@type":"WebPage","@id":"https:\/\/bekleidungscenter.com\/?product=minymo-maedchen-bluse","url":"https:\/\/bekleidungscenter.com\/?product=minymo-maedchen-bluse","name":"MINYMO M\u00e4dchen Bluse - FamilienMode","isPartOf":{"@id":"https:\/\/bekleidungscenter.com\/#website"},"datePublished":"2021-01-04T06:00:30+00:00","dateModified":"2023-04-10T22:49:50+00:00","breadcrumb":{"@id":"https:\/\/bekleidungscenter.com\/?product=minymo-maedchen-bluse#breadcrumb"},"inLanguage":"de","potentialAction":[{"@type":"ReadAction","target":["https:\/\/bekleidungscenter.com\/?product=minymo-maedchen-bluse"]}]},{"@type":"BreadcrumbList","@id":"https:\/\/bekleidungscenter.com\/?product=minymo-maedchen-bluse#breadcrumb","itemListElement":[{"@type":"ListItem","position":1,"name":"Home","item":"https:\/\/bekleidungscenter.com\/"},{"@type":"ListItem","position":2,"name":"Shop","item":"https:\/\/bekleidungscenter.com\/?page_id=7"},{"@type":"ListItem","position":3,"name":"MINYMO M\u00e4dchen Bluse"}]},{"@type":"WebSite","@id":"https:\/\/bekleidungscenter.com\/#website","url":"https:\/\/bekleidungscenter.com\/","name":"FamilienMode","description":"Alles f\u00fcr die ganze Familie","potentialAction":[{"@type":"SearchAction","target":{"@type":"EntryPoint","urlTemplate":"https:\/\/bekleidungscenter.com\/?s={search_term_string}"},"query-input":"required name=search_term_string"}],"inLanguage":"de"}]}},"_links":{"self":[{"href":"https:\/\/bekleidungscenter.com\/index.php?rest_route=\/wp\/v2\/product\/12300"}],"collection":[{"href":"https:\/\/bekleidungscenter.com\/index.php?rest_route=\/wp\/v2\/product"}],"about":[{"href":"https:\/\/bekleidungscenter.com\/index.php?rest_route=\/wp\/v2\/types\/product"}],"replies":[{"embeddable":true,"href":"https:\/\/bekleidungscenter.com\/index.php?rest_route=%2Fwp%2Fv2%2Fcomments&post=12300"}],"wp:featuredmedia":[{"embeddable":true,"href":"https:\/\/bekleidungscenter.com\/index.php?rest_route=\/wp\/v2\/media\/12304"}],"wp:attachment":[{"href":"https:\/\/bekleidungscenter.com\/index.php?rest_route=%2Fwp%2Fv2%2Fmedia&parent=12300"}],"wp:term":[{"taxonomy":"product_cat","embeddable":true,"href":"https:\/\/bekleidungscenter.com\/index.php?rest_route=%2Fwp%2Fv2%2Fproduct_cat&post=12300"},{"taxonomy":"product_tag","embeddable":true,"href":"https:\/\/bekleidungscenter.com\/index.php?rest_route=%2Fwp%2Fv2%2Fproduct_tag&post=12300"}],"curies":[{"name":"wp","href":"https:\/\/api.w.org\/{rel}","templated":true}]}}