{"id":12345,"date":"2021-01-04T06:01:01","date_gmt":"2021-01-04T06:01:01","guid":{"rendered":"http:\/\/bekleidungscenter.com\/?product=twifer-damen-hoodie-gedruckt-patchwork-sweatshirt-langarm-crop-pullover-tops-bluse"},"modified":"2023-04-10T22:49:51","modified_gmt":"2023-04-10T22:49:51","slug":"twifer-damen-hoodie-gedruckt-patchwork-sweatshirt-langarm-crop-pullover-tops-bluse","status":"publish","type":"product","link":"https:\/\/bekleidungscenter.com\/?product=twifer-damen-hoodie-gedruckt-patchwork-sweatshirt-langarm-crop-pullover-tops-bluse","title":{"rendered":"TWIFER Damen Hoodie Gedruckt Patchwork Sweatshirt Langarm Crop Pullover Tops Bluse"},"content":{"rendered":"<p><!-- show up to 2 reviews by default --> <\/p>\n<p>Jahreszeit: Herbst, Winter,Fr\u00fchling <br \/>Geschlecht: Frauen, M\u00e4dchen <br \/>Gelegenheit: T\u00e4glich, Gelegenheitsspiele <br \/>Stil: Casual, Party, Sport, <br \/>\u00c4rmell\u00e4nge: Langarm <br \/>Passform: Nach Ma\u00df f\u00fcr Gr\u00f6\u00dfe <br \/>Dicke: Standard <br \/>Wie zu abwaschen: Handw\u00e4sche kalt, h\u00e4ngen oder Line Dry <\/p>\n<p>TWIFER ist bereit, f\u00fcr jeden Kunden einen zufriedenstellenden Service zu bieten. Wir haben freie Gew\u00e4hrleistung der Qualit\u00e4t und der richtigen Gr\u00f6\u00dfe. Wir bieten freie R\u00fcckkehr und Austausch an. Wenn Sie Fragen haben, lassen Sie es uns bitte wissen.Wir geben Ihnen eine richtige Auftrennung in 24 Stunden. <\/p>\n<p> Freundliche Anmerkungen: <br \/> Die Farbe im \u00dcberf\u00fchrung ist doch Referenz. Es gibt einen kleinen Widerspr\u00fcchlichkeit mit authentischen Artikeln wegen der Beschr\u00e4nkung von Fotoausr\u00fcstung, anderen Bildschirm und Licht. Hoffe du kannst verstehen. <\/p>\n<p>Exquisite Ablauf, Mode-Design, Sexy Charming 2018 Herbst Neue Pullover, Vorf\u00fchren Sie Ihren pers\u00f6nlichen Charme und bequemer zu befestigen.F\u00fcr mehr neue Mode Damen BeKleidung, klicken Sie bitte oben auf &#8222;TWIFER&#8220; oder st\u00f6bern Sie &#8222;TWIFER Damen&#8220;<br \/>\nlongshirt mit spitze damen sexy punk rundhals skull minnie hawaii weit schwarzes nachthemd weed maxi tshirt 50\/52 beige jungen tanktop baseball rote longshirts blumen kapuzen graues kurz kinder deutschland teenager<br \/>\nKragenform: Mit Kapuze<br \/>\nPolyester<br \/>\nPflegehinweis: Machine washable\/Handw\u00e4sche\/Nicht bleichen\/Leitung trocken<br \/>\n46 damen sommer tunika lang wei\u00df schwarz strand kleid kurzarm jeans h\u00e4kel oversize blusen boho gro\u00dfe gr\u00f6\u00dfen top herren beach unifarbene m\u00e4dchen batwing weiss blau schtrand<br \/>\nrot blau camouflage langarm spitze lange sommer gelbe ausschnitt yoga bikini outdoor festival bandeau oversize schwarz kurz 90er schickes schulterfreies kurzarm rosa plus size find xxl fitness lang wei\u00df oberteil<br \/>\nsweatshirt jacke herren zip 3d gym schwarz cat usa rot huf sweatshirts 3xl blau grau ski weiss neck hoodie sweatjacke kapuzenpullover kurz Weihnachtenoversize long kapuzen xxl lange rosa sweatshirt herren lantwiferummel<br \/>\n<div class=\"main-cross-sell\" data-asin=\"B07GDQ4RJT\">\n\n\t<div class=\"WooZone-cross-sell-loader\">\n\t\t<div>\n\t\t\t<div id=\"floatingBarsG\">\n\t\t\t\t<div class=\"blockG\" id=\"rotateG_01\"><\/div>\n\t\t\t\t<div class=\"blockG\" id=\"rotateG_02\"><\/div>\n\t\t\t\t<div class=\"blockG\" id=\"rotateG_03\"><\/div>\n\t\t\t\t<div class=\"blockG\" id=\"rotateG_04\"><\/div>\n\t\t\t\t<div class=\"blockG\" id=\"rotateG_05\"><\/div>\n\t\t\t\t<div class=\"blockG\" id=\"rotateG_06\"><\/div>\n\t\t\t\t<div class=\"blockG\" id=\"rotateG_07\"><\/div>\n\t\t\t\t<div class=\"blockG\" id=\"rotateG_08\"><\/div>\n\t\t\t<\/div>\n\t\t\t<div class=\"WooZone-cross-sell-loader-text\"><\/div>\n\t\t<\/div>\n\t<\/div>\n\n\t\t\n<\/div>\n<div style=\"clear:both;\"><\/div><\/p>\n","protected":false},"excerpt":{"rendered":"<p>Exquisite Verarbeitung, Mode-Design, Sexy Charming 2018 Herbst Neue Pullover, Zeigen Sie Ihren pers\u00f6nlichen Charme und bequemer zu tragen.F\u00fcr mehr neue Mode Damen BeKleidung, klicken Sie bitte oben auf &#8222;TWIFER&#8220; oder suchen Sie &#8222;TWIFER Damen&#8220;<br \/>\nlongshirt mit spitze damen sexy punk rundhals skull minnie hawaii weit schwarzes nachthemd weed maxi tshirt 50\/52 beige jungen tanktop baseball rote longshirts blumen kapuzen graues kurz kinder deutschland teenager<br \/>\nKragenform: Mit Kapuze<\/p>\n","protected":false},"featured_media":12346,"comment_status":"open","ping_status":"closed","template":"","meta":[],"product_cat":[1078,132],"product_tag":[],"yoast_head":"<!-- This site is optimized with the Yoast SEO plugin v20.6 - https:\/\/yoast.com\/wordpress\/plugins\/seo\/ -->\n<title>TWIFER Damen Hoodie Gedruckt Patchwork Sweatshirt Langarm Crop Pullover Tops Bluse - FamilienMode<\/title>\n<meta name=\"robots\" content=\"index, follow, max-snippet:-1, max-image-preview:large, max-video-preview:-1\" \/>\n<link rel=\"canonical\" href=\"https:\/\/bekleidungscenter.com\/?product=twifer-damen-hoodie-gedruckt-patchwork-sweatshirt-langarm-crop-pullover-tops-bluse\" \/>\n<meta property=\"og:locale\" content=\"de_DE\" \/>\n<meta property=\"og:type\" content=\"article\" \/>\n<meta property=\"og:title\" content=\"TWIFER Damen Hoodie Gedruckt Patchwork Sweatshirt Langarm Crop Pullover Tops Bluse - FamilienMode\" \/>\n<meta property=\"og:description\" content=\"Exquisite Verarbeitung, Mode-Design, Sexy Charming 2018 Herbst Neue Pullover, Zeigen Sie Ihren pers\u00f6nlichen Charme und bequemer zu tragen.F\u00fcr mehr neue Mode Damen BeKleidung, klicken Sie bitte oben auf &quot;TWIFER&quot; oder suchen Sie &quot;TWIFER Damen&quot; longshirt mit spitze damen sexy punk rundhals skull minnie hawaii weit schwarzes nachthemd weed maxi tshirt 50\/52 beige jungen tanktop baseball rote longshirts blumen kapuzen graues kurz kinder deutschland teenager Kragenform: Mit Kapuze\" \/>\n<meta property=\"og:url\" content=\"https:\/\/bekleidungscenter.com\/?product=twifer-damen-hoodie-gedruckt-patchwork-sweatshirt-langarm-crop-pullover-tops-bluse\" \/>\n<meta property=\"og:site_name\" content=\"FamilienMode\" \/>\n<meta property=\"article:modified_time\" content=\"2023-04-10T22:49:51+00:00\" \/>\n<meta property=\"og:image\" content=\"https:\/\/images-na.ssl-images-amazon.com\/images\/I\/31sLZW5PagL.jpg\" \/>\n\t<meta property=\"og:image:width\" content=\"500\" \/>\n\t<meta property=\"og:image:height\" content=\"500\" \/>\n\t<meta property=\"og:image:type\" content=\"image\/jpeg\" \/>\n<meta name=\"twitter:card\" content=\"summary_large_image\" \/>\n<meta name=\"twitter:label1\" content=\"Gesch\u00e4tzte Lesezeit\" \/>\n\t<meta name=\"twitter:data1\" content=\"2\u00a0Minuten\" \/>\n<script type=\"application\/ld+json\" class=\"yoast-schema-graph\">{\"@context\":\"https:\/\/schema.org\",\"@graph\":[{\"@type\":\"WebPage\",\"@id\":\"https:\/\/bekleidungscenter.com\/?product=twifer-damen-hoodie-gedruckt-patchwork-sweatshirt-langarm-crop-pullover-tops-bluse\",\"url\":\"https:\/\/bekleidungscenter.com\/?product=twifer-damen-hoodie-gedruckt-patchwork-sweatshirt-langarm-crop-pullover-tops-bluse\",\"name\":\"TWIFER Damen Hoodie Gedruckt Patchwork Sweatshirt Langarm Crop Pullover Tops Bluse - FamilienMode\",\"isPartOf\":{\"@id\":\"https:\/\/bekleidungscenter.com\/#website\"},\"datePublished\":\"2021-01-04T06:01:01+00:00\",\"dateModified\":\"2023-04-10T22:49:51+00:00\",\"breadcrumb\":{\"@id\":\"https:\/\/bekleidungscenter.com\/?product=twifer-damen-hoodie-gedruckt-patchwork-sweatshirt-langarm-crop-pullover-tops-bluse#breadcrumb\"},\"inLanguage\":\"de\",\"potentialAction\":[{\"@type\":\"ReadAction\",\"target\":[\"https:\/\/bekleidungscenter.com\/?product=twifer-damen-hoodie-gedruckt-patchwork-sweatshirt-langarm-crop-pullover-tops-bluse\"]}]},{\"@type\":\"BreadcrumbList\",\"@id\":\"https:\/\/bekleidungscenter.com\/?product=twifer-damen-hoodie-gedruckt-patchwork-sweatshirt-langarm-crop-pullover-tops-bluse#breadcrumb\",\"itemListElement\":[{\"@type\":\"ListItem\",\"position\":1,\"name\":\"Home\",\"item\":\"https:\/\/bekleidungscenter.com\/\"},{\"@type\":\"ListItem\",\"position\":2,\"name\":\"Shop\",\"item\":\"https:\/\/bekleidungscenter.com\/?page_id=7\"},{\"@type\":\"ListItem\",\"position\":3,\"name\":\"TWIFER Damen Hoodie Gedruckt Patchwork Sweatshirt Langarm Crop Pullover Tops Bluse\"}]},{\"@type\":\"WebSite\",\"@id\":\"https:\/\/bekleidungscenter.com\/#website\",\"url\":\"https:\/\/bekleidungscenter.com\/\",\"name\":\"FamilienMode\",\"description\":\"Alles f\u00fcr die ganze Familie\",\"potentialAction\":[{\"@type\":\"SearchAction\",\"target\":{\"@type\":\"EntryPoint\",\"urlTemplate\":\"https:\/\/bekleidungscenter.com\/?s={search_term_string}\"},\"query-input\":\"required name=search_term_string\"}],\"inLanguage\":\"de\"}]}<\/script>\n<!-- \/ Yoast SEO plugin. -->","yoast_head_json":{"title":"TWIFER Damen Hoodie Gedruckt Patchwork Sweatshirt Langarm Crop Pullover Tops Bluse - FamilienMode","robots":{"index":"index","follow":"follow","max-snippet":"max-snippet:-1","max-image-preview":"max-image-preview:large","max-video-preview":"max-video-preview:-1"},"canonical":"https:\/\/bekleidungscenter.com\/?product=twifer-damen-hoodie-gedruckt-patchwork-sweatshirt-langarm-crop-pullover-tops-bluse","og_locale":"de_DE","og_type":"article","og_title":"TWIFER Damen Hoodie Gedruckt Patchwork Sweatshirt Langarm Crop Pullover Tops Bluse - FamilienMode","og_description":"Exquisite Verarbeitung, Mode-Design, Sexy Charming 2018 Herbst Neue Pullover, Zeigen Sie Ihren pers\u00f6nlichen Charme und bequemer zu tragen.F\u00fcr mehr neue Mode Damen BeKleidung, klicken Sie bitte oben auf \"TWIFER\" oder suchen Sie \"TWIFER Damen\" longshirt mit spitze damen sexy punk rundhals skull minnie hawaii weit schwarzes nachthemd weed maxi tshirt 50\/52 beige jungen tanktop baseball rote longshirts blumen kapuzen graues kurz kinder deutschland teenager Kragenform: Mit Kapuze","og_url":"https:\/\/bekleidungscenter.com\/?product=twifer-damen-hoodie-gedruckt-patchwork-sweatshirt-langarm-crop-pullover-tops-bluse","og_site_name":"FamilienMode","article_modified_time":"2023-04-10T22:49:51+00:00","og_image":[{"width":500,"height":500,"url":"https:\/\/images-na.ssl-images-amazon.com\/images\/I\/31sLZW5PagL.jpg","type":"image\/jpeg"}],"twitter_card":"summary_large_image","twitter_misc":{"Gesch\u00e4tzte Lesezeit":"2\u00a0Minuten"},"schema":{"@context":"https:\/\/schema.org","@graph":[{"@type":"WebPage","@id":"https:\/\/bekleidungscenter.com\/?product=twifer-damen-hoodie-gedruckt-patchwork-sweatshirt-langarm-crop-pullover-tops-bluse","url":"https:\/\/bekleidungscenter.com\/?product=twifer-damen-hoodie-gedruckt-patchwork-sweatshirt-langarm-crop-pullover-tops-bluse","name":"TWIFER Damen Hoodie Gedruckt Patchwork Sweatshirt Langarm Crop Pullover Tops Bluse - FamilienMode","isPartOf":{"@id":"https:\/\/bekleidungscenter.com\/#website"},"datePublished":"2021-01-04T06:01:01+00:00","dateModified":"2023-04-10T22:49:51+00:00","breadcrumb":{"@id":"https:\/\/bekleidungscenter.com\/?product=twifer-damen-hoodie-gedruckt-patchwork-sweatshirt-langarm-crop-pullover-tops-bluse#breadcrumb"},"inLanguage":"de","potentialAction":[{"@type":"ReadAction","target":["https:\/\/bekleidungscenter.com\/?product=twifer-damen-hoodie-gedruckt-patchwork-sweatshirt-langarm-crop-pullover-tops-bluse"]}]},{"@type":"BreadcrumbList","@id":"https:\/\/bekleidungscenter.com\/?product=twifer-damen-hoodie-gedruckt-patchwork-sweatshirt-langarm-crop-pullover-tops-bluse#breadcrumb","itemListElement":[{"@type":"ListItem","position":1,"name":"Home","item":"https:\/\/bekleidungscenter.com\/"},{"@type":"ListItem","position":2,"name":"Shop","item":"https:\/\/bekleidungscenter.com\/?page_id=7"},{"@type":"ListItem","position":3,"name":"TWIFER Damen Hoodie Gedruckt Patchwork Sweatshirt Langarm Crop Pullover Tops Bluse"}]},{"@type":"WebSite","@id":"https:\/\/bekleidungscenter.com\/#website","url":"https:\/\/bekleidungscenter.com\/","name":"FamilienMode","description":"Alles f\u00fcr die ganze Familie","potentialAction":[{"@type":"SearchAction","target":{"@type":"EntryPoint","urlTemplate":"https:\/\/bekleidungscenter.com\/?s={search_term_string}"},"query-input":"required name=search_term_string"}],"inLanguage":"de"}]}},"_links":{"self":[{"href":"https:\/\/bekleidungscenter.com\/index.php?rest_route=\/wp\/v2\/product\/12345"}],"collection":[{"href":"https:\/\/bekleidungscenter.com\/index.php?rest_route=\/wp\/v2\/product"}],"about":[{"href":"https:\/\/bekleidungscenter.com\/index.php?rest_route=\/wp\/v2\/types\/product"}],"replies":[{"embeddable":true,"href":"https:\/\/bekleidungscenter.com\/index.php?rest_route=%2Fwp%2Fv2%2Fcomments&post=12345"}],"wp:featuredmedia":[{"embeddable":true,"href":"https:\/\/bekleidungscenter.com\/index.php?rest_route=\/wp\/v2\/media\/12346"}],"wp:attachment":[{"href":"https:\/\/bekleidungscenter.com\/index.php?rest_route=%2Fwp%2Fv2%2Fmedia&parent=12345"}],"wp:term":[{"taxonomy":"product_cat","embeddable":true,"href":"https:\/\/bekleidungscenter.com\/index.php?rest_route=%2Fwp%2Fv2%2Fproduct_cat&post=12345"},{"taxonomy":"product_tag","embeddable":true,"href":"https:\/\/bekleidungscenter.com\/index.php?rest_route=%2Fwp%2Fv2%2Fproduct_tag&post=12345"}],"curies":[{"name":"wp","href":"https:\/\/api.w.org\/{rel}","templated":true}]}}