{"id":12353,"date":"2021-01-04T06:03:10","date_gmt":"2021-01-04T06:03:10","guid":{"rendered":"http:\/\/bekleidungscenter.com\/?product=only-damen-strickpullover-detailed-158-164ginger-bread"},"modified":"2023-04-10T22:49:51","modified_gmt":"2023-04-10T22:49:51","slug":"only-damen-strickpullover-detailed-158-164ginger-bread","status":"publish","type":"product","link":"https:\/\/bekleidungscenter.com\/?product=only-damen-strickpullover-detailed-158-164ginger-bread","title":{"rendered":"ONLY Girl Strickpullover Detailed 158\/164Ginger Bread"},"content":{"rendered":"<p><!-- show up to 2 reviews by default --> <\/p>\n<p>Kids Only Backfisch Pullover kuscheliger Strickpullover statt dessen junge Frau mit Hilfe von Wollanteilleichtes, weiches Materiallange \u00c4rmel unter anderem gerader SchnittRundhalsausschnitt, Vereinigung unter anderem \u00c4rmelausschnitt s\u00e4mtliche Rippstrick Typ KONALICE L\/S PULLOVER KNT Material 33% Polyacryl30% Polyamid16% Alpaka15% Wolle 6% Elasthan Farben grape leaf &#8211; gr\u00fcnginger bread &#8211; braunash rose &#8211; rosa <\/p>\n<p>Kids Only Backfisch Pullover kuscheliger Strickpullover statt dessen junge Frau mit Hilfe von Wollanteil<br \/>\nFeinstrick<br \/>\nLangarm<br \/>\n33% Polyacryl, 30% Polyamid, 16% Alpaka, 15% Wolle, 6% Elasthan<br \/>\nbereits lange \u00c4rmel unter anderem gerader Mittelma\u00df<br \/>\nRundhalsausschnitt, Vereinigung unter anderem \u00c4rmelausschnitt s\u00e4mtliche Rippstrick<br \/>\nTyp KONALICE L\/S PULLOVER KNT<br \/>\n<div class=\"main-cross-sell\" data-asin=\"B07YN7CXLQ\">\n\n\t<div class=\"WooZone-cross-sell-loader\">\n\t\t<div>\n\t\t\t<div id=\"floatingBarsG\">\n\t\t\t\t<div class=\"blockG\" id=\"rotateG_01\"><\/div>\n\t\t\t\t<div class=\"blockG\" id=\"rotateG_02\"><\/div>\n\t\t\t\t<div class=\"blockG\" id=\"rotateG_03\"><\/div>\n\t\t\t\t<div class=\"blockG\" id=\"rotateG_04\"><\/div>\n\t\t\t\t<div class=\"blockG\" id=\"rotateG_05\"><\/div>\n\t\t\t\t<div class=\"blockG\" id=\"rotateG_06\"><\/div>\n\t\t\t\t<div class=\"blockG\" id=\"rotateG_07\"><\/div>\n\t\t\t\t<div class=\"blockG\" id=\"rotateG_08\"><\/div>\n\t\t\t<\/div>\n\t\t\t<div class=\"WooZone-cross-sell-loader-text\"><\/div>\n\t\t<\/div>\n\t<\/div>\n\n\t\t\n<\/div>\n<div style=\"clear:both;\"><\/div><\/p>\n","protected":false},"excerpt":{"rendered":"<p>Kids Only Teenager Pullover kuscheliger Strickpullover f\u00fcr M\u00e4dchen mit Wollanteil<br \/>\nFeinstrick<br \/>\nLangarm<\/p>\n","protected":false},"featured_media":12355,"comment_status":"open","ping_status":"closed","template":"","meta":[],"product_cat":[1078,132],"product_tag":[],"yoast_head":"<!-- This site is optimized with the Yoast SEO plugin v20.6 - https:\/\/yoast.com\/wordpress\/plugins\/seo\/ -->\n<title>ONLY Girl Strickpullover Detailed 158\/164Ginger Bread - FamilienMode<\/title>\n<meta name=\"robots\" content=\"index, follow, max-snippet:-1, max-image-preview:large, max-video-preview:-1\" \/>\n<link rel=\"canonical\" href=\"https:\/\/bekleidungscenter.com\/?product=only-damen-strickpullover-detailed-158-164ginger-bread\" \/>\n<meta property=\"og:locale\" content=\"de_DE\" \/>\n<meta property=\"og:type\" content=\"article\" \/>\n<meta property=\"og:title\" content=\"ONLY Girl Strickpullover Detailed 158\/164Ginger Bread - FamilienMode\" \/>\n<meta property=\"og:description\" content=\"Kids Only Teenager Pullover kuscheliger Strickpullover f\u00fcr M\u00e4dchen mit Wollanteil Feinstrick Langarm\" \/>\n<meta property=\"og:url\" content=\"https:\/\/bekleidungscenter.com\/?product=only-damen-strickpullover-detailed-158-164ginger-bread\" \/>\n<meta property=\"og:site_name\" content=\"FamilienMode\" \/>\n<meta property=\"article:modified_time\" content=\"2023-04-10T22:49:51+00:00\" \/>\n<meta property=\"og:image\" content=\"https:\/\/images-na.ssl-images-amazon.com\/images\/I\/51ZX%2B%2BcemoL.jpg\" \/>\n\t<meta property=\"og:image:width\" content=\"500\" \/>\n\t<meta property=\"og:image:height\" content=\"500\" \/>\n\t<meta property=\"og:image:type\" content=\"image\/jpeg\" \/>\n<meta name=\"twitter:card\" content=\"summary_large_image\" \/>\n<meta name=\"twitter:label1\" content=\"Gesch\u00e4tzte Lesezeit\" \/>\n\t<meta name=\"twitter:data1\" content=\"1\u00a0Minute\" \/>\n<script type=\"application\/ld+json\" class=\"yoast-schema-graph\">{\"@context\":\"https:\/\/schema.org\",\"@graph\":[{\"@type\":\"WebPage\",\"@id\":\"https:\/\/bekleidungscenter.com\/?product=only-damen-strickpullover-detailed-158-164ginger-bread\",\"url\":\"https:\/\/bekleidungscenter.com\/?product=only-damen-strickpullover-detailed-158-164ginger-bread\",\"name\":\"ONLY Girl Strickpullover Detailed 158\/164Ginger Bread - FamilienMode\",\"isPartOf\":{\"@id\":\"https:\/\/bekleidungscenter.com\/#website\"},\"datePublished\":\"2021-01-04T06:03:10+00:00\",\"dateModified\":\"2023-04-10T22:49:51+00:00\",\"breadcrumb\":{\"@id\":\"https:\/\/bekleidungscenter.com\/?product=only-damen-strickpullover-detailed-158-164ginger-bread#breadcrumb\"},\"inLanguage\":\"de\",\"potentialAction\":[{\"@type\":\"ReadAction\",\"target\":[\"https:\/\/bekleidungscenter.com\/?product=only-damen-strickpullover-detailed-158-164ginger-bread\"]}]},{\"@type\":\"BreadcrumbList\",\"@id\":\"https:\/\/bekleidungscenter.com\/?product=only-damen-strickpullover-detailed-158-164ginger-bread#breadcrumb\",\"itemListElement\":[{\"@type\":\"ListItem\",\"position\":1,\"name\":\"Home\",\"item\":\"https:\/\/bekleidungscenter.com\/\"},{\"@type\":\"ListItem\",\"position\":2,\"name\":\"Shop\",\"item\":\"https:\/\/bekleidungscenter.com\/?page_id=7\"},{\"@type\":\"ListItem\",\"position\":3,\"name\":\"ONLY Girl Strickpullover Detailed 158\/164Ginger Bread\"}]},{\"@type\":\"WebSite\",\"@id\":\"https:\/\/bekleidungscenter.com\/#website\",\"url\":\"https:\/\/bekleidungscenter.com\/\",\"name\":\"FamilienMode\",\"description\":\"Alles f\u00fcr die ganze Familie\",\"potentialAction\":[{\"@type\":\"SearchAction\",\"target\":{\"@type\":\"EntryPoint\",\"urlTemplate\":\"https:\/\/bekleidungscenter.com\/?s={search_term_string}\"},\"query-input\":\"required name=search_term_string\"}],\"inLanguage\":\"de\"}]}<\/script>\n<!-- \/ Yoast SEO plugin. -->","yoast_head_json":{"title":"ONLY Girl Strickpullover Detailed 158\/164Ginger Bread - FamilienMode","robots":{"index":"index","follow":"follow","max-snippet":"max-snippet:-1","max-image-preview":"max-image-preview:large","max-video-preview":"max-video-preview:-1"},"canonical":"https:\/\/bekleidungscenter.com\/?product=only-damen-strickpullover-detailed-158-164ginger-bread","og_locale":"de_DE","og_type":"article","og_title":"ONLY Girl Strickpullover Detailed 158\/164Ginger Bread - FamilienMode","og_description":"Kids Only Teenager Pullover kuscheliger Strickpullover f\u00fcr M\u00e4dchen mit Wollanteil Feinstrick Langarm","og_url":"https:\/\/bekleidungscenter.com\/?product=only-damen-strickpullover-detailed-158-164ginger-bread","og_site_name":"FamilienMode","article_modified_time":"2023-04-10T22:49:51+00:00","og_image":[{"width":500,"height":500,"url":"https:\/\/images-na.ssl-images-amazon.com\/images\/I\/51ZX%2B%2BcemoL.jpg","type":"image\/jpeg"}],"twitter_card":"summary_large_image","twitter_misc":{"Gesch\u00e4tzte Lesezeit":"1\u00a0Minute"},"schema":{"@context":"https:\/\/schema.org","@graph":[{"@type":"WebPage","@id":"https:\/\/bekleidungscenter.com\/?product=only-damen-strickpullover-detailed-158-164ginger-bread","url":"https:\/\/bekleidungscenter.com\/?product=only-damen-strickpullover-detailed-158-164ginger-bread","name":"ONLY Girl Strickpullover Detailed 158\/164Ginger Bread - FamilienMode","isPartOf":{"@id":"https:\/\/bekleidungscenter.com\/#website"},"datePublished":"2021-01-04T06:03:10+00:00","dateModified":"2023-04-10T22:49:51+00:00","breadcrumb":{"@id":"https:\/\/bekleidungscenter.com\/?product=only-damen-strickpullover-detailed-158-164ginger-bread#breadcrumb"},"inLanguage":"de","potentialAction":[{"@type":"ReadAction","target":["https:\/\/bekleidungscenter.com\/?product=only-damen-strickpullover-detailed-158-164ginger-bread"]}]},{"@type":"BreadcrumbList","@id":"https:\/\/bekleidungscenter.com\/?product=only-damen-strickpullover-detailed-158-164ginger-bread#breadcrumb","itemListElement":[{"@type":"ListItem","position":1,"name":"Home","item":"https:\/\/bekleidungscenter.com\/"},{"@type":"ListItem","position":2,"name":"Shop","item":"https:\/\/bekleidungscenter.com\/?page_id=7"},{"@type":"ListItem","position":3,"name":"ONLY Girl Strickpullover Detailed 158\/164Ginger Bread"}]},{"@type":"WebSite","@id":"https:\/\/bekleidungscenter.com\/#website","url":"https:\/\/bekleidungscenter.com\/","name":"FamilienMode","description":"Alles f\u00fcr die ganze Familie","potentialAction":[{"@type":"SearchAction","target":{"@type":"EntryPoint","urlTemplate":"https:\/\/bekleidungscenter.com\/?s={search_term_string}"},"query-input":"required name=search_term_string"}],"inLanguage":"de"}]}},"_links":{"self":[{"href":"https:\/\/bekleidungscenter.com\/index.php?rest_route=\/wp\/v2\/product\/12353"}],"collection":[{"href":"https:\/\/bekleidungscenter.com\/index.php?rest_route=\/wp\/v2\/product"}],"about":[{"href":"https:\/\/bekleidungscenter.com\/index.php?rest_route=\/wp\/v2\/types\/product"}],"replies":[{"embeddable":true,"href":"https:\/\/bekleidungscenter.com\/index.php?rest_route=%2Fwp%2Fv2%2Fcomments&post=12353"}],"wp:featuredmedia":[{"embeddable":true,"href":"https:\/\/bekleidungscenter.com\/index.php?rest_route=\/wp\/v2\/media\/12355"}],"wp:attachment":[{"href":"https:\/\/bekleidungscenter.com\/index.php?rest_route=%2Fwp%2Fv2%2Fmedia&parent=12353"}],"wp:term":[{"taxonomy":"product_cat","embeddable":true,"href":"https:\/\/bekleidungscenter.com\/index.php?rest_route=%2Fwp%2Fv2%2Fproduct_cat&post=12353"},{"taxonomy":"product_tag","embeddable":true,"href":"https:\/\/bekleidungscenter.com\/index.php?rest_route=%2Fwp%2Fv2%2Fproduct_tag&post=12353"}],"curies":[{"name":"wp","href":"https:\/\/api.w.org\/{rel}","templated":true}]}}