{"id":12361,"date":"2021-01-04T06:03:14","date_gmt":"2021-01-04T06:03:14","guid":{"rendered":"http:\/\/bekleidungscenter.com\/?product=twifer-damen-langarm-sweatshirt-spleissen-farbe-pullover-sweater-bluse"},"modified":"2023-04-10T22:49:51","modified_gmt":"2023-04-10T22:49:51","slug":"twifer-damen-langarm-sweatshirt-spleissen-farbe-pullover-sweater-bluse","status":"publish","type":"product","link":"https:\/\/bekleidungscenter.com\/?product=twifer-damen-langarm-sweatshirt-spleissen-farbe-pullover-sweater-bluse","title":{"rendered":"TWIFER Damen Langarm Sweatshirt Splei\u00dfen Farbe Pullover Sweater Bluse"},"content":{"rendered":"<p><!-- show up to 2 reviews by default --> <\/p>\n<p> TWIFER ist bereit, f\u00fcr jeden Kunden einen zufriedenstellenden Service zu bieten. Wir haben freie Gew\u00e4hrleistung der Qualit\u00e4t und der richtigen Gr\u00f6\u00dfe. Wir bieten freie R\u00fcckkehr und Austausch an. Wenn Sie Fragen haben, lassen Sie es uns bitte wissen.Wir geben Ihnen eine richtige Abl\u00f6sung in 24 Stunden. <\/p>\n<p>TWIFER Design &#8211; Gr\u00f6ssentabelle (1 &#8222;= 2,54cm) <br \/>Gr\u00f6\u00dfe: S Fehlschlag: 96cm \/ 37.8 &#8222;\u00c4rmel: 58cm \/ 22.8&#8243; L\u00e4nge: 41cm \/ 16.1 &#8220; <br \/>Gr\u00f6\u00dfe: M B\u00fcste: 104cm \/ 40.9 &#8222;\u00c4rmel: 59cm \/ 23.2&#8243; L\u00e4nge: 42cm \/ 16.5 &#8220; <br \/>Gr\u00f6\u00dfe: L Fehlschlag: 108cm \/ 42,5 &#8222;\u00c4rmel: 60cm \/ 23,6&#8243; L\u00e4nge: 43cm\/16.9&#8220; <br \/>Gr\u00f6\u00dfe: XL Fehlschlag: 114cm \/ 44.9 &#8222;\u00c4rmel: 61cm \/ 24.0&#8243; L\u00e4nge: 44cm \/ 17.3 &#8220; <br \/>Gr\u00f6\u00dfe: 2XL Fehlschlag: 120cm \/ 47.2 &#8222;\u00c4rmel: 62cm \/ 24.4&#8243; L\u00e4nge: 45cm \/ 17.7 &#8220; <br \/>Mansual ma\u00df kann exsit 1 ~ 3 cm unterschied <\/p>\n<p> Freundliche Anmerkungen: <br \/> Die Farbe im Darstellung ist ungeachtet Pseudonym. Es gibt einen kleinen Abweichung mit authentischen Artikeln wegen der Beschr\u00e4nkung von Fotoausr\u00fcstung, anderen Bildschirm und Licht. Hoffe du kannst verstehen. <\/p>\n<p>Exquisite Ausf\u00fchrung, Mode-Design, Sexy Charming 2020 Herbst Neue Pullover, Planen Sie Ihren pers\u00f6nlichen Charme und bequemer zu katalysieren.F\u00fcr mehr neue Mode Damen BeKleidung, klicken Sie bitte oben auf &#8222;TWIFER&#8220; oder abgrasen Sie &#8222;TWIFER Damen&#8220;<br \/>\nkinder review m\u00e4dchen muster newborn lila solid protest diesel xs buntes schwarz blend 36 46 122 langarmshirt herren funktions kinder jungen kurzes m\u00e4dchen d\u00fcnnes slim desigual blau kn\u00f6pfe milit\u00e4r coole langarmshirts next baby zipper damen festlich jagd rot r\u00fcckenfrei compression uv schutz stretch stehkragen pullover fussball gore gelbes xxl mann kariert weit 62 68 86 kinder langarmshirt uni tiger punkte neopren spiderman schwarzes flamingo baby hummel twins<br \/>\nKragenform: Rundkragen<br \/>\nLangarm<br \/>\nPolyester<br \/>\nPflegehinweis: Machine washable\/Handw\u00e4sche\/Nicht bleichen\/Schirmherrschaft trocken<br \/>\n\u00f6sterreich wolfskin england khaki chicago white surf virgin antifa london jungen funny 158 sweater crop damen ugly baby camouflage herren oversize blau ducati harry potter dude l\u00f6we nasa rabbit fuchs kleinkind strick kurzarm man ladies floral deadpool keyhole knit einfarbig pullover cream kurzer jacke snoopy pusher korean female iceland 3xl osaka rot peru minion business necklace corgi grau schwarzer skate jungen savage schietwetter angler army couple<br \/>\nt\u00fcrkei glitzer spiral sommer new look schwarze jungen pinker reality 122 kapuzenpullover damen xxxl m\u00e4nner \u00fcbergr\u00f6\u00dfe mit rei\u00dfverschluss metallica grau sweatshirt herren sport blumen jungen hippie fishbone weiss ohne \u00e4rmel baumwoll hoodie 152 176 bauchfrei wei\u00df kapuzenpullover kurzarm damen schwarz baby jungen herren hoodie kaschmir tunnelzug einhorn kinder reactor arbeits t\u00fcrkis everlast orange jack jones friendgg gestreift m\u00e4dchen gro\u00dfe gr\u00f6\u00dfen roter frauen broilers<br \/>\nxxl golf a-team cincinnati bengals selected homme 5fdp 90 shirt 3d t-shirt damen hogwarts golf neck led t wei\u00dfe shirts herren pinkes v-shirt x air king oldschool herren-shirt 1up me 3-streifen angerfist key largo pittsburgh steelers it up gym banksy v-neck quentin tarantino pet alien ltb die camo basic statement h&amp;m snoop dogg<br \/>\n<div class=\"main-cross-sell\" data-asin=\"B07H1CRDKY\">\n\n\t<div class=\"WooZone-cross-sell-loader\">\n\t\t<div>\n\t\t\t<div id=\"floatingBarsG\">\n\t\t\t\t<div class=\"blockG\" id=\"rotateG_01\"><\/div>\n\t\t\t\t<div class=\"blockG\" id=\"rotateG_02\"><\/div>\n\t\t\t\t<div class=\"blockG\" id=\"rotateG_03\"><\/div>\n\t\t\t\t<div class=\"blockG\" id=\"rotateG_04\"><\/div>\n\t\t\t\t<div class=\"blockG\" id=\"rotateG_05\"><\/div>\n\t\t\t\t<div class=\"blockG\" id=\"rotateG_06\"><\/div>\n\t\t\t\t<div class=\"blockG\" id=\"rotateG_07\"><\/div>\n\t\t\t\t<div class=\"blockG\" id=\"rotateG_08\"><\/div>\n\t\t\t<\/div>\n\t\t\t<div class=\"WooZone-cross-sell-loader-text\"><\/div>\n\t\t<\/div>\n\t<\/div>\n\n\t\t\n<\/div>\n<div style=\"clear:both;\"><\/div><\/p>\n","protected":false},"excerpt":{"rendered":"<p>Exquisite Verarbeitung, Mode-Design, Sexy Charming 2020 Herbst Neue Pullover, Zeigen Sie Ihren pers\u00f6nlichen Charme und bequemer zu tragen.F\u00fcr mehr neue Mode Damen BeKleidung, klicken Sie bitte oben auf &#8222;TWIFER&#8220; oder suchen Sie &#8222;TWIFER Damen&#8220;<br \/>\nkinder review m\u00e4dchen muster newborn lila solid protest diesel xs buntes schwarz blend 36 46 122 langarmshirt herren funktions kinder jungen kurzes m\u00e4dchen d\u00fcnnes slim desigual blau kn\u00f6pfe milit\u00e4r coole langarmshirts next baby zipper damen festlich jagd rot r\u00fcckenfrei compression uv schutz stretch stehkragen pullover fussball gore gelbes xxl mann kariert weit 62 68 86 kinder langarmshirt uni tiger punkte neopren spiderman schwarzes flamingo baby hummel twins<br \/>\nKragenform: Rundkragen<\/p>\n","protected":false},"featured_media":12363,"comment_status":"open","ping_status":"closed","template":"","meta":[],"product_cat":[1078,132],"product_tag":[],"yoast_head":"<!-- This site is optimized with the Yoast SEO plugin v20.6 - https:\/\/yoast.com\/wordpress\/plugins\/seo\/ -->\n<title>TWIFER Damen Langarm Sweatshirt Splei\u00dfen Farbe Pullover Sweater Bluse - FamilienMode<\/title>\n<meta name=\"robots\" content=\"index, follow, max-snippet:-1, max-image-preview:large, max-video-preview:-1\" \/>\n<link rel=\"canonical\" href=\"https:\/\/bekleidungscenter.com\/?product=twifer-damen-langarm-sweatshirt-spleissen-farbe-pullover-sweater-bluse\" \/>\n<meta property=\"og:locale\" content=\"de_DE\" \/>\n<meta property=\"og:type\" content=\"article\" \/>\n<meta property=\"og:title\" content=\"TWIFER Damen Langarm Sweatshirt Splei\u00dfen Farbe Pullover Sweater Bluse - FamilienMode\" \/>\n<meta property=\"og:description\" content=\"Exquisite Verarbeitung, Mode-Design, Sexy Charming 2020 Herbst Neue Pullover, Zeigen Sie Ihren pers\u00f6nlichen Charme und bequemer zu tragen.F\u00fcr mehr neue Mode Damen BeKleidung, klicken Sie bitte oben auf &quot;TWIFER&quot; oder suchen Sie &quot;TWIFER Damen&quot; kinder review m\u00e4dchen muster newborn lila solid protest diesel xs buntes schwarz blend 36 46 122 langarmshirt herren funktions kinder jungen kurzes m\u00e4dchen d\u00fcnnes slim desigual blau kn\u00f6pfe milit\u00e4r coole langarmshirts next baby zipper damen festlich jagd rot r\u00fcckenfrei compression uv schutz stretch stehkragen pullover fussball gore gelbes xxl mann kariert weit 62 68 86 kinder langarmshirt uni tiger punkte neopren spiderman schwarzes flamingo baby hummel twins Kragenform: Rundkragen\" \/>\n<meta property=\"og:url\" content=\"https:\/\/bekleidungscenter.com\/?product=twifer-damen-langarm-sweatshirt-spleissen-farbe-pullover-sweater-bluse\" \/>\n<meta property=\"og:site_name\" content=\"FamilienMode\" \/>\n<meta property=\"article:modified_time\" content=\"2023-04-10T22:49:51+00:00\" \/>\n<meta property=\"og:image\" content=\"https:\/\/images-na.ssl-images-amazon.com\/images\/I\/41-cttbRYUL.jpg\" \/>\n\t<meta property=\"og:image:width\" content=\"500\" \/>\n\t<meta property=\"og:image:height\" content=\"500\" \/>\n\t<meta property=\"og:image:type\" content=\"image\/jpeg\" \/>\n<meta name=\"twitter:card\" content=\"summary_large_image\" \/>\n<meta name=\"twitter:label1\" content=\"Gesch\u00e4tzte Lesezeit\" \/>\n\t<meta name=\"twitter:data1\" content=\"2\u00a0Minuten\" \/>\n<script type=\"application\/ld+json\" class=\"yoast-schema-graph\">{\"@context\":\"https:\/\/schema.org\",\"@graph\":[{\"@type\":\"WebPage\",\"@id\":\"https:\/\/bekleidungscenter.com\/?product=twifer-damen-langarm-sweatshirt-spleissen-farbe-pullover-sweater-bluse\",\"url\":\"https:\/\/bekleidungscenter.com\/?product=twifer-damen-langarm-sweatshirt-spleissen-farbe-pullover-sweater-bluse\",\"name\":\"TWIFER Damen Langarm Sweatshirt Splei\u00dfen Farbe Pullover Sweater Bluse - FamilienMode\",\"isPartOf\":{\"@id\":\"https:\/\/bekleidungscenter.com\/#website\"},\"datePublished\":\"2021-01-04T06:03:14+00:00\",\"dateModified\":\"2023-04-10T22:49:51+00:00\",\"breadcrumb\":{\"@id\":\"https:\/\/bekleidungscenter.com\/?product=twifer-damen-langarm-sweatshirt-spleissen-farbe-pullover-sweater-bluse#breadcrumb\"},\"inLanguage\":\"de\",\"potentialAction\":[{\"@type\":\"ReadAction\",\"target\":[\"https:\/\/bekleidungscenter.com\/?product=twifer-damen-langarm-sweatshirt-spleissen-farbe-pullover-sweater-bluse\"]}]},{\"@type\":\"BreadcrumbList\",\"@id\":\"https:\/\/bekleidungscenter.com\/?product=twifer-damen-langarm-sweatshirt-spleissen-farbe-pullover-sweater-bluse#breadcrumb\",\"itemListElement\":[{\"@type\":\"ListItem\",\"position\":1,\"name\":\"Home\",\"item\":\"https:\/\/bekleidungscenter.com\/\"},{\"@type\":\"ListItem\",\"position\":2,\"name\":\"Shop\",\"item\":\"https:\/\/bekleidungscenter.com\/?page_id=7\"},{\"@type\":\"ListItem\",\"position\":3,\"name\":\"TWIFER Damen Langarm Sweatshirt Splei\u00dfen Farbe Pullover Sweater Bluse\"}]},{\"@type\":\"WebSite\",\"@id\":\"https:\/\/bekleidungscenter.com\/#website\",\"url\":\"https:\/\/bekleidungscenter.com\/\",\"name\":\"FamilienMode\",\"description\":\"Alles f\u00fcr die ganze Familie\",\"potentialAction\":[{\"@type\":\"SearchAction\",\"target\":{\"@type\":\"EntryPoint\",\"urlTemplate\":\"https:\/\/bekleidungscenter.com\/?s={search_term_string}\"},\"query-input\":\"required name=search_term_string\"}],\"inLanguage\":\"de\"}]}<\/script>\n<!-- \/ Yoast SEO plugin. -->","yoast_head_json":{"title":"TWIFER Damen Langarm Sweatshirt Splei\u00dfen Farbe Pullover Sweater Bluse - FamilienMode","robots":{"index":"index","follow":"follow","max-snippet":"max-snippet:-1","max-image-preview":"max-image-preview:large","max-video-preview":"max-video-preview:-1"},"canonical":"https:\/\/bekleidungscenter.com\/?product=twifer-damen-langarm-sweatshirt-spleissen-farbe-pullover-sweater-bluse","og_locale":"de_DE","og_type":"article","og_title":"TWIFER Damen Langarm Sweatshirt Splei\u00dfen Farbe Pullover Sweater Bluse - FamilienMode","og_description":"Exquisite Verarbeitung, Mode-Design, Sexy Charming 2020 Herbst Neue Pullover, Zeigen Sie Ihren pers\u00f6nlichen Charme und bequemer zu tragen.F\u00fcr mehr neue Mode Damen BeKleidung, klicken Sie bitte oben auf \"TWIFER\" oder suchen Sie \"TWIFER Damen\" kinder review m\u00e4dchen muster newborn lila solid protest diesel xs buntes schwarz blend 36 46 122 langarmshirt herren funktions kinder jungen kurzes m\u00e4dchen d\u00fcnnes slim desigual blau kn\u00f6pfe milit\u00e4r coole langarmshirts next baby zipper damen festlich jagd rot r\u00fcckenfrei compression uv schutz stretch stehkragen pullover fussball gore gelbes xxl mann kariert weit 62 68 86 kinder langarmshirt uni tiger punkte neopren spiderman schwarzes flamingo baby hummel twins Kragenform: Rundkragen","og_url":"https:\/\/bekleidungscenter.com\/?product=twifer-damen-langarm-sweatshirt-spleissen-farbe-pullover-sweater-bluse","og_site_name":"FamilienMode","article_modified_time":"2023-04-10T22:49:51+00:00","og_image":[{"width":500,"height":500,"url":"https:\/\/images-na.ssl-images-amazon.com\/images\/I\/41-cttbRYUL.jpg","type":"image\/jpeg"}],"twitter_card":"summary_large_image","twitter_misc":{"Gesch\u00e4tzte Lesezeit":"2\u00a0Minuten"},"schema":{"@context":"https:\/\/schema.org","@graph":[{"@type":"WebPage","@id":"https:\/\/bekleidungscenter.com\/?product=twifer-damen-langarm-sweatshirt-spleissen-farbe-pullover-sweater-bluse","url":"https:\/\/bekleidungscenter.com\/?product=twifer-damen-langarm-sweatshirt-spleissen-farbe-pullover-sweater-bluse","name":"TWIFER Damen Langarm Sweatshirt Splei\u00dfen Farbe Pullover Sweater Bluse - FamilienMode","isPartOf":{"@id":"https:\/\/bekleidungscenter.com\/#website"},"datePublished":"2021-01-04T06:03:14+00:00","dateModified":"2023-04-10T22:49:51+00:00","breadcrumb":{"@id":"https:\/\/bekleidungscenter.com\/?product=twifer-damen-langarm-sweatshirt-spleissen-farbe-pullover-sweater-bluse#breadcrumb"},"inLanguage":"de","potentialAction":[{"@type":"ReadAction","target":["https:\/\/bekleidungscenter.com\/?product=twifer-damen-langarm-sweatshirt-spleissen-farbe-pullover-sweater-bluse"]}]},{"@type":"BreadcrumbList","@id":"https:\/\/bekleidungscenter.com\/?product=twifer-damen-langarm-sweatshirt-spleissen-farbe-pullover-sweater-bluse#breadcrumb","itemListElement":[{"@type":"ListItem","position":1,"name":"Home","item":"https:\/\/bekleidungscenter.com\/"},{"@type":"ListItem","position":2,"name":"Shop","item":"https:\/\/bekleidungscenter.com\/?page_id=7"},{"@type":"ListItem","position":3,"name":"TWIFER Damen Langarm Sweatshirt Splei\u00dfen Farbe Pullover Sweater Bluse"}]},{"@type":"WebSite","@id":"https:\/\/bekleidungscenter.com\/#website","url":"https:\/\/bekleidungscenter.com\/","name":"FamilienMode","description":"Alles f\u00fcr die ganze Familie","potentialAction":[{"@type":"SearchAction","target":{"@type":"EntryPoint","urlTemplate":"https:\/\/bekleidungscenter.com\/?s={search_term_string}"},"query-input":"required name=search_term_string"}],"inLanguage":"de"}]}},"_links":{"self":[{"href":"https:\/\/bekleidungscenter.com\/index.php?rest_route=\/wp\/v2\/product\/12361"}],"collection":[{"href":"https:\/\/bekleidungscenter.com\/index.php?rest_route=\/wp\/v2\/product"}],"about":[{"href":"https:\/\/bekleidungscenter.com\/index.php?rest_route=\/wp\/v2\/types\/product"}],"replies":[{"embeddable":true,"href":"https:\/\/bekleidungscenter.com\/index.php?rest_route=%2Fwp%2Fv2%2Fcomments&post=12361"}],"wp:featuredmedia":[{"embeddable":true,"href":"https:\/\/bekleidungscenter.com\/index.php?rest_route=\/wp\/v2\/media\/12363"}],"wp:attachment":[{"href":"https:\/\/bekleidungscenter.com\/index.php?rest_route=%2Fwp%2Fv2%2Fmedia&parent=12361"}],"wp:term":[{"taxonomy":"product_cat","embeddable":true,"href":"https:\/\/bekleidungscenter.com\/index.php?rest_route=%2Fwp%2Fv2%2Fproduct_cat&post=12361"},{"taxonomy":"product_tag","embeddable":true,"href":"https:\/\/bekleidungscenter.com\/index.php?rest_route=%2Fwp%2Fv2%2Fproduct_tag&post=12361"}],"curies":[{"name":"wp","href":"https:\/\/api.w.org\/{rel}","templated":true}]}}