{"id":12674,"date":"2021-01-04T06:19:29","date_gmt":"2021-01-04T06:19:29","guid":{"rendered":"http:\/\/bekleidungscenter.com\/?product=jack-wolfskin-damen-atmosphere-rack-damen-rock"},"modified":"2023-04-10T22:49:56","modified_gmt":"2023-04-10T22:49:56","slug":"jack-wolfskin-damen-atmosphere-rack-damen-rock","status":"publish","type":"product","link":"https:\/\/bekleidungscenter.com\/?product=jack-wolfskin-damen-atmosphere-rack-damen-rock","title":{"rendered":"Jack Wolfskin Damen Atmosphere Rack Damen Rock"},"content":{"rendered":"<p><!-- show up to 2 reviews by default --> <\/p>\n<p>Wenn Sie im Winter durch den Schnee Wandern, Langlaufen oder Fitness gr\u00fcndlich ausbilden, ben\u00f6tigen Sie in den Ruhepausen wom\u00f6glich etwas andere Absonderung. Akkurat das bietet Ihnen der atmosphere-rock. Ziehen Sie es einfach \u00fcber Ihre Laufhose oder Wanderhose und Sie erhalten gleich darauf W\u00e4rme. Die W\u00e4rmeleistung wird von unserem hochleistungs-microguard MAXLOFT Q.M.C. Kunstfaserisolierung. Es wurde speziell statt dessen aktive Sportbekleidung entwickelt und leitet Feuchtigkeit schnell und effizient nach au\u00dfen. Dehnbare Fleeceeins\u00e4tze bearbeiten die Bewegungsfreiheit. Und wenn sie es nicht mehr brauchen, l\u00e4sst sich dieser leichte Rock klein packen und verschwindet in Ihrem Tagesrucksack. <\/p>\n<p>Isolierter Rock<br \/>\nWinddicht<br \/>\n95% Polyester, 5% Elasthan<br \/>\nAtmosphere Rack<br \/>\nModellnummer: 1504362<br \/>\nStark schwul<br \/>\nAtmungsaktiv<br \/>\nStark leicht<br \/>\n<div class=\"main-cross-sell\" data-asin=\"B08F36F2JP\">\n\n\t<div class=\"WooZone-cross-sell-loader\">\n\t\t<div>\n\t\t\t<div id=\"floatingBarsG\">\n\t\t\t\t<div class=\"blockG\" id=\"rotateG_01\"><\/div>\n\t\t\t\t<div class=\"blockG\" id=\"rotateG_02\"><\/div>\n\t\t\t\t<div class=\"blockG\" id=\"rotateG_03\"><\/div>\n\t\t\t\t<div class=\"blockG\" id=\"rotateG_04\"><\/div>\n\t\t\t\t<div class=\"blockG\" id=\"rotateG_05\"><\/div>\n\t\t\t\t<div class=\"blockG\" id=\"rotateG_06\"><\/div>\n\t\t\t\t<div class=\"blockG\" id=\"rotateG_07\"><\/div>\n\t\t\t\t<div class=\"blockG\" id=\"rotateG_08\"><\/div>\n\t\t\t<\/div>\n\t\t\t<div class=\"WooZone-cross-sell-loader-text\"><\/div>\n\t\t<\/div>\n\t<\/div>\n\n\t\t\n<\/div>\n<div style=\"clear:both;\"><\/div><\/p>\n","protected":false},"excerpt":{"rendered":"<p>Isolierter Rock<br \/>\nWinddicht<br \/>\n95% Polyester, 5% Elasthan<\/p>\n","protected":false},"featured_media":12675,"comment_status":"open","ping_status":"closed","template":"","meta":[],"product_cat":[1080,132],"product_tag":[],"yoast_head":"<!-- This site is optimized with the Yoast SEO plugin v20.6 - https:\/\/yoast.com\/wordpress\/plugins\/seo\/ -->\n<title>Jack Wolfskin Damen Atmosphere Rack Damen Rock - FamilienMode<\/title>\n<meta name=\"robots\" content=\"index, follow, max-snippet:-1, max-image-preview:large, max-video-preview:-1\" \/>\n<link rel=\"canonical\" href=\"https:\/\/bekleidungscenter.com\/?product=jack-wolfskin-damen-atmosphere-rack-damen-rock\" \/>\n<meta property=\"og:locale\" content=\"de_DE\" \/>\n<meta property=\"og:type\" content=\"article\" \/>\n<meta property=\"og:title\" content=\"Jack Wolfskin Damen Atmosphere Rack Damen Rock - FamilienMode\" \/>\n<meta property=\"og:description\" content=\"Isolierter Rock Winddicht 95% Polyester, 5% Elasthan\" \/>\n<meta property=\"og:url\" content=\"https:\/\/bekleidungscenter.com\/?product=jack-wolfskin-damen-atmosphere-rack-damen-rock\" \/>\n<meta property=\"og:site_name\" content=\"FamilienMode\" \/>\n<meta property=\"article:modified_time\" content=\"2023-04-10T22:49:56+00:00\" \/>\n<meta property=\"og:image\" content=\"https:\/\/images-na.ssl-images-amazon.com\/images\/I\/31SeAGkiXvL.jpg\" \/>\n\t<meta property=\"og:image:width\" content=\"500\" \/>\n\t<meta property=\"og:image:height\" content=\"500\" \/>\n\t<meta property=\"og:image:type\" content=\"image\/jpeg\" \/>\n<meta name=\"twitter:card\" content=\"summary_large_image\" \/>\n<meta name=\"twitter:label1\" content=\"Gesch\u00e4tzte Lesezeit\" \/>\n\t<meta name=\"twitter:data1\" content=\"1\u00a0Minute\" \/>\n<script type=\"application\/ld+json\" class=\"yoast-schema-graph\">{\"@context\":\"https:\/\/schema.org\",\"@graph\":[{\"@type\":\"WebPage\",\"@id\":\"https:\/\/bekleidungscenter.com\/?product=jack-wolfskin-damen-atmosphere-rack-damen-rock\",\"url\":\"https:\/\/bekleidungscenter.com\/?product=jack-wolfskin-damen-atmosphere-rack-damen-rock\",\"name\":\"Jack Wolfskin Damen Atmosphere Rack Damen Rock - FamilienMode\",\"isPartOf\":{\"@id\":\"https:\/\/bekleidungscenter.com\/#website\"},\"datePublished\":\"2021-01-04T06:19:29+00:00\",\"dateModified\":\"2023-04-10T22:49:56+00:00\",\"breadcrumb\":{\"@id\":\"https:\/\/bekleidungscenter.com\/?product=jack-wolfskin-damen-atmosphere-rack-damen-rock#breadcrumb\"},\"inLanguage\":\"de\",\"potentialAction\":[{\"@type\":\"ReadAction\",\"target\":[\"https:\/\/bekleidungscenter.com\/?product=jack-wolfskin-damen-atmosphere-rack-damen-rock\"]}]},{\"@type\":\"BreadcrumbList\",\"@id\":\"https:\/\/bekleidungscenter.com\/?product=jack-wolfskin-damen-atmosphere-rack-damen-rock#breadcrumb\",\"itemListElement\":[{\"@type\":\"ListItem\",\"position\":1,\"name\":\"Home\",\"item\":\"https:\/\/bekleidungscenter.com\/\"},{\"@type\":\"ListItem\",\"position\":2,\"name\":\"Shop\",\"item\":\"https:\/\/bekleidungscenter.com\/?page_id=7\"},{\"@type\":\"ListItem\",\"position\":3,\"name\":\"Jack Wolfskin Damen Atmosphere Rack Damen Rock\"}]},{\"@type\":\"WebSite\",\"@id\":\"https:\/\/bekleidungscenter.com\/#website\",\"url\":\"https:\/\/bekleidungscenter.com\/\",\"name\":\"FamilienMode\",\"description\":\"Alles f\u00fcr die ganze Familie\",\"potentialAction\":[{\"@type\":\"SearchAction\",\"target\":{\"@type\":\"EntryPoint\",\"urlTemplate\":\"https:\/\/bekleidungscenter.com\/?s={search_term_string}\"},\"query-input\":\"required name=search_term_string\"}],\"inLanguage\":\"de\"}]}<\/script>\n<!-- \/ Yoast SEO plugin. -->","yoast_head_json":{"title":"Jack Wolfskin Damen Atmosphere Rack Damen Rock - FamilienMode","robots":{"index":"index","follow":"follow","max-snippet":"max-snippet:-1","max-image-preview":"max-image-preview:large","max-video-preview":"max-video-preview:-1"},"canonical":"https:\/\/bekleidungscenter.com\/?product=jack-wolfskin-damen-atmosphere-rack-damen-rock","og_locale":"de_DE","og_type":"article","og_title":"Jack Wolfskin Damen Atmosphere Rack Damen Rock - FamilienMode","og_description":"Isolierter Rock Winddicht 95% Polyester, 5% Elasthan","og_url":"https:\/\/bekleidungscenter.com\/?product=jack-wolfskin-damen-atmosphere-rack-damen-rock","og_site_name":"FamilienMode","article_modified_time":"2023-04-10T22:49:56+00:00","og_image":[{"width":500,"height":500,"url":"https:\/\/images-na.ssl-images-amazon.com\/images\/I\/31SeAGkiXvL.jpg","type":"image\/jpeg"}],"twitter_card":"summary_large_image","twitter_misc":{"Gesch\u00e4tzte Lesezeit":"1\u00a0Minute"},"schema":{"@context":"https:\/\/schema.org","@graph":[{"@type":"WebPage","@id":"https:\/\/bekleidungscenter.com\/?product=jack-wolfskin-damen-atmosphere-rack-damen-rock","url":"https:\/\/bekleidungscenter.com\/?product=jack-wolfskin-damen-atmosphere-rack-damen-rock","name":"Jack Wolfskin Damen Atmosphere Rack Damen Rock - FamilienMode","isPartOf":{"@id":"https:\/\/bekleidungscenter.com\/#website"},"datePublished":"2021-01-04T06:19:29+00:00","dateModified":"2023-04-10T22:49:56+00:00","breadcrumb":{"@id":"https:\/\/bekleidungscenter.com\/?product=jack-wolfskin-damen-atmosphere-rack-damen-rock#breadcrumb"},"inLanguage":"de","potentialAction":[{"@type":"ReadAction","target":["https:\/\/bekleidungscenter.com\/?product=jack-wolfskin-damen-atmosphere-rack-damen-rock"]}]},{"@type":"BreadcrumbList","@id":"https:\/\/bekleidungscenter.com\/?product=jack-wolfskin-damen-atmosphere-rack-damen-rock#breadcrumb","itemListElement":[{"@type":"ListItem","position":1,"name":"Home","item":"https:\/\/bekleidungscenter.com\/"},{"@type":"ListItem","position":2,"name":"Shop","item":"https:\/\/bekleidungscenter.com\/?page_id=7"},{"@type":"ListItem","position":3,"name":"Jack Wolfskin Damen Atmosphere Rack Damen Rock"}]},{"@type":"WebSite","@id":"https:\/\/bekleidungscenter.com\/#website","url":"https:\/\/bekleidungscenter.com\/","name":"FamilienMode","description":"Alles f\u00fcr die ganze Familie","potentialAction":[{"@type":"SearchAction","target":{"@type":"EntryPoint","urlTemplate":"https:\/\/bekleidungscenter.com\/?s={search_term_string}"},"query-input":"required name=search_term_string"}],"inLanguage":"de"}]}},"_links":{"self":[{"href":"https:\/\/bekleidungscenter.com\/index.php?rest_route=\/wp\/v2\/product\/12674"}],"collection":[{"href":"https:\/\/bekleidungscenter.com\/index.php?rest_route=\/wp\/v2\/product"}],"about":[{"href":"https:\/\/bekleidungscenter.com\/index.php?rest_route=\/wp\/v2\/types\/product"}],"replies":[{"embeddable":true,"href":"https:\/\/bekleidungscenter.com\/index.php?rest_route=%2Fwp%2Fv2%2Fcomments&post=12674"}],"wp:featuredmedia":[{"embeddable":true,"href":"https:\/\/bekleidungscenter.com\/index.php?rest_route=\/wp\/v2\/media\/12675"}],"wp:attachment":[{"href":"https:\/\/bekleidungscenter.com\/index.php?rest_route=%2Fwp%2Fv2%2Fmedia&parent=12674"}],"wp:term":[{"taxonomy":"product_cat","embeddable":true,"href":"https:\/\/bekleidungscenter.com\/index.php?rest_route=%2Fwp%2Fv2%2Fproduct_cat&post=12674"},{"taxonomy":"product_tag","embeddable":true,"href":"https:\/\/bekleidungscenter.com\/index.php?rest_route=%2Fwp%2Fv2%2Fproduct_tag&post=12674"}],"curies":[{"name":"wp","href":"https:\/\/api.w.org\/{rel}","templated":true}]}}