{"id":13019,"date":"2021-01-04T06:29:43","date_gmt":"2021-01-04T06:29:43","guid":{"rendered":"http:\/\/bekleidungscenter.com\/?product=ladies-camo-tech-mesh-leggings"},"modified":"2023-04-07T22:34:08","modified_gmt":"2023-04-07T22:34:08","slug":"ladies-camo-tech-mesh-leggings","status":"publish","type":"product","link":"https:\/\/bekleidungscenter.com\/?product=ladies-camo-tech-mesh-leggings","title":{"rendered":"Urban Classics Damen Leggings Ladies Camo Tech Mesh Leggings, Sporthose f\u00fcr Frauen in Camouflage Optik erh\u00e4ltlich in\u2026"},"content":{"rendered":"<p><!-- show up to 2 reviews by default --> <\/p>\n<p>Camouflage plus Tech Mesh \u2013 mit dieser Formel verbindet die Ladies Camo Tech Mesh Leggings zwei der l\u00e4ssigsten Urban Trends Das weiche Material und der breite Elastikbund sehen nach Tragekomfort die Mesh-Eins\u00e4tze am Bein abliefern den n\u00f6tigen Eyecatcher <\/p>\n<p>Bequeme Leggings mit Camouflage Muster mit 4 stylishen schwarzen Tech Mesh Netz Eins\u00e4tzen an den Oberschenkeln und den Schienbeinen<br \/>\nDie bunte Tarnfarben Hose sitzt perfekt und bietet eine exzellente Passform sowie h\u00f6chsten Tragekomfort durch den hohen Elasthan-Quote<br \/>\nVerschluss: Ohne Verschluss<br \/>\nOberstoff 2 90% Polyester Mesh 180 GSM,# Oberstoff 2 10% Elasthan Mesh 180 GSM,# Oberstoff 1 77% Pol<br \/>\nLadies Tech Mesh Leggings<br \/>\nPflegehinweis: Maschinenw\u00e4sche<br \/>\nModellnummer: TB1939<br \/>\nDer elastische High Waist Union ist nicht zu weit und zu eng und sorgt f\u00fcr den n\u00f6tigen Halt ohne beim Sport einzuschn\u00fcren<br \/>\nDer angenehme Stoff ist schnell trocknend atmungsaktiv und vulgo nach mehreren W\u00e4schen \u00fcberaus farbbest\u00e4ndig einerlei ob gr\u00fcn wei\u00df oder in den betreffenden Zeitabschnitt nicht hineingeh\u00f6rend &#8211; perfekt f\u00fcr den Sommer<br \/>\nDie Leggings kann nicht im Gegensatz dazu beim Yoga sondern vulgo au\u00dferhalb des Gyms einwandfrei denn Streetwear getragen werden oder einfach in der Freizeit zuhause<br \/>\n<div class=\"main-cross-sell\" data-asin=\"B078KLJ9S4\">\n\n\t<div class=\"WooZone-cross-sell-loader\">\n\t\t<div>\n\t\t\t<div id=\"floatingBarsG\">\n\t\t\t\t<div class=\"blockG\" id=\"rotateG_01\"><\/div>\n\t\t\t\t<div class=\"blockG\" id=\"rotateG_02\"><\/div>\n\t\t\t\t<div class=\"blockG\" id=\"rotateG_03\"><\/div>\n\t\t\t\t<div class=\"blockG\" id=\"rotateG_04\"><\/div>\n\t\t\t\t<div class=\"blockG\" id=\"rotateG_05\"><\/div>\n\t\t\t\t<div class=\"blockG\" id=\"rotateG_06\"><\/div>\n\t\t\t\t<div class=\"blockG\" id=\"rotateG_07\"><\/div>\n\t\t\t\t<div class=\"blockG\" id=\"rotateG_08\"><\/div>\n\t\t\t<\/div>\n\t\t\t<div class=\"WooZone-cross-sell-loader-text\"><\/div>\n\t\t<\/div>\n\t<\/div>\n\n\t\t\n<\/div>\n<div style=\"clear:both;\"><\/div><\/p>\n","protected":false},"excerpt":{"rendered":"<p>Bequeme Leggings mit Camouflage Muster mit 4 stylishen schwarzen Tech Mesh Netz Eins\u00e4tzen an den Oberschenkeln und den Schienbeinen<br \/>\nDie bunte Tarnfarben Hose sitzt perfekt und bietet eine exzellente Passform sowie h\u00f6chsten Tragekomfort durch den hohen Elasthan-Anteil<br \/>\nVerschluss: Ohne Verschluss<\/p>\n","protected":false},"featured_media":13023,"comment_status":"open","ping_status":"closed","template":"","meta":[],"product_cat":[1080,132],"product_tag":[],"yoast_head":"<!-- This site is optimized with the Yoast SEO plugin v20.6 - https:\/\/yoast.com\/wordpress\/plugins\/seo\/ -->\n<title>Urban Classics Damen Leggings Ladies Camo Tech Mesh Leggings, Sporthose f\u00fcr Frauen in Camouflage Optik erh\u00e4ltlich in\u2026 - FamilienMode<\/title>\n<meta name=\"robots\" content=\"index, follow, max-snippet:-1, max-image-preview:large, max-video-preview:-1\" \/>\n<link rel=\"canonical\" href=\"https:\/\/bekleidungscenter.com\/?product=ladies-camo-tech-mesh-leggings\" \/>\n<meta property=\"og:locale\" content=\"de_DE\" \/>\n<meta property=\"og:type\" content=\"article\" \/>\n<meta property=\"og:title\" content=\"Urban Classics Damen Leggings Ladies Camo Tech Mesh Leggings, Sporthose f\u00fcr Frauen in Camouflage Optik erh\u00e4ltlich in\u2026 - FamilienMode\" \/>\n<meta property=\"og:description\" content=\"Bequeme Leggings mit Camouflage Muster mit 4 stylishen schwarzen Tech Mesh Netz Eins\u00e4tzen an den Oberschenkeln und den Schienbeinen Die bunte Tarnfarben Hose sitzt perfekt und bietet eine exzellente Passform sowie h\u00f6chsten Tragekomfort durch den hohen Elasthan-Anteil Verschluss: Ohne Verschluss\" \/>\n<meta property=\"og:url\" content=\"https:\/\/bekleidungscenter.com\/?product=ladies-camo-tech-mesh-leggings\" \/>\n<meta property=\"og:site_name\" content=\"FamilienMode\" \/>\n<meta property=\"article:modified_time\" content=\"2023-04-07T22:34:08+00:00\" \/>\n<meta property=\"og:image\" content=\"https:\/\/images-na.ssl-images-amazon.com\/images\/I\/41S%2Bkho8YML.jpg\" \/>\n\t<meta property=\"og:image:width\" content=\"500\" \/>\n\t<meta property=\"og:image:height\" content=\"500\" \/>\n\t<meta property=\"og:image:type\" content=\"image\/jpeg\" \/>\n<meta name=\"twitter:card\" content=\"summary_large_image\" \/>\n<meta name=\"twitter:label1\" content=\"Gesch\u00e4tzte Lesezeit\" \/>\n\t<meta name=\"twitter:data1\" content=\"1\u00a0Minute\" \/>\n<script type=\"application\/ld+json\" class=\"yoast-schema-graph\">{\"@context\":\"https:\/\/schema.org\",\"@graph\":[{\"@type\":\"WebPage\",\"@id\":\"https:\/\/bekleidungscenter.com\/?product=ladies-camo-tech-mesh-leggings\",\"url\":\"https:\/\/bekleidungscenter.com\/?product=ladies-camo-tech-mesh-leggings\",\"name\":\"Urban Classics Damen Leggings Ladies Camo Tech Mesh Leggings, Sporthose f\u00fcr Frauen in Camouflage Optik erh\u00e4ltlich in\u2026 - FamilienMode\",\"isPartOf\":{\"@id\":\"https:\/\/bekleidungscenter.com\/#website\"},\"datePublished\":\"2021-01-04T06:29:43+00:00\",\"dateModified\":\"2023-04-07T22:34:08+00:00\",\"breadcrumb\":{\"@id\":\"https:\/\/bekleidungscenter.com\/?product=ladies-camo-tech-mesh-leggings#breadcrumb\"},\"inLanguage\":\"de\",\"potentialAction\":[{\"@type\":\"ReadAction\",\"target\":[\"https:\/\/bekleidungscenter.com\/?product=ladies-camo-tech-mesh-leggings\"]}]},{\"@type\":\"BreadcrumbList\",\"@id\":\"https:\/\/bekleidungscenter.com\/?product=ladies-camo-tech-mesh-leggings#breadcrumb\",\"itemListElement\":[{\"@type\":\"ListItem\",\"position\":1,\"name\":\"Home\",\"item\":\"https:\/\/bekleidungscenter.com\/\"},{\"@type\":\"ListItem\",\"position\":2,\"name\":\"Shop\",\"item\":\"https:\/\/bekleidungscenter.com\/?page_id=7\"},{\"@type\":\"ListItem\",\"position\":3,\"name\":\"Urban Classics Damen Leggings Ladies Camo Tech Mesh Leggings, Sporthose f\u00fcr Frauen in Camouflage Optik erh\u00e4ltlich in\u2026\"}]},{\"@type\":\"WebSite\",\"@id\":\"https:\/\/bekleidungscenter.com\/#website\",\"url\":\"https:\/\/bekleidungscenter.com\/\",\"name\":\"FamilienMode\",\"description\":\"Alles f\u00fcr die ganze Familie\",\"potentialAction\":[{\"@type\":\"SearchAction\",\"target\":{\"@type\":\"EntryPoint\",\"urlTemplate\":\"https:\/\/bekleidungscenter.com\/?s={search_term_string}\"},\"query-input\":\"required name=search_term_string\"}],\"inLanguage\":\"de\"}]}<\/script>\n<!-- \/ Yoast SEO plugin. -->","yoast_head_json":{"title":"Urban Classics Damen Leggings Ladies Camo Tech Mesh Leggings, Sporthose f\u00fcr Frauen in Camouflage Optik erh\u00e4ltlich in\u2026 - FamilienMode","robots":{"index":"index","follow":"follow","max-snippet":"max-snippet:-1","max-image-preview":"max-image-preview:large","max-video-preview":"max-video-preview:-1"},"canonical":"https:\/\/bekleidungscenter.com\/?product=ladies-camo-tech-mesh-leggings","og_locale":"de_DE","og_type":"article","og_title":"Urban Classics Damen Leggings Ladies Camo Tech Mesh Leggings, Sporthose f\u00fcr Frauen in Camouflage Optik erh\u00e4ltlich in\u2026 - FamilienMode","og_description":"Bequeme Leggings mit Camouflage Muster mit 4 stylishen schwarzen Tech Mesh Netz Eins\u00e4tzen an den Oberschenkeln und den Schienbeinen Die bunte Tarnfarben Hose sitzt perfekt und bietet eine exzellente Passform sowie h\u00f6chsten Tragekomfort durch den hohen Elasthan-Anteil Verschluss: Ohne Verschluss","og_url":"https:\/\/bekleidungscenter.com\/?product=ladies-camo-tech-mesh-leggings","og_site_name":"FamilienMode","article_modified_time":"2023-04-07T22:34:08+00:00","og_image":[{"width":500,"height":500,"url":"https:\/\/images-na.ssl-images-amazon.com\/images\/I\/41S%2Bkho8YML.jpg","type":"image\/jpeg"}],"twitter_card":"summary_large_image","twitter_misc":{"Gesch\u00e4tzte Lesezeit":"1\u00a0Minute"},"schema":{"@context":"https:\/\/schema.org","@graph":[{"@type":"WebPage","@id":"https:\/\/bekleidungscenter.com\/?product=ladies-camo-tech-mesh-leggings","url":"https:\/\/bekleidungscenter.com\/?product=ladies-camo-tech-mesh-leggings","name":"Urban Classics Damen Leggings Ladies Camo Tech Mesh Leggings, Sporthose f\u00fcr Frauen in Camouflage Optik erh\u00e4ltlich in\u2026 - FamilienMode","isPartOf":{"@id":"https:\/\/bekleidungscenter.com\/#website"},"datePublished":"2021-01-04T06:29:43+00:00","dateModified":"2023-04-07T22:34:08+00:00","breadcrumb":{"@id":"https:\/\/bekleidungscenter.com\/?product=ladies-camo-tech-mesh-leggings#breadcrumb"},"inLanguage":"de","potentialAction":[{"@type":"ReadAction","target":["https:\/\/bekleidungscenter.com\/?product=ladies-camo-tech-mesh-leggings"]}]},{"@type":"BreadcrumbList","@id":"https:\/\/bekleidungscenter.com\/?product=ladies-camo-tech-mesh-leggings#breadcrumb","itemListElement":[{"@type":"ListItem","position":1,"name":"Home","item":"https:\/\/bekleidungscenter.com\/"},{"@type":"ListItem","position":2,"name":"Shop","item":"https:\/\/bekleidungscenter.com\/?page_id=7"},{"@type":"ListItem","position":3,"name":"Urban Classics Damen Leggings Ladies Camo Tech Mesh Leggings, Sporthose f\u00fcr Frauen in Camouflage Optik erh\u00e4ltlich in\u2026"}]},{"@type":"WebSite","@id":"https:\/\/bekleidungscenter.com\/#website","url":"https:\/\/bekleidungscenter.com\/","name":"FamilienMode","description":"Alles f\u00fcr die ganze Familie","potentialAction":[{"@type":"SearchAction","target":{"@type":"EntryPoint","urlTemplate":"https:\/\/bekleidungscenter.com\/?s={search_term_string}"},"query-input":"required name=search_term_string"}],"inLanguage":"de"}]}},"_links":{"self":[{"href":"https:\/\/bekleidungscenter.com\/index.php?rest_route=\/wp\/v2\/product\/13019"}],"collection":[{"href":"https:\/\/bekleidungscenter.com\/index.php?rest_route=\/wp\/v2\/product"}],"about":[{"href":"https:\/\/bekleidungscenter.com\/index.php?rest_route=\/wp\/v2\/types\/product"}],"replies":[{"embeddable":true,"href":"https:\/\/bekleidungscenter.com\/index.php?rest_route=%2Fwp%2Fv2%2Fcomments&post=13019"}],"wp:featuredmedia":[{"embeddable":true,"href":"https:\/\/bekleidungscenter.com\/index.php?rest_route=\/wp\/v2\/media\/13023"}],"wp:attachment":[{"href":"https:\/\/bekleidungscenter.com\/index.php?rest_route=%2Fwp%2Fv2%2Fmedia&parent=13019"}],"wp:term":[{"taxonomy":"product_cat","embeddable":true,"href":"https:\/\/bekleidungscenter.com\/index.php?rest_route=%2Fwp%2Fv2%2Fproduct_cat&post=13019"},{"taxonomy":"product_tag","embeddable":true,"href":"https:\/\/bekleidungscenter.com\/index.php?rest_route=%2Fwp%2Fv2%2Fproduct_tag&post=13019"}],"curies":[{"name":"wp","href":"https:\/\/api.w.org\/{rel}","templated":true}]}}