{"id":13040,"date":"2021-01-04T06:29:55","date_gmt":"2021-01-04T06:29:55","guid":{"rendered":"http:\/\/bekleidungscenter.com\/?product=only-damen-skinny-fit-jeans-onlblush-knoechel"},"modified":"2023-04-07T22:34:08","modified_gmt":"2023-04-07T22:34:08","slug":"only-damen-skinny-fit-jeans-onlblush-knoechel","status":"publish","type":"product","link":"https:\/\/bekleidungscenter.com\/?product=only-damen-skinny-fit-jeans-onlblush-knoechel","title":{"rendered":"ONLY Damen Onlblush Ankle Skinny Fit Jeans"},"content":{"rendered":"<p><!-- show up to 2 reviews by default --> <\/p>\n<p>Die coole Anklejeans von ONLY zeigt sich von zwei Seiten. Die schlichte Waschung au\u00dferdem die klassischen Merkmale einer Jeans als der 5-Pocket Manieren au\u00dferdem schmalem B\u00fcndnis werden mit Bezug auf den Riss am Knie au\u00dferdem die ausgefransten S\u00e4ume aufgewertet. Die Details zeigen der Hose einen coolen Hauch au\u00dferdem lassen sie ungezwungen, cool au\u00dferdem umgangssprachlich bearbeiten. <\/p>\n<p>Jeans Mit Hilfe von leichtem Stretch , Skinny Legs au\u00dferdem Mid Waist. Mit Hilfe von Rei\u00dfverschluss au\u00dferdem einem Knopf verschlie\u00dfbar.<br \/>\nHoher B\u00fcndnis<br \/>\nVerschluss: Rei\u00dfverschluss<br \/>\n94% Baumwolle, 4% Polyester, 2% Elasthan<br \/>\nSkinny<br \/>\nPflegehinweis: Maschinenw\u00e4sche<br \/>\nModellnummer: 15151895<br \/>\n<div class=\"main-cross-sell\" data-asin=\"B077GZGWZ3\">\n\n\t<div class=\"WooZone-cross-sell-loader\">\n\t\t<div>\n\t\t\t<div id=\"floatingBarsG\">\n\t\t\t\t<div class=\"blockG\" id=\"rotateG_01\"><\/div>\n\t\t\t\t<div class=\"blockG\" id=\"rotateG_02\"><\/div>\n\t\t\t\t<div class=\"blockG\" id=\"rotateG_03\"><\/div>\n\t\t\t\t<div class=\"blockG\" id=\"rotateG_04\"><\/div>\n\t\t\t\t<div class=\"blockG\" id=\"rotateG_05\"><\/div>\n\t\t\t\t<div class=\"blockG\" id=\"rotateG_06\"><\/div>\n\t\t\t\t<div class=\"blockG\" id=\"rotateG_07\"><\/div>\n\t\t\t\t<div class=\"blockG\" id=\"rotateG_08\"><\/div>\n\t\t\t<\/div>\n\t\t\t<div class=\"WooZone-cross-sell-loader-text\"><\/div>\n\t\t<\/div>\n\t<\/div>\n\n\t\t\n<\/div>\n<div style=\"clear:both;\"><\/div><\/p>\n","protected":false},"excerpt":{"rendered":"<p>Jeans mit leichtem Stretch , Skinny Legs und Mid Waist. Mit Rei\u00dfverschluss und einem Knopf verschlie\u00dfbar.<br \/>\nHoher Bund<br \/>\nVerschluss: Rei\u00dfverschluss<\/p>\n","protected":false},"featured_media":13041,"comment_status":"open","ping_status":"closed","template":"","meta":[],"product_cat":[1080,132],"product_tag":[],"yoast_head":"<!-- This site is optimized with the Yoast SEO plugin v20.6 - https:\/\/yoast.com\/wordpress\/plugins\/seo\/ -->\n<title>ONLY Damen Onlblush Ankle Skinny Fit Jeans - FamilienMode<\/title>\n<meta name=\"robots\" content=\"index, follow, max-snippet:-1, max-image-preview:large, max-video-preview:-1\" \/>\n<link rel=\"canonical\" href=\"https:\/\/bekleidungscenter.com\/?product=only-damen-skinny-fit-jeans-onlblush-knoechel\" \/>\n<meta property=\"og:locale\" content=\"de_DE\" \/>\n<meta property=\"og:type\" content=\"article\" \/>\n<meta property=\"og:title\" content=\"ONLY Damen Onlblush Ankle Skinny Fit Jeans - FamilienMode\" \/>\n<meta property=\"og:description\" content=\"Jeans mit leichtem Stretch , Skinny Legs und Mid Waist. Mit Rei\u00dfverschluss und einem Knopf verschlie\u00dfbar. Hoher Bund Verschluss: Rei\u00dfverschluss\" \/>\n<meta property=\"og:url\" content=\"https:\/\/bekleidungscenter.com\/?product=only-damen-skinny-fit-jeans-onlblush-knoechel\" \/>\n<meta property=\"og:site_name\" content=\"FamilienMode\" \/>\n<meta property=\"article:modified_time\" content=\"2023-04-07T22:34:08+00:00\" \/>\n<meta property=\"og:image\" content=\"https:\/\/images-na.ssl-images-amazon.com\/images\/I\/31X0i5whRPL.jpg\" \/>\n\t<meta property=\"og:image:width\" content=\"500\" \/>\n\t<meta property=\"og:image:height\" content=\"500\" \/>\n\t<meta property=\"og:image:type\" content=\"image\/jpeg\" \/>\n<meta name=\"twitter:card\" content=\"summary_large_image\" \/>\n<meta name=\"twitter:label1\" content=\"Gesch\u00e4tzte Lesezeit\" \/>\n\t<meta name=\"twitter:data1\" content=\"1\u00a0Minute\" \/>\n<script type=\"application\/ld+json\" class=\"yoast-schema-graph\">{\"@context\":\"https:\/\/schema.org\",\"@graph\":[{\"@type\":\"WebPage\",\"@id\":\"https:\/\/bekleidungscenter.com\/?product=only-damen-skinny-fit-jeans-onlblush-knoechel\",\"url\":\"https:\/\/bekleidungscenter.com\/?product=only-damen-skinny-fit-jeans-onlblush-knoechel\",\"name\":\"ONLY Damen Onlblush Ankle Skinny Fit Jeans - FamilienMode\",\"isPartOf\":{\"@id\":\"https:\/\/bekleidungscenter.com\/#website\"},\"datePublished\":\"2021-01-04T06:29:55+00:00\",\"dateModified\":\"2023-04-07T22:34:08+00:00\",\"breadcrumb\":{\"@id\":\"https:\/\/bekleidungscenter.com\/?product=only-damen-skinny-fit-jeans-onlblush-knoechel#breadcrumb\"},\"inLanguage\":\"de\",\"potentialAction\":[{\"@type\":\"ReadAction\",\"target\":[\"https:\/\/bekleidungscenter.com\/?product=only-damen-skinny-fit-jeans-onlblush-knoechel\"]}]},{\"@type\":\"BreadcrumbList\",\"@id\":\"https:\/\/bekleidungscenter.com\/?product=only-damen-skinny-fit-jeans-onlblush-knoechel#breadcrumb\",\"itemListElement\":[{\"@type\":\"ListItem\",\"position\":1,\"name\":\"Home\",\"item\":\"https:\/\/bekleidungscenter.com\/\"},{\"@type\":\"ListItem\",\"position\":2,\"name\":\"Shop\",\"item\":\"https:\/\/bekleidungscenter.com\/?page_id=7\"},{\"@type\":\"ListItem\",\"position\":3,\"name\":\"ONLY Damen Onlblush Ankle Skinny Fit Jeans\"}]},{\"@type\":\"WebSite\",\"@id\":\"https:\/\/bekleidungscenter.com\/#website\",\"url\":\"https:\/\/bekleidungscenter.com\/\",\"name\":\"FamilienMode\",\"description\":\"Alles f\u00fcr die ganze Familie\",\"potentialAction\":[{\"@type\":\"SearchAction\",\"target\":{\"@type\":\"EntryPoint\",\"urlTemplate\":\"https:\/\/bekleidungscenter.com\/?s={search_term_string}\"},\"query-input\":\"required name=search_term_string\"}],\"inLanguage\":\"de\"}]}<\/script>\n<!-- \/ Yoast SEO plugin. -->","yoast_head_json":{"title":"ONLY Damen Onlblush Ankle Skinny Fit Jeans - FamilienMode","robots":{"index":"index","follow":"follow","max-snippet":"max-snippet:-1","max-image-preview":"max-image-preview:large","max-video-preview":"max-video-preview:-1"},"canonical":"https:\/\/bekleidungscenter.com\/?product=only-damen-skinny-fit-jeans-onlblush-knoechel","og_locale":"de_DE","og_type":"article","og_title":"ONLY Damen Onlblush Ankle Skinny Fit Jeans - FamilienMode","og_description":"Jeans mit leichtem Stretch , Skinny Legs und Mid Waist. Mit Rei\u00dfverschluss und einem Knopf verschlie\u00dfbar. Hoher Bund Verschluss: Rei\u00dfverschluss","og_url":"https:\/\/bekleidungscenter.com\/?product=only-damen-skinny-fit-jeans-onlblush-knoechel","og_site_name":"FamilienMode","article_modified_time":"2023-04-07T22:34:08+00:00","og_image":[{"width":500,"height":500,"url":"https:\/\/images-na.ssl-images-amazon.com\/images\/I\/31X0i5whRPL.jpg","type":"image\/jpeg"}],"twitter_card":"summary_large_image","twitter_misc":{"Gesch\u00e4tzte Lesezeit":"1\u00a0Minute"},"schema":{"@context":"https:\/\/schema.org","@graph":[{"@type":"WebPage","@id":"https:\/\/bekleidungscenter.com\/?product=only-damen-skinny-fit-jeans-onlblush-knoechel","url":"https:\/\/bekleidungscenter.com\/?product=only-damen-skinny-fit-jeans-onlblush-knoechel","name":"ONLY Damen Onlblush Ankle Skinny Fit Jeans - FamilienMode","isPartOf":{"@id":"https:\/\/bekleidungscenter.com\/#website"},"datePublished":"2021-01-04T06:29:55+00:00","dateModified":"2023-04-07T22:34:08+00:00","breadcrumb":{"@id":"https:\/\/bekleidungscenter.com\/?product=only-damen-skinny-fit-jeans-onlblush-knoechel#breadcrumb"},"inLanguage":"de","potentialAction":[{"@type":"ReadAction","target":["https:\/\/bekleidungscenter.com\/?product=only-damen-skinny-fit-jeans-onlblush-knoechel"]}]},{"@type":"BreadcrumbList","@id":"https:\/\/bekleidungscenter.com\/?product=only-damen-skinny-fit-jeans-onlblush-knoechel#breadcrumb","itemListElement":[{"@type":"ListItem","position":1,"name":"Home","item":"https:\/\/bekleidungscenter.com\/"},{"@type":"ListItem","position":2,"name":"Shop","item":"https:\/\/bekleidungscenter.com\/?page_id=7"},{"@type":"ListItem","position":3,"name":"ONLY Damen Onlblush Ankle Skinny Fit Jeans"}]},{"@type":"WebSite","@id":"https:\/\/bekleidungscenter.com\/#website","url":"https:\/\/bekleidungscenter.com\/","name":"FamilienMode","description":"Alles f\u00fcr die ganze Familie","potentialAction":[{"@type":"SearchAction","target":{"@type":"EntryPoint","urlTemplate":"https:\/\/bekleidungscenter.com\/?s={search_term_string}"},"query-input":"required name=search_term_string"}],"inLanguage":"de"}]}},"_links":{"self":[{"href":"https:\/\/bekleidungscenter.com\/index.php?rest_route=\/wp\/v2\/product\/13040"}],"collection":[{"href":"https:\/\/bekleidungscenter.com\/index.php?rest_route=\/wp\/v2\/product"}],"about":[{"href":"https:\/\/bekleidungscenter.com\/index.php?rest_route=\/wp\/v2\/types\/product"}],"replies":[{"embeddable":true,"href":"https:\/\/bekleidungscenter.com\/index.php?rest_route=%2Fwp%2Fv2%2Fcomments&post=13040"}],"wp:featuredmedia":[{"embeddable":true,"href":"https:\/\/bekleidungscenter.com\/index.php?rest_route=\/wp\/v2\/media\/13041"}],"wp:attachment":[{"href":"https:\/\/bekleidungscenter.com\/index.php?rest_route=%2Fwp%2Fv2%2Fmedia&parent=13040"}],"wp:term":[{"taxonomy":"product_cat","embeddable":true,"href":"https:\/\/bekleidungscenter.com\/index.php?rest_route=%2Fwp%2Fv2%2Fproduct_cat&post=13040"},{"taxonomy":"product_tag","embeddable":true,"href":"https:\/\/bekleidungscenter.com\/index.php?rest_route=%2Fwp%2Fv2%2Fproduct_tag&post=13040"}],"curies":[{"name":"wp","href":"https:\/\/api.w.org\/{rel}","templated":true}]}}